{"id":61123,"date":"2023-03-01T15:11:27","date_gmt":"2023-03-01T14:11:27","guid":{"rendered":"https:\/\/www.mesvendanges.com\/shop\/uncategorized\/bandol-magnum-sainte-anne-ch-2020-150cl\/"},"modified":"2025-05-01T17:36:18","modified_gmt":"2025-05-01T15:36:18","slug":"bandol-magnum-sainte-anne-ch-2020-150cl","status":"publish","type":"product","link":"https:\/\/www.mesvendanges.com\/en\/shop\/wines\/bandol-magnum-sainte-anne-ch-2020-150cl\/","title":{"rendered":"BANDOL MAGNUM"},"content":{"rendered":"<p>Voici le Bandol comme nous l&#8217;aimons, puissant mais contenu, avec de la fra\u00eecheur, de l&#8217;\u00e9l\u00e9gance, une belle finesse de tanin, un caract\u00e8re sauvage et de le salinit\u00e9 !<\/p>\n<p>Age moyen des vignes : 46 ans<br \/>\nExpo sud-est, sur sols argilo-calcaire.<br \/>\nRendement 26hl\/ha<br \/>\nVignes conduites en biodynamie depuis 1976 !<\/p>\n","protected":false},"excerpt":{"rendered":"<p>Voici le Bandol comme nous l&#8217;aimons, puissant mais contenu, avec de la fra\u00eecheur, de l&#8217;\u00e9l\u00e9gance, une belle finesse de tanin, un caract\u00e8re sauvage et de le salinit\u00e9 ! Age moyen des vignes : 46 ans Expo sud-est, sur sols argilo-calcaire. Rendement 26hl\/ha Vignes conduites en biodynamie depuis 1976 !<\/p>\n","protected":false},"featured_media":61159,"template":"","meta":[],"product_cat":[3740],"product_tag":[],"acf":[],"yoast_head":"<!-- This site is optimized with the Yoast SEO plugin v19.3 - https:\/\/yoast.com\/wordpress\/plugins\/seo\/ -->\n<title>BANDOL MAGNUM - Mes Vendanges<\/title>\n<meta name=\"robots\" content=\"index, follow, max-snippet:-1, max-image-preview:large, max-video-preview:-1\" \/>\n<link rel=\"canonical\" href=\"https:\/\/www.mesvendanges.com\/en\/shop\/wines\/bandol-magnum-sainte-anne-ch-2020-150cl\/\" \/>\n<meta property=\"og:locale\" content=\"en_US\" \/>\n<meta property=\"og:type\" content=\"article\" \/>\n<meta property=\"og:title\" content=\"BANDOL MAGNUM - Mes Vendanges\" \/>\n<meta property=\"og:description\" content=\"Voici le Bandol comme nous l&#8217;aimons, puissant mais contenu, avec de la fra\u00eecheur, de l&#8217;\u00e9l\u00e9gance, une belle finesse de tanin, un caract\u00e8re sauvage et de le salinit\u00e9 ! Age moyen des vignes : 46 ans Expo sud-est, sur sols argilo-calcaire. Rendement 26hl\/ha Vignes conduites en biodynamie depuis 1976 !\" \/>\n<meta property=\"og:url\" content=\"https:\/\/www.mesvendanges.com\/en\/shop\/wines\/bandol-magnum-sainte-anne-ch-2020-150cl\/\" \/>\n<meta property=\"og:site_name\" content=\"Mes Vendanges\" \/>\n<meta property=\"article:modified_time\" content=\"2025-05-01T15:36:18+00:00\" \/>\n<meta property=\"og:image\" content=\"https:\/\/www.mesvendanges.com\/wp-content\/uploads\/2023\/03\/sainte-anne-ch-bandol-magnum-bandol-2020-150cl-rouge-png.png\" \/>\n\t<meta property=\"og:image:width\" content=\"400\" \/>\n\t<meta property=\"og:image:height\" content=\"1500\" \/>\n\t<meta property=\"og:image:type\" content=\"image\/png\" \/>\n<meta name=\"twitter:card\" content=\"summary_large_image\" \/>\n<script type=\"application\/ld+json\" class=\"yoast-schema-graph\">{\"@context\":\"https:\/\/schema.org\",\"@graph\":[{\"@type\":\"Organization\",\"@id\":\"https:\/\/www.mesvendanges.com\/en\/#organization\",\"name\":\"Mes Vendanges\",\"url\":\"https:\/\/www.mesvendanges.com\/en\/\",\"sameAs\":[],\"logo\":{\"@type\":\"ImageObject\",\"inLanguage\":\"fr-FR\",\"@id\":\"https:\/\/www.mesvendanges.com\/en\/#\/schema\/logo\/image\/\",\"url\":\"https:\/\/www.mesvendanges.com\/wp-content\/uploads\/2022\/02\/logo-mesvendanges.jpg\",\"contentUrl\":\"https:\/\/www.mesvendanges.com\/wp-content\/uploads\/2022\/02\/logo-mesvendanges.jpg\",\"width\":851,\"height\":260,\"caption\":\"Mes Vendanges\"},\"image\":{\"@id\":\"https:\/\/www.mesvendanges.com\/en\/#\/schema\/logo\/image\/\"}},{\"@type\":\"WebSite\",\"@id\":\"https:\/\/www.mesvendanges.com\/en\/#website\",\"url\":\"https:\/\/www.mesvendanges.com\/en\/\",\"name\":\"Mes Vendanges\",\"description\":\"Des journ\u00e9es enti\u00e8res dans les vignes\",\"publisher\":{\"@id\":\"https:\/\/www.mesvendanges.com\/en\/#organization\"},\"potentialAction\":[{\"@type\":\"SearchAction\",\"target\":{\"@type\":\"EntryPoint\",\"urlTemplate\":\"https:\/\/www.mesvendanges.com\/en\/?s={search_term_string}\"},\"query-input\":\"required name=search_term_string\"}],\"inLanguage\":\"fr-FR\"},{\"@type\":\"ImageObject\",\"inLanguage\":\"fr-FR\",\"@id\":\"https:\/\/www.mesvendanges.com\/en\/shop\/wines\/bandol-magnum-sainte-anne-ch-2020-150cl\/#primaryimage\",\"url\":\"https:\/\/www.mesvendanges.com\/wp-content\/uploads\/2023\/03\/sainte-anne-ch-bandol-magnum-bandol-2020-150cl-rouge-png.png\",\"contentUrl\":\"https:\/\/www.mesvendanges.com\/wp-content\/uploads\/2023\/03\/sainte-anne-ch-bandol-magnum-bandol-2020-150cl-rouge-png.png\",\"width\":400,\"height\":1500},{\"@type\":\"WebPage\",\"@id\":\"https:\/\/www.mesvendanges.com\/en\/shop\/wines\/bandol-magnum-sainte-anne-ch-2020-150cl\/\",\"url\":\"https:\/\/www.mesvendanges.com\/en\/shop\/wines\/bandol-magnum-sainte-anne-ch-2020-150cl\/\",\"name\":\"BANDOL MAGNUM - Mes Vendanges\",\"isPartOf\":{\"@id\":\"https:\/\/www.mesvendanges.com\/en\/#website\"},\"primaryImageOfPage\":{\"@id\":\"https:\/\/www.mesvendanges.com\/en\/shop\/wines\/bandol-magnum-sainte-anne-ch-2020-150cl\/#primaryimage\"},\"datePublished\":\"2023-03-01T14:11:27+00:00\",\"dateModified\":\"2025-05-01T15:36:18+00:00\",\"breadcrumb\":{\"@id\":\"https:\/\/www.mesvendanges.com\/en\/shop\/wines\/bandol-magnum-sainte-anne-ch-2020-150cl\/#breadcrumb\"},\"inLanguage\":\"fr-FR\",\"potentialAction\":[{\"@type\":\"ReadAction\",\"target\":[\"https:\/\/www.mesvendanges.com\/en\/shop\/wines\/bandol-magnum-sainte-anne-ch-2020-150cl\/\"]}]},{\"@type\":\"BreadcrumbList\",\"@id\":\"https:\/\/www.mesvendanges.com\/en\/shop\/wines\/bandol-magnum-sainte-anne-ch-2020-150cl\/#breadcrumb\",\"itemListElement\":[{\"@type\":\"ListItem\",\"position\":1,\"name\":\"Home\",\"item\":\"https:\/\/www.mesvendanges.com\/en\/\"},{\"@type\":\"ListItem\",\"position\":2,\"name\":\"Shop\",\"item\":\"https:\/\/www.mesvendanges.com\/en\/shop\/\"},{\"@type\":\"ListItem\",\"position\":3,\"name\":\"BANDOL MAGNUM\"}]}]}<\/script>\n<!-- \/ Yoast SEO plugin. -->","yoast_head_json":{"title":"BANDOL MAGNUM - Mes Vendanges","robots":{"index":"index","follow":"follow","max-snippet":"max-snippet:-1","max-image-preview":"max-image-preview:large","max-video-preview":"max-video-preview:-1"},"canonical":"https:\/\/www.mesvendanges.com\/en\/shop\/wines\/bandol-magnum-sainte-anne-ch-2020-150cl\/","og_locale":"en_US","og_type":"article","og_title":"BANDOL MAGNUM - Mes Vendanges","og_description":"Voici le Bandol comme nous l&#8217;aimons, puissant mais contenu, avec de la fra\u00eecheur, de l&#8217;\u00e9l\u00e9gance, une belle finesse de tanin, un caract\u00e8re sauvage et de le salinit\u00e9 ! Age moyen des vignes : 46 ans Expo sud-est, sur sols argilo-calcaire. Rendement 26hl\/ha Vignes conduites en biodynamie depuis 1976 !","og_url":"https:\/\/www.mesvendanges.com\/en\/shop\/wines\/bandol-magnum-sainte-anne-ch-2020-150cl\/","og_site_name":"Mes Vendanges","article_modified_time":"2025-05-01T15:36:18+00:00","og_image":[{"width":400,"height":1500,"url":"https:\/\/www.mesvendanges.com\/wp-content\/uploads\/2023\/03\/sainte-anne-ch-bandol-magnum-bandol-2020-150cl-rouge-png.png","type":"image\/png"}],"twitter_card":"summary_large_image","schema":{"@context":"https:\/\/schema.org","@graph":[{"@type":"Organization","@id":"https:\/\/www.mesvendanges.com\/en\/#organization","name":"Mes Vendanges","url":"https:\/\/www.mesvendanges.com\/en\/","sameAs":[],"logo":{"@type":"ImageObject","inLanguage":"fr-FR","@id":"https:\/\/www.mesvendanges.com\/en\/#\/schema\/logo\/image\/","url":"https:\/\/www.mesvendanges.com\/wp-content\/uploads\/2022\/02\/logo-mesvendanges.jpg","contentUrl":"https:\/\/www.mesvendanges.com\/wp-content\/uploads\/2022\/02\/logo-mesvendanges.jpg","width":851,"height":260,"caption":"Mes Vendanges"},"image":{"@id":"https:\/\/www.mesvendanges.com\/en\/#\/schema\/logo\/image\/"}},{"@type":"WebSite","@id":"https:\/\/www.mesvendanges.com\/en\/#website","url":"https:\/\/www.mesvendanges.com\/en\/","name":"Mes Vendanges","description":"Des journ\u00e9es enti\u00e8res dans les vignes","publisher":{"@id":"https:\/\/www.mesvendanges.com\/en\/#organization"},"potentialAction":[{"@type":"SearchAction","target":{"@type":"EntryPoint","urlTemplate":"https:\/\/www.mesvendanges.com\/en\/?s={search_term_string}"},"query-input":"required name=search_term_string"}],"inLanguage":"fr-FR"},{"@type":"ImageObject","inLanguage":"fr-FR","@id":"https:\/\/www.mesvendanges.com\/en\/shop\/wines\/bandol-magnum-sainte-anne-ch-2020-150cl\/#primaryimage","url":"https:\/\/www.mesvendanges.com\/wp-content\/uploads\/2023\/03\/sainte-anne-ch-bandol-magnum-bandol-2020-150cl-rouge-png.png","contentUrl":"https:\/\/www.mesvendanges.com\/wp-content\/uploads\/2023\/03\/sainte-anne-ch-bandol-magnum-bandol-2020-150cl-rouge-png.png","width":400,"height":1500},{"@type":"WebPage","@id":"https:\/\/www.mesvendanges.com\/en\/shop\/wines\/bandol-magnum-sainte-anne-ch-2020-150cl\/","url":"https:\/\/www.mesvendanges.com\/en\/shop\/wines\/bandol-magnum-sainte-anne-ch-2020-150cl\/","name":"BANDOL MAGNUM - Mes Vendanges","isPartOf":{"@id":"https:\/\/www.mesvendanges.com\/en\/#website"},"primaryImageOfPage":{"@id":"https:\/\/www.mesvendanges.com\/en\/shop\/wines\/bandol-magnum-sainte-anne-ch-2020-150cl\/#primaryimage"},"datePublished":"2023-03-01T14:11:27+00:00","dateModified":"2025-05-01T15:36:18+00:00","breadcrumb":{"@id":"https:\/\/www.mesvendanges.com\/en\/shop\/wines\/bandol-magnum-sainte-anne-ch-2020-150cl\/#breadcrumb"},"inLanguage":"fr-FR","potentialAction":[{"@type":"ReadAction","target":["https:\/\/www.mesvendanges.com\/en\/shop\/wines\/bandol-magnum-sainte-anne-ch-2020-150cl\/"]}]},{"@type":"BreadcrumbList","@id":"https:\/\/www.mesvendanges.com\/en\/shop\/wines\/bandol-magnum-sainte-anne-ch-2020-150cl\/#breadcrumb","itemListElement":[{"@type":"ListItem","position":1,"name":"Home","item":"https:\/\/www.mesvendanges.com\/en\/"},{"@type":"ListItem","position":2,"name":"Shop","item":"https:\/\/www.mesvendanges.com\/en\/shop\/"},{"@type":"ListItem","position":3,"name":"BANDOL MAGNUM"}]}]}},"_links":{"self":[{"href":"https:\/\/www.mesvendanges.com\/en\/wp-json\/wp\/v2\/product\/61123"}],"collection":[{"href":"https:\/\/www.mesvendanges.com\/en\/wp-json\/wp\/v2\/product"}],"about":[{"href":"https:\/\/www.mesvendanges.com\/en\/wp-json\/wp\/v2\/types\/product"}],"wp:featuredmedia":[{"embeddable":true,"href":"https:\/\/www.mesvendanges.com\/en\/wp-json\/wp\/v2\/media\/61159"}],"wp:attachment":[{"href":"https:\/\/www.mesvendanges.com\/en\/wp-json\/wp\/v2\/media?parent=61123"}],"wp:term":[{"taxonomy":"product_cat","embeddable":true,"href":"https:\/\/www.mesvendanges.com\/en\/wp-json\/wp\/v2\/product_cat?post=61123"},{"taxonomy":"product_tag","embeddable":true,"href":"https:\/\/www.mesvendanges.com\/en\/wp-json\/wp\/v2\/product_tag?post=61123"}],"curies":[{"name":"wp","href":"https:\/\/api.w.org\/{rel}","templated":true}]}}