{"id":61342,"date":"2023-03-15T16:05:34","date_gmt":"2023-03-15T15:05:34","guid":{"rendered":"https:\/\/www.mesvendanges.com\/shop\/uncategorized\/grain-noble-chappaz-marie-therese-nm-50cl\/"},"modified":"2025-05-01T14:38:06","modified_gmt":"2025-05-01T12:38:06","slug":"grain-noble-chappaz-marie-therese-nm-50cl","status":"publish","type":"product","link":"https:\/\/www.mesvendanges.com\/en\/shop\/wines\/grain-noble-chappaz-marie-therese-nm-50cl\/","title":{"rendered":"GRAIN NOBLE"},"content":{"rendered":"<p>marsanne blanche, petite arvine et pinot gris forment l\u2019assemblage de cette cuv\u00e9e de Grain Noble. Ce liquoreux s\u2019\u00e9panouit au moins deux ans en f\u00fbt pour en tirer un \u00e9quilibre id\u00e9al. Ses ar\u00f4mes mixent habilement le raisin de Corinthe, la cannelle, l\u2019orange am\u00e8re, la gel\u00e9e de pomme et la p\u00e2te de fruits. Les papilles se d\u00e9lecteront d\u2019un nectar d\u00e9licat, au sucre \u00e9l\u00e9gant et toujours ma\u00eetris\u00e9. Soutenu et cisel\u00e9 par un joli bois\u00e9, moins doux que certaines ann\u00e9es (176g\/l de sucre r\u00e9siduel), il saura aussi se faire appr\u00e9cier sur sa jeunesse.<\/p>\n","protected":false},"excerpt":{"rendered":"<p>marsanne blanche, petite arvine et pinot gris forment l\u2019assemblage de cette cuv\u00e9e de Grain Noble. Ce liquoreux s\u2019\u00e9panouit au moins deux ans en f\u00fbt pour en tirer un \u00e9quilibre id\u00e9al. Ses ar\u00f4mes mixent habilement le raisin de Corinthe, la cannelle, l\u2019orange am\u00e8re, la gel\u00e9e de pomme et la p\u00e2te de fruits. Les papilles se d\u00e9lecteront [&hellip;]<\/p>\n","protected":false},"featured_media":86626,"template":"","meta":[],"product_cat":[3740],"product_tag":[],"acf":[],"yoast_head":"<!-- This site is optimized with the Yoast SEO plugin v19.3 - https:\/\/yoast.com\/wordpress\/plugins\/seo\/ -->\n<title>GRAIN NOBLE - Mes Vendanges<\/title>\n<meta name=\"robots\" content=\"index, follow, max-snippet:-1, max-image-preview:large, max-video-preview:-1\" \/>\n<link rel=\"canonical\" href=\"https:\/\/www.mesvendanges.com\/en\/shop\/wines\/grain-noble-chappaz-marie-therese-nm-50cl\/\" \/>\n<meta property=\"og:locale\" content=\"en_US\" \/>\n<meta property=\"og:type\" content=\"article\" \/>\n<meta property=\"og:title\" content=\"GRAIN NOBLE - Mes Vendanges\" \/>\n<meta property=\"og:description\" content=\"marsanne blanche, petite arvine et pinot gris forment l\u2019assemblage de cette cuv\u00e9e de Grain Noble. Ce liquoreux s\u2019\u00e9panouit au moins deux ans en f\u00fbt pour en tirer un \u00e9quilibre id\u00e9al. Ses ar\u00f4mes mixent habilement le raisin de Corinthe, la cannelle, l\u2019orange am\u00e8re, la gel\u00e9e de pomme et la p\u00e2te de fruits. Les papilles se d\u00e9lecteront [&hellip;]\" \/>\n<meta property=\"og:url\" content=\"https:\/\/www.mesvendanges.com\/en\/shop\/wines\/grain-noble-chappaz-marie-therese-nm-50cl\/\" \/>\n<meta property=\"og:site_name\" content=\"Mes Vendanges\" \/>\n<meta property=\"article:modified_time\" content=\"2025-05-01T12:38:06+00:00\" \/>\n<meta property=\"og:image\" content=\"https:\/\/www.mesvendanges.com\/wp-content\/uploads\/2025\/05\/chappaz-marie-therese-grain-noble-valais-nm-50cl-moelleux-png.png\" \/>\n\t<meta property=\"og:image:width\" content=\"338\" \/>\n\t<meta property=\"og:image:height\" content=\"1500\" \/>\n\t<meta property=\"og:image:type\" content=\"image\/png\" \/>\n<meta name=\"twitter:card\" content=\"summary_large_image\" \/>\n<meta name=\"twitter:label1\" content=\"Est. reading time\" \/>\n\t<meta name=\"twitter:data1\" content=\"1 minute\" \/>\n<script type=\"application\/ld+json\" class=\"yoast-schema-graph\">{\"@context\":\"https:\/\/schema.org\",\"@graph\":[{\"@type\":\"Organization\",\"@id\":\"https:\/\/www.mesvendanges.com\/en\/#organization\",\"name\":\"Mes Vendanges\",\"url\":\"https:\/\/www.mesvendanges.com\/en\/\",\"sameAs\":[],\"logo\":{\"@type\":\"ImageObject\",\"inLanguage\":\"fr-FR\",\"@id\":\"https:\/\/www.mesvendanges.com\/en\/#\/schema\/logo\/image\/\",\"url\":\"https:\/\/www.mesvendanges.com\/wp-content\/uploads\/2022\/02\/logo-mesvendanges.jpg\",\"contentUrl\":\"https:\/\/www.mesvendanges.com\/wp-content\/uploads\/2022\/02\/logo-mesvendanges.jpg\",\"width\":851,\"height\":260,\"caption\":\"Mes Vendanges\"},\"image\":{\"@id\":\"https:\/\/www.mesvendanges.com\/en\/#\/schema\/logo\/image\/\"}},{\"@type\":\"WebSite\",\"@id\":\"https:\/\/www.mesvendanges.com\/en\/#website\",\"url\":\"https:\/\/www.mesvendanges.com\/en\/\",\"name\":\"Mes Vendanges\",\"description\":\"Des journ\u00e9es enti\u00e8res dans les vignes\",\"publisher\":{\"@id\":\"https:\/\/www.mesvendanges.com\/en\/#organization\"},\"potentialAction\":[{\"@type\":\"SearchAction\",\"target\":{\"@type\":\"EntryPoint\",\"urlTemplate\":\"https:\/\/www.mesvendanges.com\/en\/?s={search_term_string}\"},\"query-input\":\"required name=search_term_string\"}],\"inLanguage\":\"fr-FR\"},{\"@type\":\"ImageObject\",\"inLanguage\":\"fr-FR\",\"@id\":\"https:\/\/www.mesvendanges.com\/en\/shop\/wines\/grain-noble-chappaz-marie-therese-nm-50cl\/#primaryimage\",\"url\":\"https:\/\/www.mesvendanges.com\/wp-content\/uploads\/2025\/05\/chappaz-marie-therese-grain-noble-valais-nm-50cl-moelleux-png.png\",\"contentUrl\":\"https:\/\/www.mesvendanges.com\/wp-content\/uploads\/2025\/05\/chappaz-marie-therese-grain-noble-valais-nm-50cl-moelleux-png.png\",\"width\":338,\"height\":1500},{\"@type\":\"WebPage\",\"@id\":\"https:\/\/www.mesvendanges.com\/en\/shop\/wines\/grain-noble-chappaz-marie-therese-nm-50cl\/\",\"url\":\"https:\/\/www.mesvendanges.com\/en\/shop\/wines\/grain-noble-chappaz-marie-therese-nm-50cl\/\",\"name\":\"GRAIN NOBLE - Mes Vendanges\",\"isPartOf\":{\"@id\":\"https:\/\/www.mesvendanges.com\/en\/#website\"},\"primaryImageOfPage\":{\"@id\":\"https:\/\/www.mesvendanges.com\/en\/shop\/wines\/grain-noble-chappaz-marie-therese-nm-50cl\/#primaryimage\"},\"datePublished\":\"2023-03-15T15:05:34+00:00\",\"dateModified\":\"2025-05-01T12:38:06+00:00\",\"breadcrumb\":{\"@id\":\"https:\/\/www.mesvendanges.com\/en\/shop\/wines\/grain-noble-chappaz-marie-therese-nm-50cl\/#breadcrumb\"},\"inLanguage\":\"fr-FR\",\"potentialAction\":[{\"@type\":\"ReadAction\",\"target\":[\"https:\/\/www.mesvendanges.com\/en\/shop\/wines\/grain-noble-chappaz-marie-therese-nm-50cl\/\"]}]},{\"@type\":\"BreadcrumbList\",\"@id\":\"https:\/\/www.mesvendanges.com\/en\/shop\/wines\/grain-noble-chappaz-marie-therese-nm-50cl\/#breadcrumb\",\"itemListElement\":[{\"@type\":\"ListItem\",\"position\":1,\"name\":\"Home\",\"item\":\"https:\/\/www.mesvendanges.com\/en\/\"},{\"@type\":\"ListItem\",\"position\":2,\"name\":\"Shop\",\"item\":\"https:\/\/www.mesvendanges.com\/en\/shop\/\"},{\"@type\":\"ListItem\",\"position\":3,\"name\":\"GRAIN NOBLE\"}]}]}<\/script>\n<!-- \/ Yoast SEO plugin. -->","yoast_head_json":{"title":"GRAIN NOBLE - Mes Vendanges","robots":{"index":"index","follow":"follow","max-snippet":"max-snippet:-1","max-image-preview":"max-image-preview:large","max-video-preview":"max-video-preview:-1"},"canonical":"https:\/\/www.mesvendanges.com\/en\/shop\/wines\/grain-noble-chappaz-marie-therese-nm-50cl\/","og_locale":"en_US","og_type":"article","og_title":"GRAIN NOBLE - Mes Vendanges","og_description":"marsanne blanche, petite arvine et pinot gris forment l\u2019assemblage de cette cuv\u00e9e de Grain Noble. Ce liquoreux s\u2019\u00e9panouit au moins deux ans en f\u00fbt pour en tirer un \u00e9quilibre id\u00e9al. Ses ar\u00f4mes mixent habilement le raisin de Corinthe, la cannelle, l\u2019orange am\u00e8re, la gel\u00e9e de pomme et la p\u00e2te de fruits. Les papilles se d\u00e9lecteront [&hellip;]","og_url":"https:\/\/www.mesvendanges.com\/en\/shop\/wines\/grain-noble-chappaz-marie-therese-nm-50cl\/","og_site_name":"Mes Vendanges","article_modified_time":"2025-05-01T12:38:06+00:00","og_image":[{"width":338,"height":1500,"url":"https:\/\/www.mesvendanges.com\/wp-content\/uploads\/2025\/05\/chappaz-marie-therese-grain-noble-valais-nm-50cl-moelleux-png.png","type":"image\/png"}],"twitter_card":"summary_large_image","twitter_misc":{"Est. reading time":"1 minute"},"schema":{"@context":"https:\/\/schema.org","@graph":[{"@type":"Organization","@id":"https:\/\/www.mesvendanges.com\/en\/#organization","name":"Mes Vendanges","url":"https:\/\/www.mesvendanges.com\/en\/","sameAs":[],"logo":{"@type":"ImageObject","inLanguage":"fr-FR","@id":"https:\/\/www.mesvendanges.com\/en\/#\/schema\/logo\/image\/","url":"https:\/\/www.mesvendanges.com\/wp-content\/uploads\/2022\/02\/logo-mesvendanges.jpg","contentUrl":"https:\/\/www.mesvendanges.com\/wp-content\/uploads\/2022\/02\/logo-mesvendanges.jpg","width":851,"height":260,"caption":"Mes Vendanges"},"image":{"@id":"https:\/\/www.mesvendanges.com\/en\/#\/schema\/logo\/image\/"}},{"@type":"WebSite","@id":"https:\/\/www.mesvendanges.com\/en\/#website","url":"https:\/\/www.mesvendanges.com\/en\/","name":"Mes Vendanges","description":"Des journ\u00e9es enti\u00e8res dans les vignes","publisher":{"@id":"https:\/\/www.mesvendanges.com\/en\/#organization"},"potentialAction":[{"@type":"SearchAction","target":{"@type":"EntryPoint","urlTemplate":"https:\/\/www.mesvendanges.com\/en\/?s={search_term_string}"},"query-input":"required name=search_term_string"}],"inLanguage":"fr-FR"},{"@type":"ImageObject","inLanguage":"fr-FR","@id":"https:\/\/www.mesvendanges.com\/en\/shop\/wines\/grain-noble-chappaz-marie-therese-nm-50cl\/#primaryimage","url":"https:\/\/www.mesvendanges.com\/wp-content\/uploads\/2025\/05\/chappaz-marie-therese-grain-noble-valais-nm-50cl-moelleux-png.png","contentUrl":"https:\/\/www.mesvendanges.com\/wp-content\/uploads\/2025\/05\/chappaz-marie-therese-grain-noble-valais-nm-50cl-moelleux-png.png","width":338,"height":1500},{"@type":"WebPage","@id":"https:\/\/www.mesvendanges.com\/en\/shop\/wines\/grain-noble-chappaz-marie-therese-nm-50cl\/","url":"https:\/\/www.mesvendanges.com\/en\/shop\/wines\/grain-noble-chappaz-marie-therese-nm-50cl\/","name":"GRAIN NOBLE - Mes Vendanges","isPartOf":{"@id":"https:\/\/www.mesvendanges.com\/en\/#website"},"primaryImageOfPage":{"@id":"https:\/\/www.mesvendanges.com\/en\/shop\/wines\/grain-noble-chappaz-marie-therese-nm-50cl\/#primaryimage"},"datePublished":"2023-03-15T15:05:34+00:00","dateModified":"2025-05-01T12:38:06+00:00","breadcrumb":{"@id":"https:\/\/www.mesvendanges.com\/en\/shop\/wines\/grain-noble-chappaz-marie-therese-nm-50cl\/#breadcrumb"},"inLanguage":"fr-FR","potentialAction":[{"@type":"ReadAction","target":["https:\/\/www.mesvendanges.com\/en\/shop\/wines\/grain-noble-chappaz-marie-therese-nm-50cl\/"]}]},{"@type":"BreadcrumbList","@id":"https:\/\/www.mesvendanges.com\/en\/shop\/wines\/grain-noble-chappaz-marie-therese-nm-50cl\/#breadcrumb","itemListElement":[{"@type":"ListItem","position":1,"name":"Home","item":"https:\/\/www.mesvendanges.com\/en\/"},{"@type":"ListItem","position":2,"name":"Shop","item":"https:\/\/www.mesvendanges.com\/en\/shop\/"},{"@type":"ListItem","position":3,"name":"GRAIN NOBLE"}]}]}},"_links":{"self":[{"href":"https:\/\/www.mesvendanges.com\/en\/wp-json\/wp\/v2\/product\/61342"}],"collection":[{"href":"https:\/\/www.mesvendanges.com\/en\/wp-json\/wp\/v2\/product"}],"about":[{"href":"https:\/\/www.mesvendanges.com\/en\/wp-json\/wp\/v2\/types\/product"}],"wp:featuredmedia":[{"embeddable":true,"href":"https:\/\/www.mesvendanges.com\/en\/wp-json\/wp\/v2\/media\/86626"}],"wp:attachment":[{"href":"https:\/\/www.mesvendanges.com\/en\/wp-json\/wp\/v2\/media?parent=61342"}],"wp:term":[{"taxonomy":"product_cat","embeddable":true,"href":"https:\/\/www.mesvendanges.com\/en\/wp-json\/wp\/v2\/product_cat?post=61342"},{"taxonomy":"product_tag","embeddable":true,"href":"https:\/\/www.mesvendanges.com\/en\/wp-json\/wp\/v2\/product_tag?post=61342"}],"curies":[{"name":"wp","href":"https:\/\/api.w.org\/{rel}","templated":true}]}}