{"id":61975,"date":"2023-04-19T12:08:50","date_gmt":"2023-04-19T10:08:50","guid":{"rendered":"https:\/\/www.mesvendanges.com\/shop\/uncategorized\/sumac-sauvage-du-liban-epices-shira-nm-45gr\/"},"modified":"2025-09-16T14:34:20","modified_gmt":"2025-09-16T12:34:20","slug":"poivre-blanc-de-malabar-epices-shira-45gr","status":"publish","type":"product","link":"https:\/\/www.mesvendanges.com\/en\/shop\/groceries-and-accessories\/poivre-blanc-de-malabar-epices-shira-45gr\/","title":{"rendered":"POIVRE BLANC DE MALABAR"},"content":{"rendered":"<p>\u00ab D\u00e9licat et fruit\u00e9, la chaleur douce du poivre blanc convient aux crudit\u00e9s et salades \u00bb<\/p>\n<p>Ce poivre blanc biologique, provient de petites fermes traditionnelles du Kerala, en Inde o\u00f9 polyculture et biodiversit\u00e9 sont r\u00e8gle d\u2019or. Il poss\u00e8de un parfum l\u00e9g\u00e8rement animal rappelant le fromage de brebis, et un c\u00f4t\u00e9 chaleureux, acidul\u00e9, \u00e9voquant gingembre. Il est peu piquant, dot\u00e9 d\u2019une tr\u00e8s belle longueur en bouche et de saveurs de fruits exotiques, comme la papaye et la mangue bien m\u00fbre.<\/p>\n","protected":false},"excerpt":{"rendered":"<p>\u00ab D\u00e9licat et fruit\u00e9, la chaleur douce du poivre blanc convient aux crudit\u00e9s et salades \u00bb Ce poivre blanc biologique, provient de petites fermes traditionnelles du Kerala, en Inde o\u00f9 polyculture et biodiversit\u00e9 sont r\u00e8gle d\u2019or. Il poss\u00e8de un parfum l\u00e9g\u00e8rement animal rappelant le fromage de brebis, et un c\u00f4t\u00e9 chaleureux, acidul\u00e9, \u00e9voquant gingembre. Il [&hellip;]<\/p>\n","protected":false},"featured_media":65170,"template":"","meta":[],"product_cat":[3741],"product_tag":[],"acf":[],"yoast_head":"<!-- This site is optimized with the Yoast SEO plugin v19.3 - https:\/\/yoast.com\/wordpress\/plugins\/seo\/ -->\n<title>POIVRE BLANC DE MALABAR - Mes Vendanges<\/title>\n<meta name=\"robots\" content=\"index, follow, max-snippet:-1, max-image-preview:large, max-video-preview:-1\" \/>\n<link rel=\"canonical\" href=\"https:\/\/www.mesvendanges.com\/en\/shop\/groceries-and-accessories\/poivre-blanc-de-malabar-epices-shira-45gr\/\" \/>\n<meta property=\"og:locale\" content=\"en_US\" \/>\n<meta property=\"og:type\" content=\"article\" \/>\n<meta property=\"og:title\" content=\"POIVRE BLANC DE MALABAR - Mes Vendanges\" \/>\n<meta property=\"og:description\" content=\"\u00ab D\u00e9licat et fruit\u00e9, la chaleur douce du poivre blanc convient aux crudit\u00e9s et salades \u00bb Ce poivre blanc biologique, provient de petites fermes traditionnelles du Kerala, en Inde o\u00f9 polyculture et biodiversit\u00e9 sont r\u00e8gle d\u2019or. Il poss\u00e8de un parfum l\u00e9g\u00e8rement animal rappelant le fromage de brebis, et un c\u00f4t\u00e9 chaleureux, acidul\u00e9, \u00e9voquant gingembre. Il [&hellip;]\" \/>\n<meta property=\"og:url\" content=\"https:\/\/www.mesvendanges.com\/en\/shop\/groceries-and-accessories\/poivre-blanc-de-malabar-epices-shira-45gr\/\" \/>\n<meta property=\"og:site_name\" content=\"Mes Vendanges\" \/>\n<meta property=\"article:modified_time\" content=\"2025-09-16T12:34:20+00:00\" \/>\n<meta property=\"og:image\" content=\"https:\/\/www.mesvendanges.com\/wp-content\/uploads\/2023\/06\/poivre-blanc-bio-de-malabar-jpg.jpg\" \/>\n\t<meta property=\"og:image:width\" content=\"1355\" \/>\n\t<meta property=\"og:image:height\" content=\"1500\" \/>\n\t<meta property=\"og:image:type\" content=\"image\/jpeg\" \/>\n<meta name=\"twitter:card\" content=\"summary_large_image\" \/>\n<script type=\"application\/ld+json\" class=\"yoast-schema-graph\">{\"@context\":\"https:\/\/schema.org\",\"@graph\":[{\"@type\":\"Organization\",\"@id\":\"https:\/\/www.mesvendanges.com\/en\/#organization\",\"name\":\"Mes Vendanges\",\"url\":\"https:\/\/www.mesvendanges.com\/en\/\",\"sameAs\":[],\"logo\":{\"@type\":\"ImageObject\",\"inLanguage\":\"fr-FR\",\"@id\":\"https:\/\/www.mesvendanges.com\/en\/#\/schema\/logo\/image\/\",\"url\":\"https:\/\/www.mesvendanges.com\/wp-content\/uploads\/2022\/02\/logo-mesvendanges.jpg\",\"contentUrl\":\"https:\/\/www.mesvendanges.com\/wp-content\/uploads\/2022\/02\/logo-mesvendanges.jpg\",\"width\":851,\"height\":260,\"caption\":\"Mes Vendanges\"},\"image\":{\"@id\":\"https:\/\/www.mesvendanges.com\/en\/#\/schema\/logo\/image\/\"}},{\"@type\":\"WebSite\",\"@id\":\"https:\/\/www.mesvendanges.com\/en\/#website\",\"url\":\"https:\/\/www.mesvendanges.com\/en\/\",\"name\":\"Mes Vendanges\",\"description\":\"Des journ\u00e9es enti\u00e8res dans les vignes\",\"publisher\":{\"@id\":\"https:\/\/www.mesvendanges.com\/en\/#organization\"},\"potentialAction\":[{\"@type\":\"SearchAction\",\"target\":{\"@type\":\"EntryPoint\",\"urlTemplate\":\"https:\/\/www.mesvendanges.com\/en\/?s={search_term_string}\"},\"query-input\":\"required name=search_term_string\"}],\"inLanguage\":\"fr-FR\"},{\"@type\":\"ImageObject\",\"inLanguage\":\"fr-FR\",\"@id\":\"https:\/\/www.mesvendanges.com\/en\/shop\/groceries-and-accessories\/poivre-blanc-de-malabar-epices-shira-45gr\/#primaryimage\",\"url\":\"https:\/\/www.mesvendanges.com\/wp-content\/uploads\/2023\/06\/poivre-blanc-bio-de-malabar-jpg.jpg\",\"contentUrl\":\"https:\/\/www.mesvendanges.com\/wp-content\/uploads\/2023\/06\/poivre-blanc-bio-de-malabar-jpg.jpg\",\"width\":1355,\"height\":1500},{\"@type\":\"WebPage\",\"@id\":\"https:\/\/www.mesvendanges.com\/en\/shop\/groceries-and-accessories\/poivre-blanc-de-malabar-epices-shira-45gr\/\",\"url\":\"https:\/\/www.mesvendanges.com\/en\/shop\/groceries-and-accessories\/poivre-blanc-de-malabar-epices-shira-45gr\/\",\"name\":\"POIVRE BLANC DE MALABAR - Mes Vendanges\",\"isPartOf\":{\"@id\":\"https:\/\/www.mesvendanges.com\/en\/#website\"},\"primaryImageOfPage\":{\"@id\":\"https:\/\/www.mesvendanges.com\/en\/shop\/groceries-and-accessories\/poivre-blanc-de-malabar-epices-shira-45gr\/#primaryimage\"},\"datePublished\":\"2023-04-19T10:08:50+00:00\",\"dateModified\":\"2025-09-16T12:34:20+00:00\",\"breadcrumb\":{\"@id\":\"https:\/\/www.mesvendanges.com\/en\/shop\/groceries-and-accessories\/poivre-blanc-de-malabar-epices-shira-45gr\/#breadcrumb\"},\"inLanguage\":\"fr-FR\",\"potentialAction\":[{\"@type\":\"ReadAction\",\"target\":[\"https:\/\/www.mesvendanges.com\/en\/shop\/groceries-and-accessories\/poivre-blanc-de-malabar-epices-shira-45gr\/\"]}]},{\"@type\":\"BreadcrumbList\",\"@id\":\"https:\/\/www.mesvendanges.com\/en\/shop\/groceries-and-accessories\/poivre-blanc-de-malabar-epices-shira-45gr\/#breadcrumb\",\"itemListElement\":[{\"@type\":\"ListItem\",\"position\":1,\"name\":\"Home\",\"item\":\"https:\/\/www.mesvendanges.com\/en\/\"},{\"@type\":\"ListItem\",\"position\":2,\"name\":\"Shop\",\"item\":\"https:\/\/www.mesvendanges.com\/en\/shop\/\"},{\"@type\":\"ListItem\",\"position\":3,\"name\":\"POIVRE BLANC DE MALABAR\"}]}]}<\/script>\n<!-- \/ Yoast SEO plugin. -->","yoast_head_json":{"title":"POIVRE BLANC DE MALABAR - Mes Vendanges","robots":{"index":"index","follow":"follow","max-snippet":"max-snippet:-1","max-image-preview":"max-image-preview:large","max-video-preview":"max-video-preview:-1"},"canonical":"https:\/\/www.mesvendanges.com\/en\/shop\/groceries-and-accessories\/poivre-blanc-de-malabar-epices-shira-45gr\/","og_locale":"en_US","og_type":"article","og_title":"POIVRE BLANC DE MALABAR - Mes Vendanges","og_description":"\u00ab D\u00e9licat et fruit\u00e9, la chaleur douce du poivre blanc convient aux crudit\u00e9s et salades \u00bb Ce poivre blanc biologique, provient de petites fermes traditionnelles du Kerala, en Inde o\u00f9 polyculture et biodiversit\u00e9 sont r\u00e8gle d\u2019or. Il poss\u00e8de un parfum l\u00e9g\u00e8rement animal rappelant le fromage de brebis, et un c\u00f4t\u00e9 chaleureux, acidul\u00e9, \u00e9voquant gingembre. Il [&hellip;]","og_url":"https:\/\/www.mesvendanges.com\/en\/shop\/groceries-and-accessories\/poivre-blanc-de-malabar-epices-shira-45gr\/","og_site_name":"Mes Vendanges","article_modified_time":"2025-09-16T12:34:20+00:00","og_image":[{"width":1355,"height":1500,"url":"https:\/\/www.mesvendanges.com\/wp-content\/uploads\/2023\/06\/poivre-blanc-bio-de-malabar-jpg.jpg","type":"image\/jpeg"}],"twitter_card":"summary_large_image","schema":{"@context":"https:\/\/schema.org","@graph":[{"@type":"Organization","@id":"https:\/\/www.mesvendanges.com\/en\/#organization","name":"Mes Vendanges","url":"https:\/\/www.mesvendanges.com\/en\/","sameAs":[],"logo":{"@type":"ImageObject","inLanguage":"fr-FR","@id":"https:\/\/www.mesvendanges.com\/en\/#\/schema\/logo\/image\/","url":"https:\/\/www.mesvendanges.com\/wp-content\/uploads\/2022\/02\/logo-mesvendanges.jpg","contentUrl":"https:\/\/www.mesvendanges.com\/wp-content\/uploads\/2022\/02\/logo-mesvendanges.jpg","width":851,"height":260,"caption":"Mes Vendanges"},"image":{"@id":"https:\/\/www.mesvendanges.com\/en\/#\/schema\/logo\/image\/"}},{"@type":"WebSite","@id":"https:\/\/www.mesvendanges.com\/en\/#website","url":"https:\/\/www.mesvendanges.com\/en\/","name":"Mes Vendanges","description":"Des journ\u00e9es enti\u00e8res dans les vignes","publisher":{"@id":"https:\/\/www.mesvendanges.com\/en\/#organization"},"potentialAction":[{"@type":"SearchAction","target":{"@type":"EntryPoint","urlTemplate":"https:\/\/www.mesvendanges.com\/en\/?s={search_term_string}"},"query-input":"required name=search_term_string"}],"inLanguage":"fr-FR"},{"@type":"ImageObject","inLanguage":"fr-FR","@id":"https:\/\/www.mesvendanges.com\/en\/shop\/groceries-and-accessories\/poivre-blanc-de-malabar-epices-shira-45gr\/#primaryimage","url":"https:\/\/www.mesvendanges.com\/wp-content\/uploads\/2023\/06\/poivre-blanc-bio-de-malabar-jpg.jpg","contentUrl":"https:\/\/www.mesvendanges.com\/wp-content\/uploads\/2023\/06\/poivre-blanc-bio-de-malabar-jpg.jpg","width":1355,"height":1500},{"@type":"WebPage","@id":"https:\/\/www.mesvendanges.com\/en\/shop\/groceries-and-accessories\/poivre-blanc-de-malabar-epices-shira-45gr\/","url":"https:\/\/www.mesvendanges.com\/en\/shop\/groceries-and-accessories\/poivre-blanc-de-malabar-epices-shira-45gr\/","name":"POIVRE BLANC DE MALABAR - Mes Vendanges","isPartOf":{"@id":"https:\/\/www.mesvendanges.com\/en\/#website"},"primaryImageOfPage":{"@id":"https:\/\/www.mesvendanges.com\/en\/shop\/groceries-and-accessories\/poivre-blanc-de-malabar-epices-shira-45gr\/#primaryimage"},"datePublished":"2023-04-19T10:08:50+00:00","dateModified":"2025-09-16T12:34:20+00:00","breadcrumb":{"@id":"https:\/\/www.mesvendanges.com\/en\/shop\/groceries-and-accessories\/poivre-blanc-de-malabar-epices-shira-45gr\/#breadcrumb"},"inLanguage":"fr-FR","potentialAction":[{"@type":"ReadAction","target":["https:\/\/www.mesvendanges.com\/en\/shop\/groceries-and-accessories\/poivre-blanc-de-malabar-epices-shira-45gr\/"]}]},{"@type":"BreadcrumbList","@id":"https:\/\/www.mesvendanges.com\/en\/shop\/groceries-and-accessories\/poivre-blanc-de-malabar-epices-shira-45gr\/#breadcrumb","itemListElement":[{"@type":"ListItem","position":1,"name":"Home","item":"https:\/\/www.mesvendanges.com\/en\/"},{"@type":"ListItem","position":2,"name":"Shop","item":"https:\/\/www.mesvendanges.com\/en\/shop\/"},{"@type":"ListItem","position":3,"name":"POIVRE BLANC DE MALABAR"}]}]}},"_links":{"self":[{"href":"https:\/\/www.mesvendanges.com\/en\/wp-json\/wp\/v2\/product\/61975"}],"collection":[{"href":"https:\/\/www.mesvendanges.com\/en\/wp-json\/wp\/v2\/product"}],"about":[{"href":"https:\/\/www.mesvendanges.com\/en\/wp-json\/wp\/v2\/types\/product"}],"wp:featuredmedia":[{"embeddable":true,"href":"https:\/\/www.mesvendanges.com\/en\/wp-json\/wp\/v2\/media\/65170"}],"wp:attachment":[{"href":"https:\/\/www.mesvendanges.com\/en\/wp-json\/wp\/v2\/media?parent=61975"}],"wp:term":[{"taxonomy":"product_cat","embeddable":true,"href":"https:\/\/www.mesvendanges.com\/en\/wp-json\/wp\/v2\/product_cat?post=61975"},{"taxonomy":"product_tag","embeddable":true,"href":"https:\/\/www.mesvendanges.com\/en\/wp-json\/wp\/v2\/product_tag?post=61975"}],"curies":[{"name":"wp","href":"https:\/\/api.w.org\/{rel}","templated":true}]}}