{"id":61989,"date":"2023-04-19T14:31:56","date_gmt":"2023-04-19T12:31:56","guid":{"rendered":"https:\/\/www.mesvendanges.com\/shop\/uncategorized\/paprika-fort-de-murcia-moulu-epices-shira-nm-40gr\/"},"modified":"2026-03-30T14:45:26","modified_gmt":"2026-03-30T12:45:26","slug":"paprika-fort-de-murcia-moulu-epices-shira-40gr","status":"publish","type":"product","link":"https:\/\/www.mesvendanges.com\/en\/shop\/groceries-and-accessories\/paprika-fort-de-murcia-moulu-epices-shira-40gr\/","title":{"rendered":"PAPRIKA FORT DE MURCIA MOULU"},"content":{"rendered":"<p>\u00ab Piquant mais pas trop, le paprika fort ajoute du mordant \u00e0 vos plats \u00bb<\/p>\n<p>Notre paprika fort biologique est produit par une petite entreprise familiale situ\u00e9e dans la r\u00e9gion de Murcia, en Espagne. Il exhale un parfum profond, intense et tr\u00e8s fruit\u00e9 tout simplement sublime. On lui trouve aussi un parfum de tomate et de poivron et une belle chaleur sucr\u00e9e.<\/p>\n<p>Aussi appel\u00e9 piment\u00f3n de Murcia, du nom de la r\u00e9gion o\u00f9 il est produit, ce piment de la taille d\u2019une grosse tomate cerise b\u00e9n\u00e9ficie depuis 2008 d\u2019une Appellation d\u2019Origine Prot\u00e9g\u00e9e (AOP en fran\u00e7ais ou DOP en espagnol).<\/p>\n","protected":false},"excerpt":{"rendered":"<p>\u00ab Piquant mais pas trop, le paprika fort ajoute du mordant \u00e0 vos plats \u00bb Notre paprika fort biologique est produit par une petite entreprise familiale situ\u00e9e dans la r\u00e9gion de Murcia, en Espagne. Il exhale un parfum profond, intense et tr\u00e8s fruit\u00e9 tout simplement sublime. On lui trouve aussi un parfum de tomate et [&hellip;]<\/p>\n","protected":false},"featured_media":62052,"template":"","meta":[],"product_cat":[3741],"product_tag":[],"acf":[],"yoast_head":"<!-- This site is optimized with the Yoast SEO plugin v19.3 - https:\/\/yoast.com\/wordpress\/plugins\/seo\/ -->\n<title>PAPRIKA FORT DE MURCIA MOULU - Mes Vendanges<\/title>\n<meta name=\"robots\" content=\"index, follow, max-snippet:-1, max-image-preview:large, max-video-preview:-1\" \/>\n<link rel=\"canonical\" href=\"https:\/\/www.mesvendanges.com\/en\/shop\/groceries-and-accessories\/paprika-fort-de-murcia-moulu-epices-shira-40gr\/\" \/>\n<meta property=\"og:locale\" content=\"en_US\" \/>\n<meta property=\"og:type\" content=\"article\" \/>\n<meta property=\"og:title\" content=\"PAPRIKA FORT DE MURCIA MOULU - Mes Vendanges\" \/>\n<meta property=\"og:description\" content=\"\u00ab Piquant mais pas trop, le paprika fort ajoute du mordant \u00e0 vos plats \u00bb Notre paprika fort biologique est produit par une petite entreprise familiale situ\u00e9e dans la r\u00e9gion de Murcia, en Espagne. Il exhale un parfum profond, intense et tr\u00e8s fruit\u00e9 tout simplement sublime. On lui trouve aussi un parfum de tomate et [&hellip;]\" \/>\n<meta property=\"og:url\" content=\"https:\/\/www.mesvendanges.com\/en\/shop\/groceries-and-accessories\/paprika-fort-de-murcia-moulu-epices-shira-40gr\/\" \/>\n<meta property=\"og:site_name\" content=\"Mes Vendanges\" \/>\n<meta property=\"article:modified_time\" content=\"2026-03-30T12:45:26+00:00\" \/>\n<meta property=\"og:image\" content=\"https:\/\/www.mesvendanges.com\/wp-content\/uploads\/2023\/04\/paprika-bio-fort-de-murcia-jpg.jpg\" \/>\n\t<meta property=\"og:image:width\" content=\"1355\" \/>\n\t<meta property=\"og:image:height\" content=\"1500\" \/>\n\t<meta property=\"og:image:type\" content=\"image\/jpeg\" \/>\n<meta name=\"twitter:card\" content=\"summary_large_image\" \/>\n<meta name=\"twitter:label1\" content=\"Est. reading time\" \/>\n\t<meta name=\"twitter:data1\" content=\"1 minute\" \/>\n<script type=\"application\/ld+json\" class=\"yoast-schema-graph\">{\"@context\":\"https:\/\/schema.org\",\"@graph\":[{\"@type\":\"Organization\",\"@id\":\"https:\/\/www.mesvendanges.com\/en\/#organization\",\"name\":\"Mes Vendanges\",\"url\":\"https:\/\/www.mesvendanges.com\/en\/\",\"sameAs\":[],\"logo\":{\"@type\":\"ImageObject\",\"inLanguage\":\"fr-FR\",\"@id\":\"https:\/\/www.mesvendanges.com\/en\/#\/schema\/logo\/image\/\",\"url\":\"https:\/\/www.mesvendanges.com\/wp-content\/uploads\/2022\/02\/logo-mesvendanges.jpg\",\"contentUrl\":\"https:\/\/www.mesvendanges.com\/wp-content\/uploads\/2022\/02\/logo-mesvendanges.jpg\",\"width\":851,\"height\":260,\"caption\":\"Mes Vendanges\"},\"image\":{\"@id\":\"https:\/\/www.mesvendanges.com\/en\/#\/schema\/logo\/image\/\"}},{\"@type\":\"WebSite\",\"@id\":\"https:\/\/www.mesvendanges.com\/en\/#website\",\"url\":\"https:\/\/www.mesvendanges.com\/en\/\",\"name\":\"Mes Vendanges\",\"description\":\"Des journ\u00e9es enti\u00e8res dans les vignes\",\"publisher\":{\"@id\":\"https:\/\/www.mesvendanges.com\/en\/#organization\"},\"potentialAction\":[{\"@type\":\"SearchAction\",\"target\":{\"@type\":\"EntryPoint\",\"urlTemplate\":\"https:\/\/www.mesvendanges.com\/en\/?s={search_term_string}\"},\"query-input\":\"required name=search_term_string\"}],\"inLanguage\":\"fr-FR\"},{\"@type\":\"ImageObject\",\"inLanguage\":\"fr-FR\",\"@id\":\"https:\/\/www.mesvendanges.com\/en\/shop\/groceries-and-accessories\/paprika-fort-de-murcia-moulu-epices-shira-40gr\/#primaryimage\",\"url\":\"https:\/\/www.mesvendanges.com\/wp-content\/uploads\/2023\/04\/paprika-bio-fort-de-murcia-jpg.jpg\",\"contentUrl\":\"https:\/\/www.mesvendanges.com\/wp-content\/uploads\/2023\/04\/paprika-bio-fort-de-murcia-jpg.jpg\",\"width\":1355,\"height\":1500},{\"@type\":\"WebPage\",\"@id\":\"https:\/\/www.mesvendanges.com\/en\/shop\/groceries-and-accessories\/paprika-fort-de-murcia-moulu-epices-shira-40gr\/\",\"url\":\"https:\/\/www.mesvendanges.com\/en\/shop\/groceries-and-accessories\/paprika-fort-de-murcia-moulu-epices-shira-40gr\/\",\"name\":\"PAPRIKA FORT DE MURCIA MOULU - Mes Vendanges\",\"isPartOf\":{\"@id\":\"https:\/\/www.mesvendanges.com\/en\/#website\"},\"primaryImageOfPage\":{\"@id\":\"https:\/\/www.mesvendanges.com\/en\/shop\/groceries-and-accessories\/paprika-fort-de-murcia-moulu-epices-shira-40gr\/#primaryimage\"},\"datePublished\":\"2023-04-19T12:31:56+00:00\",\"dateModified\":\"2026-03-30T12:45:26+00:00\",\"breadcrumb\":{\"@id\":\"https:\/\/www.mesvendanges.com\/en\/shop\/groceries-and-accessories\/paprika-fort-de-murcia-moulu-epices-shira-40gr\/#breadcrumb\"},\"inLanguage\":\"fr-FR\",\"potentialAction\":[{\"@type\":\"ReadAction\",\"target\":[\"https:\/\/www.mesvendanges.com\/en\/shop\/groceries-and-accessories\/paprika-fort-de-murcia-moulu-epices-shira-40gr\/\"]}]},{\"@type\":\"BreadcrumbList\",\"@id\":\"https:\/\/www.mesvendanges.com\/en\/shop\/groceries-and-accessories\/paprika-fort-de-murcia-moulu-epices-shira-40gr\/#breadcrumb\",\"itemListElement\":[{\"@type\":\"ListItem\",\"position\":1,\"name\":\"Home\",\"item\":\"https:\/\/www.mesvendanges.com\/en\/\"},{\"@type\":\"ListItem\",\"position\":2,\"name\":\"Shop\",\"item\":\"https:\/\/www.mesvendanges.com\/en\/shop\/\"},{\"@type\":\"ListItem\",\"position\":3,\"name\":\"PAPRIKA FORT DE MURCIA MOULU\"}]}]}<\/script>\n<!-- \/ Yoast SEO plugin. -->","yoast_head_json":{"title":"PAPRIKA FORT DE MURCIA MOULU - Mes Vendanges","robots":{"index":"index","follow":"follow","max-snippet":"max-snippet:-1","max-image-preview":"max-image-preview:large","max-video-preview":"max-video-preview:-1"},"canonical":"https:\/\/www.mesvendanges.com\/en\/shop\/groceries-and-accessories\/paprika-fort-de-murcia-moulu-epices-shira-40gr\/","og_locale":"en_US","og_type":"article","og_title":"PAPRIKA FORT DE MURCIA MOULU - Mes Vendanges","og_description":"\u00ab Piquant mais pas trop, le paprika fort ajoute du mordant \u00e0 vos plats \u00bb Notre paprika fort biologique est produit par une petite entreprise familiale situ\u00e9e dans la r\u00e9gion de Murcia, en Espagne. Il exhale un parfum profond, intense et tr\u00e8s fruit\u00e9 tout simplement sublime. On lui trouve aussi un parfum de tomate et [&hellip;]","og_url":"https:\/\/www.mesvendanges.com\/en\/shop\/groceries-and-accessories\/paprika-fort-de-murcia-moulu-epices-shira-40gr\/","og_site_name":"Mes Vendanges","article_modified_time":"2026-03-30T12:45:26+00:00","og_image":[{"width":1355,"height":1500,"url":"https:\/\/www.mesvendanges.com\/wp-content\/uploads\/2023\/04\/paprika-bio-fort-de-murcia-jpg.jpg","type":"image\/jpeg"}],"twitter_card":"summary_large_image","twitter_misc":{"Est. reading time":"1 minute"},"schema":{"@context":"https:\/\/schema.org","@graph":[{"@type":"Organization","@id":"https:\/\/www.mesvendanges.com\/en\/#organization","name":"Mes Vendanges","url":"https:\/\/www.mesvendanges.com\/en\/","sameAs":[],"logo":{"@type":"ImageObject","inLanguage":"fr-FR","@id":"https:\/\/www.mesvendanges.com\/en\/#\/schema\/logo\/image\/","url":"https:\/\/www.mesvendanges.com\/wp-content\/uploads\/2022\/02\/logo-mesvendanges.jpg","contentUrl":"https:\/\/www.mesvendanges.com\/wp-content\/uploads\/2022\/02\/logo-mesvendanges.jpg","width":851,"height":260,"caption":"Mes Vendanges"},"image":{"@id":"https:\/\/www.mesvendanges.com\/en\/#\/schema\/logo\/image\/"}},{"@type":"WebSite","@id":"https:\/\/www.mesvendanges.com\/en\/#website","url":"https:\/\/www.mesvendanges.com\/en\/","name":"Mes Vendanges","description":"Des journ\u00e9es enti\u00e8res dans les vignes","publisher":{"@id":"https:\/\/www.mesvendanges.com\/en\/#organization"},"potentialAction":[{"@type":"SearchAction","target":{"@type":"EntryPoint","urlTemplate":"https:\/\/www.mesvendanges.com\/en\/?s={search_term_string}"},"query-input":"required name=search_term_string"}],"inLanguage":"fr-FR"},{"@type":"ImageObject","inLanguage":"fr-FR","@id":"https:\/\/www.mesvendanges.com\/en\/shop\/groceries-and-accessories\/paprika-fort-de-murcia-moulu-epices-shira-40gr\/#primaryimage","url":"https:\/\/www.mesvendanges.com\/wp-content\/uploads\/2023\/04\/paprika-bio-fort-de-murcia-jpg.jpg","contentUrl":"https:\/\/www.mesvendanges.com\/wp-content\/uploads\/2023\/04\/paprika-bio-fort-de-murcia-jpg.jpg","width":1355,"height":1500},{"@type":"WebPage","@id":"https:\/\/www.mesvendanges.com\/en\/shop\/groceries-and-accessories\/paprika-fort-de-murcia-moulu-epices-shira-40gr\/","url":"https:\/\/www.mesvendanges.com\/en\/shop\/groceries-and-accessories\/paprika-fort-de-murcia-moulu-epices-shira-40gr\/","name":"PAPRIKA FORT DE MURCIA MOULU - Mes Vendanges","isPartOf":{"@id":"https:\/\/www.mesvendanges.com\/en\/#website"},"primaryImageOfPage":{"@id":"https:\/\/www.mesvendanges.com\/en\/shop\/groceries-and-accessories\/paprika-fort-de-murcia-moulu-epices-shira-40gr\/#primaryimage"},"datePublished":"2023-04-19T12:31:56+00:00","dateModified":"2026-03-30T12:45:26+00:00","breadcrumb":{"@id":"https:\/\/www.mesvendanges.com\/en\/shop\/groceries-and-accessories\/paprika-fort-de-murcia-moulu-epices-shira-40gr\/#breadcrumb"},"inLanguage":"fr-FR","potentialAction":[{"@type":"ReadAction","target":["https:\/\/www.mesvendanges.com\/en\/shop\/groceries-and-accessories\/paprika-fort-de-murcia-moulu-epices-shira-40gr\/"]}]},{"@type":"BreadcrumbList","@id":"https:\/\/www.mesvendanges.com\/en\/shop\/groceries-and-accessories\/paprika-fort-de-murcia-moulu-epices-shira-40gr\/#breadcrumb","itemListElement":[{"@type":"ListItem","position":1,"name":"Home","item":"https:\/\/www.mesvendanges.com\/en\/"},{"@type":"ListItem","position":2,"name":"Shop","item":"https:\/\/www.mesvendanges.com\/en\/shop\/"},{"@type":"ListItem","position":3,"name":"PAPRIKA FORT DE MURCIA MOULU"}]}]}},"_links":{"self":[{"href":"https:\/\/www.mesvendanges.com\/en\/wp-json\/wp\/v2\/product\/61989"}],"collection":[{"href":"https:\/\/www.mesvendanges.com\/en\/wp-json\/wp\/v2\/product"}],"about":[{"href":"https:\/\/www.mesvendanges.com\/en\/wp-json\/wp\/v2\/types\/product"}],"wp:featuredmedia":[{"embeddable":true,"href":"https:\/\/www.mesvendanges.com\/en\/wp-json\/wp\/v2\/media\/62052"}],"wp:attachment":[{"href":"https:\/\/www.mesvendanges.com\/en\/wp-json\/wp\/v2\/media?parent=61989"}],"wp:term":[{"taxonomy":"product_cat","embeddable":true,"href":"https:\/\/www.mesvendanges.com\/en\/wp-json\/wp\/v2\/product_cat?post=61989"},{"taxonomy":"product_tag","embeddable":true,"href":"https:\/\/www.mesvendanges.com\/en\/wp-json\/wp\/v2\/product_tag?post=61989"}],"curies":[{"name":"wp","href":"https:\/\/api.w.org\/{rel}","templated":true}]}}