{"id":61999,"date":"2023-04-19T14:37:35","date_gmt":"2023-04-19T12:37:35","guid":{"rendered":"https:\/\/www.mesvendanges.com\/shop\/uncategorized\/kala-namak-sel-noir-de-lhimalaya-moulu-epices-shira-nm-50gr\/"},"modified":"2026-04-01T12:52:58","modified_gmt":"2026-04-01T10:52:58","slug":"kala-namak-sel-noir-de-lhimalaya-moulu-epices-shira-50gr","status":"publish","type":"product","link":"https:\/\/www.mesvendanges.com\/en\/shop\/groceries-and-accessories\/kala-namak-sel-noir-de-lhimalaya-moulu-epices-shira-50gr\/","title":{"rendered":"KALA NAMAK SEL NOIR DE L&#8217;HIMALAYA MOULU"},"content":{"rendered":"<p>\u00ab Sel noir de l&#8217;Himalaya, le kala namak r\u00e9v\u00e8le un \u00e9tonnant parfum d&#8217;\u0153uf dur \u00bb<\/p>\n<p>Le kala namak est un sel de montagnes non iod\u00e9 produit de mani\u00e8re artisanale dans les mines de sel rose de l\u2019Himalaya. Il est tr\u00e8s riche en soufre, a une odeur prononc\u00e9e d\u2019\u0153uf dur et un go\u00fbt sal\u00e9.<\/p>\n<p>En hindi, kala signifie noir et namak le sel. Pourtant, ce sel noir est avant tout un sel rose \u2013 de couleur violet fonc\u00e9 tirant sur le rose une fois moulu \u2013 transform\u00e9 afin de donner une couleur et un parfum typiques. Si le kala namak est de plus en plus souvent fabriqu\u00e9 \u00e0 partir de sels industriels, celui que nous vendons vient uniquement du sel rose des mines de l\u2019Himalaya. C\u2019est un sel \u00e9tonnant qui vaut la peine d\u2019\u00eatre d\u00e9couvert.<\/p>\n","protected":false},"excerpt":{"rendered":"<p>\u00ab Sel noir de l&#8217;Himalaya, le kala namak r\u00e9v\u00e8le un \u00e9tonnant parfum d&#8217;\u0153uf dur \u00bb Le kala namak est un sel de montagnes non iod\u00e9 produit de mani\u00e8re artisanale dans les mines de sel rose de l\u2019Himalaya. Il est tr\u00e8s riche en soufre, a une odeur prononc\u00e9e d\u2019\u0153uf dur et un go\u00fbt sal\u00e9. En hindi, [&hellip;]<\/p>\n","protected":false},"featured_media":65164,"template":"","meta":[],"product_cat":[3741],"product_tag":[],"acf":[],"yoast_head":"<!-- This site is optimized with the Yoast SEO plugin v19.3 - https:\/\/yoast.com\/wordpress\/plugins\/seo\/ -->\n<title>KALA NAMAK SEL NOIR DE L&#039;HIMALAYA MOULU - Mes Vendanges<\/title>\n<meta name=\"robots\" content=\"index, follow, max-snippet:-1, max-image-preview:large, max-video-preview:-1\" \/>\n<link rel=\"canonical\" href=\"https:\/\/www.mesvendanges.com\/en\/shop\/groceries-and-accessories\/kala-namak-sel-noir-de-lhimalaya-moulu-epices-shira-50gr\/\" \/>\n<meta property=\"og:locale\" content=\"en_US\" \/>\n<meta property=\"og:type\" content=\"article\" \/>\n<meta property=\"og:title\" content=\"KALA NAMAK SEL NOIR DE L&#039;HIMALAYA MOULU - Mes Vendanges\" \/>\n<meta property=\"og:description\" content=\"\u00ab Sel noir de l&#8217;Himalaya, le kala namak r\u00e9v\u00e8le un \u00e9tonnant parfum d&#8217;\u0153uf dur \u00bb Le kala namak est un sel de montagnes non iod\u00e9 produit de mani\u00e8re artisanale dans les mines de sel rose de l\u2019Himalaya. Il est tr\u00e8s riche en soufre, a une odeur prononc\u00e9e d\u2019\u0153uf dur et un go\u00fbt sal\u00e9. En hindi, [&hellip;]\" \/>\n<meta property=\"og:url\" content=\"https:\/\/www.mesvendanges.com\/en\/shop\/groceries-and-accessories\/kala-namak-sel-noir-de-lhimalaya-moulu-epices-shira-50gr\/\" \/>\n<meta property=\"og:site_name\" content=\"Mes Vendanges\" \/>\n<meta property=\"article:modified_time\" content=\"2026-04-01T10:52:58+00:00\" \/>\n<meta property=\"og:image\" content=\"https:\/\/www.mesvendanges.com\/wp-content\/uploads\/2023\/06\/kala-namak-sel-noir-himalaya-jpg.jpg\" \/>\n\t<meta property=\"og:image:width\" content=\"1355\" \/>\n\t<meta property=\"og:image:height\" content=\"1500\" \/>\n\t<meta property=\"og:image:type\" content=\"image\/jpeg\" \/>\n<meta name=\"twitter:card\" content=\"summary_large_image\" \/>\n<meta name=\"twitter:label1\" content=\"Est. reading time\" \/>\n\t<meta name=\"twitter:data1\" content=\"1 minute\" \/>\n<script type=\"application\/ld+json\" class=\"yoast-schema-graph\">{\"@context\":\"https:\/\/schema.org\",\"@graph\":[{\"@type\":\"Organization\",\"@id\":\"https:\/\/www.mesvendanges.com\/en\/#organization\",\"name\":\"Mes Vendanges\",\"url\":\"https:\/\/www.mesvendanges.com\/en\/\",\"sameAs\":[],\"logo\":{\"@type\":\"ImageObject\",\"inLanguage\":\"fr-FR\",\"@id\":\"https:\/\/www.mesvendanges.com\/en\/#\/schema\/logo\/image\/\",\"url\":\"https:\/\/www.mesvendanges.com\/wp-content\/uploads\/2022\/02\/logo-mesvendanges.jpg\",\"contentUrl\":\"https:\/\/www.mesvendanges.com\/wp-content\/uploads\/2022\/02\/logo-mesvendanges.jpg\",\"width\":851,\"height\":260,\"caption\":\"Mes Vendanges\"},\"image\":{\"@id\":\"https:\/\/www.mesvendanges.com\/en\/#\/schema\/logo\/image\/\"}},{\"@type\":\"WebSite\",\"@id\":\"https:\/\/www.mesvendanges.com\/en\/#website\",\"url\":\"https:\/\/www.mesvendanges.com\/en\/\",\"name\":\"Mes Vendanges\",\"description\":\"Des journ\u00e9es enti\u00e8res dans les vignes\",\"publisher\":{\"@id\":\"https:\/\/www.mesvendanges.com\/en\/#organization\"},\"potentialAction\":[{\"@type\":\"SearchAction\",\"target\":{\"@type\":\"EntryPoint\",\"urlTemplate\":\"https:\/\/www.mesvendanges.com\/en\/?s={search_term_string}\"},\"query-input\":\"required name=search_term_string\"}],\"inLanguage\":\"fr-FR\"},{\"@type\":\"ImageObject\",\"inLanguage\":\"fr-FR\",\"@id\":\"https:\/\/www.mesvendanges.com\/en\/shop\/groceries-and-accessories\/kala-namak-sel-noir-de-lhimalaya-moulu-epices-shira-50gr\/#primaryimage\",\"url\":\"https:\/\/www.mesvendanges.com\/wp-content\/uploads\/2023\/06\/kala-namak-sel-noir-himalaya-jpg.jpg\",\"contentUrl\":\"https:\/\/www.mesvendanges.com\/wp-content\/uploads\/2023\/06\/kala-namak-sel-noir-himalaya-jpg.jpg\",\"width\":1355,\"height\":1500},{\"@type\":\"WebPage\",\"@id\":\"https:\/\/www.mesvendanges.com\/en\/shop\/groceries-and-accessories\/kala-namak-sel-noir-de-lhimalaya-moulu-epices-shira-50gr\/\",\"url\":\"https:\/\/www.mesvendanges.com\/en\/shop\/groceries-and-accessories\/kala-namak-sel-noir-de-lhimalaya-moulu-epices-shira-50gr\/\",\"name\":\"KALA NAMAK SEL NOIR DE L'HIMALAYA MOULU - Mes Vendanges\",\"isPartOf\":{\"@id\":\"https:\/\/www.mesvendanges.com\/en\/#website\"},\"primaryImageOfPage\":{\"@id\":\"https:\/\/www.mesvendanges.com\/en\/shop\/groceries-and-accessories\/kala-namak-sel-noir-de-lhimalaya-moulu-epices-shira-50gr\/#primaryimage\"},\"datePublished\":\"2023-04-19T12:37:35+00:00\",\"dateModified\":\"2026-04-01T10:52:58+00:00\",\"breadcrumb\":{\"@id\":\"https:\/\/www.mesvendanges.com\/en\/shop\/groceries-and-accessories\/kala-namak-sel-noir-de-lhimalaya-moulu-epices-shira-50gr\/#breadcrumb\"},\"inLanguage\":\"fr-FR\",\"potentialAction\":[{\"@type\":\"ReadAction\",\"target\":[\"https:\/\/www.mesvendanges.com\/en\/shop\/groceries-and-accessories\/kala-namak-sel-noir-de-lhimalaya-moulu-epices-shira-50gr\/\"]}]},{\"@type\":\"BreadcrumbList\",\"@id\":\"https:\/\/www.mesvendanges.com\/en\/shop\/groceries-and-accessories\/kala-namak-sel-noir-de-lhimalaya-moulu-epices-shira-50gr\/#breadcrumb\",\"itemListElement\":[{\"@type\":\"ListItem\",\"position\":1,\"name\":\"Home\",\"item\":\"https:\/\/www.mesvendanges.com\/en\/\"},{\"@type\":\"ListItem\",\"position\":2,\"name\":\"Shop\",\"item\":\"https:\/\/www.mesvendanges.com\/en\/shop\/\"},{\"@type\":\"ListItem\",\"position\":3,\"name\":\"KALA NAMAK SEL NOIR DE L&#8217;HIMALAYA MOULU\"}]}]}<\/script>\n<!-- \/ Yoast SEO plugin. -->","yoast_head_json":{"title":"KALA NAMAK SEL NOIR DE L'HIMALAYA MOULU - Mes Vendanges","robots":{"index":"index","follow":"follow","max-snippet":"max-snippet:-1","max-image-preview":"max-image-preview:large","max-video-preview":"max-video-preview:-1"},"canonical":"https:\/\/www.mesvendanges.com\/en\/shop\/groceries-and-accessories\/kala-namak-sel-noir-de-lhimalaya-moulu-epices-shira-50gr\/","og_locale":"en_US","og_type":"article","og_title":"KALA NAMAK SEL NOIR DE L'HIMALAYA MOULU - Mes Vendanges","og_description":"\u00ab Sel noir de l&#8217;Himalaya, le kala namak r\u00e9v\u00e8le un \u00e9tonnant parfum d&#8217;\u0153uf dur \u00bb Le kala namak est un sel de montagnes non iod\u00e9 produit de mani\u00e8re artisanale dans les mines de sel rose de l\u2019Himalaya. Il est tr\u00e8s riche en soufre, a une odeur prononc\u00e9e d\u2019\u0153uf dur et un go\u00fbt sal\u00e9. En hindi, [&hellip;]","og_url":"https:\/\/www.mesvendanges.com\/en\/shop\/groceries-and-accessories\/kala-namak-sel-noir-de-lhimalaya-moulu-epices-shira-50gr\/","og_site_name":"Mes Vendanges","article_modified_time":"2026-04-01T10:52:58+00:00","og_image":[{"width":1355,"height":1500,"url":"https:\/\/www.mesvendanges.com\/wp-content\/uploads\/2023\/06\/kala-namak-sel-noir-himalaya-jpg.jpg","type":"image\/jpeg"}],"twitter_card":"summary_large_image","twitter_misc":{"Est. reading time":"1 minute"},"schema":{"@context":"https:\/\/schema.org","@graph":[{"@type":"Organization","@id":"https:\/\/www.mesvendanges.com\/en\/#organization","name":"Mes Vendanges","url":"https:\/\/www.mesvendanges.com\/en\/","sameAs":[],"logo":{"@type":"ImageObject","inLanguage":"fr-FR","@id":"https:\/\/www.mesvendanges.com\/en\/#\/schema\/logo\/image\/","url":"https:\/\/www.mesvendanges.com\/wp-content\/uploads\/2022\/02\/logo-mesvendanges.jpg","contentUrl":"https:\/\/www.mesvendanges.com\/wp-content\/uploads\/2022\/02\/logo-mesvendanges.jpg","width":851,"height":260,"caption":"Mes Vendanges"},"image":{"@id":"https:\/\/www.mesvendanges.com\/en\/#\/schema\/logo\/image\/"}},{"@type":"WebSite","@id":"https:\/\/www.mesvendanges.com\/en\/#website","url":"https:\/\/www.mesvendanges.com\/en\/","name":"Mes Vendanges","description":"Des journ\u00e9es enti\u00e8res dans les vignes","publisher":{"@id":"https:\/\/www.mesvendanges.com\/en\/#organization"},"potentialAction":[{"@type":"SearchAction","target":{"@type":"EntryPoint","urlTemplate":"https:\/\/www.mesvendanges.com\/en\/?s={search_term_string}"},"query-input":"required name=search_term_string"}],"inLanguage":"fr-FR"},{"@type":"ImageObject","inLanguage":"fr-FR","@id":"https:\/\/www.mesvendanges.com\/en\/shop\/groceries-and-accessories\/kala-namak-sel-noir-de-lhimalaya-moulu-epices-shira-50gr\/#primaryimage","url":"https:\/\/www.mesvendanges.com\/wp-content\/uploads\/2023\/06\/kala-namak-sel-noir-himalaya-jpg.jpg","contentUrl":"https:\/\/www.mesvendanges.com\/wp-content\/uploads\/2023\/06\/kala-namak-sel-noir-himalaya-jpg.jpg","width":1355,"height":1500},{"@type":"WebPage","@id":"https:\/\/www.mesvendanges.com\/en\/shop\/groceries-and-accessories\/kala-namak-sel-noir-de-lhimalaya-moulu-epices-shira-50gr\/","url":"https:\/\/www.mesvendanges.com\/en\/shop\/groceries-and-accessories\/kala-namak-sel-noir-de-lhimalaya-moulu-epices-shira-50gr\/","name":"KALA NAMAK SEL NOIR DE L'HIMALAYA MOULU - Mes Vendanges","isPartOf":{"@id":"https:\/\/www.mesvendanges.com\/en\/#website"},"primaryImageOfPage":{"@id":"https:\/\/www.mesvendanges.com\/en\/shop\/groceries-and-accessories\/kala-namak-sel-noir-de-lhimalaya-moulu-epices-shira-50gr\/#primaryimage"},"datePublished":"2023-04-19T12:37:35+00:00","dateModified":"2026-04-01T10:52:58+00:00","breadcrumb":{"@id":"https:\/\/www.mesvendanges.com\/en\/shop\/groceries-and-accessories\/kala-namak-sel-noir-de-lhimalaya-moulu-epices-shira-50gr\/#breadcrumb"},"inLanguage":"fr-FR","potentialAction":[{"@type":"ReadAction","target":["https:\/\/www.mesvendanges.com\/en\/shop\/groceries-and-accessories\/kala-namak-sel-noir-de-lhimalaya-moulu-epices-shira-50gr\/"]}]},{"@type":"BreadcrumbList","@id":"https:\/\/www.mesvendanges.com\/en\/shop\/groceries-and-accessories\/kala-namak-sel-noir-de-lhimalaya-moulu-epices-shira-50gr\/#breadcrumb","itemListElement":[{"@type":"ListItem","position":1,"name":"Home","item":"https:\/\/www.mesvendanges.com\/en\/"},{"@type":"ListItem","position":2,"name":"Shop","item":"https:\/\/www.mesvendanges.com\/en\/shop\/"},{"@type":"ListItem","position":3,"name":"KALA NAMAK SEL NOIR DE L&#8217;HIMALAYA MOULU"}]}]}},"_links":{"self":[{"href":"https:\/\/www.mesvendanges.com\/en\/wp-json\/wp\/v2\/product\/61999"}],"collection":[{"href":"https:\/\/www.mesvendanges.com\/en\/wp-json\/wp\/v2\/product"}],"about":[{"href":"https:\/\/www.mesvendanges.com\/en\/wp-json\/wp\/v2\/types\/product"}],"wp:featuredmedia":[{"embeddable":true,"href":"https:\/\/www.mesvendanges.com\/en\/wp-json\/wp\/v2\/media\/65164"}],"wp:attachment":[{"href":"https:\/\/www.mesvendanges.com\/en\/wp-json\/wp\/v2\/media?parent=61999"}],"wp:term":[{"taxonomy":"product_cat","embeddable":true,"href":"https:\/\/www.mesvendanges.com\/en\/wp-json\/wp\/v2\/product_cat?post=61999"},{"taxonomy":"product_tag","embeddable":true,"href":"https:\/\/www.mesvendanges.com\/en\/wp-json\/wp\/v2\/product_tag?post=61999"}],"curies":[{"name":"wp","href":"https:\/\/api.w.org\/{rel}","templated":true}]}}