{"id":62001,"date":"2023-04-19T14:40:21","date_gmt":"2023-04-19T12:40:21","guid":{"rendered":"https:\/\/www.mesvendanges.com\/shop\/uncategorized\/melasse-de-grenade-epices-shira-nm-160gr\/"},"modified":"2025-12-18T14:44:16","modified_gmt":"2025-12-18T13:44:16","slug":"melasse-de-grenade-epices-shira-160gr","status":"publish","type":"product","link":"https:\/\/www.mesvendanges.com\/en\/shop\/groceries-and-accessories\/melasse-de-grenade-epices-shira-160gr\/","title":{"rendered":"MELASSE DE GRENADE"},"content":{"rendered":"<p>\u00ab Acidul\u00e9e et fruit\u00e9e, la m\u00e9lasse de grenade est la bien-aim\u00e9e des cuisines du Moyen-Orient \u00bb<\/p>\n<p>Cette m\u00e9lasse de grenade a une consistance l\u00e9g\u00e8rement granuleuse et sa couleur est d\u2019un rouge pourpre. Elle a le parfum et la saveur de la grenade caram\u00e9lis\u00e9e, avec des notes de fruits rouges et de canne \u00e0 sucre. Son c\u00f4t\u00e9 sucr\u00e9, acidul\u00e9 et l\u00e9g\u00e8rement astringent rappelle les cerises acidul\u00e9es. Une pure gourmandise.<\/p>\n","protected":false},"excerpt":{"rendered":"<p>\u00ab Acidul\u00e9e et fruit\u00e9e, la m\u00e9lasse de grenade est la bien-aim\u00e9e des cuisines du Moyen-Orient \u00bb Cette m\u00e9lasse de grenade a une consistance l\u00e9g\u00e8rement granuleuse et sa couleur est d\u2019un rouge pourpre. Elle a le parfum et la saveur de la grenade caram\u00e9lis\u00e9e, avec des notes de fruits rouges et de canne \u00e0 sucre. Son [&hellip;]<\/p>\n","protected":false},"featured_media":62042,"template":"","meta":[],"product_cat":[3741],"product_tag":[],"acf":[],"yoast_head":"<!-- This site is optimized with the Yoast SEO plugin v19.3 - https:\/\/yoast.com\/wordpress\/plugins\/seo\/ -->\n<title>MELASSE DE GRENADE - Mes Vendanges<\/title>\n<meta name=\"robots\" content=\"index, follow, max-snippet:-1, max-image-preview:large, max-video-preview:-1\" \/>\n<link rel=\"canonical\" href=\"https:\/\/www.mesvendanges.com\/en\/shop\/groceries-and-accessories\/melasse-de-grenade-epices-shira-160gr\/\" \/>\n<meta property=\"og:locale\" content=\"en_US\" \/>\n<meta property=\"og:type\" content=\"article\" \/>\n<meta property=\"og:title\" content=\"MELASSE DE GRENADE - Mes Vendanges\" \/>\n<meta property=\"og:description\" content=\"\u00ab Acidul\u00e9e et fruit\u00e9e, la m\u00e9lasse de grenade est la bien-aim\u00e9e des cuisines du Moyen-Orient \u00bb Cette m\u00e9lasse de grenade a une consistance l\u00e9g\u00e8rement granuleuse et sa couleur est d\u2019un rouge pourpre. Elle a le parfum et la saveur de la grenade caram\u00e9lis\u00e9e, avec des notes de fruits rouges et de canne \u00e0 sucre. Son [&hellip;]\" \/>\n<meta property=\"og:url\" content=\"https:\/\/www.mesvendanges.com\/en\/shop\/groceries-and-accessories\/melasse-de-grenade-epices-shira-160gr\/\" \/>\n<meta property=\"og:site_name\" content=\"Mes Vendanges\" \/>\n<meta property=\"article:modified_time\" content=\"2025-12-18T13:44:16+00:00\" \/>\n<meta property=\"og:image\" content=\"https:\/\/www.mesvendanges.com\/wp-content\/uploads\/2023\/04\/melasse-de-grenade-du-liban-jpg.jpg\" \/>\n\t<meta property=\"og:image:width\" content=\"1355\" \/>\n\t<meta property=\"og:image:height\" content=\"1500\" \/>\n\t<meta property=\"og:image:type\" content=\"image\/jpeg\" \/>\n<meta name=\"twitter:card\" content=\"summary_large_image\" \/>\n<script type=\"application\/ld+json\" class=\"yoast-schema-graph\">{\"@context\":\"https:\/\/schema.org\",\"@graph\":[{\"@type\":\"Organization\",\"@id\":\"https:\/\/www.mesvendanges.com\/en\/#organization\",\"name\":\"Mes Vendanges\",\"url\":\"https:\/\/www.mesvendanges.com\/en\/\",\"sameAs\":[],\"logo\":{\"@type\":\"ImageObject\",\"inLanguage\":\"fr-FR\",\"@id\":\"https:\/\/www.mesvendanges.com\/en\/#\/schema\/logo\/image\/\",\"url\":\"https:\/\/www.mesvendanges.com\/wp-content\/uploads\/2022\/02\/logo-mesvendanges.jpg\",\"contentUrl\":\"https:\/\/www.mesvendanges.com\/wp-content\/uploads\/2022\/02\/logo-mesvendanges.jpg\",\"width\":851,\"height\":260,\"caption\":\"Mes Vendanges\"},\"image\":{\"@id\":\"https:\/\/www.mesvendanges.com\/en\/#\/schema\/logo\/image\/\"}},{\"@type\":\"WebSite\",\"@id\":\"https:\/\/www.mesvendanges.com\/en\/#website\",\"url\":\"https:\/\/www.mesvendanges.com\/en\/\",\"name\":\"Mes Vendanges\",\"description\":\"Des journ\u00e9es enti\u00e8res dans les vignes\",\"publisher\":{\"@id\":\"https:\/\/www.mesvendanges.com\/en\/#organization\"},\"potentialAction\":[{\"@type\":\"SearchAction\",\"target\":{\"@type\":\"EntryPoint\",\"urlTemplate\":\"https:\/\/www.mesvendanges.com\/en\/?s={search_term_string}\"},\"query-input\":\"required name=search_term_string\"}],\"inLanguage\":\"fr-FR\"},{\"@type\":\"ImageObject\",\"inLanguage\":\"fr-FR\",\"@id\":\"https:\/\/www.mesvendanges.com\/en\/shop\/groceries-and-accessories\/melasse-de-grenade-epices-shira-160gr\/#primaryimage\",\"url\":\"https:\/\/www.mesvendanges.com\/wp-content\/uploads\/2023\/04\/melasse-de-grenade-du-liban-jpg.jpg\",\"contentUrl\":\"https:\/\/www.mesvendanges.com\/wp-content\/uploads\/2023\/04\/melasse-de-grenade-du-liban-jpg.jpg\",\"width\":1355,\"height\":1500},{\"@type\":\"WebPage\",\"@id\":\"https:\/\/www.mesvendanges.com\/en\/shop\/groceries-and-accessories\/melasse-de-grenade-epices-shira-160gr\/\",\"url\":\"https:\/\/www.mesvendanges.com\/en\/shop\/groceries-and-accessories\/melasse-de-grenade-epices-shira-160gr\/\",\"name\":\"MELASSE DE GRENADE - Mes Vendanges\",\"isPartOf\":{\"@id\":\"https:\/\/www.mesvendanges.com\/en\/#website\"},\"primaryImageOfPage\":{\"@id\":\"https:\/\/www.mesvendanges.com\/en\/shop\/groceries-and-accessories\/melasse-de-grenade-epices-shira-160gr\/#primaryimage\"},\"datePublished\":\"2023-04-19T12:40:21+00:00\",\"dateModified\":\"2025-12-18T13:44:16+00:00\",\"breadcrumb\":{\"@id\":\"https:\/\/www.mesvendanges.com\/en\/shop\/groceries-and-accessories\/melasse-de-grenade-epices-shira-160gr\/#breadcrumb\"},\"inLanguage\":\"fr-FR\",\"potentialAction\":[{\"@type\":\"ReadAction\",\"target\":[\"https:\/\/www.mesvendanges.com\/en\/shop\/groceries-and-accessories\/melasse-de-grenade-epices-shira-160gr\/\"]}]},{\"@type\":\"BreadcrumbList\",\"@id\":\"https:\/\/www.mesvendanges.com\/en\/shop\/groceries-and-accessories\/melasse-de-grenade-epices-shira-160gr\/#breadcrumb\",\"itemListElement\":[{\"@type\":\"ListItem\",\"position\":1,\"name\":\"Home\",\"item\":\"https:\/\/www.mesvendanges.com\/en\/\"},{\"@type\":\"ListItem\",\"position\":2,\"name\":\"Shop\",\"item\":\"https:\/\/www.mesvendanges.com\/en\/shop\/\"},{\"@type\":\"ListItem\",\"position\":3,\"name\":\"MELASSE DE GRENADE\"}]}]}<\/script>\n<!-- \/ Yoast SEO plugin. -->","yoast_head_json":{"title":"MELASSE DE GRENADE - Mes Vendanges","robots":{"index":"index","follow":"follow","max-snippet":"max-snippet:-1","max-image-preview":"max-image-preview:large","max-video-preview":"max-video-preview:-1"},"canonical":"https:\/\/www.mesvendanges.com\/en\/shop\/groceries-and-accessories\/melasse-de-grenade-epices-shira-160gr\/","og_locale":"en_US","og_type":"article","og_title":"MELASSE DE GRENADE - Mes Vendanges","og_description":"\u00ab Acidul\u00e9e et fruit\u00e9e, la m\u00e9lasse de grenade est la bien-aim\u00e9e des cuisines du Moyen-Orient \u00bb Cette m\u00e9lasse de grenade a une consistance l\u00e9g\u00e8rement granuleuse et sa couleur est d\u2019un rouge pourpre. Elle a le parfum et la saveur de la grenade caram\u00e9lis\u00e9e, avec des notes de fruits rouges et de canne \u00e0 sucre. Son [&hellip;]","og_url":"https:\/\/www.mesvendanges.com\/en\/shop\/groceries-and-accessories\/melasse-de-grenade-epices-shira-160gr\/","og_site_name":"Mes Vendanges","article_modified_time":"2025-12-18T13:44:16+00:00","og_image":[{"width":1355,"height":1500,"url":"https:\/\/www.mesvendanges.com\/wp-content\/uploads\/2023\/04\/melasse-de-grenade-du-liban-jpg.jpg","type":"image\/jpeg"}],"twitter_card":"summary_large_image","schema":{"@context":"https:\/\/schema.org","@graph":[{"@type":"Organization","@id":"https:\/\/www.mesvendanges.com\/en\/#organization","name":"Mes Vendanges","url":"https:\/\/www.mesvendanges.com\/en\/","sameAs":[],"logo":{"@type":"ImageObject","inLanguage":"fr-FR","@id":"https:\/\/www.mesvendanges.com\/en\/#\/schema\/logo\/image\/","url":"https:\/\/www.mesvendanges.com\/wp-content\/uploads\/2022\/02\/logo-mesvendanges.jpg","contentUrl":"https:\/\/www.mesvendanges.com\/wp-content\/uploads\/2022\/02\/logo-mesvendanges.jpg","width":851,"height":260,"caption":"Mes Vendanges"},"image":{"@id":"https:\/\/www.mesvendanges.com\/en\/#\/schema\/logo\/image\/"}},{"@type":"WebSite","@id":"https:\/\/www.mesvendanges.com\/en\/#website","url":"https:\/\/www.mesvendanges.com\/en\/","name":"Mes Vendanges","description":"Des journ\u00e9es enti\u00e8res dans les vignes","publisher":{"@id":"https:\/\/www.mesvendanges.com\/en\/#organization"},"potentialAction":[{"@type":"SearchAction","target":{"@type":"EntryPoint","urlTemplate":"https:\/\/www.mesvendanges.com\/en\/?s={search_term_string}"},"query-input":"required name=search_term_string"}],"inLanguage":"fr-FR"},{"@type":"ImageObject","inLanguage":"fr-FR","@id":"https:\/\/www.mesvendanges.com\/en\/shop\/groceries-and-accessories\/melasse-de-grenade-epices-shira-160gr\/#primaryimage","url":"https:\/\/www.mesvendanges.com\/wp-content\/uploads\/2023\/04\/melasse-de-grenade-du-liban-jpg.jpg","contentUrl":"https:\/\/www.mesvendanges.com\/wp-content\/uploads\/2023\/04\/melasse-de-grenade-du-liban-jpg.jpg","width":1355,"height":1500},{"@type":"WebPage","@id":"https:\/\/www.mesvendanges.com\/en\/shop\/groceries-and-accessories\/melasse-de-grenade-epices-shira-160gr\/","url":"https:\/\/www.mesvendanges.com\/en\/shop\/groceries-and-accessories\/melasse-de-grenade-epices-shira-160gr\/","name":"MELASSE DE GRENADE - Mes Vendanges","isPartOf":{"@id":"https:\/\/www.mesvendanges.com\/en\/#website"},"primaryImageOfPage":{"@id":"https:\/\/www.mesvendanges.com\/en\/shop\/groceries-and-accessories\/melasse-de-grenade-epices-shira-160gr\/#primaryimage"},"datePublished":"2023-04-19T12:40:21+00:00","dateModified":"2025-12-18T13:44:16+00:00","breadcrumb":{"@id":"https:\/\/www.mesvendanges.com\/en\/shop\/groceries-and-accessories\/melasse-de-grenade-epices-shira-160gr\/#breadcrumb"},"inLanguage":"fr-FR","potentialAction":[{"@type":"ReadAction","target":["https:\/\/www.mesvendanges.com\/en\/shop\/groceries-and-accessories\/melasse-de-grenade-epices-shira-160gr\/"]}]},{"@type":"BreadcrumbList","@id":"https:\/\/www.mesvendanges.com\/en\/shop\/groceries-and-accessories\/melasse-de-grenade-epices-shira-160gr\/#breadcrumb","itemListElement":[{"@type":"ListItem","position":1,"name":"Home","item":"https:\/\/www.mesvendanges.com\/en\/"},{"@type":"ListItem","position":2,"name":"Shop","item":"https:\/\/www.mesvendanges.com\/en\/shop\/"},{"@type":"ListItem","position":3,"name":"MELASSE DE GRENADE"}]}]}},"_links":{"self":[{"href":"https:\/\/www.mesvendanges.com\/en\/wp-json\/wp\/v2\/product\/62001"}],"collection":[{"href":"https:\/\/www.mesvendanges.com\/en\/wp-json\/wp\/v2\/product"}],"about":[{"href":"https:\/\/www.mesvendanges.com\/en\/wp-json\/wp\/v2\/types\/product"}],"wp:featuredmedia":[{"embeddable":true,"href":"https:\/\/www.mesvendanges.com\/en\/wp-json\/wp\/v2\/media\/62042"}],"wp:attachment":[{"href":"https:\/\/www.mesvendanges.com\/en\/wp-json\/wp\/v2\/media?parent=62001"}],"wp:term":[{"taxonomy":"product_cat","embeddable":true,"href":"https:\/\/www.mesvendanges.com\/en\/wp-json\/wp\/v2\/product_cat?post=62001"},{"taxonomy":"product_tag","embeddable":true,"href":"https:\/\/www.mesvendanges.com\/en\/wp-json\/wp\/v2\/product_tag?post=62001"}],"curies":[{"name":"wp","href":"https:\/\/api.w.org\/{rel}","templated":true}]}}