{"id":62009,"date":"2023-04-19T14:46:04","date_gmt":"2023-04-19T12:46:04","guid":{"rendered":"https:\/\/www.mesvendanges.com\/shop\/uncategorized\/garam-masala-epices-shira-nm-40gr\/"},"modified":"2025-05-26T16:45:00","modified_gmt":"2025-05-26T14:45:00","slug":"garam-masala-epices-shira-40gr","status":"publish","type":"product","link":"https:\/\/www.mesvendanges.com\/en\/shop\/groceries-and-accessories\/garam-masala-epices-shira-40gr\/","title":{"rendered":"GARAM MASALA"},"content":{"rendered":"<p>\u00ab M\u00e9lange du nord de l&#8217;Inde, le garam masala r\u00e9chauffe corps et \u00e2me \u00bb<\/p>\n<p>Notre garam masala biologique r\u00e9v\u00e8le des ar\u00f4mes tr\u00e8s ronds qui sont le r\u00e9sultat d\u2019un parfait \u00e9quilibre entre le piquant et le frais. La noix de muscade et le clou de girofle quant \u00e0 eux, apportent un d\u00e9licieux c\u00f4t\u00e9 sucr\u00e9. Le garam masala est un m\u00e9lange \u00e0 avoir \u00e0 port\u00e9e de main, il s\u2019ajoute partout m\u00eame dans les desserts.<\/p>\n<p>Pour r\u00e9aliser ce m\u00e9lange, toutes les \u00e9pices ont \u00e9t\u00e9 broy\u00e9es ensemble afin d\u2019harmoniser les ar\u00f4mes.<\/p>\n","protected":false},"excerpt":{"rendered":"<p>\u00ab M\u00e9lange du nord de l&#8217;Inde, le garam masala r\u00e9chauffe corps et \u00e2me \u00bb Notre garam masala biologique r\u00e9v\u00e8le des ar\u00f4mes tr\u00e8s ronds qui sont le r\u00e9sultat d\u2019un parfait \u00e9quilibre entre le piquant et le frais. La noix de muscade et le clou de girofle quant \u00e0 eux, apportent un d\u00e9licieux c\u00f4t\u00e9 sucr\u00e9. Le garam [&hellip;]<\/p>\n","protected":false},"featured_media":62040,"template":"","meta":[],"product_cat":[3741],"product_tag":[],"acf":[],"yoast_head":"<!-- This site is optimized with the Yoast SEO plugin v19.3 - https:\/\/yoast.com\/wordpress\/plugins\/seo\/ -->\n<title>GARAM MASALA - Mes Vendanges<\/title>\n<meta name=\"robots\" content=\"index, follow, max-snippet:-1, max-image-preview:large, max-video-preview:-1\" \/>\n<link rel=\"canonical\" href=\"https:\/\/www.mesvendanges.com\/en\/shop\/groceries-and-accessories\/garam-masala-epices-shira-40gr\/\" \/>\n<meta property=\"og:locale\" content=\"en_US\" \/>\n<meta property=\"og:type\" content=\"article\" \/>\n<meta property=\"og:title\" content=\"GARAM MASALA - Mes Vendanges\" \/>\n<meta property=\"og:description\" content=\"\u00ab M\u00e9lange du nord de l&#8217;Inde, le garam masala r\u00e9chauffe corps et \u00e2me \u00bb Notre garam masala biologique r\u00e9v\u00e8le des ar\u00f4mes tr\u00e8s ronds qui sont le r\u00e9sultat d\u2019un parfait \u00e9quilibre entre le piquant et le frais. La noix de muscade et le clou de girofle quant \u00e0 eux, apportent un d\u00e9licieux c\u00f4t\u00e9 sucr\u00e9. Le garam [&hellip;]\" \/>\n<meta property=\"og:url\" content=\"https:\/\/www.mesvendanges.com\/en\/shop\/groceries-and-accessories\/garam-masala-epices-shira-40gr\/\" \/>\n<meta property=\"og:site_name\" content=\"Mes Vendanges\" \/>\n<meta property=\"article:modified_time\" content=\"2025-05-26T14:45:00+00:00\" \/>\n<meta property=\"og:image\" content=\"https:\/\/www.mesvendanges.com\/wp-content\/uploads\/2023\/04\/garam-masala-bio-jpg.jpg\" \/>\n\t<meta property=\"og:image:width\" content=\"1355\" \/>\n\t<meta property=\"og:image:height\" content=\"1500\" \/>\n\t<meta property=\"og:image:type\" content=\"image\/jpeg\" \/>\n<meta name=\"twitter:card\" content=\"summary_large_image\" \/>\n<meta name=\"twitter:label1\" content=\"Est. reading time\" \/>\n\t<meta name=\"twitter:data1\" content=\"1 minute\" \/>\n<script type=\"application\/ld+json\" class=\"yoast-schema-graph\">{\"@context\":\"https:\/\/schema.org\",\"@graph\":[{\"@type\":\"Organization\",\"@id\":\"https:\/\/www.mesvendanges.com\/en\/#organization\",\"name\":\"Mes Vendanges\",\"url\":\"https:\/\/www.mesvendanges.com\/en\/\",\"sameAs\":[],\"logo\":{\"@type\":\"ImageObject\",\"inLanguage\":\"fr-FR\",\"@id\":\"https:\/\/www.mesvendanges.com\/en\/#\/schema\/logo\/image\/\",\"url\":\"https:\/\/www.mesvendanges.com\/wp-content\/uploads\/2022\/02\/logo-mesvendanges.jpg\",\"contentUrl\":\"https:\/\/www.mesvendanges.com\/wp-content\/uploads\/2022\/02\/logo-mesvendanges.jpg\",\"width\":851,\"height\":260,\"caption\":\"Mes Vendanges\"},\"image\":{\"@id\":\"https:\/\/www.mesvendanges.com\/en\/#\/schema\/logo\/image\/\"}},{\"@type\":\"WebSite\",\"@id\":\"https:\/\/www.mesvendanges.com\/en\/#website\",\"url\":\"https:\/\/www.mesvendanges.com\/en\/\",\"name\":\"Mes Vendanges\",\"description\":\"Des journ\u00e9es enti\u00e8res dans les vignes\",\"publisher\":{\"@id\":\"https:\/\/www.mesvendanges.com\/en\/#organization\"},\"potentialAction\":[{\"@type\":\"SearchAction\",\"target\":{\"@type\":\"EntryPoint\",\"urlTemplate\":\"https:\/\/www.mesvendanges.com\/en\/?s={search_term_string}\"},\"query-input\":\"required name=search_term_string\"}],\"inLanguage\":\"fr-FR\"},{\"@type\":\"ImageObject\",\"inLanguage\":\"fr-FR\",\"@id\":\"https:\/\/www.mesvendanges.com\/en\/shop\/groceries-and-accessories\/garam-masala-epices-shira-40gr\/#primaryimage\",\"url\":\"https:\/\/www.mesvendanges.com\/wp-content\/uploads\/2023\/04\/garam-masala-bio-jpg.jpg\",\"contentUrl\":\"https:\/\/www.mesvendanges.com\/wp-content\/uploads\/2023\/04\/garam-masala-bio-jpg.jpg\",\"width\":1355,\"height\":1500},{\"@type\":\"WebPage\",\"@id\":\"https:\/\/www.mesvendanges.com\/en\/shop\/groceries-and-accessories\/garam-masala-epices-shira-40gr\/\",\"url\":\"https:\/\/www.mesvendanges.com\/en\/shop\/groceries-and-accessories\/garam-masala-epices-shira-40gr\/\",\"name\":\"GARAM MASALA - Mes Vendanges\",\"isPartOf\":{\"@id\":\"https:\/\/www.mesvendanges.com\/en\/#website\"},\"primaryImageOfPage\":{\"@id\":\"https:\/\/www.mesvendanges.com\/en\/shop\/groceries-and-accessories\/garam-masala-epices-shira-40gr\/#primaryimage\"},\"datePublished\":\"2023-04-19T12:46:04+00:00\",\"dateModified\":\"2025-05-26T14:45:00+00:00\",\"breadcrumb\":{\"@id\":\"https:\/\/www.mesvendanges.com\/en\/shop\/groceries-and-accessories\/garam-masala-epices-shira-40gr\/#breadcrumb\"},\"inLanguage\":\"fr-FR\",\"potentialAction\":[{\"@type\":\"ReadAction\",\"target\":[\"https:\/\/www.mesvendanges.com\/en\/shop\/groceries-and-accessories\/garam-masala-epices-shira-40gr\/\"]}]},{\"@type\":\"BreadcrumbList\",\"@id\":\"https:\/\/www.mesvendanges.com\/en\/shop\/groceries-and-accessories\/garam-masala-epices-shira-40gr\/#breadcrumb\",\"itemListElement\":[{\"@type\":\"ListItem\",\"position\":1,\"name\":\"Home\",\"item\":\"https:\/\/www.mesvendanges.com\/en\/\"},{\"@type\":\"ListItem\",\"position\":2,\"name\":\"Shop\",\"item\":\"https:\/\/www.mesvendanges.com\/en\/shop\/\"},{\"@type\":\"ListItem\",\"position\":3,\"name\":\"GARAM MASALA\"}]}]}<\/script>\n<!-- \/ Yoast SEO plugin. -->","yoast_head_json":{"title":"GARAM MASALA - Mes Vendanges","robots":{"index":"index","follow":"follow","max-snippet":"max-snippet:-1","max-image-preview":"max-image-preview:large","max-video-preview":"max-video-preview:-1"},"canonical":"https:\/\/www.mesvendanges.com\/en\/shop\/groceries-and-accessories\/garam-masala-epices-shira-40gr\/","og_locale":"en_US","og_type":"article","og_title":"GARAM MASALA - Mes Vendanges","og_description":"\u00ab M\u00e9lange du nord de l&#8217;Inde, le garam masala r\u00e9chauffe corps et \u00e2me \u00bb Notre garam masala biologique r\u00e9v\u00e8le des ar\u00f4mes tr\u00e8s ronds qui sont le r\u00e9sultat d\u2019un parfait \u00e9quilibre entre le piquant et le frais. La noix de muscade et le clou de girofle quant \u00e0 eux, apportent un d\u00e9licieux c\u00f4t\u00e9 sucr\u00e9. Le garam [&hellip;]","og_url":"https:\/\/www.mesvendanges.com\/en\/shop\/groceries-and-accessories\/garam-masala-epices-shira-40gr\/","og_site_name":"Mes Vendanges","article_modified_time":"2025-05-26T14:45:00+00:00","og_image":[{"width":1355,"height":1500,"url":"https:\/\/www.mesvendanges.com\/wp-content\/uploads\/2023\/04\/garam-masala-bio-jpg.jpg","type":"image\/jpeg"}],"twitter_card":"summary_large_image","twitter_misc":{"Est. reading time":"1 minute"},"schema":{"@context":"https:\/\/schema.org","@graph":[{"@type":"Organization","@id":"https:\/\/www.mesvendanges.com\/en\/#organization","name":"Mes Vendanges","url":"https:\/\/www.mesvendanges.com\/en\/","sameAs":[],"logo":{"@type":"ImageObject","inLanguage":"fr-FR","@id":"https:\/\/www.mesvendanges.com\/en\/#\/schema\/logo\/image\/","url":"https:\/\/www.mesvendanges.com\/wp-content\/uploads\/2022\/02\/logo-mesvendanges.jpg","contentUrl":"https:\/\/www.mesvendanges.com\/wp-content\/uploads\/2022\/02\/logo-mesvendanges.jpg","width":851,"height":260,"caption":"Mes Vendanges"},"image":{"@id":"https:\/\/www.mesvendanges.com\/en\/#\/schema\/logo\/image\/"}},{"@type":"WebSite","@id":"https:\/\/www.mesvendanges.com\/en\/#website","url":"https:\/\/www.mesvendanges.com\/en\/","name":"Mes Vendanges","description":"Des journ\u00e9es enti\u00e8res dans les vignes","publisher":{"@id":"https:\/\/www.mesvendanges.com\/en\/#organization"},"potentialAction":[{"@type":"SearchAction","target":{"@type":"EntryPoint","urlTemplate":"https:\/\/www.mesvendanges.com\/en\/?s={search_term_string}"},"query-input":"required name=search_term_string"}],"inLanguage":"fr-FR"},{"@type":"ImageObject","inLanguage":"fr-FR","@id":"https:\/\/www.mesvendanges.com\/en\/shop\/groceries-and-accessories\/garam-masala-epices-shira-40gr\/#primaryimage","url":"https:\/\/www.mesvendanges.com\/wp-content\/uploads\/2023\/04\/garam-masala-bio-jpg.jpg","contentUrl":"https:\/\/www.mesvendanges.com\/wp-content\/uploads\/2023\/04\/garam-masala-bio-jpg.jpg","width":1355,"height":1500},{"@type":"WebPage","@id":"https:\/\/www.mesvendanges.com\/en\/shop\/groceries-and-accessories\/garam-masala-epices-shira-40gr\/","url":"https:\/\/www.mesvendanges.com\/en\/shop\/groceries-and-accessories\/garam-masala-epices-shira-40gr\/","name":"GARAM MASALA - Mes Vendanges","isPartOf":{"@id":"https:\/\/www.mesvendanges.com\/en\/#website"},"primaryImageOfPage":{"@id":"https:\/\/www.mesvendanges.com\/en\/shop\/groceries-and-accessories\/garam-masala-epices-shira-40gr\/#primaryimage"},"datePublished":"2023-04-19T12:46:04+00:00","dateModified":"2025-05-26T14:45:00+00:00","breadcrumb":{"@id":"https:\/\/www.mesvendanges.com\/en\/shop\/groceries-and-accessories\/garam-masala-epices-shira-40gr\/#breadcrumb"},"inLanguage":"fr-FR","potentialAction":[{"@type":"ReadAction","target":["https:\/\/www.mesvendanges.com\/en\/shop\/groceries-and-accessories\/garam-masala-epices-shira-40gr\/"]}]},{"@type":"BreadcrumbList","@id":"https:\/\/www.mesvendanges.com\/en\/shop\/groceries-and-accessories\/garam-masala-epices-shira-40gr\/#breadcrumb","itemListElement":[{"@type":"ListItem","position":1,"name":"Home","item":"https:\/\/www.mesvendanges.com\/en\/"},{"@type":"ListItem","position":2,"name":"Shop","item":"https:\/\/www.mesvendanges.com\/en\/shop\/"},{"@type":"ListItem","position":3,"name":"GARAM MASALA"}]}]}},"_links":{"self":[{"href":"https:\/\/www.mesvendanges.com\/en\/wp-json\/wp\/v2\/product\/62009"}],"collection":[{"href":"https:\/\/www.mesvendanges.com\/en\/wp-json\/wp\/v2\/product"}],"about":[{"href":"https:\/\/www.mesvendanges.com\/en\/wp-json\/wp\/v2\/types\/product"}],"wp:featuredmedia":[{"embeddable":true,"href":"https:\/\/www.mesvendanges.com\/en\/wp-json\/wp\/v2\/media\/62040"}],"wp:attachment":[{"href":"https:\/\/www.mesvendanges.com\/en\/wp-json\/wp\/v2\/media?parent=62009"}],"wp:term":[{"taxonomy":"product_cat","embeddable":true,"href":"https:\/\/www.mesvendanges.com\/en\/wp-json\/wp\/v2\/product_cat?post=62009"},{"taxonomy":"product_tag","embeddable":true,"href":"https:\/\/www.mesvendanges.com\/en\/wp-json\/wp\/v2\/product_tag?post=62009"}],"curies":[{"name":"wp","href":"https:\/\/api.w.org\/{rel}","templated":true}]}}