{"id":62019,"date":"2023-04-19T14:51:49","date_gmt":"2023-04-19T12:51:49","guid":{"rendered":"https:\/\/www.mesvendanges.com\/shop\/uncategorized\/sept-epices-libanais-epices-shira-nm-40gr\/"},"modified":"2025-12-08T09:04:41","modified_gmt":"2025-12-08T08:04:41","slug":"sept-epices-libanais-epices-shira-40gr","status":"publish","type":"product","link":"https:\/\/www.mesvendanges.com\/en\/shop\/groceries-and-accessories\/sept-epices-libanais-epices-shira-40gr\/","title":{"rendered":"SEPT-EPICES LIBANAIS"},"content":{"rendered":"<p>\u00ab Pour un riz festif et parfum\u00e9, le biryani masala fait tournoyer les saveurs \u00bb<\/p>\n<p>Proposer un m\u00e9lange biryani est un vrai d\u00e9fi. C\u2019est un m\u00e9lange qui se doit d\u2019\u00eatre tr\u00e8s \u00e9l\u00e9gant sans qu\u2019aucune des \u00e9pices pr\u00e9sentes ne pr\u00e9domine. Tout comme un parfum, il est tr\u00e8s complexe mais avec une identit\u00e9 presque \u00e9vidente. En premi\u00e8re approche, notre biryani masala biologique a des notes citronn\u00e9es tr\u00e8s douces rappelant le kombawa. On lui trouve une l\u00e9g\u00e8re fra\u00eecheur anis\u00e9e, un parfum torr\u00e9fi\u00e9 suivi de notes poivr\u00e9es chaleureuses, le tout soutenu par des fragrances de muscade et des notes r\u00e9sineuses. Si le biryani sert \u00e0 agr\u00e9menter du riz, il parfume aussi un grand nombre d\u2019autres plats.<\/p>\n","protected":false},"excerpt":{"rendered":"<p>\u00ab Pour un riz festif et parfum\u00e9, le biryani masala fait tournoyer les saveurs \u00bb Proposer un m\u00e9lange biryani est un vrai d\u00e9fi. C\u2019est un m\u00e9lange qui se doit d\u2019\u00eatre tr\u00e8s \u00e9l\u00e9gant sans qu\u2019aucune des \u00e9pices pr\u00e9sentes ne pr\u00e9domine. Tout comme un parfum, il est tr\u00e8s complexe mais avec une identit\u00e9 presque \u00e9vidente. En premi\u00e8re [&hellip;]<\/p>\n","protected":false},"featured_media":62060,"template":"","meta":[],"product_cat":[3741],"product_tag":[],"acf":[],"yoast_head":"<!-- This site is optimized with the Yoast SEO plugin v19.3 - https:\/\/yoast.com\/wordpress\/plugins\/seo\/ -->\n<title>SEPT-EPICES LIBANAIS - Mes Vendanges<\/title>\n<meta name=\"robots\" content=\"index, follow, max-snippet:-1, max-image-preview:large, max-video-preview:-1\" \/>\n<link rel=\"canonical\" href=\"https:\/\/www.mesvendanges.com\/en\/shop\/groceries-and-accessories\/sept-epices-libanais-epices-shira-40gr\/\" \/>\n<meta property=\"og:locale\" content=\"en_US\" \/>\n<meta property=\"og:type\" content=\"article\" \/>\n<meta property=\"og:title\" content=\"SEPT-EPICES LIBANAIS - Mes Vendanges\" \/>\n<meta property=\"og:description\" content=\"\u00ab Pour un riz festif et parfum\u00e9, le biryani masala fait tournoyer les saveurs \u00bb Proposer un m\u00e9lange biryani est un vrai d\u00e9fi. C\u2019est un m\u00e9lange qui se doit d\u2019\u00eatre tr\u00e8s \u00e9l\u00e9gant sans qu\u2019aucune des \u00e9pices pr\u00e9sentes ne pr\u00e9domine. Tout comme un parfum, il est tr\u00e8s complexe mais avec une identit\u00e9 presque \u00e9vidente. En premi\u00e8re [&hellip;]\" \/>\n<meta property=\"og:url\" content=\"https:\/\/www.mesvendanges.com\/en\/shop\/groceries-and-accessories\/sept-epices-libanais-epices-shira-40gr\/\" \/>\n<meta property=\"og:site_name\" content=\"Mes Vendanges\" \/>\n<meta property=\"article:modified_time\" content=\"2025-12-08T08:04:41+00:00\" \/>\n<meta property=\"og:image\" content=\"https:\/\/www.mesvendanges.com\/wp-content\/uploads\/2023\/04\/sept-epices-libanais-bio-jpg.jpg\" \/>\n\t<meta property=\"og:image:width\" content=\"1355\" \/>\n\t<meta property=\"og:image:height\" content=\"1500\" \/>\n\t<meta property=\"og:image:type\" content=\"image\/jpeg\" \/>\n<meta name=\"twitter:card\" content=\"summary_large_image\" \/>\n<meta name=\"twitter:label1\" content=\"Est. reading time\" \/>\n\t<meta name=\"twitter:data1\" content=\"1 minute\" \/>\n<script type=\"application\/ld+json\" class=\"yoast-schema-graph\">{\"@context\":\"https:\/\/schema.org\",\"@graph\":[{\"@type\":\"Organization\",\"@id\":\"https:\/\/www.mesvendanges.com\/en\/#organization\",\"name\":\"Mes Vendanges\",\"url\":\"https:\/\/www.mesvendanges.com\/en\/\",\"sameAs\":[],\"logo\":{\"@type\":\"ImageObject\",\"inLanguage\":\"fr-FR\",\"@id\":\"https:\/\/www.mesvendanges.com\/en\/#\/schema\/logo\/image\/\",\"url\":\"https:\/\/www.mesvendanges.com\/wp-content\/uploads\/2022\/02\/logo-mesvendanges.jpg\",\"contentUrl\":\"https:\/\/www.mesvendanges.com\/wp-content\/uploads\/2022\/02\/logo-mesvendanges.jpg\",\"width\":851,\"height\":260,\"caption\":\"Mes Vendanges\"},\"image\":{\"@id\":\"https:\/\/www.mesvendanges.com\/en\/#\/schema\/logo\/image\/\"}},{\"@type\":\"WebSite\",\"@id\":\"https:\/\/www.mesvendanges.com\/en\/#website\",\"url\":\"https:\/\/www.mesvendanges.com\/en\/\",\"name\":\"Mes Vendanges\",\"description\":\"Des journ\u00e9es enti\u00e8res dans les vignes\",\"publisher\":{\"@id\":\"https:\/\/www.mesvendanges.com\/en\/#organization\"},\"potentialAction\":[{\"@type\":\"SearchAction\",\"target\":{\"@type\":\"EntryPoint\",\"urlTemplate\":\"https:\/\/www.mesvendanges.com\/en\/?s={search_term_string}\"},\"query-input\":\"required name=search_term_string\"}],\"inLanguage\":\"fr-FR\"},{\"@type\":\"ImageObject\",\"inLanguage\":\"fr-FR\",\"@id\":\"https:\/\/www.mesvendanges.com\/en\/shop\/groceries-and-accessories\/sept-epices-libanais-epices-shira-40gr\/#primaryimage\",\"url\":\"https:\/\/www.mesvendanges.com\/wp-content\/uploads\/2023\/04\/sept-epices-libanais-bio-jpg.jpg\",\"contentUrl\":\"https:\/\/www.mesvendanges.com\/wp-content\/uploads\/2023\/04\/sept-epices-libanais-bio-jpg.jpg\",\"width\":1355,\"height\":1500},{\"@type\":\"WebPage\",\"@id\":\"https:\/\/www.mesvendanges.com\/en\/shop\/groceries-and-accessories\/sept-epices-libanais-epices-shira-40gr\/\",\"url\":\"https:\/\/www.mesvendanges.com\/en\/shop\/groceries-and-accessories\/sept-epices-libanais-epices-shira-40gr\/\",\"name\":\"SEPT-EPICES LIBANAIS - Mes Vendanges\",\"isPartOf\":{\"@id\":\"https:\/\/www.mesvendanges.com\/en\/#website\"},\"primaryImageOfPage\":{\"@id\":\"https:\/\/www.mesvendanges.com\/en\/shop\/groceries-and-accessories\/sept-epices-libanais-epices-shira-40gr\/#primaryimage\"},\"datePublished\":\"2023-04-19T12:51:49+00:00\",\"dateModified\":\"2025-12-08T08:04:41+00:00\",\"breadcrumb\":{\"@id\":\"https:\/\/www.mesvendanges.com\/en\/shop\/groceries-and-accessories\/sept-epices-libanais-epices-shira-40gr\/#breadcrumb\"},\"inLanguage\":\"fr-FR\",\"potentialAction\":[{\"@type\":\"ReadAction\",\"target\":[\"https:\/\/www.mesvendanges.com\/en\/shop\/groceries-and-accessories\/sept-epices-libanais-epices-shira-40gr\/\"]}]},{\"@type\":\"BreadcrumbList\",\"@id\":\"https:\/\/www.mesvendanges.com\/en\/shop\/groceries-and-accessories\/sept-epices-libanais-epices-shira-40gr\/#breadcrumb\",\"itemListElement\":[{\"@type\":\"ListItem\",\"position\":1,\"name\":\"Home\",\"item\":\"https:\/\/www.mesvendanges.com\/en\/\"},{\"@type\":\"ListItem\",\"position\":2,\"name\":\"Shop\",\"item\":\"https:\/\/www.mesvendanges.com\/en\/shop\/\"},{\"@type\":\"ListItem\",\"position\":3,\"name\":\"SEPT-EPICES LIBANAIS\"}]}]}<\/script>\n<!-- \/ Yoast SEO plugin. -->","yoast_head_json":{"title":"SEPT-EPICES LIBANAIS - Mes Vendanges","robots":{"index":"index","follow":"follow","max-snippet":"max-snippet:-1","max-image-preview":"max-image-preview:large","max-video-preview":"max-video-preview:-1"},"canonical":"https:\/\/www.mesvendanges.com\/en\/shop\/groceries-and-accessories\/sept-epices-libanais-epices-shira-40gr\/","og_locale":"en_US","og_type":"article","og_title":"SEPT-EPICES LIBANAIS - Mes Vendanges","og_description":"\u00ab Pour un riz festif et parfum\u00e9, le biryani masala fait tournoyer les saveurs \u00bb Proposer un m\u00e9lange biryani est un vrai d\u00e9fi. C\u2019est un m\u00e9lange qui se doit d\u2019\u00eatre tr\u00e8s \u00e9l\u00e9gant sans qu\u2019aucune des \u00e9pices pr\u00e9sentes ne pr\u00e9domine. Tout comme un parfum, il est tr\u00e8s complexe mais avec une identit\u00e9 presque \u00e9vidente. En premi\u00e8re [&hellip;]","og_url":"https:\/\/www.mesvendanges.com\/en\/shop\/groceries-and-accessories\/sept-epices-libanais-epices-shira-40gr\/","og_site_name":"Mes Vendanges","article_modified_time":"2025-12-08T08:04:41+00:00","og_image":[{"width":1355,"height":1500,"url":"https:\/\/www.mesvendanges.com\/wp-content\/uploads\/2023\/04\/sept-epices-libanais-bio-jpg.jpg","type":"image\/jpeg"}],"twitter_card":"summary_large_image","twitter_misc":{"Est. reading time":"1 minute"},"schema":{"@context":"https:\/\/schema.org","@graph":[{"@type":"Organization","@id":"https:\/\/www.mesvendanges.com\/en\/#organization","name":"Mes Vendanges","url":"https:\/\/www.mesvendanges.com\/en\/","sameAs":[],"logo":{"@type":"ImageObject","inLanguage":"fr-FR","@id":"https:\/\/www.mesvendanges.com\/en\/#\/schema\/logo\/image\/","url":"https:\/\/www.mesvendanges.com\/wp-content\/uploads\/2022\/02\/logo-mesvendanges.jpg","contentUrl":"https:\/\/www.mesvendanges.com\/wp-content\/uploads\/2022\/02\/logo-mesvendanges.jpg","width":851,"height":260,"caption":"Mes Vendanges"},"image":{"@id":"https:\/\/www.mesvendanges.com\/en\/#\/schema\/logo\/image\/"}},{"@type":"WebSite","@id":"https:\/\/www.mesvendanges.com\/en\/#website","url":"https:\/\/www.mesvendanges.com\/en\/","name":"Mes Vendanges","description":"Des journ\u00e9es enti\u00e8res dans les vignes","publisher":{"@id":"https:\/\/www.mesvendanges.com\/en\/#organization"},"potentialAction":[{"@type":"SearchAction","target":{"@type":"EntryPoint","urlTemplate":"https:\/\/www.mesvendanges.com\/en\/?s={search_term_string}"},"query-input":"required name=search_term_string"}],"inLanguage":"fr-FR"},{"@type":"ImageObject","inLanguage":"fr-FR","@id":"https:\/\/www.mesvendanges.com\/en\/shop\/groceries-and-accessories\/sept-epices-libanais-epices-shira-40gr\/#primaryimage","url":"https:\/\/www.mesvendanges.com\/wp-content\/uploads\/2023\/04\/sept-epices-libanais-bio-jpg.jpg","contentUrl":"https:\/\/www.mesvendanges.com\/wp-content\/uploads\/2023\/04\/sept-epices-libanais-bio-jpg.jpg","width":1355,"height":1500},{"@type":"WebPage","@id":"https:\/\/www.mesvendanges.com\/en\/shop\/groceries-and-accessories\/sept-epices-libanais-epices-shira-40gr\/","url":"https:\/\/www.mesvendanges.com\/en\/shop\/groceries-and-accessories\/sept-epices-libanais-epices-shira-40gr\/","name":"SEPT-EPICES LIBANAIS - Mes Vendanges","isPartOf":{"@id":"https:\/\/www.mesvendanges.com\/en\/#website"},"primaryImageOfPage":{"@id":"https:\/\/www.mesvendanges.com\/en\/shop\/groceries-and-accessories\/sept-epices-libanais-epices-shira-40gr\/#primaryimage"},"datePublished":"2023-04-19T12:51:49+00:00","dateModified":"2025-12-08T08:04:41+00:00","breadcrumb":{"@id":"https:\/\/www.mesvendanges.com\/en\/shop\/groceries-and-accessories\/sept-epices-libanais-epices-shira-40gr\/#breadcrumb"},"inLanguage":"fr-FR","potentialAction":[{"@type":"ReadAction","target":["https:\/\/www.mesvendanges.com\/en\/shop\/groceries-and-accessories\/sept-epices-libanais-epices-shira-40gr\/"]}]},{"@type":"BreadcrumbList","@id":"https:\/\/www.mesvendanges.com\/en\/shop\/groceries-and-accessories\/sept-epices-libanais-epices-shira-40gr\/#breadcrumb","itemListElement":[{"@type":"ListItem","position":1,"name":"Home","item":"https:\/\/www.mesvendanges.com\/en\/"},{"@type":"ListItem","position":2,"name":"Shop","item":"https:\/\/www.mesvendanges.com\/en\/shop\/"},{"@type":"ListItem","position":3,"name":"SEPT-EPICES LIBANAIS"}]}]}},"_links":{"self":[{"href":"https:\/\/www.mesvendanges.com\/en\/wp-json\/wp\/v2\/product\/62019"}],"collection":[{"href":"https:\/\/www.mesvendanges.com\/en\/wp-json\/wp\/v2\/product"}],"about":[{"href":"https:\/\/www.mesvendanges.com\/en\/wp-json\/wp\/v2\/types\/product"}],"wp:featuredmedia":[{"embeddable":true,"href":"https:\/\/www.mesvendanges.com\/en\/wp-json\/wp\/v2\/media\/62060"}],"wp:attachment":[{"href":"https:\/\/www.mesvendanges.com\/en\/wp-json\/wp\/v2\/media?parent=62019"}],"wp:term":[{"taxonomy":"product_cat","embeddable":true,"href":"https:\/\/www.mesvendanges.com\/en\/wp-json\/wp\/v2\/product_cat?post=62019"},{"taxonomy":"product_tag","embeddable":true,"href":"https:\/\/www.mesvendanges.com\/en\/wp-json\/wp\/v2\/product_tag?post=62019"}],"curies":[{"name":"wp","href":"https:\/\/api.w.org\/{rel}","templated":true}]}}