{"id":65143,"date":"2023-06-05T17:05:32","date_gmt":"2023-06-05T15:05:32","guid":{"rendered":"https:\/\/www.mesvendanges.com\/shop\/uncategorized\/poivre-vert-du-wayanad-epices-shira-25gr\/"},"modified":"2025-02-27T12:59:33","modified_gmt":"2025-02-27T11:59:33","slug":"poivre-vert-du-wayanad-dluo-courte-20-epices-shira-25gr","status":"publish","type":"product","link":"https:\/\/www.mesvendanges.com\/en\/shop\/groceries-and-accessories\/poivre-vert-du-wayanad-dluo-courte-20-epices-shira-25gr\/","title":{"rendered":"POIVRE VERT DU WAYANAD dluo courte -20%"},"content":{"rendered":"<p>\u00ab Agrumes, menthe, yuzu, ce poivre vert est parfum\u00e9 et puissant \u00e0 souhait \u00bb<\/p>\n<p>Les grains de ce poivre vert biologique sont parfaitement lisses et d\u2019une tr\u00e8s belle couleur vert petit pois. Ce poivre poss\u00e8de un discret parfum d\u2019agrumes et de fleur d\u2019oranger et sa puissance s\u2019impose dans toute la bouche, mais fini par laisser la place \u00e0 une belle fra\u00eecheur menthol\u00e9e.<\/p>\n","protected":false},"excerpt":{"rendered":"<p>\u00ab Agrumes, menthe, yuzu, ce poivre vert est parfum\u00e9 et puissant \u00e0 souhait \u00bb Les grains de ce poivre vert biologique sont parfaitement lisses et d\u2019une tr\u00e8s belle couleur vert petit pois. Ce poivre poss\u00e8de un discret parfum d\u2019agrumes et de fleur d\u2019oranger et sa puissance s\u2019impose dans toute la bouche, mais fini par laisser [&hellip;]<\/p>\n","protected":false},"featured_media":65156,"template":"","meta":[],"product_cat":[3741],"product_tag":[],"acf":[],"yoast_head":"<!-- This site is optimized with the Yoast SEO plugin v19.3 - https:\/\/yoast.com\/wordpress\/plugins\/seo\/ -->\n<title>POIVRE VERT DU WAYANAD dluo courte -20% - Mes Vendanges<\/title>\n<meta name=\"robots\" content=\"index, follow, max-snippet:-1, max-image-preview:large, max-video-preview:-1\" \/>\n<link rel=\"canonical\" href=\"https:\/\/www.mesvendanges.com\/en\/shop\/groceries-and-accessories\/poivre-vert-du-wayanad-dluo-courte-20-epices-shira-25gr\/\" \/>\n<meta property=\"og:locale\" content=\"en_US\" \/>\n<meta property=\"og:type\" content=\"article\" \/>\n<meta property=\"og:title\" content=\"POIVRE VERT DU WAYANAD dluo courte -20% - Mes Vendanges\" \/>\n<meta property=\"og:description\" content=\"\u00ab Agrumes, menthe, yuzu, ce poivre vert est parfum\u00e9 et puissant \u00e0 souhait \u00bb Les grains de ce poivre vert biologique sont parfaitement lisses et d\u2019une tr\u00e8s belle couleur vert petit pois. Ce poivre poss\u00e8de un discret parfum d\u2019agrumes et de fleur d\u2019oranger et sa puissance s\u2019impose dans toute la bouche, mais fini par laisser [&hellip;]\" \/>\n<meta property=\"og:url\" content=\"https:\/\/www.mesvendanges.com\/en\/shop\/groceries-and-accessories\/poivre-vert-du-wayanad-dluo-courte-20-epices-shira-25gr\/\" \/>\n<meta property=\"og:site_name\" content=\"Mes Vendanges\" \/>\n<meta property=\"article:modified_time\" content=\"2025-02-27T11:59:33+00:00\" \/>\n<meta property=\"og:image\" content=\"https:\/\/www.mesvendanges.com\/wp-content\/uploads\/2023\/06\/poivre-vert-bio-du-wayanad-jpg.jpg\" \/>\n\t<meta property=\"og:image:width\" content=\"1355\" \/>\n\t<meta property=\"og:image:height\" content=\"1500\" \/>\n\t<meta property=\"og:image:type\" content=\"image\/jpeg\" \/>\n<meta name=\"twitter:card\" content=\"summary_large_image\" \/>\n<script type=\"application\/ld+json\" class=\"yoast-schema-graph\">{\"@context\":\"https:\/\/schema.org\",\"@graph\":[{\"@type\":\"Organization\",\"@id\":\"https:\/\/www.mesvendanges.com\/en\/#organization\",\"name\":\"Mes Vendanges\",\"url\":\"https:\/\/www.mesvendanges.com\/en\/\",\"sameAs\":[],\"logo\":{\"@type\":\"ImageObject\",\"inLanguage\":\"fr-FR\",\"@id\":\"https:\/\/www.mesvendanges.com\/en\/#\/schema\/logo\/image\/\",\"url\":\"https:\/\/www.mesvendanges.com\/wp-content\/uploads\/2022\/02\/logo-mesvendanges.jpg\",\"contentUrl\":\"https:\/\/www.mesvendanges.com\/wp-content\/uploads\/2022\/02\/logo-mesvendanges.jpg\",\"width\":851,\"height\":260,\"caption\":\"Mes Vendanges\"},\"image\":{\"@id\":\"https:\/\/www.mesvendanges.com\/en\/#\/schema\/logo\/image\/\"}},{\"@type\":\"WebSite\",\"@id\":\"https:\/\/www.mesvendanges.com\/en\/#website\",\"url\":\"https:\/\/www.mesvendanges.com\/en\/\",\"name\":\"Mes Vendanges\",\"description\":\"Des journ\u00e9es enti\u00e8res dans les vignes\",\"publisher\":{\"@id\":\"https:\/\/www.mesvendanges.com\/en\/#organization\"},\"potentialAction\":[{\"@type\":\"SearchAction\",\"target\":{\"@type\":\"EntryPoint\",\"urlTemplate\":\"https:\/\/www.mesvendanges.com\/en\/?s={search_term_string}\"},\"query-input\":\"required name=search_term_string\"}],\"inLanguage\":\"fr-FR\"},{\"@type\":\"ImageObject\",\"inLanguage\":\"fr-FR\",\"@id\":\"https:\/\/www.mesvendanges.com\/en\/shop\/groceries-and-accessories\/poivre-vert-du-wayanad-dluo-courte-20-epices-shira-25gr\/#primaryimage\",\"url\":\"https:\/\/www.mesvendanges.com\/wp-content\/uploads\/2023\/06\/poivre-vert-bio-du-wayanad-jpg.jpg\",\"contentUrl\":\"https:\/\/www.mesvendanges.com\/wp-content\/uploads\/2023\/06\/poivre-vert-bio-du-wayanad-jpg.jpg\",\"width\":1355,\"height\":1500},{\"@type\":\"WebPage\",\"@id\":\"https:\/\/www.mesvendanges.com\/en\/shop\/groceries-and-accessories\/poivre-vert-du-wayanad-dluo-courte-20-epices-shira-25gr\/\",\"url\":\"https:\/\/www.mesvendanges.com\/en\/shop\/groceries-and-accessories\/poivre-vert-du-wayanad-dluo-courte-20-epices-shira-25gr\/\",\"name\":\"POIVRE VERT DU WAYANAD dluo courte -20% - Mes Vendanges\",\"isPartOf\":{\"@id\":\"https:\/\/www.mesvendanges.com\/en\/#website\"},\"primaryImageOfPage\":{\"@id\":\"https:\/\/www.mesvendanges.com\/en\/shop\/groceries-and-accessories\/poivre-vert-du-wayanad-dluo-courte-20-epices-shira-25gr\/#primaryimage\"},\"datePublished\":\"2023-06-05T15:05:32+00:00\",\"dateModified\":\"2025-02-27T11:59:33+00:00\",\"breadcrumb\":{\"@id\":\"https:\/\/www.mesvendanges.com\/en\/shop\/groceries-and-accessories\/poivre-vert-du-wayanad-dluo-courte-20-epices-shira-25gr\/#breadcrumb\"},\"inLanguage\":\"fr-FR\",\"potentialAction\":[{\"@type\":\"ReadAction\",\"target\":[\"https:\/\/www.mesvendanges.com\/en\/shop\/groceries-and-accessories\/poivre-vert-du-wayanad-dluo-courte-20-epices-shira-25gr\/\"]}]},{\"@type\":\"BreadcrumbList\",\"@id\":\"https:\/\/www.mesvendanges.com\/en\/shop\/groceries-and-accessories\/poivre-vert-du-wayanad-dluo-courte-20-epices-shira-25gr\/#breadcrumb\",\"itemListElement\":[{\"@type\":\"ListItem\",\"position\":1,\"name\":\"Home\",\"item\":\"https:\/\/www.mesvendanges.com\/en\/\"},{\"@type\":\"ListItem\",\"position\":2,\"name\":\"Shop\",\"item\":\"https:\/\/www.mesvendanges.com\/en\/shop\/\"},{\"@type\":\"ListItem\",\"position\":3,\"name\":\"POIVRE VERT DU WAYANAD dluo courte -20%\"}]}]}<\/script>\n<!-- \/ Yoast SEO plugin. -->","yoast_head_json":{"title":"POIVRE VERT DU WAYANAD dluo courte -20% - Mes Vendanges","robots":{"index":"index","follow":"follow","max-snippet":"max-snippet:-1","max-image-preview":"max-image-preview:large","max-video-preview":"max-video-preview:-1"},"canonical":"https:\/\/www.mesvendanges.com\/en\/shop\/groceries-and-accessories\/poivre-vert-du-wayanad-dluo-courte-20-epices-shira-25gr\/","og_locale":"en_US","og_type":"article","og_title":"POIVRE VERT DU WAYANAD dluo courte -20% - Mes Vendanges","og_description":"\u00ab Agrumes, menthe, yuzu, ce poivre vert est parfum\u00e9 et puissant \u00e0 souhait \u00bb Les grains de ce poivre vert biologique sont parfaitement lisses et d\u2019une tr\u00e8s belle couleur vert petit pois. Ce poivre poss\u00e8de un discret parfum d\u2019agrumes et de fleur d\u2019oranger et sa puissance s\u2019impose dans toute la bouche, mais fini par laisser [&hellip;]","og_url":"https:\/\/www.mesvendanges.com\/en\/shop\/groceries-and-accessories\/poivre-vert-du-wayanad-dluo-courte-20-epices-shira-25gr\/","og_site_name":"Mes Vendanges","article_modified_time":"2025-02-27T11:59:33+00:00","og_image":[{"width":1355,"height":1500,"url":"https:\/\/www.mesvendanges.com\/wp-content\/uploads\/2023\/06\/poivre-vert-bio-du-wayanad-jpg.jpg","type":"image\/jpeg"}],"twitter_card":"summary_large_image","schema":{"@context":"https:\/\/schema.org","@graph":[{"@type":"Organization","@id":"https:\/\/www.mesvendanges.com\/en\/#organization","name":"Mes Vendanges","url":"https:\/\/www.mesvendanges.com\/en\/","sameAs":[],"logo":{"@type":"ImageObject","inLanguage":"fr-FR","@id":"https:\/\/www.mesvendanges.com\/en\/#\/schema\/logo\/image\/","url":"https:\/\/www.mesvendanges.com\/wp-content\/uploads\/2022\/02\/logo-mesvendanges.jpg","contentUrl":"https:\/\/www.mesvendanges.com\/wp-content\/uploads\/2022\/02\/logo-mesvendanges.jpg","width":851,"height":260,"caption":"Mes Vendanges"},"image":{"@id":"https:\/\/www.mesvendanges.com\/en\/#\/schema\/logo\/image\/"}},{"@type":"WebSite","@id":"https:\/\/www.mesvendanges.com\/en\/#website","url":"https:\/\/www.mesvendanges.com\/en\/","name":"Mes Vendanges","description":"Des journ\u00e9es enti\u00e8res dans les vignes","publisher":{"@id":"https:\/\/www.mesvendanges.com\/en\/#organization"},"potentialAction":[{"@type":"SearchAction","target":{"@type":"EntryPoint","urlTemplate":"https:\/\/www.mesvendanges.com\/en\/?s={search_term_string}"},"query-input":"required name=search_term_string"}],"inLanguage":"fr-FR"},{"@type":"ImageObject","inLanguage":"fr-FR","@id":"https:\/\/www.mesvendanges.com\/en\/shop\/groceries-and-accessories\/poivre-vert-du-wayanad-dluo-courte-20-epices-shira-25gr\/#primaryimage","url":"https:\/\/www.mesvendanges.com\/wp-content\/uploads\/2023\/06\/poivre-vert-bio-du-wayanad-jpg.jpg","contentUrl":"https:\/\/www.mesvendanges.com\/wp-content\/uploads\/2023\/06\/poivre-vert-bio-du-wayanad-jpg.jpg","width":1355,"height":1500},{"@type":"WebPage","@id":"https:\/\/www.mesvendanges.com\/en\/shop\/groceries-and-accessories\/poivre-vert-du-wayanad-dluo-courte-20-epices-shira-25gr\/","url":"https:\/\/www.mesvendanges.com\/en\/shop\/groceries-and-accessories\/poivre-vert-du-wayanad-dluo-courte-20-epices-shira-25gr\/","name":"POIVRE VERT DU WAYANAD dluo courte -20% - Mes Vendanges","isPartOf":{"@id":"https:\/\/www.mesvendanges.com\/en\/#website"},"primaryImageOfPage":{"@id":"https:\/\/www.mesvendanges.com\/en\/shop\/groceries-and-accessories\/poivre-vert-du-wayanad-dluo-courte-20-epices-shira-25gr\/#primaryimage"},"datePublished":"2023-06-05T15:05:32+00:00","dateModified":"2025-02-27T11:59:33+00:00","breadcrumb":{"@id":"https:\/\/www.mesvendanges.com\/en\/shop\/groceries-and-accessories\/poivre-vert-du-wayanad-dluo-courte-20-epices-shira-25gr\/#breadcrumb"},"inLanguage":"fr-FR","potentialAction":[{"@type":"ReadAction","target":["https:\/\/www.mesvendanges.com\/en\/shop\/groceries-and-accessories\/poivre-vert-du-wayanad-dluo-courte-20-epices-shira-25gr\/"]}]},{"@type":"BreadcrumbList","@id":"https:\/\/www.mesvendanges.com\/en\/shop\/groceries-and-accessories\/poivre-vert-du-wayanad-dluo-courte-20-epices-shira-25gr\/#breadcrumb","itemListElement":[{"@type":"ListItem","position":1,"name":"Home","item":"https:\/\/www.mesvendanges.com\/en\/"},{"@type":"ListItem","position":2,"name":"Shop","item":"https:\/\/www.mesvendanges.com\/en\/shop\/"},{"@type":"ListItem","position":3,"name":"POIVRE VERT DU WAYANAD dluo courte -20%"}]}]}},"_links":{"self":[{"href":"https:\/\/www.mesvendanges.com\/en\/wp-json\/wp\/v2\/product\/65143"}],"collection":[{"href":"https:\/\/www.mesvendanges.com\/en\/wp-json\/wp\/v2\/product"}],"about":[{"href":"https:\/\/www.mesvendanges.com\/en\/wp-json\/wp\/v2\/types\/product"}],"wp:featuredmedia":[{"embeddable":true,"href":"https:\/\/www.mesvendanges.com\/en\/wp-json\/wp\/v2\/media\/65156"}],"wp:attachment":[{"href":"https:\/\/www.mesvendanges.com\/en\/wp-json\/wp\/v2\/media?parent=65143"}],"wp:term":[{"taxonomy":"product_cat","embeddable":true,"href":"https:\/\/www.mesvendanges.com\/en\/wp-json\/wp\/v2\/product_cat?post=65143"},{"taxonomy":"product_tag","embeddable":true,"href":"https:\/\/www.mesvendanges.com\/en\/wp-json\/wp\/v2\/product_tag?post=65143"}],"curies":[{"name":"wp","href":"https:\/\/api.w.org\/{rel}","templated":true}]}}