{"id":65145,"date":"2023-06-05T17:05:39","date_gmt":"2023-06-05T15:05:39","guid":{"rendered":"https:\/\/www.mesvendanges.com\/shop\/uncategorized\/paprika-fort-fume-de-murcia-moulu-epices-shira\/"},"modified":"2026-03-30T14:45:23","modified_gmt":"2026-03-30T12:45:23","slug":"paprika-fort-fume-de-murcia-moulu-epices-shira-40g","status":"publish","type":"product","link":"https:\/\/www.mesvendanges.com\/en\/shop\/groceries-and-accessories\/paprika-fort-fume-de-murcia-moulu-epices-shira-40g\/","title":{"rendered":"PAPRIKA FORT FUME DE MURCIA MOULU"},"content":{"rendered":"<p>\u00ab Fum\u00e9 au bois de ch\u00eane, le paprika fort fum\u00e9 allie robustesse et \u00e9l\u00e9gance \u00bb<\/p>\n<p>Notre paprika fort biologique est produit par une petite entreprise familiale situ\u00e9e dans la r\u00e9gion de Murcia, en Espagne. Il est fum\u00e9 au bois de ch\u00eane vert, ce qui lui conf\u00e8re un parfum profond, intense et tr\u00e8s fruit\u00e9&#8230; tout simplement sublime. On lui trouve aussi des notes de tomate et de poivron ainsi qu\u2019une belle chaleur sucr\u00e9e.<\/p>\n<p>Aussi appel\u00e9 piment\u00f3n de Murcia, du nom de la r\u00e9gion o\u00f9 il est produit, ce piment de la taille d\u2019une grosse tomate cerise b\u00e9n\u00e9ficie depuis 2008 d\u2019une Appellation d\u2019Origine Prot\u00e9g\u00e9e (AOP en fran\u00e7ais ou DOP en espagnol).<\/p>\n","protected":false},"excerpt":{"rendered":"<p>\u00ab Fum\u00e9 au bois de ch\u00eane, le paprika fort fum\u00e9 allie robustesse et \u00e9l\u00e9gance \u00bb Notre paprika fort biologique est produit par une petite entreprise familiale situ\u00e9e dans la r\u00e9gion de Murcia, en Espagne. Il est fum\u00e9 au bois de ch\u00eane vert, ce qui lui conf\u00e8re un parfum profond, intense et tr\u00e8s fruit\u00e9&#8230; tout simplement [&hellip;]<\/p>\n","protected":false},"featured_media":65154,"template":"","meta":[],"product_cat":[3741],"product_tag":[],"acf":[],"yoast_head":"<!-- This site is optimized with the Yoast SEO plugin v19.3 - https:\/\/yoast.com\/wordpress\/plugins\/seo\/ -->\n<title>PAPRIKA FORT FUME DE MURCIA MOULU - Mes Vendanges<\/title>\n<meta name=\"robots\" content=\"index, follow, max-snippet:-1, max-image-preview:large, max-video-preview:-1\" \/>\n<link rel=\"canonical\" href=\"https:\/\/www.mesvendanges.com\/en\/shop\/groceries-and-accessories\/paprika-fort-fume-de-murcia-moulu-epices-shira-40g\/\" \/>\n<meta property=\"og:locale\" content=\"en_US\" \/>\n<meta property=\"og:type\" content=\"article\" \/>\n<meta property=\"og:title\" content=\"PAPRIKA FORT FUME DE MURCIA MOULU - Mes Vendanges\" \/>\n<meta property=\"og:description\" content=\"\u00ab Fum\u00e9 au bois de ch\u00eane, le paprika fort fum\u00e9 allie robustesse et \u00e9l\u00e9gance \u00bb Notre paprika fort biologique est produit par une petite entreprise familiale situ\u00e9e dans la r\u00e9gion de Murcia, en Espagne. Il est fum\u00e9 au bois de ch\u00eane vert, ce qui lui conf\u00e8re un parfum profond, intense et tr\u00e8s fruit\u00e9&#8230; tout simplement [&hellip;]\" \/>\n<meta property=\"og:url\" content=\"https:\/\/www.mesvendanges.com\/en\/shop\/groceries-and-accessories\/paprika-fort-fume-de-murcia-moulu-epices-shira-40g\/\" \/>\n<meta property=\"og:site_name\" content=\"Mes Vendanges\" \/>\n<meta property=\"article:modified_time\" content=\"2026-03-30T12:45:23+00:00\" \/>\n<meta property=\"og:image\" content=\"https:\/\/www.mesvendanges.com\/wp-content\/uploads\/2023\/06\/paprika-bio-fort-fume-de-murcia-jpg.jpg\" \/>\n\t<meta property=\"og:image:width\" content=\"1355\" \/>\n\t<meta property=\"og:image:height\" content=\"1500\" \/>\n\t<meta property=\"og:image:type\" content=\"image\/jpeg\" \/>\n<meta name=\"twitter:card\" content=\"summary_large_image\" \/>\n<meta name=\"twitter:label1\" content=\"Est. reading time\" \/>\n\t<meta name=\"twitter:data1\" content=\"1 minute\" \/>\n<script type=\"application\/ld+json\" class=\"yoast-schema-graph\">{\"@context\":\"https:\/\/schema.org\",\"@graph\":[{\"@type\":\"Organization\",\"@id\":\"https:\/\/www.mesvendanges.com\/en\/#organization\",\"name\":\"Mes Vendanges\",\"url\":\"https:\/\/www.mesvendanges.com\/en\/\",\"sameAs\":[],\"logo\":{\"@type\":\"ImageObject\",\"inLanguage\":\"fr-FR\",\"@id\":\"https:\/\/www.mesvendanges.com\/en\/#\/schema\/logo\/image\/\",\"url\":\"https:\/\/www.mesvendanges.com\/wp-content\/uploads\/2022\/02\/logo-mesvendanges.jpg\",\"contentUrl\":\"https:\/\/www.mesvendanges.com\/wp-content\/uploads\/2022\/02\/logo-mesvendanges.jpg\",\"width\":851,\"height\":260,\"caption\":\"Mes Vendanges\"},\"image\":{\"@id\":\"https:\/\/www.mesvendanges.com\/en\/#\/schema\/logo\/image\/\"}},{\"@type\":\"WebSite\",\"@id\":\"https:\/\/www.mesvendanges.com\/en\/#website\",\"url\":\"https:\/\/www.mesvendanges.com\/en\/\",\"name\":\"Mes Vendanges\",\"description\":\"Des journ\u00e9es enti\u00e8res dans les vignes\",\"publisher\":{\"@id\":\"https:\/\/www.mesvendanges.com\/en\/#organization\"},\"potentialAction\":[{\"@type\":\"SearchAction\",\"target\":{\"@type\":\"EntryPoint\",\"urlTemplate\":\"https:\/\/www.mesvendanges.com\/en\/?s={search_term_string}\"},\"query-input\":\"required name=search_term_string\"}],\"inLanguage\":\"fr-FR\"},{\"@type\":\"ImageObject\",\"inLanguage\":\"fr-FR\",\"@id\":\"https:\/\/www.mesvendanges.com\/en\/shop\/groceries-and-accessories\/paprika-fort-fume-de-murcia-moulu-epices-shira-40g\/#primaryimage\",\"url\":\"https:\/\/www.mesvendanges.com\/wp-content\/uploads\/2023\/06\/paprika-bio-fort-fume-de-murcia-jpg.jpg\",\"contentUrl\":\"https:\/\/www.mesvendanges.com\/wp-content\/uploads\/2023\/06\/paprika-bio-fort-fume-de-murcia-jpg.jpg\",\"width\":1355,\"height\":1500},{\"@type\":\"WebPage\",\"@id\":\"https:\/\/www.mesvendanges.com\/en\/shop\/groceries-and-accessories\/paprika-fort-fume-de-murcia-moulu-epices-shira-40g\/\",\"url\":\"https:\/\/www.mesvendanges.com\/en\/shop\/groceries-and-accessories\/paprika-fort-fume-de-murcia-moulu-epices-shira-40g\/\",\"name\":\"PAPRIKA FORT FUME DE MURCIA MOULU - Mes Vendanges\",\"isPartOf\":{\"@id\":\"https:\/\/www.mesvendanges.com\/en\/#website\"},\"primaryImageOfPage\":{\"@id\":\"https:\/\/www.mesvendanges.com\/en\/shop\/groceries-and-accessories\/paprika-fort-fume-de-murcia-moulu-epices-shira-40g\/#primaryimage\"},\"datePublished\":\"2023-06-05T15:05:39+00:00\",\"dateModified\":\"2026-03-30T12:45:23+00:00\",\"breadcrumb\":{\"@id\":\"https:\/\/www.mesvendanges.com\/en\/shop\/groceries-and-accessories\/paprika-fort-fume-de-murcia-moulu-epices-shira-40g\/#breadcrumb\"},\"inLanguage\":\"fr-FR\",\"potentialAction\":[{\"@type\":\"ReadAction\",\"target\":[\"https:\/\/www.mesvendanges.com\/en\/shop\/groceries-and-accessories\/paprika-fort-fume-de-murcia-moulu-epices-shira-40g\/\"]}]},{\"@type\":\"BreadcrumbList\",\"@id\":\"https:\/\/www.mesvendanges.com\/en\/shop\/groceries-and-accessories\/paprika-fort-fume-de-murcia-moulu-epices-shira-40g\/#breadcrumb\",\"itemListElement\":[{\"@type\":\"ListItem\",\"position\":1,\"name\":\"Home\",\"item\":\"https:\/\/www.mesvendanges.com\/en\/\"},{\"@type\":\"ListItem\",\"position\":2,\"name\":\"Shop\",\"item\":\"https:\/\/www.mesvendanges.com\/en\/shop\/\"},{\"@type\":\"ListItem\",\"position\":3,\"name\":\"PAPRIKA FORT FUME DE MURCIA MOULU\"}]}]}<\/script>\n<!-- \/ Yoast SEO plugin. -->","yoast_head_json":{"title":"PAPRIKA FORT FUME DE MURCIA MOULU - Mes Vendanges","robots":{"index":"index","follow":"follow","max-snippet":"max-snippet:-1","max-image-preview":"max-image-preview:large","max-video-preview":"max-video-preview:-1"},"canonical":"https:\/\/www.mesvendanges.com\/en\/shop\/groceries-and-accessories\/paprika-fort-fume-de-murcia-moulu-epices-shira-40g\/","og_locale":"en_US","og_type":"article","og_title":"PAPRIKA FORT FUME DE MURCIA MOULU - Mes Vendanges","og_description":"\u00ab Fum\u00e9 au bois de ch\u00eane, le paprika fort fum\u00e9 allie robustesse et \u00e9l\u00e9gance \u00bb Notre paprika fort biologique est produit par une petite entreprise familiale situ\u00e9e dans la r\u00e9gion de Murcia, en Espagne. Il est fum\u00e9 au bois de ch\u00eane vert, ce qui lui conf\u00e8re un parfum profond, intense et tr\u00e8s fruit\u00e9&#8230; tout simplement [&hellip;]","og_url":"https:\/\/www.mesvendanges.com\/en\/shop\/groceries-and-accessories\/paprika-fort-fume-de-murcia-moulu-epices-shira-40g\/","og_site_name":"Mes Vendanges","article_modified_time":"2026-03-30T12:45:23+00:00","og_image":[{"width":1355,"height":1500,"url":"https:\/\/www.mesvendanges.com\/wp-content\/uploads\/2023\/06\/paprika-bio-fort-fume-de-murcia-jpg.jpg","type":"image\/jpeg"}],"twitter_card":"summary_large_image","twitter_misc":{"Est. reading time":"1 minute"},"schema":{"@context":"https:\/\/schema.org","@graph":[{"@type":"Organization","@id":"https:\/\/www.mesvendanges.com\/en\/#organization","name":"Mes Vendanges","url":"https:\/\/www.mesvendanges.com\/en\/","sameAs":[],"logo":{"@type":"ImageObject","inLanguage":"fr-FR","@id":"https:\/\/www.mesvendanges.com\/en\/#\/schema\/logo\/image\/","url":"https:\/\/www.mesvendanges.com\/wp-content\/uploads\/2022\/02\/logo-mesvendanges.jpg","contentUrl":"https:\/\/www.mesvendanges.com\/wp-content\/uploads\/2022\/02\/logo-mesvendanges.jpg","width":851,"height":260,"caption":"Mes Vendanges"},"image":{"@id":"https:\/\/www.mesvendanges.com\/en\/#\/schema\/logo\/image\/"}},{"@type":"WebSite","@id":"https:\/\/www.mesvendanges.com\/en\/#website","url":"https:\/\/www.mesvendanges.com\/en\/","name":"Mes Vendanges","description":"Des journ\u00e9es enti\u00e8res dans les vignes","publisher":{"@id":"https:\/\/www.mesvendanges.com\/en\/#organization"},"potentialAction":[{"@type":"SearchAction","target":{"@type":"EntryPoint","urlTemplate":"https:\/\/www.mesvendanges.com\/en\/?s={search_term_string}"},"query-input":"required name=search_term_string"}],"inLanguage":"fr-FR"},{"@type":"ImageObject","inLanguage":"fr-FR","@id":"https:\/\/www.mesvendanges.com\/en\/shop\/groceries-and-accessories\/paprika-fort-fume-de-murcia-moulu-epices-shira-40g\/#primaryimage","url":"https:\/\/www.mesvendanges.com\/wp-content\/uploads\/2023\/06\/paprika-bio-fort-fume-de-murcia-jpg.jpg","contentUrl":"https:\/\/www.mesvendanges.com\/wp-content\/uploads\/2023\/06\/paprika-bio-fort-fume-de-murcia-jpg.jpg","width":1355,"height":1500},{"@type":"WebPage","@id":"https:\/\/www.mesvendanges.com\/en\/shop\/groceries-and-accessories\/paprika-fort-fume-de-murcia-moulu-epices-shira-40g\/","url":"https:\/\/www.mesvendanges.com\/en\/shop\/groceries-and-accessories\/paprika-fort-fume-de-murcia-moulu-epices-shira-40g\/","name":"PAPRIKA FORT FUME DE MURCIA MOULU - Mes Vendanges","isPartOf":{"@id":"https:\/\/www.mesvendanges.com\/en\/#website"},"primaryImageOfPage":{"@id":"https:\/\/www.mesvendanges.com\/en\/shop\/groceries-and-accessories\/paprika-fort-fume-de-murcia-moulu-epices-shira-40g\/#primaryimage"},"datePublished":"2023-06-05T15:05:39+00:00","dateModified":"2026-03-30T12:45:23+00:00","breadcrumb":{"@id":"https:\/\/www.mesvendanges.com\/en\/shop\/groceries-and-accessories\/paprika-fort-fume-de-murcia-moulu-epices-shira-40g\/#breadcrumb"},"inLanguage":"fr-FR","potentialAction":[{"@type":"ReadAction","target":["https:\/\/www.mesvendanges.com\/en\/shop\/groceries-and-accessories\/paprika-fort-fume-de-murcia-moulu-epices-shira-40g\/"]}]},{"@type":"BreadcrumbList","@id":"https:\/\/www.mesvendanges.com\/en\/shop\/groceries-and-accessories\/paprika-fort-fume-de-murcia-moulu-epices-shira-40g\/#breadcrumb","itemListElement":[{"@type":"ListItem","position":1,"name":"Home","item":"https:\/\/www.mesvendanges.com\/en\/"},{"@type":"ListItem","position":2,"name":"Shop","item":"https:\/\/www.mesvendanges.com\/en\/shop\/"},{"@type":"ListItem","position":3,"name":"PAPRIKA FORT FUME DE MURCIA MOULU"}]}]}},"_links":{"self":[{"href":"https:\/\/www.mesvendanges.com\/en\/wp-json\/wp\/v2\/product\/65145"}],"collection":[{"href":"https:\/\/www.mesvendanges.com\/en\/wp-json\/wp\/v2\/product"}],"about":[{"href":"https:\/\/www.mesvendanges.com\/en\/wp-json\/wp\/v2\/types\/product"}],"wp:featuredmedia":[{"embeddable":true,"href":"https:\/\/www.mesvendanges.com\/en\/wp-json\/wp\/v2\/media\/65154"}],"wp:attachment":[{"href":"https:\/\/www.mesvendanges.com\/en\/wp-json\/wp\/v2\/media?parent=65145"}],"wp:term":[{"taxonomy":"product_cat","embeddable":true,"href":"https:\/\/www.mesvendanges.com\/en\/wp-json\/wp\/v2\/product_cat?post=65145"},{"taxonomy":"product_tag","embeddable":true,"href":"https:\/\/www.mesvendanges.com\/en\/wp-json\/wp\/v2\/product_tag?post=65145"}],"curies":[{"name":"wp","href":"https:\/\/api.w.org\/{rel}","templated":true}]}}