{"id":65147,"date":"2023-06-05T17:12:15","date_gmt":"2023-06-05T15:12:15","guid":{"rendered":"https:\/\/www.mesvendanges.com\/shop\/uncategorized\/colombo-epices-shira-40g\/"},"modified":"2025-05-01T15:43:09","modified_gmt":"2025-05-01T13:43:09","slug":"colombo-epices-shira-40g","status":"publish","type":"product","link":"https:\/\/www.mesvendanges.com\/en\/shop\/groceries-and-accessories\/colombo-epices-shira-40g\/","title":{"rendered":"COLOMBO"},"content":{"rendered":"<p>\u00ab Un must de la cuisine antillaise, le colombo s&#8217;utilise comme le curry \u00bb<\/p>\n<p>Notre m\u00e9lange colombo biologique est une version plus douce du curry, il est moins piquant et plus riche en curcuma et en coriandre, ce qui lui conf\u00e8re un parfum l\u00e9g\u00e8rement sucr\u00e9 et citronn\u00e9. Sa saveur en bouche est douce, camphr\u00e9e relev\u00e9e par des notes de cannelle et de gingembre. Le colombo sert avant tout \u00e0 pr\u00e9parer le c\u00e9l\u00e8bre plat antillais du m\u00eame nom et s\u2019il est traditionnellement pr\u00e9par\u00e9 \u00e0 base de poulet, il peut facilement \u00eatre adapt\u00e9 aux v\u00e9g\u00e9tariens.<\/p>\n","protected":false},"excerpt":{"rendered":"<p>\u00ab Un must de la cuisine antillaise, le colombo s&#8217;utilise comme le curry \u00bb Notre m\u00e9lange colombo biologique est une version plus douce du curry, il est moins piquant et plus riche en curcuma et en coriandre, ce qui lui conf\u00e8re un parfum l\u00e9g\u00e8rement sucr\u00e9 et citronn\u00e9. Sa saveur en bouche est douce, camphr\u00e9e relev\u00e9e [&hellip;]<\/p>\n","protected":false},"featured_media":65152,"template":"","meta":[],"product_cat":[3741],"product_tag":[],"acf":[],"yoast_head":"<!-- This site is optimized with the Yoast SEO plugin v19.3 - https:\/\/yoast.com\/wordpress\/plugins\/seo\/ -->\n<title>COLOMBO - Mes Vendanges<\/title>\n<meta name=\"robots\" content=\"index, follow, max-snippet:-1, max-image-preview:large, max-video-preview:-1\" \/>\n<link rel=\"canonical\" href=\"https:\/\/www.mesvendanges.com\/en\/shop\/groceries-and-accessories\/colombo-epices-shira-40g\/\" \/>\n<meta property=\"og:locale\" content=\"en_US\" \/>\n<meta property=\"og:type\" content=\"article\" \/>\n<meta property=\"og:title\" content=\"COLOMBO - Mes Vendanges\" \/>\n<meta property=\"og:description\" content=\"\u00ab Un must de la cuisine antillaise, le colombo s&#8217;utilise comme le curry \u00bb Notre m\u00e9lange colombo biologique est une version plus douce du curry, il est moins piquant et plus riche en curcuma et en coriandre, ce qui lui conf\u00e8re un parfum l\u00e9g\u00e8rement sucr\u00e9 et citronn\u00e9. Sa saveur en bouche est douce, camphr\u00e9e relev\u00e9e [&hellip;]\" \/>\n<meta property=\"og:url\" content=\"https:\/\/www.mesvendanges.com\/en\/shop\/groceries-and-accessories\/colombo-epices-shira-40g\/\" \/>\n<meta property=\"og:site_name\" content=\"Mes Vendanges\" \/>\n<meta property=\"article:modified_time\" content=\"2025-05-01T13:43:09+00:00\" \/>\n<meta property=\"og:image\" content=\"https:\/\/www.mesvendanges.com\/wp-content\/uploads\/2023\/06\/colombo-bio-jpg.jpg\" \/>\n\t<meta property=\"og:image:width\" content=\"1355\" \/>\n\t<meta property=\"og:image:height\" content=\"1500\" \/>\n\t<meta property=\"og:image:type\" content=\"image\/jpeg\" \/>\n<meta name=\"twitter:card\" content=\"summary_large_image\" \/>\n<meta name=\"twitter:label1\" content=\"Est. reading time\" \/>\n\t<meta name=\"twitter:data1\" content=\"1 minute\" \/>\n<script type=\"application\/ld+json\" class=\"yoast-schema-graph\">{\"@context\":\"https:\/\/schema.org\",\"@graph\":[{\"@type\":\"Organization\",\"@id\":\"https:\/\/www.mesvendanges.com\/en\/#organization\",\"name\":\"Mes Vendanges\",\"url\":\"https:\/\/www.mesvendanges.com\/en\/\",\"sameAs\":[],\"logo\":{\"@type\":\"ImageObject\",\"inLanguage\":\"fr-FR\",\"@id\":\"https:\/\/www.mesvendanges.com\/en\/#\/schema\/logo\/image\/\",\"url\":\"https:\/\/www.mesvendanges.com\/wp-content\/uploads\/2022\/02\/logo-mesvendanges.jpg\",\"contentUrl\":\"https:\/\/www.mesvendanges.com\/wp-content\/uploads\/2022\/02\/logo-mesvendanges.jpg\",\"width\":851,\"height\":260,\"caption\":\"Mes Vendanges\"},\"image\":{\"@id\":\"https:\/\/www.mesvendanges.com\/en\/#\/schema\/logo\/image\/\"}},{\"@type\":\"WebSite\",\"@id\":\"https:\/\/www.mesvendanges.com\/en\/#website\",\"url\":\"https:\/\/www.mesvendanges.com\/en\/\",\"name\":\"Mes Vendanges\",\"description\":\"Des journ\u00e9es enti\u00e8res dans les vignes\",\"publisher\":{\"@id\":\"https:\/\/www.mesvendanges.com\/en\/#organization\"},\"potentialAction\":[{\"@type\":\"SearchAction\",\"target\":{\"@type\":\"EntryPoint\",\"urlTemplate\":\"https:\/\/www.mesvendanges.com\/en\/?s={search_term_string}\"},\"query-input\":\"required name=search_term_string\"}],\"inLanguage\":\"fr-FR\"},{\"@type\":\"ImageObject\",\"inLanguage\":\"fr-FR\",\"@id\":\"https:\/\/www.mesvendanges.com\/en\/shop\/groceries-and-accessories\/colombo-epices-shira-40g\/#primaryimage\",\"url\":\"https:\/\/www.mesvendanges.com\/wp-content\/uploads\/2023\/06\/colombo-bio-jpg.jpg\",\"contentUrl\":\"https:\/\/www.mesvendanges.com\/wp-content\/uploads\/2023\/06\/colombo-bio-jpg.jpg\",\"width\":1355,\"height\":1500},{\"@type\":\"WebPage\",\"@id\":\"https:\/\/www.mesvendanges.com\/en\/shop\/groceries-and-accessories\/colombo-epices-shira-40g\/\",\"url\":\"https:\/\/www.mesvendanges.com\/en\/shop\/groceries-and-accessories\/colombo-epices-shira-40g\/\",\"name\":\"COLOMBO - Mes Vendanges\",\"isPartOf\":{\"@id\":\"https:\/\/www.mesvendanges.com\/en\/#website\"},\"primaryImageOfPage\":{\"@id\":\"https:\/\/www.mesvendanges.com\/en\/shop\/groceries-and-accessories\/colombo-epices-shira-40g\/#primaryimage\"},\"datePublished\":\"2023-06-05T15:12:15+00:00\",\"dateModified\":\"2025-05-01T13:43:09+00:00\",\"breadcrumb\":{\"@id\":\"https:\/\/www.mesvendanges.com\/en\/shop\/groceries-and-accessories\/colombo-epices-shira-40g\/#breadcrumb\"},\"inLanguage\":\"fr-FR\",\"potentialAction\":[{\"@type\":\"ReadAction\",\"target\":[\"https:\/\/www.mesvendanges.com\/en\/shop\/groceries-and-accessories\/colombo-epices-shira-40g\/\"]}]},{\"@type\":\"BreadcrumbList\",\"@id\":\"https:\/\/www.mesvendanges.com\/en\/shop\/groceries-and-accessories\/colombo-epices-shira-40g\/#breadcrumb\",\"itemListElement\":[{\"@type\":\"ListItem\",\"position\":1,\"name\":\"Home\",\"item\":\"https:\/\/www.mesvendanges.com\/en\/\"},{\"@type\":\"ListItem\",\"position\":2,\"name\":\"Shop\",\"item\":\"https:\/\/www.mesvendanges.com\/en\/shop\/\"},{\"@type\":\"ListItem\",\"position\":3,\"name\":\"COLOMBO\"}]}]}<\/script>\n<!-- \/ Yoast SEO plugin. -->","yoast_head_json":{"title":"COLOMBO - Mes Vendanges","robots":{"index":"index","follow":"follow","max-snippet":"max-snippet:-1","max-image-preview":"max-image-preview:large","max-video-preview":"max-video-preview:-1"},"canonical":"https:\/\/www.mesvendanges.com\/en\/shop\/groceries-and-accessories\/colombo-epices-shira-40g\/","og_locale":"en_US","og_type":"article","og_title":"COLOMBO - Mes Vendanges","og_description":"\u00ab Un must de la cuisine antillaise, le colombo s&#8217;utilise comme le curry \u00bb Notre m\u00e9lange colombo biologique est une version plus douce du curry, il est moins piquant et plus riche en curcuma et en coriandre, ce qui lui conf\u00e8re un parfum l\u00e9g\u00e8rement sucr\u00e9 et citronn\u00e9. Sa saveur en bouche est douce, camphr\u00e9e relev\u00e9e [&hellip;]","og_url":"https:\/\/www.mesvendanges.com\/en\/shop\/groceries-and-accessories\/colombo-epices-shira-40g\/","og_site_name":"Mes Vendanges","article_modified_time":"2025-05-01T13:43:09+00:00","og_image":[{"width":1355,"height":1500,"url":"https:\/\/www.mesvendanges.com\/wp-content\/uploads\/2023\/06\/colombo-bio-jpg.jpg","type":"image\/jpeg"}],"twitter_card":"summary_large_image","twitter_misc":{"Est. reading time":"1 minute"},"schema":{"@context":"https:\/\/schema.org","@graph":[{"@type":"Organization","@id":"https:\/\/www.mesvendanges.com\/en\/#organization","name":"Mes Vendanges","url":"https:\/\/www.mesvendanges.com\/en\/","sameAs":[],"logo":{"@type":"ImageObject","inLanguage":"fr-FR","@id":"https:\/\/www.mesvendanges.com\/en\/#\/schema\/logo\/image\/","url":"https:\/\/www.mesvendanges.com\/wp-content\/uploads\/2022\/02\/logo-mesvendanges.jpg","contentUrl":"https:\/\/www.mesvendanges.com\/wp-content\/uploads\/2022\/02\/logo-mesvendanges.jpg","width":851,"height":260,"caption":"Mes Vendanges"},"image":{"@id":"https:\/\/www.mesvendanges.com\/en\/#\/schema\/logo\/image\/"}},{"@type":"WebSite","@id":"https:\/\/www.mesvendanges.com\/en\/#website","url":"https:\/\/www.mesvendanges.com\/en\/","name":"Mes Vendanges","description":"Des journ\u00e9es enti\u00e8res dans les vignes","publisher":{"@id":"https:\/\/www.mesvendanges.com\/en\/#organization"},"potentialAction":[{"@type":"SearchAction","target":{"@type":"EntryPoint","urlTemplate":"https:\/\/www.mesvendanges.com\/en\/?s={search_term_string}"},"query-input":"required name=search_term_string"}],"inLanguage":"fr-FR"},{"@type":"ImageObject","inLanguage":"fr-FR","@id":"https:\/\/www.mesvendanges.com\/en\/shop\/groceries-and-accessories\/colombo-epices-shira-40g\/#primaryimage","url":"https:\/\/www.mesvendanges.com\/wp-content\/uploads\/2023\/06\/colombo-bio-jpg.jpg","contentUrl":"https:\/\/www.mesvendanges.com\/wp-content\/uploads\/2023\/06\/colombo-bio-jpg.jpg","width":1355,"height":1500},{"@type":"WebPage","@id":"https:\/\/www.mesvendanges.com\/en\/shop\/groceries-and-accessories\/colombo-epices-shira-40g\/","url":"https:\/\/www.mesvendanges.com\/en\/shop\/groceries-and-accessories\/colombo-epices-shira-40g\/","name":"COLOMBO - Mes Vendanges","isPartOf":{"@id":"https:\/\/www.mesvendanges.com\/en\/#website"},"primaryImageOfPage":{"@id":"https:\/\/www.mesvendanges.com\/en\/shop\/groceries-and-accessories\/colombo-epices-shira-40g\/#primaryimage"},"datePublished":"2023-06-05T15:12:15+00:00","dateModified":"2025-05-01T13:43:09+00:00","breadcrumb":{"@id":"https:\/\/www.mesvendanges.com\/en\/shop\/groceries-and-accessories\/colombo-epices-shira-40g\/#breadcrumb"},"inLanguage":"fr-FR","potentialAction":[{"@type":"ReadAction","target":["https:\/\/www.mesvendanges.com\/en\/shop\/groceries-and-accessories\/colombo-epices-shira-40g\/"]}]},{"@type":"BreadcrumbList","@id":"https:\/\/www.mesvendanges.com\/en\/shop\/groceries-and-accessories\/colombo-epices-shira-40g\/#breadcrumb","itemListElement":[{"@type":"ListItem","position":1,"name":"Home","item":"https:\/\/www.mesvendanges.com\/en\/"},{"@type":"ListItem","position":2,"name":"Shop","item":"https:\/\/www.mesvendanges.com\/en\/shop\/"},{"@type":"ListItem","position":3,"name":"COLOMBO"}]}]}},"_links":{"self":[{"href":"https:\/\/www.mesvendanges.com\/en\/wp-json\/wp\/v2\/product\/65147"}],"collection":[{"href":"https:\/\/www.mesvendanges.com\/en\/wp-json\/wp\/v2\/product"}],"about":[{"href":"https:\/\/www.mesvendanges.com\/en\/wp-json\/wp\/v2\/types\/product"}],"wp:featuredmedia":[{"embeddable":true,"href":"https:\/\/www.mesvendanges.com\/en\/wp-json\/wp\/v2\/media\/65152"}],"wp:attachment":[{"href":"https:\/\/www.mesvendanges.com\/en\/wp-json\/wp\/v2\/media?parent=65147"}],"wp:term":[{"taxonomy":"product_cat","embeddable":true,"href":"https:\/\/www.mesvendanges.com\/en\/wp-json\/wp\/v2\/product_cat?post=65147"},{"taxonomy":"product_tag","embeddable":true,"href":"https:\/\/www.mesvendanges.com\/en\/wp-json\/wp\/v2\/product_tag?post=65147"}],"curies":[{"name":"wp","href":"https:\/\/api.w.org\/{rel}","templated":true}]}}