{"id":65149,"date":"2023-06-05T17:12:18","date_gmt":"2023-06-05T15:12:18","guid":{"rendered":"https:\/\/www.mesvendanges.com\/shop\/uncategorized\/ras-el-hanout-epices-shira-40g\/"},"modified":"2026-02-25T14:33:48","modified_gmt":"2026-02-25T13:33:48","slug":"ras-el-hanout-epices-shira-40g","status":"publish","type":"product","link":"https:\/\/www.mesvendanges.com\/en\/shop\/groceries-and-accessories\/ras-el-hanout-epices-shira-40g\/","title":{"rendered":"RAS EL-HANOUT"},"content":{"rendered":"<p>\u00ab M\u00e9lange f\u00e9erique du Maghreb, le ras el hanout charme tajines, couscous et riz \u00bb<\/p>\n<p>Notre beau m\u00e9lange ras el-hanout biologique renvoie au premier nez \u00e0 un parfum acidul\u00e9, \u00e0 des saveurs chaudes et \u00e0 la belle pr\u00e9sence d\u2019un cumin cors\u00e9 et anis\u00e9. S\u2019ensuivent des notes florales, accompagn\u00e9es d\u2019un souffle de fra\u00eecheur qui s\u2019\u00e9panouissent dans le sillage frais de la cardamome et la noix de muscade. Plusieurs \u00e9pices ont \u00e9t\u00e9 torr\u00e9fi\u00e9es pour faire ressortir leurs saveurs.<\/p>\n","protected":false},"excerpt":{"rendered":"<p>\u00ab M\u00e9lange f\u00e9erique du Maghreb, le ras el hanout charme tajines, couscous et riz \u00bb Notre beau m\u00e9lange ras el-hanout biologique renvoie au premier nez \u00e0 un parfum acidul\u00e9, \u00e0 des saveurs chaudes et \u00e0 la belle pr\u00e9sence d\u2019un cumin cors\u00e9 et anis\u00e9. S\u2019ensuivent des notes florales, accompagn\u00e9es d\u2019un souffle de fra\u00eecheur qui s\u2019\u00e9panouissent dans [&hellip;]<\/p>\n","protected":false},"featured_media":65150,"template":"","meta":[],"product_cat":[3741],"product_tag":[],"acf":[],"yoast_head":"<!-- This site is optimized with the Yoast SEO plugin v19.3 - https:\/\/yoast.com\/wordpress\/plugins\/seo\/ -->\n<title>RAS EL-HANOUT - Mes Vendanges<\/title>\n<meta name=\"robots\" content=\"index, follow, max-snippet:-1, max-image-preview:large, max-video-preview:-1\" \/>\n<link rel=\"canonical\" href=\"https:\/\/www.mesvendanges.com\/en\/shop\/groceries-and-accessories\/ras-el-hanout-epices-shira-40g\/\" \/>\n<meta property=\"og:locale\" content=\"en_US\" \/>\n<meta property=\"og:type\" content=\"article\" \/>\n<meta property=\"og:title\" content=\"RAS EL-HANOUT - Mes Vendanges\" \/>\n<meta property=\"og:description\" content=\"\u00ab M\u00e9lange f\u00e9erique du Maghreb, le ras el hanout charme tajines, couscous et riz \u00bb Notre beau m\u00e9lange ras el-hanout biologique renvoie au premier nez \u00e0 un parfum acidul\u00e9, \u00e0 des saveurs chaudes et \u00e0 la belle pr\u00e9sence d\u2019un cumin cors\u00e9 et anis\u00e9. S\u2019ensuivent des notes florales, accompagn\u00e9es d\u2019un souffle de fra\u00eecheur qui s\u2019\u00e9panouissent dans [&hellip;]\" \/>\n<meta property=\"og:url\" content=\"https:\/\/www.mesvendanges.com\/en\/shop\/groceries-and-accessories\/ras-el-hanout-epices-shira-40g\/\" \/>\n<meta property=\"og:site_name\" content=\"Mes Vendanges\" \/>\n<meta property=\"article:modified_time\" content=\"2026-02-25T13:33:48+00:00\" \/>\n<meta property=\"og:image\" content=\"https:\/\/www.mesvendanges.com\/wp-content\/uploads\/2023\/06\/ras-el-hanout-bio-jpg.jpg\" \/>\n\t<meta property=\"og:image:width\" content=\"1355\" \/>\n\t<meta property=\"og:image:height\" content=\"1500\" \/>\n\t<meta property=\"og:image:type\" content=\"image\/jpeg\" \/>\n<meta name=\"twitter:card\" content=\"summary_large_image\" \/>\n<script type=\"application\/ld+json\" class=\"yoast-schema-graph\">{\"@context\":\"https:\/\/schema.org\",\"@graph\":[{\"@type\":\"Organization\",\"@id\":\"https:\/\/www.mesvendanges.com\/en\/#organization\",\"name\":\"Mes Vendanges\",\"url\":\"https:\/\/www.mesvendanges.com\/en\/\",\"sameAs\":[],\"logo\":{\"@type\":\"ImageObject\",\"inLanguage\":\"fr-FR\",\"@id\":\"https:\/\/www.mesvendanges.com\/en\/#\/schema\/logo\/image\/\",\"url\":\"https:\/\/www.mesvendanges.com\/wp-content\/uploads\/2022\/02\/logo-mesvendanges.jpg\",\"contentUrl\":\"https:\/\/www.mesvendanges.com\/wp-content\/uploads\/2022\/02\/logo-mesvendanges.jpg\",\"width\":851,\"height\":260,\"caption\":\"Mes Vendanges\"},\"image\":{\"@id\":\"https:\/\/www.mesvendanges.com\/en\/#\/schema\/logo\/image\/\"}},{\"@type\":\"WebSite\",\"@id\":\"https:\/\/www.mesvendanges.com\/en\/#website\",\"url\":\"https:\/\/www.mesvendanges.com\/en\/\",\"name\":\"Mes Vendanges\",\"description\":\"Des journ\u00e9es enti\u00e8res dans les vignes\",\"publisher\":{\"@id\":\"https:\/\/www.mesvendanges.com\/en\/#organization\"},\"potentialAction\":[{\"@type\":\"SearchAction\",\"target\":{\"@type\":\"EntryPoint\",\"urlTemplate\":\"https:\/\/www.mesvendanges.com\/en\/?s={search_term_string}\"},\"query-input\":\"required name=search_term_string\"}],\"inLanguage\":\"fr-FR\"},{\"@type\":\"ImageObject\",\"inLanguage\":\"fr-FR\",\"@id\":\"https:\/\/www.mesvendanges.com\/en\/shop\/groceries-and-accessories\/ras-el-hanout-epices-shira-40g\/#primaryimage\",\"url\":\"https:\/\/www.mesvendanges.com\/wp-content\/uploads\/2023\/06\/ras-el-hanout-bio-jpg.jpg\",\"contentUrl\":\"https:\/\/www.mesvendanges.com\/wp-content\/uploads\/2023\/06\/ras-el-hanout-bio-jpg.jpg\",\"width\":1355,\"height\":1500},{\"@type\":\"WebPage\",\"@id\":\"https:\/\/www.mesvendanges.com\/en\/shop\/groceries-and-accessories\/ras-el-hanout-epices-shira-40g\/\",\"url\":\"https:\/\/www.mesvendanges.com\/en\/shop\/groceries-and-accessories\/ras-el-hanout-epices-shira-40g\/\",\"name\":\"RAS EL-HANOUT - Mes Vendanges\",\"isPartOf\":{\"@id\":\"https:\/\/www.mesvendanges.com\/en\/#website\"},\"primaryImageOfPage\":{\"@id\":\"https:\/\/www.mesvendanges.com\/en\/shop\/groceries-and-accessories\/ras-el-hanout-epices-shira-40g\/#primaryimage\"},\"datePublished\":\"2023-06-05T15:12:18+00:00\",\"dateModified\":\"2026-02-25T13:33:48+00:00\",\"breadcrumb\":{\"@id\":\"https:\/\/www.mesvendanges.com\/en\/shop\/groceries-and-accessories\/ras-el-hanout-epices-shira-40g\/#breadcrumb\"},\"inLanguage\":\"fr-FR\",\"potentialAction\":[{\"@type\":\"ReadAction\",\"target\":[\"https:\/\/www.mesvendanges.com\/en\/shop\/groceries-and-accessories\/ras-el-hanout-epices-shira-40g\/\"]}]},{\"@type\":\"BreadcrumbList\",\"@id\":\"https:\/\/www.mesvendanges.com\/en\/shop\/groceries-and-accessories\/ras-el-hanout-epices-shira-40g\/#breadcrumb\",\"itemListElement\":[{\"@type\":\"ListItem\",\"position\":1,\"name\":\"Home\",\"item\":\"https:\/\/www.mesvendanges.com\/en\/\"},{\"@type\":\"ListItem\",\"position\":2,\"name\":\"Shop\",\"item\":\"https:\/\/www.mesvendanges.com\/en\/shop\/\"},{\"@type\":\"ListItem\",\"position\":3,\"name\":\"RAS EL-HANOUT\"}]}]}<\/script>\n<!-- \/ Yoast SEO plugin. -->","yoast_head_json":{"title":"RAS EL-HANOUT - Mes Vendanges","robots":{"index":"index","follow":"follow","max-snippet":"max-snippet:-1","max-image-preview":"max-image-preview:large","max-video-preview":"max-video-preview:-1"},"canonical":"https:\/\/www.mesvendanges.com\/en\/shop\/groceries-and-accessories\/ras-el-hanout-epices-shira-40g\/","og_locale":"en_US","og_type":"article","og_title":"RAS EL-HANOUT - Mes Vendanges","og_description":"\u00ab M\u00e9lange f\u00e9erique du Maghreb, le ras el hanout charme tajines, couscous et riz \u00bb Notre beau m\u00e9lange ras el-hanout biologique renvoie au premier nez \u00e0 un parfum acidul\u00e9, \u00e0 des saveurs chaudes et \u00e0 la belle pr\u00e9sence d\u2019un cumin cors\u00e9 et anis\u00e9. S\u2019ensuivent des notes florales, accompagn\u00e9es d\u2019un souffle de fra\u00eecheur qui s\u2019\u00e9panouissent dans [&hellip;]","og_url":"https:\/\/www.mesvendanges.com\/en\/shop\/groceries-and-accessories\/ras-el-hanout-epices-shira-40g\/","og_site_name":"Mes Vendanges","article_modified_time":"2026-02-25T13:33:48+00:00","og_image":[{"width":1355,"height":1500,"url":"https:\/\/www.mesvendanges.com\/wp-content\/uploads\/2023\/06\/ras-el-hanout-bio-jpg.jpg","type":"image\/jpeg"}],"twitter_card":"summary_large_image","schema":{"@context":"https:\/\/schema.org","@graph":[{"@type":"Organization","@id":"https:\/\/www.mesvendanges.com\/en\/#organization","name":"Mes Vendanges","url":"https:\/\/www.mesvendanges.com\/en\/","sameAs":[],"logo":{"@type":"ImageObject","inLanguage":"fr-FR","@id":"https:\/\/www.mesvendanges.com\/en\/#\/schema\/logo\/image\/","url":"https:\/\/www.mesvendanges.com\/wp-content\/uploads\/2022\/02\/logo-mesvendanges.jpg","contentUrl":"https:\/\/www.mesvendanges.com\/wp-content\/uploads\/2022\/02\/logo-mesvendanges.jpg","width":851,"height":260,"caption":"Mes Vendanges"},"image":{"@id":"https:\/\/www.mesvendanges.com\/en\/#\/schema\/logo\/image\/"}},{"@type":"WebSite","@id":"https:\/\/www.mesvendanges.com\/en\/#website","url":"https:\/\/www.mesvendanges.com\/en\/","name":"Mes Vendanges","description":"Des journ\u00e9es enti\u00e8res dans les vignes","publisher":{"@id":"https:\/\/www.mesvendanges.com\/en\/#organization"},"potentialAction":[{"@type":"SearchAction","target":{"@type":"EntryPoint","urlTemplate":"https:\/\/www.mesvendanges.com\/en\/?s={search_term_string}"},"query-input":"required name=search_term_string"}],"inLanguage":"fr-FR"},{"@type":"ImageObject","inLanguage":"fr-FR","@id":"https:\/\/www.mesvendanges.com\/en\/shop\/groceries-and-accessories\/ras-el-hanout-epices-shira-40g\/#primaryimage","url":"https:\/\/www.mesvendanges.com\/wp-content\/uploads\/2023\/06\/ras-el-hanout-bio-jpg.jpg","contentUrl":"https:\/\/www.mesvendanges.com\/wp-content\/uploads\/2023\/06\/ras-el-hanout-bio-jpg.jpg","width":1355,"height":1500},{"@type":"WebPage","@id":"https:\/\/www.mesvendanges.com\/en\/shop\/groceries-and-accessories\/ras-el-hanout-epices-shira-40g\/","url":"https:\/\/www.mesvendanges.com\/en\/shop\/groceries-and-accessories\/ras-el-hanout-epices-shira-40g\/","name":"RAS EL-HANOUT - Mes Vendanges","isPartOf":{"@id":"https:\/\/www.mesvendanges.com\/en\/#website"},"primaryImageOfPage":{"@id":"https:\/\/www.mesvendanges.com\/en\/shop\/groceries-and-accessories\/ras-el-hanout-epices-shira-40g\/#primaryimage"},"datePublished":"2023-06-05T15:12:18+00:00","dateModified":"2026-02-25T13:33:48+00:00","breadcrumb":{"@id":"https:\/\/www.mesvendanges.com\/en\/shop\/groceries-and-accessories\/ras-el-hanout-epices-shira-40g\/#breadcrumb"},"inLanguage":"fr-FR","potentialAction":[{"@type":"ReadAction","target":["https:\/\/www.mesvendanges.com\/en\/shop\/groceries-and-accessories\/ras-el-hanout-epices-shira-40g\/"]}]},{"@type":"BreadcrumbList","@id":"https:\/\/www.mesvendanges.com\/en\/shop\/groceries-and-accessories\/ras-el-hanout-epices-shira-40g\/#breadcrumb","itemListElement":[{"@type":"ListItem","position":1,"name":"Home","item":"https:\/\/www.mesvendanges.com\/en\/"},{"@type":"ListItem","position":2,"name":"Shop","item":"https:\/\/www.mesvendanges.com\/en\/shop\/"},{"@type":"ListItem","position":3,"name":"RAS EL-HANOUT"}]}]}},"_links":{"self":[{"href":"https:\/\/www.mesvendanges.com\/en\/wp-json\/wp\/v2\/product\/65149"}],"collection":[{"href":"https:\/\/www.mesvendanges.com\/en\/wp-json\/wp\/v2\/product"}],"about":[{"href":"https:\/\/www.mesvendanges.com\/en\/wp-json\/wp\/v2\/types\/product"}],"wp:featuredmedia":[{"embeddable":true,"href":"https:\/\/www.mesvendanges.com\/en\/wp-json\/wp\/v2\/media\/65150"}],"wp:attachment":[{"href":"https:\/\/www.mesvendanges.com\/en\/wp-json\/wp\/v2\/media?parent=65149"}],"wp:term":[{"taxonomy":"product_cat","embeddable":true,"href":"https:\/\/www.mesvendanges.com\/en\/wp-json\/wp\/v2\/product_cat?post=65149"},{"taxonomy":"product_tag","embeddable":true,"href":"https:\/\/www.mesvendanges.com\/en\/wp-json\/wp\/v2\/product_tag?post=65149"}],"curies":[{"name":"wp","href":"https:\/\/api.w.org\/{rel}","templated":true}]}}