{"id":66771,"date":"2023-07-05T14:42:00","date_gmt":"2023-07-05T12:42:00","guid":{"rendered":"https:\/\/www.mesvendanges.com\/shop\/uncategorized\/gigondas-hominis-fides-saint-cosme-ch-2021-75cl\/"},"modified":"2026-03-16T11:05:56","modified_gmt":"2026-03-16T10:05:56","slug":"gigondas-hominis-fides-saint-cosme-ch-2021-75cl","status":"publish","type":"product","link":"https:\/\/www.mesvendanges.com\/en\/shop\/wines\/gigondas-hominis-fides-saint-cosme-ch-2021-75cl\/","title":{"rendered":"GIGONDAS HOMINIS FIDES"},"content":{"rendered":"<p>Tr\u00e8s vieux grenaches complant\u00e9s sur les sables calcaires du Mioc\u00e8ne au lieu-dit \u2018Hominis Fides\u2019, vinifi\u00e9 en vendange enti\u00e8re.<br \/>\nElevage de douze mois: 20 % en pi\u00e8ces neuves &#8211; 50 % en pi\u00e8ces d\u2019un vin &#8211; 30 % en pi\u00e8ces de deux et trois vins.<br \/>\nMise en bouteille sans filtration.La version 2021 d\u2019Hominis Fides nous propose comme toujours cette texture fine de tannins qui tutoie la rondeur et la douceur du grenache. Apr\u00e8s une impression fruit\u00e9e et saline,Hominis s\u2019allonge en boucheavec une tr\u00e8s belle fraicheur.<\/p>\n","protected":false},"excerpt":{"rendered":"<p>Tr\u00e8s vieux grenaches complant\u00e9s sur les sables calcaires du Mioc\u00e8ne au lieu-dit \u2018Hominis Fides\u2019, vinifi\u00e9 en vendange enti\u00e8re. Elevage de douze mois: 20 % en pi\u00e8ces neuves &#8211; 50 % en pi\u00e8ces d\u2019un vin &#8211; 30 % en pi\u00e8ces de deux et trois vins. Mise en bouteille sans filtration.La version 2021 d\u2019Hominis Fides nous propose [&hellip;]<\/p>\n","protected":false},"featured_media":76367,"template":"","meta":[],"product_cat":[3740],"product_tag":[],"acf":[],"yoast_head":"<!-- This site is optimized with the Yoast SEO plugin v19.3 - https:\/\/yoast.com\/wordpress\/plugins\/seo\/ -->\n<title>GIGONDAS HOMINIS FIDES - Mes Vendanges<\/title>\n<meta name=\"robots\" content=\"index, follow, max-snippet:-1, max-image-preview:large, max-video-preview:-1\" \/>\n<link rel=\"canonical\" href=\"https:\/\/www.mesvendanges.com\/en\/shop\/wines\/gigondas-hominis-fides-saint-cosme-ch-2021-75cl\/\" \/>\n<meta property=\"og:locale\" content=\"en_US\" \/>\n<meta property=\"og:type\" content=\"article\" \/>\n<meta property=\"og:title\" content=\"GIGONDAS HOMINIS FIDES - Mes Vendanges\" \/>\n<meta property=\"og:description\" content=\"Tr\u00e8s vieux grenaches complant\u00e9s sur les sables calcaires du Mioc\u00e8ne au lieu-dit \u2018Hominis Fides\u2019, vinifi\u00e9 en vendange enti\u00e8re. Elevage de douze mois: 20 % en pi\u00e8ces neuves &#8211; 50 % en pi\u00e8ces d\u2019un vin &#8211; 30 % en pi\u00e8ces de deux et trois vins. Mise en bouteille sans filtration.La version 2021 d\u2019Hominis Fides nous propose [&hellip;]\" \/>\n<meta property=\"og:url\" content=\"https:\/\/www.mesvendanges.com\/en\/shop\/wines\/gigondas-hominis-fides-saint-cosme-ch-2021-75cl\/\" \/>\n<meta property=\"og:site_name\" content=\"Mes Vendanges\" \/>\n<meta property=\"article:modified_time\" content=\"2026-03-16T10:05:56+00:00\" \/>\n<meta property=\"og:image\" content=\"https:\/\/www.mesvendanges.com\/wp-content\/uploads\/2024\/08\/saint-cosme-gigondas-hominis-fides-2021-png.png\" \/>\n\t<meta property=\"og:image:width\" content=\"453\" \/>\n\t<meta property=\"og:image:height\" content=\"1500\" \/>\n\t<meta property=\"og:image:type\" content=\"image\/png\" \/>\n<meta name=\"twitter:card\" content=\"summary_large_image\" \/>\n<script type=\"application\/ld+json\" class=\"yoast-schema-graph\">{\"@context\":\"https:\/\/schema.org\",\"@graph\":[{\"@type\":\"Organization\",\"@id\":\"https:\/\/www.mesvendanges.com\/en\/#organization\",\"name\":\"Mes Vendanges\",\"url\":\"https:\/\/www.mesvendanges.com\/en\/\",\"sameAs\":[],\"logo\":{\"@type\":\"ImageObject\",\"inLanguage\":\"fr-FR\",\"@id\":\"https:\/\/www.mesvendanges.com\/en\/#\/schema\/logo\/image\/\",\"url\":\"https:\/\/www.mesvendanges.com\/wp-content\/uploads\/2022\/02\/logo-mesvendanges.jpg\",\"contentUrl\":\"https:\/\/www.mesvendanges.com\/wp-content\/uploads\/2022\/02\/logo-mesvendanges.jpg\",\"width\":851,\"height\":260,\"caption\":\"Mes Vendanges\"},\"image\":{\"@id\":\"https:\/\/www.mesvendanges.com\/en\/#\/schema\/logo\/image\/\"}},{\"@type\":\"WebSite\",\"@id\":\"https:\/\/www.mesvendanges.com\/en\/#website\",\"url\":\"https:\/\/www.mesvendanges.com\/en\/\",\"name\":\"Mes Vendanges\",\"description\":\"Des journ\u00e9es enti\u00e8res dans les vignes\",\"publisher\":{\"@id\":\"https:\/\/www.mesvendanges.com\/en\/#organization\"},\"potentialAction\":[{\"@type\":\"SearchAction\",\"target\":{\"@type\":\"EntryPoint\",\"urlTemplate\":\"https:\/\/www.mesvendanges.com\/en\/?s={search_term_string}\"},\"query-input\":\"required name=search_term_string\"}],\"inLanguage\":\"fr-FR\"},{\"@type\":\"ImageObject\",\"inLanguage\":\"fr-FR\",\"@id\":\"https:\/\/www.mesvendanges.com\/en\/shop\/wines\/gigondas-hominis-fides-saint-cosme-ch-2021-75cl\/#primaryimage\",\"url\":\"https:\/\/www.mesvendanges.com\/wp-content\/uploads\/2024\/08\/saint-cosme-gigondas-hominis-fides-2021-png.png\",\"contentUrl\":\"https:\/\/www.mesvendanges.com\/wp-content\/uploads\/2024\/08\/saint-cosme-gigondas-hominis-fides-2021-png.png\",\"width\":453,\"height\":1500},{\"@type\":\"WebPage\",\"@id\":\"https:\/\/www.mesvendanges.com\/en\/shop\/wines\/gigondas-hominis-fides-saint-cosme-ch-2021-75cl\/\",\"url\":\"https:\/\/www.mesvendanges.com\/en\/shop\/wines\/gigondas-hominis-fides-saint-cosme-ch-2021-75cl\/\",\"name\":\"GIGONDAS HOMINIS FIDES - Mes Vendanges\",\"isPartOf\":{\"@id\":\"https:\/\/www.mesvendanges.com\/en\/#website\"},\"primaryImageOfPage\":{\"@id\":\"https:\/\/www.mesvendanges.com\/en\/shop\/wines\/gigondas-hominis-fides-saint-cosme-ch-2021-75cl\/#primaryimage\"},\"datePublished\":\"2023-07-05T12:42:00+00:00\",\"dateModified\":\"2026-03-16T10:05:56+00:00\",\"breadcrumb\":{\"@id\":\"https:\/\/www.mesvendanges.com\/en\/shop\/wines\/gigondas-hominis-fides-saint-cosme-ch-2021-75cl\/#breadcrumb\"},\"inLanguage\":\"fr-FR\",\"potentialAction\":[{\"@type\":\"ReadAction\",\"target\":[\"https:\/\/www.mesvendanges.com\/en\/shop\/wines\/gigondas-hominis-fides-saint-cosme-ch-2021-75cl\/\"]}]},{\"@type\":\"BreadcrumbList\",\"@id\":\"https:\/\/www.mesvendanges.com\/en\/shop\/wines\/gigondas-hominis-fides-saint-cosme-ch-2021-75cl\/#breadcrumb\",\"itemListElement\":[{\"@type\":\"ListItem\",\"position\":1,\"name\":\"Home\",\"item\":\"https:\/\/www.mesvendanges.com\/en\/\"},{\"@type\":\"ListItem\",\"position\":2,\"name\":\"Shop\",\"item\":\"https:\/\/www.mesvendanges.com\/en\/shop\/\"},{\"@type\":\"ListItem\",\"position\":3,\"name\":\"GIGONDAS HOMINIS FIDES\"}]}]}<\/script>\n<!-- \/ Yoast SEO plugin. -->","yoast_head_json":{"title":"GIGONDAS HOMINIS FIDES - Mes Vendanges","robots":{"index":"index","follow":"follow","max-snippet":"max-snippet:-1","max-image-preview":"max-image-preview:large","max-video-preview":"max-video-preview:-1"},"canonical":"https:\/\/www.mesvendanges.com\/en\/shop\/wines\/gigondas-hominis-fides-saint-cosme-ch-2021-75cl\/","og_locale":"en_US","og_type":"article","og_title":"GIGONDAS HOMINIS FIDES - Mes Vendanges","og_description":"Tr\u00e8s vieux grenaches complant\u00e9s sur les sables calcaires du Mioc\u00e8ne au lieu-dit \u2018Hominis Fides\u2019, vinifi\u00e9 en vendange enti\u00e8re. Elevage de douze mois: 20 % en pi\u00e8ces neuves &#8211; 50 % en pi\u00e8ces d\u2019un vin &#8211; 30 % en pi\u00e8ces de deux et trois vins. Mise en bouteille sans filtration.La version 2021 d\u2019Hominis Fides nous propose [&hellip;]","og_url":"https:\/\/www.mesvendanges.com\/en\/shop\/wines\/gigondas-hominis-fides-saint-cosme-ch-2021-75cl\/","og_site_name":"Mes Vendanges","article_modified_time":"2026-03-16T10:05:56+00:00","og_image":[{"width":453,"height":1500,"url":"https:\/\/www.mesvendanges.com\/wp-content\/uploads\/2024\/08\/saint-cosme-gigondas-hominis-fides-2021-png.png","type":"image\/png"}],"twitter_card":"summary_large_image","schema":{"@context":"https:\/\/schema.org","@graph":[{"@type":"Organization","@id":"https:\/\/www.mesvendanges.com\/en\/#organization","name":"Mes Vendanges","url":"https:\/\/www.mesvendanges.com\/en\/","sameAs":[],"logo":{"@type":"ImageObject","inLanguage":"fr-FR","@id":"https:\/\/www.mesvendanges.com\/en\/#\/schema\/logo\/image\/","url":"https:\/\/www.mesvendanges.com\/wp-content\/uploads\/2022\/02\/logo-mesvendanges.jpg","contentUrl":"https:\/\/www.mesvendanges.com\/wp-content\/uploads\/2022\/02\/logo-mesvendanges.jpg","width":851,"height":260,"caption":"Mes Vendanges"},"image":{"@id":"https:\/\/www.mesvendanges.com\/en\/#\/schema\/logo\/image\/"}},{"@type":"WebSite","@id":"https:\/\/www.mesvendanges.com\/en\/#website","url":"https:\/\/www.mesvendanges.com\/en\/","name":"Mes Vendanges","description":"Des journ\u00e9es enti\u00e8res dans les vignes","publisher":{"@id":"https:\/\/www.mesvendanges.com\/en\/#organization"},"potentialAction":[{"@type":"SearchAction","target":{"@type":"EntryPoint","urlTemplate":"https:\/\/www.mesvendanges.com\/en\/?s={search_term_string}"},"query-input":"required name=search_term_string"}],"inLanguage":"fr-FR"},{"@type":"ImageObject","inLanguage":"fr-FR","@id":"https:\/\/www.mesvendanges.com\/en\/shop\/wines\/gigondas-hominis-fides-saint-cosme-ch-2021-75cl\/#primaryimage","url":"https:\/\/www.mesvendanges.com\/wp-content\/uploads\/2024\/08\/saint-cosme-gigondas-hominis-fides-2021-png.png","contentUrl":"https:\/\/www.mesvendanges.com\/wp-content\/uploads\/2024\/08\/saint-cosme-gigondas-hominis-fides-2021-png.png","width":453,"height":1500},{"@type":"WebPage","@id":"https:\/\/www.mesvendanges.com\/en\/shop\/wines\/gigondas-hominis-fides-saint-cosme-ch-2021-75cl\/","url":"https:\/\/www.mesvendanges.com\/en\/shop\/wines\/gigondas-hominis-fides-saint-cosme-ch-2021-75cl\/","name":"GIGONDAS HOMINIS FIDES - Mes Vendanges","isPartOf":{"@id":"https:\/\/www.mesvendanges.com\/en\/#website"},"primaryImageOfPage":{"@id":"https:\/\/www.mesvendanges.com\/en\/shop\/wines\/gigondas-hominis-fides-saint-cosme-ch-2021-75cl\/#primaryimage"},"datePublished":"2023-07-05T12:42:00+00:00","dateModified":"2026-03-16T10:05:56+00:00","breadcrumb":{"@id":"https:\/\/www.mesvendanges.com\/en\/shop\/wines\/gigondas-hominis-fides-saint-cosme-ch-2021-75cl\/#breadcrumb"},"inLanguage":"fr-FR","potentialAction":[{"@type":"ReadAction","target":["https:\/\/www.mesvendanges.com\/en\/shop\/wines\/gigondas-hominis-fides-saint-cosme-ch-2021-75cl\/"]}]},{"@type":"BreadcrumbList","@id":"https:\/\/www.mesvendanges.com\/en\/shop\/wines\/gigondas-hominis-fides-saint-cosme-ch-2021-75cl\/#breadcrumb","itemListElement":[{"@type":"ListItem","position":1,"name":"Home","item":"https:\/\/www.mesvendanges.com\/en\/"},{"@type":"ListItem","position":2,"name":"Shop","item":"https:\/\/www.mesvendanges.com\/en\/shop\/"},{"@type":"ListItem","position":3,"name":"GIGONDAS HOMINIS FIDES"}]}]}},"_links":{"self":[{"href":"https:\/\/www.mesvendanges.com\/en\/wp-json\/wp\/v2\/product\/66771"}],"collection":[{"href":"https:\/\/www.mesvendanges.com\/en\/wp-json\/wp\/v2\/product"}],"about":[{"href":"https:\/\/www.mesvendanges.com\/en\/wp-json\/wp\/v2\/types\/product"}],"wp:featuredmedia":[{"embeddable":true,"href":"https:\/\/www.mesvendanges.com\/en\/wp-json\/wp\/v2\/media\/76367"}],"wp:attachment":[{"href":"https:\/\/www.mesvendanges.com\/en\/wp-json\/wp\/v2\/media?parent=66771"}],"wp:term":[{"taxonomy":"product_cat","embeddable":true,"href":"https:\/\/www.mesvendanges.com\/en\/wp-json\/wp\/v2\/product_cat?post=66771"},{"taxonomy":"product_tag","embeddable":true,"href":"https:\/\/www.mesvendanges.com\/en\/wp-json\/wp\/v2\/product_tag?post=66771"}],"curies":[{"name":"wp","href":"https:\/\/api.w.org\/{rel}","templated":true}]}}