{"id":66777,"date":"2023-07-05T15:03:52","date_gmt":"2023-07-05T13:03:52","guid":{"rendered":"https:\/\/www.mesvendanges.com\/shop\/uncategorized\/cote-rotie-saint-cosme-ch-2021-75cl\/"},"modified":"2025-05-07T17:53:38","modified_gmt":"2025-05-07T15:53:38","slug":"cote-rotie-saint-cosme-ch-2021-75cl","status":"publish","type":"product","link":"https:\/\/www.mesvendanges.com\/en\/shop\/wines\/cote-rotie-saint-cosme-ch-2021-75cl\/","title":{"rendered":"COTE-ROTIE"},"content":{"rendered":"<p>100% Serine (syrah ancienne) en vendange enti\u00e8re.<br \/>\nSchistes et Micaschistes aux lieux-dits Semons, But de Mont, Les Bercheries, Maison Rouge, Rozier, C\u00f4te Rozier, Besset et Bodin.<br \/>\n\u00e9levage de douze mois : 30 % en pi\u00e8ces neuves &#8211; 70 % en pi\u00e8ces d\u2019un vin.<br \/>\nMise en bouteille sans filtration.<br \/>\nPar bonheur, nos lieux-dits de la C\u00f4te-R\u00f4tie, plutot tardifs, n\u2019ont pas \u00e9t\u00e9 touch\u00e9s par le gel en 2021. Quand on parle de gel, on est bien sur obnubil\u00e9s par la perte de r\u00e9colte et c\u2019est tout \u00e0 fait normal ; mais il ne faut<br \/>\npas oublier \u00e0 quel point le gel est un stress violent pour la vigne et pour sa physiologie. Il en est de m\u00eame avec la gr\u00eale, qui soit dit en passant n\u2019engendre jamais des grands mill\u00e9simes. Car la vigne a besoin de calme, d\u2019\u00e9quilibre et de r\u00e9gularit\u00e9 pour donner le meilleur d\u2019elle-m\u00eame. La C\u00f4te R\u00f4tie a renou\u00e9 en 2021 avec une ann\u00e9e authentiquement froide comme elle en connaissait beaucoup il y a quelques d\u00e9cennies. Le printemps a commenc\u00e9 avec des temp\u00e9ratures hivernales qui ont d\u00e9cal\u00e9 la maturation. Bien que l\u2019\u00e9t\u00e9 fut assez beau, nous arriv\u00e2mes aux vendanges avec un retard important qui a engendr\u00e9 des vendanges n\u00e9cessitant beaucoup de pr\u00e9cision dans le travail. Les vins se sont bien \u00e9lev\u00e9s, avec des r\u00e9solutions ar\u00f4matiques r\u00e9ussies et un \u2018charnu\u2019 qui s\u2019est mis en place petit \u00e0 petit. L\u2019expression directe et rapide du sol dans le verre est \u00e9tonnante dans ce genre de mill\u00e9sime : il en r\u00e9sulte des vins parfum\u00e9s, ronds et amicaux qui \u00e9voquent ostensiblement leur lieu de naissance. Il n\u2019y a que du plaisir dans ces 2021 qui renouent avec le fruit : n\u2019h\u00e9sitez pas \u00e0 les ouvrir avant les 2020.<\/p>\n","protected":false},"excerpt":{"rendered":"<p>100% Serine (syrah ancienne) en vendange enti\u00e8re. Schistes et Micaschistes aux lieux-dits Semons, But de Mont, Les Bercheries, Maison Rouge, Rozier, C\u00f4te Rozier, Besset et Bodin. \u00e9levage de douze mois : 30 % en pi\u00e8ces neuves &#8211; 70 % en pi\u00e8ces d\u2019un vin. Mise en bouteille sans filtration. Par bonheur, nos lieux-dits de la C\u00f4te-R\u00f4tie, [&hellip;]<\/p>\n","protected":false},"featured_media":76363,"template":"","meta":[],"product_cat":[3740],"product_tag":[],"acf":[],"yoast_head":"<!-- This site is optimized with the Yoast SEO plugin v19.3 - https:\/\/yoast.com\/wordpress\/plugins\/seo\/ -->\n<title>COTE-ROTIE - Mes Vendanges<\/title>\n<meta name=\"robots\" content=\"index, follow, max-snippet:-1, max-image-preview:large, max-video-preview:-1\" \/>\n<link rel=\"canonical\" href=\"https:\/\/www.mesvendanges.com\/en\/shop\/wines\/cote-rotie-saint-cosme-ch-2021-75cl\/\" \/>\n<meta property=\"og:locale\" content=\"en_US\" \/>\n<meta property=\"og:type\" content=\"article\" \/>\n<meta property=\"og:title\" content=\"COTE-ROTIE - Mes Vendanges\" \/>\n<meta property=\"og:description\" content=\"100% Serine (syrah ancienne) en vendange enti\u00e8re. Schistes et Micaschistes aux lieux-dits Semons, But de Mont, Les Bercheries, Maison Rouge, Rozier, C\u00f4te Rozier, Besset et Bodin. \u00e9levage de douze mois : 30 % en pi\u00e8ces neuves &#8211; 70 % en pi\u00e8ces d\u2019un vin. Mise en bouteille sans filtration. Par bonheur, nos lieux-dits de la C\u00f4te-R\u00f4tie, [&hellip;]\" \/>\n<meta property=\"og:url\" content=\"https:\/\/www.mesvendanges.com\/en\/shop\/wines\/cote-rotie-saint-cosme-ch-2021-75cl\/\" \/>\n<meta property=\"og:site_name\" content=\"Mes Vendanges\" \/>\n<meta property=\"article:modified_time\" content=\"2025-05-07T15:53:38+00:00\" \/>\n<meta property=\"og:image\" content=\"https:\/\/www.mesvendanges.com\/wp-content\/uploads\/2024\/08\/saint-cosme-cote-rotie-2021-png.png\" \/>\n\t<meta property=\"og:image:width\" content=\"444\" \/>\n\t<meta property=\"og:image:height\" content=\"1500\" \/>\n\t<meta property=\"og:image:type\" content=\"image\/png\" \/>\n<meta name=\"twitter:card\" content=\"summary_large_image\" \/>\n<meta name=\"twitter:label1\" content=\"Est. reading time\" \/>\n\t<meta name=\"twitter:data1\" content=\"2 minutes\" \/>\n<script type=\"application\/ld+json\" class=\"yoast-schema-graph\">{\"@context\":\"https:\/\/schema.org\",\"@graph\":[{\"@type\":\"Organization\",\"@id\":\"https:\/\/www.mesvendanges.com\/en\/#organization\",\"name\":\"Mes Vendanges\",\"url\":\"https:\/\/www.mesvendanges.com\/en\/\",\"sameAs\":[],\"logo\":{\"@type\":\"ImageObject\",\"inLanguage\":\"fr-FR\",\"@id\":\"https:\/\/www.mesvendanges.com\/en\/#\/schema\/logo\/image\/\",\"url\":\"https:\/\/www.mesvendanges.com\/wp-content\/uploads\/2022\/02\/logo-mesvendanges.jpg\",\"contentUrl\":\"https:\/\/www.mesvendanges.com\/wp-content\/uploads\/2022\/02\/logo-mesvendanges.jpg\",\"width\":851,\"height\":260,\"caption\":\"Mes Vendanges\"},\"image\":{\"@id\":\"https:\/\/www.mesvendanges.com\/en\/#\/schema\/logo\/image\/\"}},{\"@type\":\"WebSite\",\"@id\":\"https:\/\/www.mesvendanges.com\/en\/#website\",\"url\":\"https:\/\/www.mesvendanges.com\/en\/\",\"name\":\"Mes Vendanges\",\"description\":\"Des journ\u00e9es enti\u00e8res dans les vignes\",\"publisher\":{\"@id\":\"https:\/\/www.mesvendanges.com\/en\/#organization\"},\"potentialAction\":[{\"@type\":\"SearchAction\",\"target\":{\"@type\":\"EntryPoint\",\"urlTemplate\":\"https:\/\/www.mesvendanges.com\/en\/?s={search_term_string}\"},\"query-input\":\"required name=search_term_string\"}],\"inLanguage\":\"fr-FR\"},{\"@type\":\"ImageObject\",\"inLanguage\":\"fr-FR\",\"@id\":\"https:\/\/www.mesvendanges.com\/en\/shop\/wines\/cote-rotie-saint-cosme-ch-2021-75cl\/#primaryimage\",\"url\":\"https:\/\/www.mesvendanges.com\/wp-content\/uploads\/2024\/08\/saint-cosme-cote-rotie-2021-png.png\",\"contentUrl\":\"https:\/\/www.mesvendanges.com\/wp-content\/uploads\/2024\/08\/saint-cosme-cote-rotie-2021-png.png\",\"width\":444,\"height\":1500},{\"@type\":\"WebPage\",\"@id\":\"https:\/\/www.mesvendanges.com\/en\/shop\/wines\/cote-rotie-saint-cosme-ch-2021-75cl\/\",\"url\":\"https:\/\/www.mesvendanges.com\/en\/shop\/wines\/cote-rotie-saint-cosme-ch-2021-75cl\/\",\"name\":\"COTE-ROTIE - Mes Vendanges\",\"isPartOf\":{\"@id\":\"https:\/\/www.mesvendanges.com\/en\/#website\"},\"primaryImageOfPage\":{\"@id\":\"https:\/\/www.mesvendanges.com\/en\/shop\/wines\/cote-rotie-saint-cosme-ch-2021-75cl\/#primaryimage\"},\"datePublished\":\"2023-07-05T13:03:52+00:00\",\"dateModified\":\"2025-05-07T15:53:38+00:00\",\"breadcrumb\":{\"@id\":\"https:\/\/www.mesvendanges.com\/en\/shop\/wines\/cote-rotie-saint-cosme-ch-2021-75cl\/#breadcrumb\"},\"inLanguage\":\"fr-FR\",\"potentialAction\":[{\"@type\":\"ReadAction\",\"target\":[\"https:\/\/www.mesvendanges.com\/en\/shop\/wines\/cote-rotie-saint-cosme-ch-2021-75cl\/\"]}]},{\"@type\":\"BreadcrumbList\",\"@id\":\"https:\/\/www.mesvendanges.com\/en\/shop\/wines\/cote-rotie-saint-cosme-ch-2021-75cl\/#breadcrumb\",\"itemListElement\":[{\"@type\":\"ListItem\",\"position\":1,\"name\":\"Home\",\"item\":\"https:\/\/www.mesvendanges.com\/en\/\"},{\"@type\":\"ListItem\",\"position\":2,\"name\":\"Shop\",\"item\":\"https:\/\/www.mesvendanges.com\/en\/shop\/\"},{\"@type\":\"ListItem\",\"position\":3,\"name\":\"COTE-ROTIE\"}]}]}<\/script>\n<!-- \/ Yoast SEO plugin. -->","yoast_head_json":{"title":"COTE-ROTIE - Mes Vendanges","robots":{"index":"index","follow":"follow","max-snippet":"max-snippet:-1","max-image-preview":"max-image-preview:large","max-video-preview":"max-video-preview:-1"},"canonical":"https:\/\/www.mesvendanges.com\/en\/shop\/wines\/cote-rotie-saint-cosme-ch-2021-75cl\/","og_locale":"en_US","og_type":"article","og_title":"COTE-ROTIE - Mes Vendanges","og_description":"100% Serine (syrah ancienne) en vendange enti\u00e8re. Schistes et Micaschistes aux lieux-dits Semons, But de Mont, Les Bercheries, Maison Rouge, Rozier, C\u00f4te Rozier, Besset et Bodin. \u00e9levage de douze mois : 30 % en pi\u00e8ces neuves &#8211; 70 % en pi\u00e8ces d\u2019un vin. Mise en bouteille sans filtration. Par bonheur, nos lieux-dits de la C\u00f4te-R\u00f4tie, [&hellip;]","og_url":"https:\/\/www.mesvendanges.com\/en\/shop\/wines\/cote-rotie-saint-cosme-ch-2021-75cl\/","og_site_name":"Mes Vendanges","article_modified_time":"2025-05-07T15:53:38+00:00","og_image":[{"width":444,"height":1500,"url":"https:\/\/www.mesvendanges.com\/wp-content\/uploads\/2024\/08\/saint-cosme-cote-rotie-2021-png.png","type":"image\/png"}],"twitter_card":"summary_large_image","twitter_misc":{"Est. reading time":"2 minutes"},"schema":{"@context":"https:\/\/schema.org","@graph":[{"@type":"Organization","@id":"https:\/\/www.mesvendanges.com\/en\/#organization","name":"Mes Vendanges","url":"https:\/\/www.mesvendanges.com\/en\/","sameAs":[],"logo":{"@type":"ImageObject","inLanguage":"fr-FR","@id":"https:\/\/www.mesvendanges.com\/en\/#\/schema\/logo\/image\/","url":"https:\/\/www.mesvendanges.com\/wp-content\/uploads\/2022\/02\/logo-mesvendanges.jpg","contentUrl":"https:\/\/www.mesvendanges.com\/wp-content\/uploads\/2022\/02\/logo-mesvendanges.jpg","width":851,"height":260,"caption":"Mes Vendanges"},"image":{"@id":"https:\/\/www.mesvendanges.com\/en\/#\/schema\/logo\/image\/"}},{"@type":"WebSite","@id":"https:\/\/www.mesvendanges.com\/en\/#website","url":"https:\/\/www.mesvendanges.com\/en\/","name":"Mes Vendanges","description":"Des journ\u00e9es enti\u00e8res dans les vignes","publisher":{"@id":"https:\/\/www.mesvendanges.com\/en\/#organization"},"potentialAction":[{"@type":"SearchAction","target":{"@type":"EntryPoint","urlTemplate":"https:\/\/www.mesvendanges.com\/en\/?s={search_term_string}"},"query-input":"required name=search_term_string"}],"inLanguage":"fr-FR"},{"@type":"ImageObject","inLanguage":"fr-FR","@id":"https:\/\/www.mesvendanges.com\/en\/shop\/wines\/cote-rotie-saint-cosme-ch-2021-75cl\/#primaryimage","url":"https:\/\/www.mesvendanges.com\/wp-content\/uploads\/2024\/08\/saint-cosme-cote-rotie-2021-png.png","contentUrl":"https:\/\/www.mesvendanges.com\/wp-content\/uploads\/2024\/08\/saint-cosme-cote-rotie-2021-png.png","width":444,"height":1500},{"@type":"WebPage","@id":"https:\/\/www.mesvendanges.com\/en\/shop\/wines\/cote-rotie-saint-cosme-ch-2021-75cl\/","url":"https:\/\/www.mesvendanges.com\/en\/shop\/wines\/cote-rotie-saint-cosme-ch-2021-75cl\/","name":"COTE-ROTIE - Mes Vendanges","isPartOf":{"@id":"https:\/\/www.mesvendanges.com\/en\/#website"},"primaryImageOfPage":{"@id":"https:\/\/www.mesvendanges.com\/en\/shop\/wines\/cote-rotie-saint-cosme-ch-2021-75cl\/#primaryimage"},"datePublished":"2023-07-05T13:03:52+00:00","dateModified":"2025-05-07T15:53:38+00:00","breadcrumb":{"@id":"https:\/\/www.mesvendanges.com\/en\/shop\/wines\/cote-rotie-saint-cosme-ch-2021-75cl\/#breadcrumb"},"inLanguage":"fr-FR","potentialAction":[{"@type":"ReadAction","target":["https:\/\/www.mesvendanges.com\/en\/shop\/wines\/cote-rotie-saint-cosme-ch-2021-75cl\/"]}]},{"@type":"BreadcrumbList","@id":"https:\/\/www.mesvendanges.com\/en\/shop\/wines\/cote-rotie-saint-cosme-ch-2021-75cl\/#breadcrumb","itemListElement":[{"@type":"ListItem","position":1,"name":"Home","item":"https:\/\/www.mesvendanges.com\/en\/"},{"@type":"ListItem","position":2,"name":"Shop","item":"https:\/\/www.mesvendanges.com\/en\/shop\/"},{"@type":"ListItem","position":3,"name":"COTE-ROTIE"}]}]}},"_links":{"self":[{"href":"https:\/\/www.mesvendanges.com\/en\/wp-json\/wp\/v2\/product\/66777"}],"collection":[{"href":"https:\/\/www.mesvendanges.com\/en\/wp-json\/wp\/v2\/product"}],"about":[{"href":"https:\/\/www.mesvendanges.com\/en\/wp-json\/wp\/v2\/types\/product"}],"wp:featuredmedia":[{"embeddable":true,"href":"https:\/\/www.mesvendanges.com\/en\/wp-json\/wp\/v2\/media\/76363"}],"wp:attachment":[{"href":"https:\/\/www.mesvendanges.com\/en\/wp-json\/wp\/v2\/media?parent=66777"}],"wp:term":[{"taxonomy":"product_cat","embeddable":true,"href":"https:\/\/www.mesvendanges.com\/en\/wp-json\/wp\/v2\/product_cat?post=66777"},{"taxonomy":"product_tag","embeddable":true,"href":"https:\/\/www.mesvendanges.com\/en\/wp-json\/wp\/v2\/product_tag?post=66777"}],"curies":[{"name":"wp","href":"https:\/\/api.w.org\/{rel}","templated":true}]}}