{"id":66922,"date":"2023-08-10T12:09:28","date_gmt":"2023-08-10T10:09:28","guid":{"rendered":"https:\/\/www.mesvendanges.com\/shop\/uncategorized\/la-petite-grange-chappaz-marie-therese-2021-75cl\/"},"modified":"2025-05-01T14:41:01","modified_gmt":"2025-05-01T12:41:01","slug":"la-petite-grange-chappaz-marie-therese-2021-75cl","status":"publish","type":"product","link":"https:\/\/www.mesvendanges.com\/en\/shop\/wines\/la-petite-grange-chappaz-marie-therese-2021-75cl\/","title":{"rendered":"LA PETITE GRANGE"},"content":{"rendered":"<p>La cuv\u00e9e a connu un \u00e9levage un peu plus long que d\u2019habitude afin de laisser s\u2019exprimer cet assemblage de gamaret, galotta et de diolinoir. Ceux qui aimaient le nez de garrigue de la cuv\u00e9e auront plaisir \u00e0 le retrouver, subtilement agr\u00e9ment\u00e9 de senteurs de tabac blond, de groseille \u00e0 maquereau et de clou de girofle. A savourer \u00e9galement son c\u00f4t\u00e9 graphite, mine de crayon. Sa robe est intense.<\/p>\n","protected":false},"excerpt":{"rendered":"<p>La cuv\u00e9e a connu un \u00e9levage un peu plus long que d\u2019habitude afin de laisser s\u2019exprimer cet assemblage de gamaret, galotta et de diolinoir. Ceux qui aimaient le nez de garrigue de la cuv\u00e9e auront plaisir \u00e0 le retrouver, subtilement agr\u00e9ment\u00e9 de senteurs de tabac blond, de groseille \u00e0 maquereau et de clou de girofle. [&hellip;]<\/p>\n","protected":false},"featured_media":75612,"template":"","meta":[],"product_cat":[3740],"product_tag":[],"acf":[],"yoast_head":"<!-- This site is optimized with the Yoast SEO plugin v19.3 - https:\/\/yoast.com\/wordpress\/plugins\/seo\/ -->\n<title>LA PETITE GRANGE - Mes Vendanges<\/title>\n<meta name=\"robots\" content=\"index, follow, max-snippet:-1, max-image-preview:large, max-video-preview:-1\" \/>\n<link rel=\"canonical\" href=\"https:\/\/www.mesvendanges.com\/en\/shop\/wines\/la-petite-grange-chappaz-marie-therese-2021-75cl\/\" \/>\n<meta property=\"og:locale\" content=\"en_US\" \/>\n<meta property=\"og:type\" content=\"article\" \/>\n<meta property=\"og:title\" content=\"LA PETITE GRANGE - Mes Vendanges\" \/>\n<meta property=\"og:description\" content=\"La cuv\u00e9e a connu un \u00e9levage un peu plus long que d\u2019habitude afin de laisser s\u2019exprimer cet assemblage de gamaret, galotta et de diolinoir. Ceux qui aimaient le nez de garrigue de la cuv\u00e9e auront plaisir \u00e0 le retrouver, subtilement agr\u00e9ment\u00e9 de senteurs de tabac blond, de groseille \u00e0 maquereau et de clou de girofle. [&hellip;]\" \/>\n<meta property=\"og:url\" content=\"https:\/\/www.mesvendanges.com\/en\/shop\/wines\/la-petite-grange-chappaz-marie-therese-2021-75cl\/\" \/>\n<meta property=\"og:site_name\" content=\"Mes Vendanges\" \/>\n<meta property=\"article:modified_time\" content=\"2025-05-01T12:41:01+00:00\" \/>\n<meta property=\"og:image\" content=\"https:\/\/www.mesvendanges.com\/wp-content\/uploads\/2024\/08\/chappaz-la-petite-grange-2021-png.png\" \/>\n\t<meta property=\"og:image:width\" content=\"437\" \/>\n\t<meta property=\"og:image:height\" content=\"1500\" \/>\n\t<meta property=\"og:image:type\" content=\"image\/png\" \/>\n<meta name=\"twitter:card\" content=\"summary_large_image\" \/>\n<script type=\"application\/ld+json\" class=\"yoast-schema-graph\">{\"@context\":\"https:\/\/schema.org\",\"@graph\":[{\"@type\":\"Organization\",\"@id\":\"https:\/\/www.mesvendanges.com\/en\/#organization\",\"name\":\"Mes Vendanges\",\"url\":\"https:\/\/www.mesvendanges.com\/en\/\",\"sameAs\":[],\"logo\":{\"@type\":\"ImageObject\",\"inLanguage\":\"fr-FR\",\"@id\":\"https:\/\/www.mesvendanges.com\/en\/#\/schema\/logo\/image\/\",\"url\":\"https:\/\/www.mesvendanges.com\/wp-content\/uploads\/2022\/02\/logo-mesvendanges.jpg\",\"contentUrl\":\"https:\/\/www.mesvendanges.com\/wp-content\/uploads\/2022\/02\/logo-mesvendanges.jpg\",\"width\":851,\"height\":260,\"caption\":\"Mes Vendanges\"},\"image\":{\"@id\":\"https:\/\/www.mesvendanges.com\/en\/#\/schema\/logo\/image\/\"}},{\"@type\":\"WebSite\",\"@id\":\"https:\/\/www.mesvendanges.com\/en\/#website\",\"url\":\"https:\/\/www.mesvendanges.com\/en\/\",\"name\":\"Mes Vendanges\",\"description\":\"Des journ\u00e9es enti\u00e8res dans les vignes\",\"publisher\":{\"@id\":\"https:\/\/www.mesvendanges.com\/en\/#organization\"},\"potentialAction\":[{\"@type\":\"SearchAction\",\"target\":{\"@type\":\"EntryPoint\",\"urlTemplate\":\"https:\/\/www.mesvendanges.com\/en\/?s={search_term_string}\"},\"query-input\":\"required name=search_term_string\"}],\"inLanguage\":\"fr-FR\"},{\"@type\":\"ImageObject\",\"inLanguage\":\"fr-FR\",\"@id\":\"https:\/\/www.mesvendanges.com\/en\/shop\/wines\/la-petite-grange-chappaz-marie-therese-2021-75cl\/#primaryimage\",\"url\":\"https:\/\/www.mesvendanges.com\/wp-content\/uploads\/2024\/08\/chappaz-la-petite-grange-2021-png.png\",\"contentUrl\":\"https:\/\/www.mesvendanges.com\/wp-content\/uploads\/2024\/08\/chappaz-la-petite-grange-2021-png.png\",\"width\":437,\"height\":1500},{\"@type\":\"WebPage\",\"@id\":\"https:\/\/www.mesvendanges.com\/en\/shop\/wines\/la-petite-grange-chappaz-marie-therese-2021-75cl\/\",\"url\":\"https:\/\/www.mesvendanges.com\/en\/shop\/wines\/la-petite-grange-chappaz-marie-therese-2021-75cl\/\",\"name\":\"LA PETITE GRANGE - Mes Vendanges\",\"isPartOf\":{\"@id\":\"https:\/\/www.mesvendanges.com\/en\/#website\"},\"primaryImageOfPage\":{\"@id\":\"https:\/\/www.mesvendanges.com\/en\/shop\/wines\/la-petite-grange-chappaz-marie-therese-2021-75cl\/#primaryimage\"},\"datePublished\":\"2023-08-10T10:09:28+00:00\",\"dateModified\":\"2025-05-01T12:41:01+00:00\",\"breadcrumb\":{\"@id\":\"https:\/\/www.mesvendanges.com\/en\/shop\/wines\/la-petite-grange-chappaz-marie-therese-2021-75cl\/#breadcrumb\"},\"inLanguage\":\"fr-FR\",\"potentialAction\":[{\"@type\":\"ReadAction\",\"target\":[\"https:\/\/www.mesvendanges.com\/en\/shop\/wines\/la-petite-grange-chappaz-marie-therese-2021-75cl\/\"]}]},{\"@type\":\"BreadcrumbList\",\"@id\":\"https:\/\/www.mesvendanges.com\/en\/shop\/wines\/la-petite-grange-chappaz-marie-therese-2021-75cl\/#breadcrumb\",\"itemListElement\":[{\"@type\":\"ListItem\",\"position\":1,\"name\":\"Home\",\"item\":\"https:\/\/www.mesvendanges.com\/en\/\"},{\"@type\":\"ListItem\",\"position\":2,\"name\":\"Shop\",\"item\":\"https:\/\/www.mesvendanges.com\/en\/shop\/\"},{\"@type\":\"ListItem\",\"position\":3,\"name\":\"LA PETITE GRANGE\"}]}]}<\/script>\n<!-- \/ Yoast SEO plugin. -->","yoast_head_json":{"title":"LA PETITE GRANGE - Mes Vendanges","robots":{"index":"index","follow":"follow","max-snippet":"max-snippet:-1","max-image-preview":"max-image-preview:large","max-video-preview":"max-video-preview:-1"},"canonical":"https:\/\/www.mesvendanges.com\/en\/shop\/wines\/la-petite-grange-chappaz-marie-therese-2021-75cl\/","og_locale":"en_US","og_type":"article","og_title":"LA PETITE GRANGE - Mes Vendanges","og_description":"La cuv\u00e9e a connu un \u00e9levage un peu plus long que d\u2019habitude afin de laisser s\u2019exprimer cet assemblage de gamaret, galotta et de diolinoir. Ceux qui aimaient le nez de garrigue de la cuv\u00e9e auront plaisir \u00e0 le retrouver, subtilement agr\u00e9ment\u00e9 de senteurs de tabac blond, de groseille \u00e0 maquereau et de clou de girofle. [&hellip;]","og_url":"https:\/\/www.mesvendanges.com\/en\/shop\/wines\/la-petite-grange-chappaz-marie-therese-2021-75cl\/","og_site_name":"Mes Vendanges","article_modified_time":"2025-05-01T12:41:01+00:00","og_image":[{"width":437,"height":1500,"url":"https:\/\/www.mesvendanges.com\/wp-content\/uploads\/2024\/08\/chappaz-la-petite-grange-2021-png.png","type":"image\/png"}],"twitter_card":"summary_large_image","schema":{"@context":"https:\/\/schema.org","@graph":[{"@type":"Organization","@id":"https:\/\/www.mesvendanges.com\/en\/#organization","name":"Mes Vendanges","url":"https:\/\/www.mesvendanges.com\/en\/","sameAs":[],"logo":{"@type":"ImageObject","inLanguage":"fr-FR","@id":"https:\/\/www.mesvendanges.com\/en\/#\/schema\/logo\/image\/","url":"https:\/\/www.mesvendanges.com\/wp-content\/uploads\/2022\/02\/logo-mesvendanges.jpg","contentUrl":"https:\/\/www.mesvendanges.com\/wp-content\/uploads\/2022\/02\/logo-mesvendanges.jpg","width":851,"height":260,"caption":"Mes Vendanges"},"image":{"@id":"https:\/\/www.mesvendanges.com\/en\/#\/schema\/logo\/image\/"}},{"@type":"WebSite","@id":"https:\/\/www.mesvendanges.com\/en\/#website","url":"https:\/\/www.mesvendanges.com\/en\/","name":"Mes Vendanges","description":"Des journ\u00e9es enti\u00e8res dans les vignes","publisher":{"@id":"https:\/\/www.mesvendanges.com\/en\/#organization"},"potentialAction":[{"@type":"SearchAction","target":{"@type":"EntryPoint","urlTemplate":"https:\/\/www.mesvendanges.com\/en\/?s={search_term_string}"},"query-input":"required name=search_term_string"}],"inLanguage":"fr-FR"},{"@type":"ImageObject","inLanguage":"fr-FR","@id":"https:\/\/www.mesvendanges.com\/en\/shop\/wines\/la-petite-grange-chappaz-marie-therese-2021-75cl\/#primaryimage","url":"https:\/\/www.mesvendanges.com\/wp-content\/uploads\/2024\/08\/chappaz-la-petite-grange-2021-png.png","contentUrl":"https:\/\/www.mesvendanges.com\/wp-content\/uploads\/2024\/08\/chappaz-la-petite-grange-2021-png.png","width":437,"height":1500},{"@type":"WebPage","@id":"https:\/\/www.mesvendanges.com\/en\/shop\/wines\/la-petite-grange-chappaz-marie-therese-2021-75cl\/","url":"https:\/\/www.mesvendanges.com\/en\/shop\/wines\/la-petite-grange-chappaz-marie-therese-2021-75cl\/","name":"LA PETITE GRANGE - Mes Vendanges","isPartOf":{"@id":"https:\/\/www.mesvendanges.com\/en\/#website"},"primaryImageOfPage":{"@id":"https:\/\/www.mesvendanges.com\/en\/shop\/wines\/la-petite-grange-chappaz-marie-therese-2021-75cl\/#primaryimage"},"datePublished":"2023-08-10T10:09:28+00:00","dateModified":"2025-05-01T12:41:01+00:00","breadcrumb":{"@id":"https:\/\/www.mesvendanges.com\/en\/shop\/wines\/la-petite-grange-chappaz-marie-therese-2021-75cl\/#breadcrumb"},"inLanguage":"fr-FR","potentialAction":[{"@type":"ReadAction","target":["https:\/\/www.mesvendanges.com\/en\/shop\/wines\/la-petite-grange-chappaz-marie-therese-2021-75cl\/"]}]},{"@type":"BreadcrumbList","@id":"https:\/\/www.mesvendanges.com\/en\/shop\/wines\/la-petite-grange-chappaz-marie-therese-2021-75cl\/#breadcrumb","itemListElement":[{"@type":"ListItem","position":1,"name":"Home","item":"https:\/\/www.mesvendanges.com\/en\/"},{"@type":"ListItem","position":2,"name":"Shop","item":"https:\/\/www.mesvendanges.com\/en\/shop\/"},{"@type":"ListItem","position":3,"name":"LA PETITE GRANGE"}]}]}},"_links":{"self":[{"href":"https:\/\/www.mesvendanges.com\/en\/wp-json\/wp\/v2\/product\/66922"}],"collection":[{"href":"https:\/\/www.mesvendanges.com\/en\/wp-json\/wp\/v2\/product"}],"about":[{"href":"https:\/\/www.mesvendanges.com\/en\/wp-json\/wp\/v2\/types\/product"}],"wp:featuredmedia":[{"embeddable":true,"href":"https:\/\/www.mesvendanges.com\/en\/wp-json\/wp\/v2\/media\/75612"}],"wp:attachment":[{"href":"https:\/\/www.mesvendanges.com\/en\/wp-json\/wp\/v2\/media?parent=66922"}],"wp:term":[{"taxonomy":"product_cat","embeddable":true,"href":"https:\/\/www.mesvendanges.com\/en\/wp-json\/wp\/v2\/product_cat?post=66922"},{"taxonomy":"product_tag","embeddable":true,"href":"https:\/\/www.mesvendanges.com\/en\/wp-json\/wp\/v2\/product_tag?post=66922"}],"curies":[{"name":"wp","href":"https:\/\/api.w.org\/{rel}","templated":true}]}}