{"id":67107,"date":"2023-09-22T16:38:26","date_gmt":"2023-09-22T14:38:26","guid":{"rendered":"https:\/\/www.mesvendanges.com\/shop\/uncategorized\/curcuma-du-keral-moulu-epices-shira-40gr\/"},"modified":"2025-12-18T14:44:10","modified_gmt":"2025-12-18T13:44:10","slug":"curcuma-du-kerala-moulu-epices-shira-40gr","status":"publish","type":"product","link":"https:\/\/www.mesvendanges.com\/en\/shop\/groceries-and-accessories\/curcuma-du-kerala-moulu-epices-shira-40gr\/","title":{"rendered":"CURCUMA DU KERALA MOULU"},"content":{"rendered":"<p>Ce curcuma biologique provient de petites fermes traditionnelles du Kerala, en Inde o\u00f9 polyculture et biodiversit\u00e9 sont r\u00e8gle d\u2019or. Il d\u00e9veloppe un parfum camphr\u00e9 rappelant la cardamome verte. C\u2019est une \u00e9pice aux saveurs douces, chaudes et piquantes, avec des notes menthol\u00e9es et tr\u00e8s l\u00e9g\u00e8rement am\u00e8res. Quand il est fra\u00eechement moulu, il a un ar\u00f4me tr\u00e8s puissant qu\u2019on retrouve rarement dans le commerce et fait bien plus que colorer le plat !<\/p>\n","protected":false},"excerpt":{"rendered":"<p>Ce curcuma biologique provient de petites fermes traditionnelles du Kerala, en Inde o\u00f9 polyculture et biodiversit\u00e9 sont r\u00e8gle d\u2019or. Il d\u00e9veloppe un parfum camphr\u00e9 rappelant la cardamome verte. C\u2019est une \u00e9pice aux saveurs douces, chaudes et piquantes, avec des notes menthol\u00e9es et tr\u00e8s l\u00e9g\u00e8rement am\u00e8res. Quand il est fra\u00eechement moulu, il a un ar\u00f4me tr\u00e8s [&hellip;]<\/p>\n","protected":false},"featured_media":76217,"template":"","meta":[],"product_cat":[3741],"product_tag":[],"acf":[],"yoast_head":"<!-- This site is optimized with the Yoast SEO plugin v19.3 - https:\/\/yoast.com\/wordpress\/plugins\/seo\/ -->\n<title>CURCUMA DU KERALA MOULU - Mes Vendanges<\/title>\n<meta name=\"robots\" content=\"index, follow, max-snippet:-1, max-image-preview:large, max-video-preview:-1\" \/>\n<link rel=\"canonical\" href=\"https:\/\/www.mesvendanges.com\/en\/shop\/groceries-and-accessories\/curcuma-du-kerala-moulu-epices-shira-40gr\/\" \/>\n<meta property=\"og:locale\" content=\"en_US\" \/>\n<meta property=\"og:type\" content=\"article\" \/>\n<meta property=\"og:title\" content=\"CURCUMA DU KERALA MOULU - Mes Vendanges\" \/>\n<meta property=\"og:description\" content=\"Ce curcuma biologique provient de petites fermes traditionnelles du Kerala, en Inde o\u00f9 polyculture et biodiversit\u00e9 sont r\u00e8gle d\u2019or. Il d\u00e9veloppe un parfum camphr\u00e9 rappelant la cardamome verte. C\u2019est une \u00e9pice aux saveurs douces, chaudes et piquantes, avec des notes menthol\u00e9es et tr\u00e8s l\u00e9g\u00e8rement am\u00e8res. Quand il est fra\u00eechement moulu, il a un ar\u00f4me tr\u00e8s [&hellip;]\" \/>\n<meta property=\"og:url\" content=\"https:\/\/www.mesvendanges.com\/en\/shop\/groceries-and-accessories\/curcuma-du-kerala-moulu-epices-shira-40gr\/\" \/>\n<meta property=\"og:site_name\" content=\"Mes Vendanges\" \/>\n<meta property=\"article:modified_time\" content=\"2025-12-18T13:44:10+00:00\" \/>\n<meta property=\"og:image\" content=\"https:\/\/www.mesvendanges.com\/wp-content\/uploads\/2024\/08\/epices-shira-curcuma-kerala-png.png\" \/>\n\t<meta property=\"og:image:width\" content=\"1163\" \/>\n\t<meta property=\"og:image:height\" content=\"1500\" \/>\n\t<meta property=\"og:image:type\" content=\"image\/png\" \/>\n<meta name=\"twitter:card\" content=\"summary_large_image\" \/>\n<script type=\"application\/ld+json\" class=\"yoast-schema-graph\">{\"@context\":\"https:\/\/schema.org\",\"@graph\":[{\"@type\":\"Organization\",\"@id\":\"https:\/\/www.mesvendanges.com\/en\/#organization\",\"name\":\"Mes Vendanges\",\"url\":\"https:\/\/www.mesvendanges.com\/en\/\",\"sameAs\":[],\"logo\":{\"@type\":\"ImageObject\",\"inLanguage\":\"fr-FR\",\"@id\":\"https:\/\/www.mesvendanges.com\/en\/#\/schema\/logo\/image\/\",\"url\":\"https:\/\/www.mesvendanges.com\/wp-content\/uploads\/2022\/02\/logo-mesvendanges.jpg\",\"contentUrl\":\"https:\/\/www.mesvendanges.com\/wp-content\/uploads\/2022\/02\/logo-mesvendanges.jpg\",\"width\":851,\"height\":260,\"caption\":\"Mes Vendanges\"},\"image\":{\"@id\":\"https:\/\/www.mesvendanges.com\/en\/#\/schema\/logo\/image\/\"}},{\"@type\":\"WebSite\",\"@id\":\"https:\/\/www.mesvendanges.com\/en\/#website\",\"url\":\"https:\/\/www.mesvendanges.com\/en\/\",\"name\":\"Mes Vendanges\",\"description\":\"Des journ\u00e9es enti\u00e8res dans les vignes\",\"publisher\":{\"@id\":\"https:\/\/www.mesvendanges.com\/en\/#organization\"},\"potentialAction\":[{\"@type\":\"SearchAction\",\"target\":{\"@type\":\"EntryPoint\",\"urlTemplate\":\"https:\/\/www.mesvendanges.com\/en\/?s={search_term_string}\"},\"query-input\":\"required name=search_term_string\"}],\"inLanguage\":\"fr-FR\"},{\"@type\":\"ImageObject\",\"inLanguage\":\"fr-FR\",\"@id\":\"https:\/\/www.mesvendanges.com\/en\/shop\/groceries-and-accessories\/curcuma-du-kerala-moulu-epices-shira-40gr\/#primaryimage\",\"url\":\"https:\/\/www.mesvendanges.com\/wp-content\/uploads\/2024\/08\/epices-shira-curcuma-kerala-png.png\",\"contentUrl\":\"https:\/\/www.mesvendanges.com\/wp-content\/uploads\/2024\/08\/epices-shira-curcuma-kerala-png.png\",\"width\":1163,\"height\":1500},{\"@type\":\"WebPage\",\"@id\":\"https:\/\/www.mesvendanges.com\/en\/shop\/groceries-and-accessories\/curcuma-du-kerala-moulu-epices-shira-40gr\/\",\"url\":\"https:\/\/www.mesvendanges.com\/en\/shop\/groceries-and-accessories\/curcuma-du-kerala-moulu-epices-shira-40gr\/\",\"name\":\"CURCUMA DU KERALA MOULU - Mes Vendanges\",\"isPartOf\":{\"@id\":\"https:\/\/www.mesvendanges.com\/en\/#website\"},\"primaryImageOfPage\":{\"@id\":\"https:\/\/www.mesvendanges.com\/en\/shop\/groceries-and-accessories\/curcuma-du-kerala-moulu-epices-shira-40gr\/#primaryimage\"},\"datePublished\":\"2023-09-22T14:38:26+00:00\",\"dateModified\":\"2025-12-18T13:44:10+00:00\",\"breadcrumb\":{\"@id\":\"https:\/\/www.mesvendanges.com\/en\/shop\/groceries-and-accessories\/curcuma-du-kerala-moulu-epices-shira-40gr\/#breadcrumb\"},\"inLanguage\":\"fr-FR\",\"potentialAction\":[{\"@type\":\"ReadAction\",\"target\":[\"https:\/\/www.mesvendanges.com\/en\/shop\/groceries-and-accessories\/curcuma-du-kerala-moulu-epices-shira-40gr\/\"]}]},{\"@type\":\"BreadcrumbList\",\"@id\":\"https:\/\/www.mesvendanges.com\/en\/shop\/groceries-and-accessories\/curcuma-du-kerala-moulu-epices-shira-40gr\/#breadcrumb\",\"itemListElement\":[{\"@type\":\"ListItem\",\"position\":1,\"name\":\"Home\",\"item\":\"https:\/\/www.mesvendanges.com\/en\/\"},{\"@type\":\"ListItem\",\"position\":2,\"name\":\"Shop\",\"item\":\"https:\/\/www.mesvendanges.com\/en\/shop\/\"},{\"@type\":\"ListItem\",\"position\":3,\"name\":\"CURCUMA DU KERALA MOULU\"}]}]}<\/script>\n<!-- \/ Yoast SEO plugin. -->","yoast_head_json":{"title":"CURCUMA DU KERALA MOULU - Mes Vendanges","robots":{"index":"index","follow":"follow","max-snippet":"max-snippet:-1","max-image-preview":"max-image-preview:large","max-video-preview":"max-video-preview:-1"},"canonical":"https:\/\/www.mesvendanges.com\/en\/shop\/groceries-and-accessories\/curcuma-du-kerala-moulu-epices-shira-40gr\/","og_locale":"en_US","og_type":"article","og_title":"CURCUMA DU KERALA MOULU - Mes Vendanges","og_description":"Ce curcuma biologique provient de petites fermes traditionnelles du Kerala, en Inde o\u00f9 polyculture et biodiversit\u00e9 sont r\u00e8gle d\u2019or. Il d\u00e9veloppe un parfum camphr\u00e9 rappelant la cardamome verte. C\u2019est une \u00e9pice aux saveurs douces, chaudes et piquantes, avec des notes menthol\u00e9es et tr\u00e8s l\u00e9g\u00e8rement am\u00e8res. Quand il est fra\u00eechement moulu, il a un ar\u00f4me tr\u00e8s [&hellip;]","og_url":"https:\/\/www.mesvendanges.com\/en\/shop\/groceries-and-accessories\/curcuma-du-kerala-moulu-epices-shira-40gr\/","og_site_name":"Mes Vendanges","article_modified_time":"2025-12-18T13:44:10+00:00","og_image":[{"width":1163,"height":1500,"url":"https:\/\/www.mesvendanges.com\/wp-content\/uploads\/2024\/08\/epices-shira-curcuma-kerala-png.png","type":"image\/png"}],"twitter_card":"summary_large_image","schema":{"@context":"https:\/\/schema.org","@graph":[{"@type":"Organization","@id":"https:\/\/www.mesvendanges.com\/en\/#organization","name":"Mes Vendanges","url":"https:\/\/www.mesvendanges.com\/en\/","sameAs":[],"logo":{"@type":"ImageObject","inLanguage":"fr-FR","@id":"https:\/\/www.mesvendanges.com\/en\/#\/schema\/logo\/image\/","url":"https:\/\/www.mesvendanges.com\/wp-content\/uploads\/2022\/02\/logo-mesvendanges.jpg","contentUrl":"https:\/\/www.mesvendanges.com\/wp-content\/uploads\/2022\/02\/logo-mesvendanges.jpg","width":851,"height":260,"caption":"Mes Vendanges"},"image":{"@id":"https:\/\/www.mesvendanges.com\/en\/#\/schema\/logo\/image\/"}},{"@type":"WebSite","@id":"https:\/\/www.mesvendanges.com\/en\/#website","url":"https:\/\/www.mesvendanges.com\/en\/","name":"Mes Vendanges","description":"Des journ\u00e9es enti\u00e8res dans les vignes","publisher":{"@id":"https:\/\/www.mesvendanges.com\/en\/#organization"},"potentialAction":[{"@type":"SearchAction","target":{"@type":"EntryPoint","urlTemplate":"https:\/\/www.mesvendanges.com\/en\/?s={search_term_string}"},"query-input":"required name=search_term_string"}],"inLanguage":"fr-FR"},{"@type":"ImageObject","inLanguage":"fr-FR","@id":"https:\/\/www.mesvendanges.com\/en\/shop\/groceries-and-accessories\/curcuma-du-kerala-moulu-epices-shira-40gr\/#primaryimage","url":"https:\/\/www.mesvendanges.com\/wp-content\/uploads\/2024\/08\/epices-shira-curcuma-kerala-png.png","contentUrl":"https:\/\/www.mesvendanges.com\/wp-content\/uploads\/2024\/08\/epices-shira-curcuma-kerala-png.png","width":1163,"height":1500},{"@type":"WebPage","@id":"https:\/\/www.mesvendanges.com\/en\/shop\/groceries-and-accessories\/curcuma-du-kerala-moulu-epices-shira-40gr\/","url":"https:\/\/www.mesvendanges.com\/en\/shop\/groceries-and-accessories\/curcuma-du-kerala-moulu-epices-shira-40gr\/","name":"CURCUMA DU KERALA MOULU - Mes Vendanges","isPartOf":{"@id":"https:\/\/www.mesvendanges.com\/en\/#website"},"primaryImageOfPage":{"@id":"https:\/\/www.mesvendanges.com\/en\/shop\/groceries-and-accessories\/curcuma-du-kerala-moulu-epices-shira-40gr\/#primaryimage"},"datePublished":"2023-09-22T14:38:26+00:00","dateModified":"2025-12-18T13:44:10+00:00","breadcrumb":{"@id":"https:\/\/www.mesvendanges.com\/en\/shop\/groceries-and-accessories\/curcuma-du-kerala-moulu-epices-shira-40gr\/#breadcrumb"},"inLanguage":"fr-FR","potentialAction":[{"@type":"ReadAction","target":["https:\/\/www.mesvendanges.com\/en\/shop\/groceries-and-accessories\/curcuma-du-kerala-moulu-epices-shira-40gr\/"]}]},{"@type":"BreadcrumbList","@id":"https:\/\/www.mesvendanges.com\/en\/shop\/groceries-and-accessories\/curcuma-du-kerala-moulu-epices-shira-40gr\/#breadcrumb","itemListElement":[{"@type":"ListItem","position":1,"name":"Home","item":"https:\/\/www.mesvendanges.com\/en\/"},{"@type":"ListItem","position":2,"name":"Shop","item":"https:\/\/www.mesvendanges.com\/en\/shop\/"},{"@type":"ListItem","position":3,"name":"CURCUMA DU KERALA MOULU"}]}]}},"_links":{"self":[{"href":"https:\/\/www.mesvendanges.com\/en\/wp-json\/wp\/v2\/product\/67107"}],"collection":[{"href":"https:\/\/www.mesvendanges.com\/en\/wp-json\/wp\/v2\/product"}],"about":[{"href":"https:\/\/www.mesvendanges.com\/en\/wp-json\/wp\/v2\/types\/product"}],"wp:featuredmedia":[{"embeddable":true,"href":"https:\/\/www.mesvendanges.com\/en\/wp-json\/wp\/v2\/media\/76217"}],"wp:attachment":[{"href":"https:\/\/www.mesvendanges.com\/en\/wp-json\/wp\/v2\/media?parent=67107"}],"wp:term":[{"taxonomy":"product_cat","embeddable":true,"href":"https:\/\/www.mesvendanges.com\/en\/wp-json\/wp\/v2\/product_cat?post=67107"},{"taxonomy":"product_tag","embeddable":true,"href":"https:\/\/www.mesvendanges.com\/en\/wp-json\/wp\/v2\/product_tag?post=67107"}],"curies":[{"name":"wp","href":"https:\/\/api.w.org\/{rel}","templated":true}]}}