{"id":67111,"date":"2023-09-22T16:49:20","date_gmt":"2023-09-22T14:49:20","guid":{"rendered":"https:\/\/www.mesvendanges.com\/shop\/uncategorized\/dukkah-aux-amandes-de-palestine-epices-shira-40gr\/"},"modified":"2025-12-18T14:44:11","modified_gmt":"2025-12-18T13:44:11","slug":"dukkah-aux-amandes-de-palestine-epices-shira-40gr","status":"publish","type":"product","link":"https:\/\/www.mesvendanges.com\/en\/shop\/groceries-and-accessories\/dukkah-aux-amandes-de-palestine-epices-shira-40gr\/","title":{"rendered":"DUKKAH AUX AMANDES DE PALESTINE"},"content":{"rendered":"<p>Ce  m\u00e9lange dukkah biologique est un m\u00e9lange gourmand, riche, croquant et vraiment facile \u00e0 utiliser. Originaire d\u2019\u00c9gypte, il contient traditionnellement du s\u00e9same, de la coriandre, du cumin, du fenouil, du thym et du sel. On y ajoutait aussi tr\u00e8s souvent du poivre et des noisettes torr\u00e9fi\u00e9es. Ce m\u00e9lange constituait, tout comme le za\u2019atar, un repas \u00e9quilibr\u00e9 et bon march\u00e9 gr\u00e2ce \u00e0 son apport en prot\u00e9ines, min\u00e9raux et vitamines.<\/p>\n<p>Dans ce dukkah la saveur des amandes et des noisettes torr\u00e9fi\u00e9es enveloppe tout de suite le palais. Viennent ensuite les notes citronn\u00e9es de coriandre et de cumin, et la petite touche piquante du poivre et du thym. Nous l\u2019avons volontairement tr\u00e8s peu sal\u00e9.<\/p>\n","protected":false},"excerpt":{"rendered":"<p>Ce m\u00e9lange dukkah biologique est un m\u00e9lange gourmand, riche, croquant et vraiment facile \u00e0 utiliser. Originaire d\u2019\u00c9gypte, il contient traditionnellement du s\u00e9same, de la coriandre, du cumin, du fenouil, du thym et du sel. On y ajoutait aussi tr\u00e8s souvent du poivre et des noisettes torr\u00e9fi\u00e9es. Ce m\u00e9lange constituait, tout comme le za\u2019atar, un repas [&hellip;]<\/p>\n","protected":false},"featured_media":76215,"template":"","meta":[],"product_cat":[3741],"product_tag":[],"acf":[],"yoast_head":"<!-- This site is optimized with the Yoast SEO plugin v19.3 - https:\/\/yoast.com\/wordpress\/plugins\/seo\/ -->\n<title>DUKKAH AUX AMANDES DE PALESTINE - Mes Vendanges<\/title>\n<meta name=\"robots\" content=\"index, follow, max-snippet:-1, max-image-preview:large, max-video-preview:-1\" \/>\n<link rel=\"canonical\" href=\"https:\/\/www.mesvendanges.com\/en\/shop\/groceries-and-accessories\/dukkah-aux-amandes-de-palestine-epices-shira-40gr\/\" \/>\n<meta property=\"og:locale\" content=\"en_US\" \/>\n<meta property=\"og:type\" content=\"article\" \/>\n<meta property=\"og:title\" content=\"DUKKAH AUX AMANDES DE PALESTINE - Mes Vendanges\" \/>\n<meta property=\"og:description\" content=\"Ce m\u00e9lange dukkah biologique est un m\u00e9lange gourmand, riche, croquant et vraiment facile \u00e0 utiliser. Originaire d\u2019\u00c9gypte, il contient traditionnellement du s\u00e9same, de la coriandre, du cumin, du fenouil, du thym et du sel. On y ajoutait aussi tr\u00e8s souvent du poivre et des noisettes torr\u00e9fi\u00e9es. Ce m\u00e9lange constituait, tout comme le za\u2019atar, un repas [&hellip;]\" \/>\n<meta property=\"og:url\" content=\"https:\/\/www.mesvendanges.com\/en\/shop\/groceries-and-accessories\/dukkah-aux-amandes-de-palestine-epices-shira-40gr\/\" \/>\n<meta property=\"og:site_name\" content=\"Mes Vendanges\" \/>\n<meta property=\"article:modified_time\" content=\"2025-12-18T13:44:11+00:00\" \/>\n<meta property=\"og:image\" content=\"https:\/\/www.mesvendanges.com\/wp-content\/uploads\/2024\/08\/epices-shira-dukkah-aux-amandes-palestine-png.png\" \/>\n\t<meta property=\"og:image:width\" content=\"1117\" \/>\n\t<meta property=\"og:image:height\" content=\"1500\" \/>\n\t<meta property=\"og:image:type\" content=\"image\/png\" \/>\n<meta name=\"twitter:card\" content=\"summary_large_image\" \/>\n<meta name=\"twitter:label1\" content=\"Est. reading time\" \/>\n\t<meta name=\"twitter:data1\" content=\"1 minute\" \/>\n<script type=\"application\/ld+json\" class=\"yoast-schema-graph\">{\"@context\":\"https:\/\/schema.org\",\"@graph\":[{\"@type\":\"Organization\",\"@id\":\"https:\/\/www.mesvendanges.com\/en\/#organization\",\"name\":\"Mes Vendanges\",\"url\":\"https:\/\/www.mesvendanges.com\/en\/\",\"sameAs\":[],\"logo\":{\"@type\":\"ImageObject\",\"inLanguage\":\"fr-FR\",\"@id\":\"https:\/\/www.mesvendanges.com\/en\/#\/schema\/logo\/image\/\",\"url\":\"https:\/\/www.mesvendanges.com\/wp-content\/uploads\/2022\/02\/logo-mesvendanges.jpg\",\"contentUrl\":\"https:\/\/www.mesvendanges.com\/wp-content\/uploads\/2022\/02\/logo-mesvendanges.jpg\",\"width\":851,\"height\":260,\"caption\":\"Mes Vendanges\"},\"image\":{\"@id\":\"https:\/\/www.mesvendanges.com\/en\/#\/schema\/logo\/image\/\"}},{\"@type\":\"WebSite\",\"@id\":\"https:\/\/www.mesvendanges.com\/en\/#website\",\"url\":\"https:\/\/www.mesvendanges.com\/en\/\",\"name\":\"Mes Vendanges\",\"description\":\"Des journ\u00e9es enti\u00e8res dans les vignes\",\"publisher\":{\"@id\":\"https:\/\/www.mesvendanges.com\/en\/#organization\"},\"potentialAction\":[{\"@type\":\"SearchAction\",\"target\":{\"@type\":\"EntryPoint\",\"urlTemplate\":\"https:\/\/www.mesvendanges.com\/en\/?s={search_term_string}\"},\"query-input\":\"required name=search_term_string\"}],\"inLanguage\":\"fr-FR\"},{\"@type\":\"ImageObject\",\"inLanguage\":\"fr-FR\",\"@id\":\"https:\/\/www.mesvendanges.com\/en\/shop\/groceries-and-accessories\/dukkah-aux-amandes-de-palestine-epices-shira-40gr\/#primaryimage\",\"url\":\"https:\/\/www.mesvendanges.com\/wp-content\/uploads\/2024\/08\/epices-shira-dukkah-aux-amandes-palestine-png.png\",\"contentUrl\":\"https:\/\/www.mesvendanges.com\/wp-content\/uploads\/2024\/08\/epices-shira-dukkah-aux-amandes-palestine-png.png\",\"width\":1117,\"height\":1500},{\"@type\":\"WebPage\",\"@id\":\"https:\/\/www.mesvendanges.com\/en\/shop\/groceries-and-accessories\/dukkah-aux-amandes-de-palestine-epices-shira-40gr\/\",\"url\":\"https:\/\/www.mesvendanges.com\/en\/shop\/groceries-and-accessories\/dukkah-aux-amandes-de-palestine-epices-shira-40gr\/\",\"name\":\"DUKKAH AUX AMANDES DE PALESTINE - Mes Vendanges\",\"isPartOf\":{\"@id\":\"https:\/\/www.mesvendanges.com\/en\/#website\"},\"primaryImageOfPage\":{\"@id\":\"https:\/\/www.mesvendanges.com\/en\/shop\/groceries-and-accessories\/dukkah-aux-amandes-de-palestine-epices-shira-40gr\/#primaryimage\"},\"datePublished\":\"2023-09-22T14:49:20+00:00\",\"dateModified\":\"2025-12-18T13:44:11+00:00\",\"breadcrumb\":{\"@id\":\"https:\/\/www.mesvendanges.com\/en\/shop\/groceries-and-accessories\/dukkah-aux-amandes-de-palestine-epices-shira-40gr\/#breadcrumb\"},\"inLanguage\":\"fr-FR\",\"potentialAction\":[{\"@type\":\"ReadAction\",\"target\":[\"https:\/\/www.mesvendanges.com\/en\/shop\/groceries-and-accessories\/dukkah-aux-amandes-de-palestine-epices-shira-40gr\/\"]}]},{\"@type\":\"BreadcrumbList\",\"@id\":\"https:\/\/www.mesvendanges.com\/en\/shop\/groceries-and-accessories\/dukkah-aux-amandes-de-palestine-epices-shira-40gr\/#breadcrumb\",\"itemListElement\":[{\"@type\":\"ListItem\",\"position\":1,\"name\":\"Home\",\"item\":\"https:\/\/www.mesvendanges.com\/en\/\"},{\"@type\":\"ListItem\",\"position\":2,\"name\":\"Shop\",\"item\":\"https:\/\/www.mesvendanges.com\/en\/shop\/\"},{\"@type\":\"ListItem\",\"position\":3,\"name\":\"DUKKAH AUX AMANDES DE PALESTINE\"}]}]}<\/script>\n<!-- \/ Yoast SEO plugin. -->","yoast_head_json":{"title":"DUKKAH AUX AMANDES DE PALESTINE - Mes Vendanges","robots":{"index":"index","follow":"follow","max-snippet":"max-snippet:-1","max-image-preview":"max-image-preview:large","max-video-preview":"max-video-preview:-1"},"canonical":"https:\/\/www.mesvendanges.com\/en\/shop\/groceries-and-accessories\/dukkah-aux-amandes-de-palestine-epices-shira-40gr\/","og_locale":"en_US","og_type":"article","og_title":"DUKKAH AUX AMANDES DE PALESTINE - Mes Vendanges","og_description":"Ce m\u00e9lange dukkah biologique est un m\u00e9lange gourmand, riche, croquant et vraiment facile \u00e0 utiliser. Originaire d\u2019\u00c9gypte, il contient traditionnellement du s\u00e9same, de la coriandre, du cumin, du fenouil, du thym et du sel. On y ajoutait aussi tr\u00e8s souvent du poivre et des noisettes torr\u00e9fi\u00e9es. Ce m\u00e9lange constituait, tout comme le za\u2019atar, un repas [&hellip;]","og_url":"https:\/\/www.mesvendanges.com\/en\/shop\/groceries-and-accessories\/dukkah-aux-amandes-de-palestine-epices-shira-40gr\/","og_site_name":"Mes Vendanges","article_modified_time":"2025-12-18T13:44:11+00:00","og_image":[{"width":1117,"height":1500,"url":"https:\/\/www.mesvendanges.com\/wp-content\/uploads\/2024\/08\/epices-shira-dukkah-aux-amandes-palestine-png.png","type":"image\/png"}],"twitter_card":"summary_large_image","twitter_misc":{"Est. reading time":"1 minute"},"schema":{"@context":"https:\/\/schema.org","@graph":[{"@type":"Organization","@id":"https:\/\/www.mesvendanges.com\/en\/#organization","name":"Mes Vendanges","url":"https:\/\/www.mesvendanges.com\/en\/","sameAs":[],"logo":{"@type":"ImageObject","inLanguage":"fr-FR","@id":"https:\/\/www.mesvendanges.com\/en\/#\/schema\/logo\/image\/","url":"https:\/\/www.mesvendanges.com\/wp-content\/uploads\/2022\/02\/logo-mesvendanges.jpg","contentUrl":"https:\/\/www.mesvendanges.com\/wp-content\/uploads\/2022\/02\/logo-mesvendanges.jpg","width":851,"height":260,"caption":"Mes Vendanges"},"image":{"@id":"https:\/\/www.mesvendanges.com\/en\/#\/schema\/logo\/image\/"}},{"@type":"WebSite","@id":"https:\/\/www.mesvendanges.com\/en\/#website","url":"https:\/\/www.mesvendanges.com\/en\/","name":"Mes Vendanges","description":"Des journ\u00e9es enti\u00e8res dans les vignes","publisher":{"@id":"https:\/\/www.mesvendanges.com\/en\/#organization"},"potentialAction":[{"@type":"SearchAction","target":{"@type":"EntryPoint","urlTemplate":"https:\/\/www.mesvendanges.com\/en\/?s={search_term_string}"},"query-input":"required name=search_term_string"}],"inLanguage":"fr-FR"},{"@type":"ImageObject","inLanguage":"fr-FR","@id":"https:\/\/www.mesvendanges.com\/en\/shop\/groceries-and-accessories\/dukkah-aux-amandes-de-palestine-epices-shira-40gr\/#primaryimage","url":"https:\/\/www.mesvendanges.com\/wp-content\/uploads\/2024\/08\/epices-shira-dukkah-aux-amandes-palestine-png.png","contentUrl":"https:\/\/www.mesvendanges.com\/wp-content\/uploads\/2024\/08\/epices-shira-dukkah-aux-amandes-palestine-png.png","width":1117,"height":1500},{"@type":"WebPage","@id":"https:\/\/www.mesvendanges.com\/en\/shop\/groceries-and-accessories\/dukkah-aux-amandes-de-palestine-epices-shira-40gr\/","url":"https:\/\/www.mesvendanges.com\/en\/shop\/groceries-and-accessories\/dukkah-aux-amandes-de-palestine-epices-shira-40gr\/","name":"DUKKAH AUX AMANDES DE PALESTINE - Mes Vendanges","isPartOf":{"@id":"https:\/\/www.mesvendanges.com\/en\/#website"},"primaryImageOfPage":{"@id":"https:\/\/www.mesvendanges.com\/en\/shop\/groceries-and-accessories\/dukkah-aux-amandes-de-palestine-epices-shira-40gr\/#primaryimage"},"datePublished":"2023-09-22T14:49:20+00:00","dateModified":"2025-12-18T13:44:11+00:00","breadcrumb":{"@id":"https:\/\/www.mesvendanges.com\/en\/shop\/groceries-and-accessories\/dukkah-aux-amandes-de-palestine-epices-shira-40gr\/#breadcrumb"},"inLanguage":"fr-FR","potentialAction":[{"@type":"ReadAction","target":["https:\/\/www.mesvendanges.com\/en\/shop\/groceries-and-accessories\/dukkah-aux-amandes-de-palestine-epices-shira-40gr\/"]}]},{"@type":"BreadcrumbList","@id":"https:\/\/www.mesvendanges.com\/en\/shop\/groceries-and-accessories\/dukkah-aux-amandes-de-palestine-epices-shira-40gr\/#breadcrumb","itemListElement":[{"@type":"ListItem","position":1,"name":"Home","item":"https:\/\/www.mesvendanges.com\/en\/"},{"@type":"ListItem","position":2,"name":"Shop","item":"https:\/\/www.mesvendanges.com\/en\/shop\/"},{"@type":"ListItem","position":3,"name":"DUKKAH AUX AMANDES DE PALESTINE"}]}]}},"_links":{"self":[{"href":"https:\/\/www.mesvendanges.com\/en\/wp-json\/wp\/v2\/product\/67111"}],"collection":[{"href":"https:\/\/www.mesvendanges.com\/en\/wp-json\/wp\/v2\/product"}],"about":[{"href":"https:\/\/www.mesvendanges.com\/en\/wp-json\/wp\/v2\/types\/product"}],"wp:featuredmedia":[{"embeddable":true,"href":"https:\/\/www.mesvendanges.com\/en\/wp-json\/wp\/v2\/media\/76215"}],"wp:attachment":[{"href":"https:\/\/www.mesvendanges.com\/en\/wp-json\/wp\/v2\/media?parent=67111"}],"wp:term":[{"taxonomy":"product_cat","embeddable":true,"href":"https:\/\/www.mesvendanges.com\/en\/wp-json\/wp\/v2\/product_cat?post=67111"},{"taxonomy":"product_tag","embeddable":true,"href":"https:\/\/www.mesvendanges.com\/en\/wp-json\/wp\/v2\/product_tag?post=67111"}],"curies":[{"name":"wp","href":"https:\/\/api.w.org\/{rel}","templated":true}]}}