{"id":67181,"date":"2023-10-05T09:56:37","date_gmt":"2023-10-05T07:56:37","guid":{"rendered":"https:\/\/www.mesvendanges.com\/shop\/uncategorized\/riesling-oberhauser-leistenberg-kabinett-donnhoff-2022-75cl\/"},"modified":"2025-07-26T11:47:56","modified_gmt":"2025-07-26T09:47:56","slug":"riesling-oberhauser-leistenberg-kabinett-donnhoff-2022-75cl","status":"publish","type":"product","link":"https:\/\/www.mesvendanges.com\/en\/shop\/wines\/riesling-oberhauser-leistenberg-kabinett-donnhoff-2022-75cl\/","title":{"rendered":"RIESLING OBERHAUSER LEISTENBERG KABINETT"},"content":{"rendered":"<p>D\u00e9licieux Kabinett issu du m\u00eame terroir que le Tonschiefer, un terroir de schistes gris tr\u00e8s morcel\u00e9s, donnant une texture tr\u00e8s agr\u00e9able, appuy\u00e9 sur une min\u00e9ralit\u00e9 tout en dentelle. Un vin de mise en bouche incontournable<\/p>\n","protected":false},"excerpt":{"rendered":"<p>D\u00e9licieux Kabinett issu du m\u00eame terroir que le Tonschiefer, un terroir de schistes gris tr\u00e8s morcel\u00e9s, donnant une texture tr\u00e8s agr\u00e9able, appuy\u00e9 sur une min\u00e9ralit\u00e9 tout en dentelle. Un vin de mise en bouche incontournable<\/p>\n","protected":false},"featured_media":87077,"template":"","meta":[],"product_cat":[3740],"product_tag":[],"acf":[],"yoast_head":"<!-- This site is optimized with the Yoast SEO plugin v19.3 - https:\/\/yoast.com\/wordpress\/plugins\/seo\/ -->\n<title>RIESLING OBERHAUSER LEISTENBERG KABINETT - Mes Vendanges<\/title>\n<meta name=\"robots\" content=\"index, follow, max-snippet:-1, max-image-preview:large, max-video-preview:-1\" \/>\n<link rel=\"canonical\" href=\"https:\/\/www.mesvendanges.com\/en\/shop\/wines\/riesling-oberhauser-leistenberg-kabinett-donnhoff-2022-75cl\/\" \/>\n<meta property=\"og:locale\" content=\"en_US\" \/>\n<meta property=\"og:type\" content=\"article\" \/>\n<meta property=\"og:title\" content=\"RIESLING OBERHAUSER LEISTENBERG KABINETT - Mes Vendanges\" \/>\n<meta property=\"og:description\" content=\"D\u00e9licieux Kabinett issu du m\u00eame terroir que le Tonschiefer, un terroir de schistes gris tr\u00e8s morcel\u00e9s, donnant une texture tr\u00e8s agr\u00e9able, appuy\u00e9 sur une min\u00e9ralit\u00e9 tout en dentelle. Un vin de mise en bouche incontournable\" \/>\n<meta property=\"og:url\" content=\"https:\/\/www.mesvendanges.com\/en\/shop\/wines\/riesling-oberhauser-leistenberg-kabinett-donnhoff-2022-75cl\/\" \/>\n<meta property=\"og:site_name\" content=\"Mes Vendanges\" \/>\n<meta property=\"article:modified_time\" content=\"2025-07-26T09:47:56+00:00\" \/>\n<meta property=\"og:image\" content=\"https:\/\/www.mesvendanges.com\/wp-content\/uploads\/2025\/05\/donnhoff-riesling-kabinett-oberhauser-leistenberg-2022-png.png\" \/>\n\t<meta property=\"og:image:width\" content=\"389\" \/>\n\t<meta property=\"og:image:height\" content=\"1500\" \/>\n\t<meta property=\"og:image:type\" content=\"image\/png\" \/>\n<meta name=\"twitter:card\" content=\"summary_large_image\" \/>\n<script type=\"application\/ld+json\" class=\"yoast-schema-graph\">{\"@context\":\"https:\/\/schema.org\",\"@graph\":[{\"@type\":\"Organization\",\"@id\":\"https:\/\/www.mesvendanges.com\/en\/#organization\",\"name\":\"Mes Vendanges\",\"url\":\"https:\/\/www.mesvendanges.com\/en\/\",\"sameAs\":[],\"logo\":{\"@type\":\"ImageObject\",\"inLanguage\":\"fr-FR\",\"@id\":\"https:\/\/www.mesvendanges.com\/en\/#\/schema\/logo\/image\/\",\"url\":\"https:\/\/www.mesvendanges.com\/wp-content\/uploads\/2022\/02\/logo-mesvendanges.jpg\",\"contentUrl\":\"https:\/\/www.mesvendanges.com\/wp-content\/uploads\/2022\/02\/logo-mesvendanges.jpg\",\"width\":851,\"height\":260,\"caption\":\"Mes Vendanges\"},\"image\":{\"@id\":\"https:\/\/www.mesvendanges.com\/en\/#\/schema\/logo\/image\/\"}},{\"@type\":\"WebSite\",\"@id\":\"https:\/\/www.mesvendanges.com\/en\/#website\",\"url\":\"https:\/\/www.mesvendanges.com\/en\/\",\"name\":\"Mes Vendanges\",\"description\":\"Des journ\u00e9es enti\u00e8res dans les vignes\",\"publisher\":{\"@id\":\"https:\/\/www.mesvendanges.com\/en\/#organization\"},\"potentialAction\":[{\"@type\":\"SearchAction\",\"target\":{\"@type\":\"EntryPoint\",\"urlTemplate\":\"https:\/\/www.mesvendanges.com\/en\/?s={search_term_string}\"},\"query-input\":\"required name=search_term_string\"}],\"inLanguage\":\"fr-FR\"},{\"@type\":\"ImageObject\",\"inLanguage\":\"fr-FR\",\"@id\":\"https:\/\/www.mesvendanges.com\/en\/shop\/wines\/riesling-oberhauser-leistenberg-kabinett-donnhoff-2022-75cl\/#primaryimage\",\"url\":\"https:\/\/www.mesvendanges.com\/wp-content\/uploads\/2025\/05\/donnhoff-riesling-kabinett-oberhauser-leistenberg-2022-png.png\",\"contentUrl\":\"https:\/\/www.mesvendanges.com\/wp-content\/uploads\/2025\/05\/donnhoff-riesling-kabinett-oberhauser-leistenberg-2022-png.png\",\"width\":389,\"height\":1500},{\"@type\":\"WebPage\",\"@id\":\"https:\/\/www.mesvendanges.com\/en\/shop\/wines\/riesling-oberhauser-leistenberg-kabinett-donnhoff-2022-75cl\/\",\"url\":\"https:\/\/www.mesvendanges.com\/en\/shop\/wines\/riesling-oberhauser-leistenberg-kabinett-donnhoff-2022-75cl\/\",\"name\":\"RIESLING OBERHAUSER LEISTENBERG KABINETT - Mes Vendanges\",\"isPartOf\":{\"@id\":\"https:\/\/www.mesvendanges.com\/en\/#website\"},\"primaryImageOfPage\":{\"@id\":\"https:\/\/www.mesvendanges.com\/en\/shop\/wines\/riesling-oberhauser-leistenberg-kabinett-donnhoff-2022-75cl\/#primaryimage\"},\"datePublished\":\"2023-10-05T07:56:37+00:00\",\"dateModified\":\"2025-07-26T09:47:56+00:00\",\"breadcrumb\":{\"@id\":\"https:\/\/www.mesvendanges.com\/en\/shop\/wines\/riesling-oberhauser-leistenberg-kabinett-donnhoff-2022-75cl\/#breadcrumb\"},\"inLanguage\":\"fr-FR\",\"potentialAction\":[{\"@type\":\"ReadAction\",\"target\":[\"https:\/\/www.mesvendanges.com\/en\/shop\/wines\/riesling-oberhauser-leistenberg-kabinett-donnhoff-2022-75cl\/\"]}]},{\"@type\":\"BreadcrumbList\",\"@id\":\"https:\/\/www.mesvendanges.com\/en\/shop\/wines\/riesling-oberhauser-leistenberg-kabinett-donnhoff-2022-75cl\/#breadcrumb\",\"itemListElement\":[{\"@type\":\"ListItem\",\"position\":1,\"name\":\"Home\",\"item\":\"https:\/\/www.mesvendanges.com\/en\/\"},{\"@type\":\"ListItem\",\"position\":2,\"name\":\"Shop\",\"item\":\"https:\/\/www.mesvendanges.com\/en\/shop\/\"},{\"@type\":\"ListItem\",\"position\":3,\"name\":\"RIESLING OBERHAUSER LEISTENBERG KABINETT\"}]}]}<\/script>\n<!-- \/ Yoast SEO plugin. -->","yoast_head_json":{"title":"RIESLING OBERHAUSER LEISTENBERG KABINETT - Mes Vendanges","robots":{"index":"index","follow":"follow","max-snippet":"max-snippet:-1","max-image-preview":"max-image-preview:large","max-video-preview":"max-video-preview:-1"},"canonical":"https:\/\/www.mesvendanges.com\/en\/shop\/wines\/riesling-oberhauser-leistenberg-kabinett-donnhoff-2022-75cl\/","og_locale":"en_US","og_type":"article","og_title":"RIESLING OBERHAUSER LEISTENBERG KABINETT - Mes Vendanges","og_description":"D\u00e9licieux Kabinett issu du m\u00eame terroir que le Tonschiefer, un terroir de schistes gris tr\u00e8s morcel\u00e9s, donnant une texture tr\u00e8s agr\u00e9able, appuy\u00e9 sur une min\u00e9ralit\u00e9 tout en dentelle. Un vin de mise en bouche incontournable","og_url":"https:\/\/www.mesvendanges.com\/en\/shop\/wines\/riesling-oberhauser-leistenberg-kabinett-donnhoff-2022-75cl\/","og_site_name":"Mes Vendanges","article_modified_time":"2025-07-26T09:47:56+00:00","og_image":[{"width":389,"height":1500,"url":"https:\/\/www.mesvendanges.com\/wp-content\/uploads\/2025\/05\/donnhoff-riesling-kabinett-oberhauser-leistenberg-2022-png.png","type":"image\/png"}],"twitter_card":"summary_large_image","schema":{"@context":"https:\/\/schema.org","@graph":[{"@type":"Organization","@id":"https:\/\/www.mesvendanges.com\/en\/#organization","name":"Mes Vendanges","url":"https:\/\/www.mesvendanges.com\/en\/","sameAs":[],"logo":{"@type":"ImageObject","inLanguage":"fr-FR","@id":"https:\/\/www.mesvendanges.com\/en\/#\/schema\/logo\/image\/","url":"https:\/\/www.mesvendanges.com\/wp-content\/uploads\/2022\/02\/logo-mesvendanges.jpg","contentUrl":"https:\/\/www.mesvendanges.com\/wp-content\/uploads\/2022\/02\/logo-mesvendanges.jpg","width":851,"height":260,"caption":"Mes Vendanges"},"image":{"@id":"https:\/\/www.mesvendanges.com\/en\/#\/schema\/logo\/image\/"}},{"@type":"WebSite","@id":"https:\/\/www.mesvendanges.com\/en\/#website","url":"https:\/\/www.mesvendanges.com\/en\/","name":"Mes Vendanges","description":"Des journ\u00e9es enti\u00e8res dans les vignes","publisher":{"@id":"https:\/\/www.mesvendanges.com\/en\/#organization"},"potentialAction":[{"@type":"SearchAction","target":{"@type":"EntryPoint","urlTemplate":"https:\/\/www.mesvendanges.com\/en\/?s={search_term_string}"},"query-input":"required name=search_term_string"}],"inLanguage":"fr-FR"},{"@type":"ImageObject","inLanguage":"fr-FR","@id":"https:\/\/www.mesvendanges.com\/en\/shop\/wines\/riesling-oberhauser-leistenberg-kabinett-donnhoff-2022-75cl\/#primaryimage","url":"https:\/\/www.mesvendanges.com\/wp-content\/uploads\/2025\/05\/donnhoff-riesling-kabinett-oberhauser-leistenberg-2022-png.png","contentUrl":"https:\/\/www.mesvendanges.com\/wp-content\/uploads\/2025\/05\/donnhoff-riesling-kabinett-oberhauser-leistenberg-2022-png.png","width":389,"height":1500},{"@type":"WebPage","@id":"https:\/\/www.mesvendanges.com\/en\/shop\/wines\/riesling-oberhauser-leistenberg-kabinett-donnhoff-2022-75cl\/","url":"https:\/\/www.mesvendanges.com\/en\/shop\/wines\/riesling-oberhauser-leistenberg-kabinett-donnhoff-2022-75cl\/","name":"RIESLING OBERHAUSER LEISTENBERG KABINETT - Mes Vendanges","isPartOf":{"@id":"https:\/\/www.mesvendanges.com\/en\/#website"},"primaryImageOfPage":{"@id":"https:\/\/www.mesvendanges.com\/en\/shop\/wines\/riesling-oberhauser-leistenberg-kabinett-donnhoff-2022-75cl\/#primaryimage"},"datePublished":"2023-10-05T07:56:37+00:00","dateModified":"2025-07-26T09:47:56+00:00","breadcrumb":{"@id":"https:\/\/www.mesvendanges.com\/en\/shop\/wines\/riesling-oberhauser-leistenberg-kabinett-donnhoff-2022-75cl\/#breadcrumb"},"inLanguage":"fr-FR","potentialAction":[{"@type":"ReadAction","target":["https:\/\/www.mesvendanges.com\/en\/shop\/wines\/riesling-oberhauser-leistenberg-kabinett-donnhoff-2022-75cl\/"]}]},{"@type":"BreadcrumbList","@id":"https:\/\/www.mesvendanges.com\/en\/shop\/wines\/riesling-oberhauser-leistenberg-kabinett-donnhoff-2022-75cl\/#breadcrumb","itemListElement":[{"@type":"ListItem","position":1,"name":"Home","item":"https:\/\/www.mesvendanges.com\/en\/"},{"@type":"ListItem","position":2,"name":"Shop","item":"https:\/\/www.mesvendanges.com\/en\/shop\/"},{"@type":"ListItem","position":3,"name":"RIESLING OBERHAUSER LEISTENBERG KABINETT"}]}]}},"_links":{"self":[{"href":"https:\/\/www.mesvendanges.com\/en\/wp-json\/wp\/v2\/product\/67181"}],"collection":[{"href":"https:\/\/www.mesvendanges.com\/en\/wp-json\/wp\/v2\/product"}],"about":[{"href":"https:\/\/www.mesvendanges.com\/en\/wp-json\/wp\/v2\/types\/product"}],"wp:featuredmedia":[{"embeddable":true,"href":"https:\/\/www.mesvendanges.com\/en\/wp-json\/wp\/v2\/media\/87077"}],"wp:attachment":[{"href":"https:\/\/www.mesvendanges.com\/en\/wp-json\/wp\/v2\/media?parent=67181"}],"wp:term":[{"taxonomy":"product_cat","embeddable":true,"href":"https:\/\/www.mesvendanges.com\/en\/wp-json\/wp\/v2\/product_cat?post=67181"},{"taxonomy":"product_tag","embeddable":true,"href":"https:\/\/www.mesvendanges.com\/en\/wp-json\/wp\/v2\/product_tag?post=67181"}],"curies":[{"name":"wp","href":"https:\/\/api.w.org\/{rel}","templated":true}]}}