{"id":67436,"date":"2023-10-15T19:02:42","date_gmt":"2023-10-15T17:02:42","guid":{"rendered":"https:\/\/www.mesvendanges.com\/shop\/uncategorized\/buschenberg-riesling-veyder-malberg-2022-75cl\/"},"modified":"2025-05-01T18:01:57","modified_gmt":"2025-05-01T16:01:57","slug":"buschenberg-riesling-veyder-malberg-2022-75cl","status":"publish","type":"product","link":"https:\/\/www.mesvendanges.com\/en\/shop\/wines\/buschenberg-riesling-veyder-malberg-2022-75cl\/","title":{"rendered":"BUSCHENBERG RIESLING"},"content":{"rendered":"<p>Le Buschenberg est un tout petit site, \u00e0 l&#8217;\u00e9norme potentiel. Le riesling est tout de suite sur la roche primaire, et m\u00eame cultiv\u00e9 en terrasse il ne peut produire &#8220;en quantit\u00e9&#8221; tant la vigne est maitris\u00e9e par la roche. Les vins sont extraordinaires de densit\u00e9 et de caract\u00e8re, \u00e0 la fois puissants et a\u00e9riens, ils comptent parmi les plus beaux rieslings, voir les plus beaux blancs que nous connaissions.<\/p>\n","protected":false},"excerpt":{"rendered":"<p>Le Buschenberg est un tout petit site, \u00e0 l&#8217;\u00e9norme potentiel. Le riesling est tout de suite sur la roche primaire, et m\u00eame cultiv\u00e9 en terrasse il ne peut produire &#8220;en quantit\u00e9&#8221; tant la vigne est maitris\u00e9e par la roche. Les vins sont extraordinaires de densit\u00e9 et de caract\u00e8re, \u00e0 la fois puissants et a\u00e9riens, ils [&hellip;]<\/p>\n","protected":false},"featured_media":76415,"template":"","meta":[],"product_cat":[3740],"product_tag":[],"acf":[],"yoast_head":"<!-- This site is optimized with the Yoast SEO plugin v19.3 - https:\/\/yoast.com\/wordpress\/plugins\/seo\/ -->\n<title>BUSCHENBERG RIESLING - Mes Vendanges<\/title>\n<meta name=\"robots\" content=\"index, follow, max-snippet:-1, max-image-preview:large, max-video-preview:-1\" \/>\n<link rel=\"canonical\" href=\"https:\/\/www.mesvendanges.com\/en\/shop\/wines\/buschenberg-riesling-veyder-malberg-2022-75cl\/\" \/>\n<meta property=\"og:locale\" content=\"en_US\" \/>\n<meta property=\"og:type\" content=\"article\" \/>\n<meta property=\"og:title\" content=\"BUSCHENBERG RIESLING - Mes Vendanges\" \/>\n<meta property=\"og:description\" content=\"Le Buschenberg est un tout petit site, \u00e0 l&#8217;\u00e9norme potentiel. Le riesling est tout de suite sur la roche primaire, et m\u00eame cultiv\u00e9 en terrasse il ne peut produire &#8220;en quantit\u00e9&#8221; tant la vigne est maitris\u00e9e par la roche. Les vins sont extraordinaires de densit\u00e9 et de caract\u00e8re, \u00e0 la fois puissants et a\u00e9riens, ils [&hellip;]\" \/>\n<meta property=\"og:url\" content=\"https:\/\/www.mesvendanges.com\/en\/shop\/wines\/buschenberg-riesling-veyder-malberg-2022-75cl\/\" \/>\n<meta property=\"og:site_name\" content=\"Mes Vendanges\" \/>\n<meta property=\"article:modified_time\" content=\"2025-05-01T16:01:57+00:00\" \/>\n<meta property=\"og:image\" content=\"https:\/\/www.mesvendanges.com\/wp-content\/uploads\/2024\/08\/veyder-malberg-buschenberg-riesling-2022-png.png\" \/>\n\t<meta property=\"og:image:width\" content=\"359\" \/>\n\t<meta property=\"og:image:height\" content=\"1500\" \/>\n\t<meta property=\"og:image:type\" content=\"image\/png\" \/>\n<meta name=\"twitter:card\" content=\"summary_large_image\" \/>\n<script type=\"application\/ld+json\" class=\"yoast-schema-graph\">{\"@context\":\"https:\/\/schema.org\",\"@graph\":[{\"@type\":\"Organization\",\"@id\":\"https:\/\/www.mesvendanges.com\/en\/#organization\",\"name\":\"Mes Vendanges\",\"url\":\"https:\/\/www.mesvendanges.com\/en\/\",\"sameAs\":[],\"logo\":{\"@type\":\"ImageObject\",\"inLanguage\":\"fr-FR\",\"@id\":\"https:\/\/www.mesvendanges.com\/en\/#\/schema\/logo\/image\/\",\"url\":\"https:\/\/www.mesvendanges.com\/wp-content\/uploads\/2022\/02\/logo-mesvendanges.jpg\",\"contentUrl\":\"https:\/\/www.mesvendanges.com\/wp-content\/uploads\/2022\/02\/logo-mesvendanges.jpg\",\"width\":851,\"height\":260,\"caption\":\"Mes Vendanges\"},\"image\":{\"@id\":\"https:\/\/www.mesvendanges.com\/en\/#\/schema\/logo\/image\/\"}},{\"@type\":\"WebSite\",\"@id\":\"https:\/\/www.mesvendanges.com\/en\/#website\",\"url\":\"https:\/\/www.mesvendanges.com\/en\/\",\"name\":\"Mes Vendanges\",\"description\":\"Des journ\u00e9es enti\u00e8res dans les vignes\",\"publisher\":{\"@id\":\"https:\/\/www.mesvendanges.com\/en\/#organization\"},\"potentialAction\":[{\"@type\":\"SearchAction\",\"target\":{\"@type\":\"EntryPoint\",\"urlTemplate\":\"https:\/\/www.mesvendanges.com\/en\/?s={search_term_string}\"},\"query-input\":\"required name=search_term_string\"}],\"inLanguage\":\"fr-FR\"},{\"@type\":\"ImageObject\",\"inLanguage\":\"fr-FR\",\"@id\":\"https:\/\/www.mesvendanges.com\/en\/shop\/wines\/buschenberg-riesling-veyder-malberg-2022-75cl\/#primaryimage\",\"url\":\"https:\/\/www.mesvendanges.com\/wp-content\/uploads\/2024\/08\/veyder-malberg-buschenberg-riesling-2022-png.png\",\"contentUrl\":\"https:\/\/www.mesvendanges.com\/wp-content\/uploads\/2024\/08\/veyder-malberg-buschenberg-riesling-2022-png.png\",\"width\":359,\"height\":1500},{\"@type\":\"WebPage\",\"@id\":\"https:\/\/www.mesvendanges.com\/en\/shop\/wines\/buschenberg-riesling-veyder-malberg-2022-75cl\/\",\"url\":\"https:\/\/www.mesvendanges.com\/en\/shop\/wines\/buschenberg-riesling-veyder-malberg-2022-75cl\/\",\"name\":\"BUSCHENBERG RIESLING - Mes Vendanges\",\"isPartOf\":{\"@id\":\"https:\/\/www.mesvendanges.com\/en\/#website\"},\"primaryImageOfPage\":{\"@id\":\"https:\/\/www.mesvendanges.com\/en\/shop\/wines\/buschenberg-riesling-veyder-malberg-2022-75cl\/#primaryimage\"},\"datePublished\":\"2023-10-15T17:02:42+00:00\",\"dateModified\":\"2025-05-01T16:01:57+00:00\",\"breadcrumb\":{\"@id\":\"https:\/\/www.mesvendanges.com\/en\/shop\/wines\/buschenberg-riesling-veyder-malberg-2022-75cl\/#breadcrumb\"},\"inLanguage\":\"fr-FR\",\"potentialAction\":[{\"@type\":\"ReadAction\",\"target\":[\"https:\/\/www.mesvendanges.com\/en\/shop\/wines\/buschenberg-riesling-veyder-malberg-2022-75cl\/\"]}]},{\"@type\":\"BreadcrumbList\",\"@id\":\"https:\/\/www.mesvendanges.com\/en\/shop\/wines\/buschenberg-riesling-veyder-malberg-2022-75cl\/#breadcrumb\",\"itemListElement\":[{\"@type\":\"ListItem\",\"position\":1,\"name\":\"Home\",\"item\":\"https:\/\/www.mesvendanges.com\/en\/\"},{\"@type\":\"ListItem\",\"position\":2,\"name\":\"Shop\",\"item\":\"https:\/\/www.mesvendanges.com\/en\/shop\/\"},{\"@type\":\"ListItem\",\"position\":3,\"name\":\"BUSCHENBERG RIESLING\"}]}]}<\/script>\n<!-- \/ Yoast SEO plugin. -->","yoast_head_json":{"title":"BUSCHENBERG RIESLING - Mes Vendanges","robots":{"index":"index","follow":"follow","max-snippet":"max-snippet:-1","max-image-preview":"max-image-preview:large","max-video-preview":"max-video-preview:-1"},"canonical":"https:\/\/www.mesvendanges.com\/en\/shop\/wines\/buschenberg-riesling-veyder-malberg-2022-75cl\/","og_locale":"en_US","og_type":"article","og_title":"BUSCHENBERG RIESLING - Mes Vendanges","og_description":"Le Buschenberg est un tout petit site, \u00e0 l&#8217;\u00e9norme potentiel. Le riesling est tout de suite sur la roche primaire, et m\u00eame cultiv\u00e9 en terrasse il ne peut produire &#8220;en quantit\u00e9&#8221; tant la vigne est maitris\u00e9e par la roche. Les vins sont extraordinaires de densit\u00e9 et de caract\u00e8re, \u00e0 la fois puissants et a\u00e9riens, ils [&hellip;]","og_url":"https:\/\/www.mesvendanges.com\/en\/shop\/wines\/buschenberg-riesling-veyder-malberg-2022-75cl\/","og_site_name":"Mes Vendanges","article_modified_time":"2025-05-01T16:01:57+00:00","og_image":[{"width":359,"height":1500,"url":"https:\/\/www.mesvendanges.com\/wp-content\/uploads\/2024\/08\/veyder-malberg-buschenberg-riesling-2022-png.png","type":"image\/png"}],"twitter_card":"summary_large_image","schema":{"@context":"https:\/\/schema.org","@graph":[{"@type":"Organization","@id":"https:\/\/www.mesvendanges.com\/en\/#organization","name":"Mes Vendanges","url":"https:\/\/www.mesvendanges.com\/en\/","sameAs":[],"logo":{"@type":"ImageObject","inLanguage":"fr-FR","@id":"https:\/\/www.mesvendanges.com\/en\/#\/schema\/logo\/image\/","url":"https:\/\/www.mesvendanges.com\/wp-content\/uploads\/2022\/02\/logo-mesvendanges.jpg","contentUrl":"https:\/\/www.mesvendanges.com\/wp-content\/uploads\/2022\/02\/logo-mesvendanges.jpg","width":851,"height":260,"caption":"Mes Vendanges"},"image":{"@id":"https:\/\/www.mesvendanges.com\/en\/#\/schema\/logo\/image\/"}},{"@type":"WebSite","@id":"https:\/\/www.mesvendanges.com\/en\/#website","url":"https:\/\/www.mesvendanges.com\/en\/","name":"Mes Vendanges","description":"Des journ\u00e9es enti\u00e8res dans les vignes","publisher":{"@id":"https:\/\/www.mesvendanges.com\/en\/#organization"},"potentialAction":[{"@type":"SearchAction","target":{"@type":"EntryPoint","urlTemplate":"https:\/\/www.mesvendanges.com\/en\/?s={search_term_string}"},"query-input":"required name=search_term_string"}],"inLanguage":"fr-FR"},{"@type":"ImageObject","inLanguage":"fr-FR","@id":"https:\/\/www.mesvendanges.com\/en\/shop\/wines\/buschenberg-riesling-veyder-malberg-2022-75cl\/#primaryimage","url":"https:\/\/www.mesvendanges.com\/wp-content\/uploads\/2024\/08\/veyder-malberg-buschenberg-riesling-2022-png.png","contentUrl":"https:\/\/www.mesvendanges.com\/wp-content\/uploads\/2024\/08\/veyder-malberg-buschenberg-riesling-2022-png.png","width":359,"height":1500},{"@type":"WebPage","@id":"https:\/\/www.mesvendanges.com\/en\/shop\/wines\/buschenberg-riesling-veyder-malberg-2022-75cl\/","url":"https:\/\/www.mesvendanges.com\/en\/shop\/wines\/buschenberg-riesling-veyder-malberg-2022-75cl\/","name":"BUSCHENBERG RIESLING - Mes Vendanges","isPartOf":{"@id":"https:\/\/www.mesvendanges.com\/en\/#website"},"primaryImageOfPage":{"@id":"https:\/\/www.mesvendanges.com\/en\/shop\/wines\/buschenberg-riesling-veyder-malberg-2022-75cl\/#primaryimage"},"datePublished":"2023-10-15T17:02:42+00:00","dateModified":"2025-05-01T16:01:57+00:00","breadcrumb":{"@id":"https:\/\/www.mesvendanges.com\/en\/shop\/wines\/buschenberg-riesling-veyder-malberg-2022-75cl\/#breadcrumb"},"inLanguage":"fr-FR","potentialAction":[{"@type":"ReadAction","target":["https:\/\/www.mesvendanges.com\/en\/shop\/wines\/buschenberg-riesling-veyder-malberg-2022-75cl\/"]}]},{"@type":"BreadcrumbList","@id":"https:\/\/www.mesvendanges.com\/en\/shop\/wines\/buschenberg-riesling-veyder-malberg-2022-75cl\/#breadcrumb","itemListElement":[{"@type":"ListItem","position":1,"name":"Home","item":"https:\/\/www.mesvendanges.com\/en\/"},{"@type":"ListItem","position":2,"name":"Shop","item":"https:\/\/www.mesvendanges.com\/en\/shop\/"},{"@type":"ListItem","position":3,"name":"BUSCHENBERG RIESLING"}]}]}},"_links":{"self":[{"href":"https:\/\/www.mesvendanges.com\/en\/wp-json\/wp\/v2\/product\/67436"}],"collection":[{"href":"https:\/\/www.mesvendanges.com\/en\/wp-json\/wp\/v2\/product"}],"about":[{"href":"https:\/\/www.mesvendanges.com\/en\/wp-json\/wp\/v2\/types\/product"}],"wp:featuredmedia":[{"embeddable":true,"href":"https:\/\/www.mesvendanges.com\/en\/wp-json\/wp\/v2\/media\/76415"}],"wp:attachment":[{"href":"https:\/\/www.mesvendanges.com\/en\/wp-json\/wp\/v2\/media?parent=67436"}],"wp:term":[{"taxonomy":"product_cat","embeddable":true,"href":"https:\/\/www.mesvendanges.com\/en\/wp-json\/wp\/v2\/product_cat?post=67436"},{"taxonomy":"product_tag","embeddable":true,"href":"https:\/\/www.mesvendanges.com\/en\/wp-json\/wp\/v2\/product_tag?post=67436"}],"curies":[{"name":"wp","href":"https:\/\/api.w.org\/{rel}","templated":true}]}}