{"id":67522,"date":"2023-10-22T17:08:11","date_gmt":"2023-10-22T15:08:11","guid":{"rendered":"https:\/\/www.mesvendanges.com\/shop\/uncategorized\/mondeuse-ficomontanino-2021-75cl\/"},"modified":"2025-11-12T12:36:32","modified_gmt":"2025-11-12T11:36:32","slug":"mondeuse-ficomontanino-2021-75cl","status":"publish","type":"product","link":"https:\/\/www.mesvendanges.com\/en\/shop\/wines\/mondeuse-ficomontanino-2021-75cl\/","title":{"rendered":"MONDEUSE"},"content":{"rendered":"<p>Un vin tout en d\u00e9licatesse. Un tr\u00e8s beau fruit sur la cerise, d\u00e9licat, juteux, rapellant de beaux pinots. La pr\u00e9sence de CO2 peut appeler un carafage pour ceux qui sont sensibles, pour ma part j&#8217;apprecie son int\u00e9gration dans le fruit. De fins tanins viennent porter la bouche. Tr\u00e8s jolie bouteille, a\u00e9rienne, qui contraste tellement avex les vins denses et bois\u00e9s de certains toscans !<\/p>\n<p>Issu de vignes de 25 ans plant\u00e9es par le grand-p\u00e8re Maria-Sole Gianelli, adorateur des c\u00e9pages fran\u00e7ais<\/p>\n","protected":false},"excerpt":{"rendered":"<p>Un vin tout en d\u00e9licatesse. Un tr\u00e8s beau fruit sur la cerise, d\u00e9licat, juteux, rapellant de beaux pinots. La pr\u00e9sence de CO2 peut appeler un carafage pour ceux qui sont sensibles, pour ma part j&#8217;apprecie son int\u00e9gration dans le fruit. De fins tanins viennent porter la bouche. Tr\u00e8s jolie bouteille, a\u00e9rienne, qui contraste tellement avex [&hellip;]<\/p>\n","protected":false},"featured_media":49493,"template":"","meta":[],"product_cat":[3740],"product_tag":[],"acf":[],"yoast_head":"<!-- This site is optimized with the Yoast SEO plugin v19.3 - https:\/\/yoast.com\/wordpress\/plugins\/seo\/ -->\n<title>MONDEUSE - Mes Vendanges<\/title>\n<meta name=\"robots\" content=\"index, follow, max-snippet:-1, max-image-preview:large, max-video-preview:-1\" \/>\n<link rel=\"canonical\" href=\"https:\/\/www.mesvendanges.com\/en\/shop\/wines\/mondeuse-ficomontanino-2021-75cl\/\" \/>\n<meta property=\"og:locale\" content=\"en_US\" \/>\n<meta property=\"og:type\" content=\"article\" \/>\n<meta property=\"og:title\" content=\"MONDEUSE - Mes Vendanges\" \/>\n<meta property=\"og:description\" content=\"Un vin tout en d\u00e9licatesse. Un tr\u00e8s beau fruit sur la cerise, d\u00e9licat, juteux, rapellant de beaux pinots. La pr\u00e9sence de CO2 peut appeler un carafage pour ceux qui sont sensibles, pour ma part j&#8217;apprecie son int\u00e9gration dans le fruit. De fins tanins viennent porter la bouche. Tr\u00e8s jolie bouteille, a\u00e9rienne, qui contraste tellement avex [&hellip;]\" \/>\n<meta property=\"og:url\" content=\"https:\/\/www.mesvendanges.com\/en\/shop\/wines\/mondeuse-ficomontanino-2021-75cl\/\" \/>\n<meta property=\"og:site_name\" content=\"Mes Vendanges\" \/>\n<meta property=\"article:modified_time\" content=\"2025-11-12T11:36:32+00:00\" \/>\n<meta property=\"og:image\" content=\"https:\/\/www.mesvendanges.com\/wp-content\/uploads\/2022\/08\/ficomontanino-mondeuse-igt-toscana-2020-75cl-rouge-png.png\" \/>\n\t<meta property=\"og:image:width\" content=\"431\" \/>\n\t<meta property=\"og:image:height\" content=\"1500\" \/>\n\t<meta property=\"og:image:type\" content=\"image\/png\" \/>\n<meta name=\"twitter:card\" content=\"summary_large_image\" \/>\n<script type=\"application\/ld+json\" class=\"yoast-schema-graph\">{\"@context\":\"https:\/\/schema.org\",\"@graph\":[{\"@type\":\"Organization\",\"@id\":\"https:\/\/www.mesvendanges.com\/en\/#organization\",\"name\":\"Mes Vendanges\",\"url\":\"https:\/\/www.mesvendanges.com\/en\/\",\"sameAs\":[],\"logo\":{\"@type\":\"ImageObject\",\"inLanguage\":\"fr-FR\",\"@id\":\"https:\/\/www.mesvendanges.com\/en\/#\/schema\/logo\/image\/\",\"url\":\"https:\/\/www.mesvendanges.com\/wp-content\/uploads\/2022\/02\/logo-mesvendanges.jpg\",\"contentUrl\":\"https:\/\/www.mesvendanges.com\/wp-content\/uploads\/2022\/02\/logo-mesvendanges.jpg\",\"width\":851,\"height\":260,\"caption\":\"Mes Vendanges\"},\"image\":{\"@id\":\"https:\/\/www.mesvendanges.com\/en\/#\/schema\/logo\/image\/\"}},{\"@type\":\"WebSite\",\"@id\":\"https:\/\/www.mesvendanges.com\/en\/#website\",\"url\":\"https:\/\/www.mesvendanges.com\/en\/\",\"name\":\"Mes Vendanges\",\"description\":\"Des journ\u00e9es enti\u00e8res dans les vignes\",\"publisher\":{\"@id\":\"https:\/\/www.mesvendanges.com\/en\/#organization\"},\"potentialAction\":[{\"@type\":\"SearchAction\",\"target\":{\"@type\":\"EntryPoint\",\"urlTemplate\":\"https:\/\/www.mesvendanges.com\/en\/?s={search_term_string}\"},\"query-input\":\"required name=search_term_string\"}],\"inLanguage\":\"fr-FR\"},{\"@type\":\"ImageObject\",\"inLanguage\":\"fr-FR\",\"@id\":\"https:\/\/www.mesvendanges.com\/en\/shop\/wines\/mondeuse-ficomontanino-2021-75cl\/#primaryimage\",\"url\":\"https:\/\/www.mesvendanges.com\/wp-content\/uploads\/2022\/08\/ficomontanino-mondeuse-igt-toscana-2020-75cl-rouge-png.png\",\"contentUrl\":\"https:\/\/www.mesvendanges.com\/wp-content\/uploads\/2022\/08\/ficomontanino-mondeuse-igt-toscana-2020-75cl-rouge-png.png\",\"width\":431,\"height\":1500},{\"@type\":\"WebPage\",\"@id\":\"https:\/\/www.mesvendanges.com\/en\/shop\/wines\/mondeuse-ficomontanino-2021-75cl\/\",\"url\":\"https:\/\/www.mesvendanges.com\/en\/shop\/wines\/mondeuse-ficomontanino-2021-75cl\/\",\"name\":\"MONDEUSE - Mes Vendanges\",\"isPartOf\":{\"@id\":\"https:\/\/www.mesvendanges.com\/en\/#website\"},\"primaryImageOfPage\":{\"@id\":\"https:\/\/www.mesvendanges.com\/en\/shop\/wines\/mondeuse-ficomontanino-2021-75cl\/#primaryimage\"},\"datePublished\":\"2023-10-22T15:08:11+00:00\",\"dateModified\":\"2025-11-12T11:36:32+00:00\",\"breadcrumb\":{\"@id\":\"https:\/\/www.mesvendanges.com\/en\/shop\/wines\/mondeuse-ficomontanino-2021-75cl\/#breadcrumb\"},\"inLanguage\":\"fr-FR\",\"potentialAction\":[{\"@type\":\"ReadAction\",\"target\":[\"https:\/\/www.mesvendanges.com\/en\/shop\/wines\/mondeuse-ficomontanino-2021-75cl\/\"]}]},{\"@type\":\"BreadcrumbList\",\"@id\":\"https:\/\/www.mesvendanges.com\/en\/shop\/wines\/mondeuse-ficomontanino-2021-75cl\/#breadcrumb\",\"itemListElement\":[{\"@type\":\"ListItem\",\"position\":1,\"name\":\"Home\",\"item\":\"https:\/\/www.mesvendanges.com\/en\/\"},{\"@type\":\"ListItem\",\"position\":2,\"name\":\"Shop\",\"item\":\"https:\/\/www.mesvendanges.com\/en\/shop\/\"},{\"@type\":\"ListItem\",\"position\":3,\"name\":\"MONDEUSE\"}]}]}<\/script>\n<!-- \/ Yoast SEO plugin. -->","yoast_head_json":{"title":"MONDEUSE - Mes Vendanges","robots":{"index":"index","follow":"follow","max-snippet":"max-snippet:-1","max-image-preview":"max-image-preview:large","max-video-preview":"max-video-preview:-1"},"canonical":"https:\/\/www.mesvendanges.com\/en\/shop\/wines\/mondeuse-ficomontanino-2021-75cl\/","og_locale":"en_US","og_type":"article","og_title":"MONDEUSE - Mes Vendanges","og_description":"Un vin tout en d\u00e9licatesse. Un tr\u00e8s beau fruit sur la cerise, d\u00e9licat, juteux, rapellant de beaux pinots. La pr\u00e9sence de CO2 peut appeler un carafage pour ceux qui sont sensibles, pour ma part j&#8217;apprecie son int\u00e9gration dans le fruit. De fins tanins viennent porter la bouche. Tr\u00e8s jolie bouteille, a\u00e9rienne, qui contraste tellement avex [&hellip;]","og_url":"https:\/\/www.mesvendanges.com\/en\/shop\/wines\/mondeuse-ficomontanino-2021-75cl\/","og_site_name":"Mes Vendanges","article_modified_time":"2025-11-12T11:36:32+00:00","og_image":[{"width":431,"height":1500,"url":"https:\/\/www.mesvendanges.com\/wp-content\/uploads\/2022\/08\/ficomontanino-mondeuse-igt-toscana-2020-75cl-rouge-png.png","type":"image\/png"}],"twitter_card":"summary_large_image","schema":{"@context":"https:\/\/schema.org","@graph":[{"@type":"Organization","@id":"https:\/\/www.mesvendanges.com\/en\/#organization","name":"Mes Vendanges","url":"https:\/\/www.mesvendanges.com\/en\/","sameAs":[],"logo":{"@type":"ImageObject","inLanguage":"fr-FR","@id":"https:\/\/www.mesvendanges.com\/en\/#\/schema\/logo\/image\/","url":"https:\/\/www.mesvendanges.com\/wp-content\/uploads\/2022\/02\/logo-mesvendanges.jpg","contentUrl":"https:\/\/www.mesvendanges.com\/wp-content\/uploads\/2022\/02\/logo-mesvendanges.jpg","width":851,"height":260,"caption":"Mes Vendanges"},"image":{"@id":"https:\/\/www.mesvendanges.com\/en\/#\/schema\/logo\/image\/"}},{"@type":"WebSite","@id":"https:\/\/www.mesvendanges.com\/en\/#website","url":"https:\/\/www.mesvendanges.com\/en\/","name":"Mes Vendanges","description":"Des journ\u00e9es enti\u00e8res dans les vignes","publisher":{"@id":"https:\/\/www.mesvendanges.com\/en\/#organization"},"potentialAction":[{"@type":"SearchAction","target":{"@type":"EntryPoint","urlTemplate":"https:\/\/www.mesvendanges.com\/en\/?s={search_term_string}"},"query-input":"required name=search_term_string"}],"inLanguage":"fr-FR"},{"@type":"ImageObject","inLanguage":"fr-FR","@id":"https:\/\/www.mesvendanges.com\/en\/shop\/wines\/mondeuse-ficomontanino-2021-75cl\/#primaryimage","url":"https:\/\/www.mesvendanges.com\/wp-content\/uploads\/2022\/08\/ficomontanino-mondeuse-igt-toscana-2020-75cl-rouge-png.png","contentUrl":"https:\/\/www.mesvendanges.com\/wp-content\/uploads\/2022\/08\/ficomontanino-mondeuse-igt-toscana-2020-75cl-rouge-png.png","width":431,"height":1500},{"@type":"WebPage","@id":"https:\/\/www.mesvendanges.com\/en\/shop\/wines\/mondeuse-ficomontanino-2021-75cl\/","url":"https:\/\/www.mesvendanges.com\/en\/shop\/wines\/mondeuse-ficomontanino-2021-75cl\/","name":"MONDEUSE - Mes Vendanges","isPartOf":{"@id":"https:\/\/www.mesvendanges.com\/en\/#website"},"primaryImageOfPage":{"@id":"https:\/\/www.mesvendanges.com\/en\/shop\/wines\/mondeuse-ficomontanino-2021-75cl\/#primaryimage"},"datePublished":"2023-10-22T15:08:11+00:00","dateModified":"2025-11-12T11:36:32+00:00","breadcrumb":{"@id":"https:\/\/www.mesvendanges.com\/en\/shop\/wines\/mondeuse-ficomontanino-2021-75cl\/#breadcrumb"},"inLanguage":"fr-FR","potentialAction":[{"@type":"ReadAction","target":["https:\/\/www.mesvendanges.com\/en\/shop\/wines\/mondeuse-ficomontanino-2021-75cl\/"]}]},{"@type":"BreadcrumbList","@id":"https:\/\/www.mesvendanges.com\/en\/shop\/wines\/mondeuse-ficomontanino-2021-75cl\/#breadcrumb","itemListElement":[{"@type":"ListItem","position":1,"name":"Home","item":"https:\/\/www.mesvendanges.com\/en\/"},{"@type":"ListItem","position":2,"name":"Shop","item":"https:\/\/www.mesvendanges.com\/en\/shop\/"},{"@type":"ListItem","position":3,"name":"MONDEUSE"}]}]}},"_links":{"self":[{"href":"https:\/\/www.mesvendanges.com\/en\/wp-json\/wp\/v2\/product\/67522"}],"collection":[{"href":"https:\/\/www.mesvendanges.com\/en\/wp-json\/wp\/v2\/product"}],"about":[{"href":"https:\/\/www.mesvendanges.com\/en\/wp-json\/wp\/v2\/types\/product"}],"wp:featuredmedia":[{"embeddable":true,"href":"https:\/\/www.mesvendanges.com\/en\/wp-json\/wp\/v2\/media\/49493"}],"wp:attachment":[{"href":"https:\/\/www.mesvendanges.com\/en\/wp-json\/wp\/v2\/media?parent=67522"}],"wp:term":[{"taxonomy":"product_cat","embeddable":true,"href":"https:\/\/www.mesvendanges.com\/en\/wp-json\/wp\/v2\/product_cat?post=67522"},{"taxonomy":"product_tag","embeddable":true,"href":"https:\/\/www.mesvendanges.com\/en\/wp-json\/wp\/v2\/product_tag?post=67522"}],"curies":[{"name":"wp","href":"https:\/\/api.w.org\/{rel}","templated":true}]}}