{"id":67664,"date":"2023-11-17T11:32:38","date_gmt":"2023-11-17T10:32:38","guid":{"rendered":"https:\/\/www.mesvendanges.com\/shop\/uncategorized\/san-francesco-antoniolo-azienda-vitivinicola-2018-75cl\/"},"modified":"2025-12-06T16:38:06","modified_gmt":"2025-12-06T15:38:06","slug":"san-francesco-antoniolo-azienda-vitivinicola-2018-75cl","status":"publish","type":"product","link":"https:\/\/www.mesvendanges.com\/en\/shop\/wines\/san-francesco-antoniolo-azienda-vitivinicola-2018-75cl\/","title":{"rendered":"SAN FRANCESCO"},"content":{"rendered":"<p>Le San Francesco est le cru le plus puissant du domaine Antoniolo. Avec un caract\u00e8re sauvage et fougueux, il poss\u00e8de grand potentiel de garde et se pla\u00eet \u00e0 table aux cot\u00e9s de plats relev\u00e9s. IL lui faudra quelques ann\u00e9es pour s&#8217;exprimer dans tout son rayonnement. Un vin tout \u00e0 la fois viril et \u00e9l\u00e9gant.<br \/>\nLes vignes du San Francesco s&#8217;\u00e9tendent sur 2.5 hectares, avec un socle morainique et une exposition sud-ouest. Apr\u00e8s la vendange, les mac\u00e9rations sur peau durent 2 semaines, en cuves acier. Les vins sont ensuite \u00e9lev\u00e9s pendant 12 mois en petites barriques, puis 18 mois en barriques moyennes. Enfin le vin est conserv\u00e9 encore 12 mois en bouteilles avant d&#8217;\u00eatre mis \u00e0 la vente, \u00e0 hauteur d&#8217;environ 4000 bouteilles par an. <\/p>\n","protected":false},"excerpt":{"rendered":"<p>Le San Francesco est le cru le plus puissant du domaine Antoniolo. Avec un caract\u00e8re sauvage et fougueux, il poss\u00e8de grand potentiel de garde et se pla\u00eet \u00e0 table aux cot\u00e9s de plats relev\u00e9s. IL lui faudra quelques ann\u00e9es pour s&#8217;exprimer dans tout son rayonnement. Un vin tout \u00e0 la fois viril et \u00e9l\u00e9gant. Les [&hellip;]<\/p>\n","protected":false},"featured_media":75498,"template":"","meta":[],"product_cat":[3740],"product_tag":[],"acf":[],"yoast_head":"<!-- This site is optimized with the Yoast SEO plugin v19.3 - https:\/\/yoast.com\/wordpress\/plugins\/seo\/ -->\n<title>SAN FRANCESCO - Mes Vendanges<\/title>\n<meta name=\"robots\" content=\"index, follow, max-snippet:-1, max-image-preview:large, max-video-preview:-1\" \/>\n<link rel=\"canonical\" href=\"https:\/\/www.mesvendanges.com\/en\/shop\/wines\/san-francesco-antoniolo-azienda-vitivinicola-2018-75cl\/\" \/>\n<meta property=\"og:locale\" content=\"en_US\" \/>\n<meta property=\"og:type\" content=\"article\" \/>\n<meta property=\"og:title\" content=\"SAN FRANCESCO - Mes Vendanges\" \/>\n<meta property=\"og:description\" content=\"Le San Francesco est le cru le plus puissant du domaine Antoniolo. Avec un caract\u00e8re sauvage et fougueux, il poss\u00e8de grand potentiel de garde et se pla\u00eet \u00e0 table aux cot\u00e9s de plats relev\u00e9s. IL lui faudra quelques ann\u00e9es pour s&#8217;exprimer dans tout son rayonnement. Un vin tout \u00e0 la fois viril et \u00e9l\u00e9gant. Les [&hellip;]\" \/>\n<meta property=\"og:url\" content=\"https:\/\/www.mesvendanges.com\/en\/shop\/wines\/san-francesco-antoniolo-azienda-vitivinicola-2018-75cl\/\" \/>\n<meta property=\"og:site_name\" content=\"Mes Vendanges\" \/>\n<meta property=\"article:modified_time\" content=\"2025-12-06T15:38:06+00:00\" \/>\n<meta property=\"og:image\" content=\"https:\/\/www.mesvendanges.com\/wp-content\/uploads\/2024\/08\/antoniolo-gattinara-san-francesco-2018-png.png\" \/>\n\t<meta property=\"og:image:width\" content=\"428\" \/>\n\t<meta property=\"og:image:height\" content=\"1500\" \/>\n\t<meta property=\"og:image:type\" content=\"image\/png\" \/>\n<meta name=\"twitter:card\" content=\"summary_large_image\" \/>\n<meta name=\"twitter:label1\" content=\"Est. reading time\" \/>\n\t<meta name=\"twitter:data1\" content=\"1 minute\" \/>\n<script type=\"application\/ld+json\" class=\"yoast-schema-graph\">{\"@context\":\"https:\/\/schema.org\",\"@graph\":[{\"@type\":\"Organization\",\"@id\":\"https:\/\/www.mesvendanges.com\/en\/#organization\",\"name\":\"Mes Vendanges\",\"url\":\"https:\/\/www.mesvendanges.com\/en\/\",\"sameAs\":[],\"logo\":{\"@type\":\"ImageObject\",\"inLanguage\":\"fr-FR\",\"@id\":\"https:\/\/www.mesvendanges.com\/en\/#\/schema\/logo\/image\/\",\"url\":\"https:\/\/www.mesvendanges.com\/wp-content\/uploads\/2022\/02\/logo-mesvendanges.jpg\",\"contentUrl\":\"https:\/\/www.mesvendanges.com\/wp-content\/uploads\/2022\/02\/logo-mesvendanges.jpg\",\"width\":851,\"height\":260,\"caption\":\"Mes Vendanges\"},\"image\":{\"@id\":\"https:\/\/www.mesvendanges.com\/en\/#\/schema\/logo\/image\/\"}},{\"@type\":\"WebSite\",\"@id\":\"https:\/\/www.mesvendanges.com\/en\/#website\",\"url\":\"https:\/\/www.mesvendanges.com\/en\/\",\"name\":\"Mes Vendanges\",\"description\":\"Des journ\u00e9es enti\u00e8res dans les vignes\",\"publisher\":{\"@id\":\"https:\/\/www.mesvendanges.com\/en\/#organization\"},\"potentialAction\":[{\"@type\":\"SearchAction\",\"target\":{\"@type\":\"EntryPoint\",\"urlTemplate\":\"https:\/\/www.mesvendanges.com\/en\/?s={search_term_string}\"},\"query-input\":\"required name=search_term_string\"}],\"inLanguage\":\"fr-FR\"},{\"@type\":\"ImageObject\",\"inLanguage\":\"fr-FR\",\"@id\":\"https:\/\/www.mesvendanges.com\/en\/shop\/wines\/san-francesco-antoniolo-azienda-vitivinicola-2018-75cl\/#primaryimage\",\"url\":\"https:\/\/www.mesvendanges.com\/wp-content\/uploads\/2024\/08\/antoniolo-gattinara-san-francesco-2018-png.png\",\"contentUrl\":\"https:\/\/www.mesvendanges.com\/wp-content\/uploads\/2024\/08\/antoniolo-gattinara-san-francesco-2018-png.png\",\"width\":428,\"height\":1500},{\"@type\":\"WebPage\",\"@id\":\"https:\/\/www.mesvendanges.com\/en\/shop\/wines\/san-francesco-antoniolo-azienda-vitivinicola-2018-75cl\/\",\"url\":\"https:\/\/www.mesvendanges.com\/en\/shop\/wines\/san-francesco-antoniolo-azienda-vitivinicola-2018-75cl\/\",\"name\":\"SAN FRANCESCO - Mes Vendanges\",\"isPartOf\":{\"@id\":\"https:\/\/www.mesvendanges.com\/en\/#website\"},\"primaryImageOfPage\":{\"@id\":\"https:\/\/www.mesvendanges.com\/en\/shop\/wines\/san-francesco-antoniolo-azienda-vitivinicola-2018-75cl\/#primaryimage\"},\"datePublished\":\"2023-11-17T10:32:38+00:00\",\"dateModified\":\"2025-12-06T15:38:06+00:00\",\"breadcrumb\":{\"@id\":\"https:\/\/www.mesvendanges.com\/en\/shop\/wines\/san-francesco-antoniolo-azienda-vitivinicola-2018-75cl\/#breadcrumb\"},\"inLanguage\":\"fr-FR\",\"potentialAction\":[{\"@type\":\"ReadAction\",\"target\":[\"https:\/\/www.mesvendanges.com\/en\/shop\/wines\/san-francesco-antoniolo-azienda-vitivinicola-2018-75cl\/\"]}]},{\"@type\":\"BreadcrumbList\",\"@id\":\"https:\/\/www.mesvendanges.com\/en\/shop\/wines\/san-francesco-antoniolo-azienda-vitivinicola-2018-75cl\/#breadcrumb\",\"itemListElement\":[{\"@type\":\"ListItem\",\"position\":1,\"name\":\"Home\",\"item\":\"https:\/\/www.mesvendanges.com\/en\/\"},{\"@type\":\"ListItem\",\"position\":2,\"name\":\"Shop\",\"item\":\"https:\/\/www.mesvendanges.com\/en\/shop\/\"},{\"@type\":\"ListItem\",\"position\":3,\"name\":\"SAN FRANCESCO\"}]}]}<\/script>\n<!-- \/ Yoast SEO plugin. -->","yoast_head_json":{"title":"SAN FRANCESCO - Mes Vendanges","robots":{"index":"index","follow":"follow","max-snippet":"max-snippet:-1","max-image-preview":"max-image-preview:large","max-video-preview":"max-video-preview:-1"},"canonical":"https:\/\/www.mesvendanges.com\/en\/shop\/wines\/san-francesco-antoniolo-azienda-vitivinicola-2018-75cl\/","og_locale":"en_US","og_type":"article","og_title":"SAN FRANCESCO - Mes Vendanges","og_description":"Le San Francesco est le cru le plus puissant du domaine Antoniolo. Avec un caract\u00e8re sauvage et fougueux, il poss\u00e8de grand potentiel de garde et se pla\u00eet \u00e0 table aux cot\u00e9s de plats relev\u00e9s. IL lui faudra quelques ann\u00e9es pour s&#8217;exprimer dans tout son rayonnement. Un vin tout \u00e0 la fois viril et \u00e9l\u00e9gant. Les [&hellip;]","og_url":"https:\/\/www.mesvendanges.com\/en\/shop\/wines\/san-francesco-antoniolo-azienda-vitivinicola-2018-75cl\/","og_site_name":"Mes Vendanges","article_modified_time":"2025-12-06T15:38:06+00:00","og_image":[{"width":428,"height":1500,"url":"https:\/\/www.mesvendanges.com\/wp-content\/uploads\/2024\/08\/antoniolo-gattinara-san-francesco-2018-png.png","type":"image\/png"}],"twitter_card":"summary_large_image","twitter_misc":{"Est. reading time":"1 minute"},"schema":{"@context":"https:\/\/schema.org","@graph":[{"@type":"Organization","@id":"https:\/\/www.mesvendanges.com\/en\/#organization","name":"Mes Vendanges","url":"https:\/\/www.mesvendanges.com\/en\/","sameAs":[],"logo":{"@type":"ImageObject","inLanguage":"fr-FR","@id":"https:\/\/www.mesvendanges.com\/en\/#\/schema\/logo\/image\/","url":"https:\/\/www.mesvendanges.com\/wp-content\/uploads\/2022\/02\/logo-mesvendanges.jpg","contentUrl":"https:\/\/www.mesvendanges.com\/wp-content\/uploads\/2022\/02\/logo-mesvendanges.jpg","width":851,"height":260,"caption":"Mes Vendanges"},"image":{"@id":"https:\/\/www.mesvendanges.com\/en\/#\/schema\/logo\/image\/"}},{"@type":"WebSite","@id":"https:\/\/www.mesvendanges.com\/en\/#website","url":"https:\/\/www.mesvendanges.com\/en\/","name":"Mes Vendanges","description":"Des journ\u00e9es enti\u00e8res dans les vignes","publisher":{"@id":"https:\/\/www.mesvendanges.com\/en\/#organization"},"potentialAction":[{"@type":"SearchAction","target":{"@type":"EntryPoint","urlTemplate":"https:\/\/www.mesvendanges.com\/en\/?s={search_term_string}"},"query-input":"required name=search_term_string"}],"inLanguage":"fr-FR"},{"@type":"ImageObject","inLanguage":"fr-FR","@id":"https:\/\/www.mesvendanges.com\/en\/shop\/wines\/san-francesco-antoniolo-azienda-vitivinicola-2018-75cl\/#primaryimage","url":"https:\/\/www.mesvendanges.com\/wp-content\/uploads\/2024\/08\/antoniolo-gattinara-san-francesco-2018-png.png","contentUrl":"https:\/\/www.mesvendanges.com\/wp-content\/uploads\/2024\/08\/antoniolo-gattinara-san-francesco-2018-png.png","width":428,"height":1500},{"@type":"WebPage","@id":"https:\/\/www.mesvendanges.com\/en\/shop\/wines\/san-francesco-antoniolo-azienda-vitivinicola-2018-75cl\/","url":"https:\/\/www.mesvendanges.com\/en\/shop\/wines\/san-francesco-antoniolo-azienda-vitivinicola-2018-75cl\/","name":"SAN FRANCESCO - Mes Vendanges","isPartOf":{"@id":"https:\/\/www.mesvendanges.com\/en\/#website"},"primaryImageOfPage":{"@id":"https:\/\/www.mesvendanges.com\/en\/shop\/wines\/san-francesco-antoniolo-azienda-vitivinicola-2018-75cl\/#primaryimage"},"datePublished":"2023-11-17T10:32:38+00:00","dateModified":"2025-12-06T15:38:06+00:00","breadcrumb":{"@id":"https:\/\/www.mesvendanges.com\/en\/shop\/wines\/san-francesco-antoniolo-azienda-vitivinicola-2018-75cl\/#breadcrumb"},"inLanguage":"fr-FR","potentialAction":[{"@type":"ReadAction","target":["https:\/\/www.mesvendanges.com\/en\/shop\/wines\/san-francesco-antoniolo-azienda-vitivinicola-2018-75cl\/"]}]},{"@type":"BreadcrumbList","@id":"https:\/\/www.mesvendanges.com\/en\/shop\/wines\/san-francesco-antoniolo-azienda-vitivinicola-2018-75cl\/#breadcrumb","itemListElement":[{"@type":"ListItem","position":1,"name":"Home","item":"https:\/\/www.mesvendanges.com\/en\/"},{"@type":"ListItem","position":2,"name":"Shop","item":"https:\/\/www.mesvendanges.com\/en\/shop\/"},{"@type":"ListItem","position":3,"name":"SAN FRANCESCO"}]}]}},"_links":{"self":[{"href":"https:\/\/www.mesvendanges.com\/en\/wp-json\/wp\/v2\/product\/67664"}],"collection":[{"href":"https:\/\/www.mesvendanges.com\/en\/wp-json\/wp\/v2\/product"}],"about":[{"href":"https:\/\/www.mesvendanges.com\/en\/wp-json\/wp\/v2\/types\/product"}],"wp:featuredmedia":[{"embeddable":true,"href":"https:\/\/www.mesvendanges.com\/en\/wp-json\/wp\/v2\/media\/75498"}],"wp:attachment":[{"href":"https:\/\/www.mesvendanges.com\/en\/wp-json\/wp\/v2\/media?parent=67664"}],"wp:term":[{"taxonomy":"product_cat","embeddable":true,"href":"https:\/\/www.mesvendanges.com\/en\/wp-json\/wp\/v2\/product_cat?post=67664"},{"taxonomy":"product_tag","embeddable":true,"href":"https:\/\/www.mesvendanges.com\/en\/wp-json\/wp\/v2\/product_tag?post=67664"}],"curies":[{"name":"wp","href":"https:\/\/api.w.org\/{rel}","templated":true}]}}