{"id":67692,"date":"2023-11-18T10:53:55","date_gmt":"2023-11-18T09:53:55","guid":{"rendered":"https:\/\/www.mesvendanges.com\/shop\/uncategorized\/kriek-lambic-juin-2023-cantillon-2023-75cl\/"},"modified":"2024-02-22T13:13:02","modified_gmt":"2024-02-22T12:13:02","slug":"kriek-lambic-juin-2023-cantillon-2023-75cl","status":"publish","type":"product","link":"https:\/\/www.mesvendanges.com\/en\/shop\/wines\/kriek-lambic-juin-2023-cantillon-2023-75cl\/","title":{"rendered":"KRIEK LAMBIC JUIN 2023"},"content":{"rendered":"<p>Les estaminets belges n&#8217;ont pas toujours pr\u00e9sent\u00e9 200 ou 300 bi\u00e8res aux consommateurs. On ne d\u00e9bitait que des produits locaux. Afin d&#8217;\u00e9toffer le tarif des &#8220;caf\u00e9s&#8221;, les brasseurs imaginaient des recettes \u00e0 base de fruits cultiv\u00e9s dans la r\u00e9gion. La plus connue des bi\u00e8res \u00e0 fruit est \u00e9videmment la Kriek. T\u00e9moignage de Monsieur Van Roy: Nous sommes en \u00e9t\u00e9, il fait chaud. Un camion en provenance de la cri\u00e9e de St Trond se range le long du trottoir. Il transporte 4000 kg de griottes fra\u00eeches vari\u00e9t\u00e9 Kellery. Apr\u00e8s avoir d\u00e9charg\u00e9 le camion, l&#8217;\u00e9quipe Cantillon va d\u00e9verser les cerises dans les pipes (tonneaux de 650 litres). Chaque f\u00fbt recevra environ 150 kg de fruits. Ces f\u00fbts de ch\u00eane ou de ch\u00e2taigner ont \u00e9t\u00e9 nettoy\u00e9s quelques jours auparavant Pendant l&#8217;op\u00e9ration de remplissage des f\u00fbts, je pars \u00e0 la recherche de Lambics sains, \u00e2g\u00e9s d&#8217;environ un an et demi. La t\u00e2che n&#8217;est pas ais\u00e9e car beaucoup de bi\u00e8res font encore leur maladie. Ces Lambics &#8220;huileux&#8221; doivent imp\u00e9rativement vieillir encore quelques mois sur le f\u00fbt m\u00e8re. Lorsque les pipes \u00e0 Kriek sont remplies de fruits et de Lambic (environ 500 litres), je recouvre la bonde d&#8217;une feuille de papier pour \u00e9viter tout contact avec des impuret\u00e9s \u00e9ventuelles. Cinq jours apr\u00e8s le remplissage d\u00e9bute la fermentation. Les sucres contenus dans le Lambic et ceux du fruit provoquent l&#8217;activit\u00e9 des levures concentr\u00e9es dans le bois et aussi sur la peau des cerises. De merveilleux bouquets de mousse rouge ou rose d\u00e9corent ces vieux tonneaux entass\u00e9s dans la cave. En g\u00e9n\u00e9ral, la fermentation se termine vers le 10 ao\u00fbt. Les bondes sont alors referm\u00e9es et le Lambic acide commence son travail d&#8217;extraction du go\u00fbt et de la couleur des fruits. La fermentation de la Kriek en bouteille d\u00e9bute en g\u00e9n\u00e9ral vers octobre. Je pompe sur foudre deux pipes de Kriek-Lambic de premier extrait et deux pipes de deuxi\u00e8me extrait. On obtient le deuxi\u00e8me extrait par un second remplissage de f\u00fbt afin d&#8217;extraire un maximum du fruit. On peut aussi m\u00e9langer un certain volume de jeune Lambic \u00e0 la Kriek afin d&#8217;obtenir une bonne fermentation en bouteille. La Kriek est donc satur\u00e9e naturellement et en g\u00e9n\u00e9ral apr\u00e8s trois \u00e0 cinq mois de bouteille,elle est pr\u00e8te \u00e0 boire.La famille Van Roy \u2014 Cantillon conseille de la boire d&#8217;ans l&#8217;ann\u00e9e suivant la mise en bouteille. En effet, la fermentation va modifier le go\u00fbt primaire du produit et la Kriek sera domin\u00e9e par le caract\u00e8re brut du vieux Lambic. D&#8217;autre part, sa couleur rouge fonc\u00e9 va \u00e9voluer vers des nuances plus tuil\u00e9es. Pourtant, comme ils le pr\u00e9cisent, ce choix est subjectif ; certains clients n&#8217;h\u00e9sitent pas \u00e0 laisser vieillir leur Kriek pendant de nombreuses ann\u00e9es et la trouvent tr\u00e8s bonne. La Kriek se d\u00e9guste traditionnellement en \u00e9t\u00e9. C&#8217;est une boisson tr\u00e8s d\u00e9salt\u00e9rante, qui accompagne \u00e0 merveille une grande tartine de pain de campagne garnie de fromage blanc, radis, oignons et ciboulette.<\/p>\n","protected":false},"excerpt":{"rendered":"<p>Les estaminets belges n&#8217;ont pas toujours pr\u00e9sent\u00e9 200 ou 300 bi\u00e8res aux consommateurs. On ne d\u00e9bitait que des produits locaux. Afin d&#8217;\u00e9toffer le tarif des &#8220;caf\u00e9s&#8221;, les brasseurs imaginaient des recettes \u00e0 base de fruits cultiv\u00e9s dans la r\u00e9gion. La plus connue des bi\u00e8res \u00e0 fruit est \u00e9videmment la Kriek. T\u00e9moignage de Monsieur Van Roy: [&hellip;]<\/p>\n","protected":false},"featured_media":72795,"template":"","meta":[],"product_cat":[3740],"product_tag":[],"acf":[],"yoast_head":"<!-- This site is optimized with the Yoast SEO plugin v19.3 - https:\/\/yoast.com\/wordpress\/plugins\/seo\/ -->\n<title>KRIEK LAMBIC JUIN 2023 - Mes Vendanges<\/title>\n<meta name=\"robots\" content=\"index, follow, max-snippet:-1, max-image-preview:large, max-video-preview:-1\" \/>\n<link rel=\"canonical\" href=\"https:\/\/www.mesvendanges.com\/en\/shop\/wines\/kriek-lambic-juin-2023-cantillon-2023-75cl\/\" \/>\n<meta property=\"og:locale\" content=\"en_US\" \/>\n<meta property=\"og:type\" content=\"article\" \/>\n<meta property=\"og:title\" content=\"KRIEK LAMBIC JUIN 2023 - Mes Vendanges\" \/>\n<meta property=\"og:description\" content=\"Les estaminets belges n&#8217;ont pas toujours pr\u00e9sent\u00e9 200 ou 300 bi\u00e8res aux consommateurs. On ne d\u00e9bitait que des produits locaux. Afin d&#8217;\u00e9toffer le tarif des &#8220;caf\u00e9s&#8221;, les brasseurs imaginaient des recettes \u00e0 base de fruits cultiv\u00e9s dans la r\u00e9gion. La plus connue des bi\u00e8res \u00e0 fruit est \u00e9videmment la Kriek. T\u00e9moignage de Monsieur Van Roy: [&hellip;]\" \/>\n<meta property=\"og:url\" content=\"https:\/\/www.mesvendanges.com\/en\/shop\/wines\/kriek-lambic-juin-2023-cantillon-2023-75cl\/\" \/>\n<meta property=\"og:site_name\" content=\"Mes Vendanges\" \/>\n<meta property=\"article:modified_time\" content=\"2024-02-22T12:13:02+00:00\" \/>\n<meta property=\"og:image\" content=\"https:\/\/www.mesvendanges.com\/wp-content\/uploads\/2023\/12\/cantillon-kriek-lambic-biere-lambic-nm-75cl-effervescent-png.png\" \/>\n\t<meta property=\"og:image:width\" content=\"409\" \/>\n\t<meta property=\"og:image:height\" content=\"1500\" \/>\n\t<meta property=\"og:image:type\" content=\"image\/png\" \/>\n<meta name=\"twitter:card\" content=\"summary_large_image\" \/>\n<meta name=\"twitter:label1\" content=\"Est. reading time\" \/>\n\t<meta name=\"twitter:data1\" content=\"3 minutes\" \/>\n<script type=\"application\/ld+json\" class=\"yoast-schema-graph\">{\"@context\":\"https:\/\/schema.org\",\"@graph\":[{\"@type\":\"Organization\",\"@id\":\"https:\/\/www.mesvendanges.com\/en\/#organization\",\"name\":\"Mes Vendanges\",\"url\":\"https:\/\/www.mesvendanges.com\/en\/\",\"sameAs\":[],\"logo\":{\"@type\":\"ImageObject\",\"inLanguage\":\"fr-FR\",\"@id\":\"https:\/\/www.mesvendanges.com\/en\/#\/schema\/logo\/image\/\",\"url\":\"https:\/\/www.mesvendanges.com\/wp-content\/uploads\/2022\/02\/logo-mesvendanges.jpg\",\"contentUrl\":\"https:\/\/www.mesvendanges.com\/wp-content\/uploads\/2022\/02\/logo-mesvendanges.jpg\",\"width\":851,\"height\":260,\"caption\":\"Mes Vendanges\"},\"image\":{\"@id\":\"https:\/\/www.mesvendanges.com\/en\/#\/schema\/logo\/image\/\"}},{\"@type\":\"WebSite\",\"@id\":\"https:\/\/www.mesvendanges.com\/en\/#website\",\"url\":\"https:\/\/www.mesvendanges.com\/en\/\",\"name\":\"Mes Vendanges\",\"description\":\"Des journ\u00e9es enti\u00e8res dans les vignes\",\"publisher\":{\"@id\":\"https:\/\/www.mesvendanges.com\/en\/#organization\"},\"potentialAction\":[{\"@type\":\"SearchAction\",\"target\":{\"@type\":\"EntryPoint\",\"urlTemplate\":\"https:\/\/www.mesvendanges.com\/en\/?s={search_term_string}\"},\"query-input\":\"required name=search_term_string\"}],\"inLanguage\":\"fr-FR\"},{\"@type\":\"ImageObject\",\"inLanguage\":\"fr-FR\",\"@id\":\"https:\/\/www.mesvendanges.com\/en\/shop\/wines\/kriek-lambic-juin-2023-cantillon-2023-75cl\/#primaryimage\",\"url\":\"https:\/\/www.mesvendanges.com\/wp-content\/uploads\/2023\/12\/cantillon-kriek-lambic-biere-lambic-nm-75cl-effervescent-png.png\",\"contentUrl\":\"https:\/\/www.mesvendanges.com\/wp-content\/uploads\/2023\/12\/cantillon-kriek-lambic-biere-lambic-nm-75cl-effervescent-png.png\",\"width\":409,\"height\":1500},{\"@type\":\"WebPage\",\"@id\":\"https:\/\/www.mesvendanges.com\/en\/shop\/wines\/kriek-lambic-juin-2023-cantillon-2023-75cl\/\",\"url\":\"https:\/\/www.mesvendanges.com\/en\/shop\/wines\/kriek-lambic-juin-2023-cantillon-2023-75cl\/\",\"name\":\"KRIEK LAMBIC JUIN 2023 - Mes Vendanges\",\"isPartOf\":{\"@id\":\"https:\/\/www.mesvendanges.com\/en\/#website\"},\"primaryImageOfPage\":{\"@id\":\"https:\/\/www.mesvendanges.com\/en\/shop\/wines\/kriek-lambic-juin-2023-cantillon-2023-75cl\/#primaryimage\"},\"datePublished\":\"2023-11-18T09:53:55+00:00\",\"dateModified\":\"2024-02-22T12:13:02+00:00\",\"breadcrumb\":{\"@id\":\"https:\/\/www.mesvendanges.com\/en\/shop\/wines\/kriek-lambic-juin-2023-cantillon-2023-75cl\/#breadcrumb\"},\"inLanguage\":\"fr-FR\",\"potentialAction\":[{\"@type\":\"ReadAction\",\"target\":[\"https:\/\/www.mesvendanges.com\/en\/shop\/wines\/kriek-lambic-juin-2023-cantillon-2023-75cl\/\"]}]},{\"@type\":\"BreadcrumbList\",\"@id\":\"https:\/\/www.mesvendanges.com\/en\/shop\/wines\/kriek-lambic-juin-2023-cantillon-2023-75cl\/#breadcrumb\",\"itemListElement\":[{\"@type\":\"ListItem\",\"position\":1,\"name\":\"Home\",\"item\":\"https:\/\/www.mesvendanges.com\/en\/\"},{\"@type\":\"ListItem\",\"position\":2,\"name\":\"Shop\",\"item\":\"https:\/\/www.mesvendanges.com\/en\/shop\/\"},{\"@type\":\"ListItem\",\"position\":3,\"name\":\"KRIEK LAMBIC JUIN 2023\"}]}]}<\/script>\n<!-- \/ Yoast SEO plugin. -->","yoast_head_json":{"title":"KRIEK LAMBIC JUIN 2023 - Mes Vendanges","robots":{"index":"index","follow":"follow","max-snippet":"max-snippet:-1","max-image-preview":"max-image-preview:large","max-video-preview":"max-video-preview:-1"},"canonical":"https:\/\/www.mesvendanges.com\/en\/shop\/wines\/kriek-lambic-juin-2023-cantillon-2023-75cl\/","og_locale":"en_US","og_type":"article","og_title":"KRIEK LAMBIC JUIN 2023 - Mes Vendanges","og_description":"Les estaminets belges n&#8217;ont pas toujours pr\u00e9sent\u00e9 200 ou 300 bi\u00e8res aux consommateurs. On ne d\u00e9bitait que des produits locaux. Afin d&#8217;\u00e9toffer le tarif des &#8220;caf\u00e9s&#8221;, les brasseurs imaginaient des recettes \u00e0 base de fruits cultiv\u00e9s dans la r\u00e9gion. La plus connue des bi\u00e8res \u00e0 fruit est \u00e9videmment la Kriek. T\u00e9moignage de Monsieur Van Roy: [&hellip;]","og_url":"https:\/\/www.mesvendanges.com\/en\/shop\/wines\/kriek-lambic-juin-2023-cantillon-2023-75cl\/","og_site_name":"Mes Vendanges","article_modified_time":"2024-02-22T12:13:02+00:00","og_image":[{"width":409,"height":1500,"url":"https:\/\/www.mesvendanges.com\/wp-content\/uploads\/2023\/12\/cantillon-kriek-lambic-biere-lambic-nm-75cl-effervescent-png.png","type":"image\/png"}],"twitter_card":"summary_large_image","twitter_misc":{"Est. reading time":"3 minutes"},"schema":{"@context":"https:\/\/schema.org","@graph":[{"@type":"Organization","@id":"https:\/\/www.mesvendanges.com\/en\/#organization","name":"Mes Vendanges","url":"https:\/\/www.mesvendanges.com\/en\/","sameAs":[],"logo":{"@type":"ImageObject","inLanguage":"fr-FR","@id":"https:\/\/www.mesvendanges.com\/en\/#\/schema\/logo\/image\/","url":"https:\/\/www.mesvendanges.com\/wp-content\/uploads\/2022\/02\/logo-mesvendanges.jpg","contentUrl":"https:\/\/www.mesvendanges.com\/wp-content\/uploads\/2022\/02\/logo-mesvendanges.jpg","width":851,"height":260,"caption":"Mes Vendanges"},"image":{"@id":"https:\/\/www.mesvendanges.com\/en\/#\/schema\/logo\/image\/"}},{"@type":"WebSite","@id":"https:\/\/www.mesvendanges.com\/en\/#website","url":"https:\/\/www.mesvendanges.com\/en\/","name":"Mes Vendanges","description":"Des journ\u00e9es enti\u00e8res dans les vignes","publisher":{"@id":"https:\/\/www.mesvendanges.com\/en\/#organization"},"potentialAction":[{"@type":"SearchAction","target":{"@type":"EntryPoint","urlTemplate":"https:\/\/www.mesvendanges.com\/en\/?s={search_term_string}"},"query-input":"required name=search_term_string"}],"inLanguage":"fr-FR"},{"@type":"ImageObject","inLanguage":"fr-FR","@id":"https:\/\/www.mesvendanges.com\/en\/shop\/wines\/kriek-lambic-juin-2023-cantillon-2023-75cl\/#primaryimage","url":"https:\/\/www.mesvendanges.com\/wp-content\/uploads\/2023\/12\/cantillon-kriek-lambic-biere-lambic-nm-75cl-effervescent-png.png","contentUrl":"https:\/\/www.mesvendanges.com\/wp-content\/uploads\/2023\/12\/cantillon-kriek-lambic-biere-lambic-nm-75cl-effervescent-png.png","width":409,"height":1500},{"@type":"WebPage","@id":"https:\/\/www.mesvendanges.com\/en\/shop\/wines\/kriek-lambic-juin-2023-cantillon-2023-75cl\/","url":"https:\/\/www.mesvendanges.com\/en\/shop\/wines\/kriek-lambic-juin-2023-cantillon-2023-75cl\/","name":"KRIEK LAMBIC JUIN 2023 - Mes Vendanges","isPartOf":{"@id":"https:\/\/www.mesvendanges.com\/en\/#website"},"primaryImageOfPage":{"@id":"https:\/\/www.mesvendanges.com\/en\/shop\/wines\/kriek-lambic-juin-2023-cantillon-2023-75cl\/#primaryimage"},"datePublished":"2023-11-18T09:53:55+00:00","dateModified":"2024-02-22T12:13:02+00:00","breadcrumb":{"@id":"https:\/\/www.mesvendanges.com\/en\/shop\/wines\/kriek-lambic-juin-2023-cantillon-2023-75cl\/#breadcrumb"},"inLanguage":"fr-FR","potentialAction":[{"@type":"ReadAction","target":["https:\/\/www.mesvendanges.com\/en\/shop\/wines\/kriek-lambic-juin-2023-cantillon-2023-75cl\/"]}]},{"@type":"BreadcrumbList","@id":"https:\/\/www.mesvendanges.com\/en\/shop\/wines\/kriek-lambic-juin-2023-cantillon-2023-75cl\/#breadcrumb","itemListElement":[{"@type":"ListItem","position":1,"name":"Home","item":"https:\/\/www.mesvendanges.com\/en\/"},{"@type":"ListItem","position":2,"name":"Shop","item":"https:\/\/www.mesvendanges.com\/en\/shop\/"},{"@type":"ListItem","position":3,"name":"KRIEK LAMBIC JUIN 2023"}]}]}},"_links":{"self":[{"href":"https:\/\/www.mesvendanges.com\/en\/wp-json\/wp\/v2\/product\/67692"}],"collection":[{"href":"https:\/\/www.mesvendanges.com\/en\/wp-json\/wp\/v2\/product"}],"about":[{"href":"https:\/\/www.mesvendanges.com\/en\/wp-json\/wp\/v2\/types\/product"}],"wp:featuredmedia":[{"embeddable":true,"href":"https:\/\/www.mesvendanges.com\/en\/wp-json\/wp\/v2\/media\/72795"}],"wp:attachment":[{"href":"https:\/\/www.mesvendanges.com\/en\/wp-json\/wp\/v2\/media?parent=67692"}],"wp:term":[{"taxonomy":"product_cat","embeddable":true,"href":"https:\/\/www.mesvendanges.com\/en\/wp-json\/wp\/v2\/product_cat?post=67692"},{"taxonomy":"product_tag","embeddable":true,"href":"https:\/\/www.mesvendanges.com\/en\/wp-json\/wp\/v2\/product_tag?post=67692"}],"curies":[{"name":"wp","href":"https:\/\/api.w.org\/{rel}","templated":true}]}}