{"id":67696,"date":"2023-11-18T11:01:04","date_gmt":"2023-11-18T10:01:04","guid":{"rendered":"https:\/\/www.mesvendanges.com\/shop\/uncategorized\/iris-mars-2023-cantillon-2023-75cl\/"},"modified":"2024-02-22T13:13:05","modified_gmt":"2024-02-22T12:13:05","slug":"iris-mars-2023-cantillon-2023-75cl","status":"publish","type":"product","link":"https:\/\/www.mesvendanges.com\/en\/shop\/wines\/iris-mars-2023-cantillon-2023-75cl\/","title":{"rendered":"IRIS MARS 2023"},"content":{"rendered":"<p class=\"beer\">La Brasserie Cantillon est \u00e9troitement li\u00e9 \u00e0 Bruxelles dont le symbole est la fleur d\u2019Iris. Comme son nom l\u2019indique, l\u2019 &#8220;iris des marais&#8221; est une plante qui se d\u00e9veloppe en milieux humides. Le centre historique de Bruxelles est b\u00e2ti sur des mar\u00e9cages o\u00f9 cette fleur abondait. <\/p>\n<p class=\"beer\">En 1998, le Mus\u00e9e Bruxellois de la Gueuze f\u00eatait ses vingt premi\u00e8res ann\u00e9es d\u2019existence. A cette occasion, la brasserie Cantillon d\u00e9cidait de produire une nouvelle bi\u00e8re de fermentation spontan\u00e9e tout a fait originale au nom de cette fleur embl\u00e9matique. <\/p>\n<p class=\"beer\">Bi\u00e8re tout a fait originale car contrairement \u00e0 tout les autres produits de la brasserie, celui-ci ne sera pas brass\u00e9 avec 35% de froment comme le Lambic. Compos\u00e9 uniquement de malt type pale-ale (qui apporte une couleur plus ambr\u00e9e \u00e0 la bi\u00e8re), l\u2019Iris conserve la touche typique de la fermentation spontan\u00e9e, complexit\u00e9 des ar\u00f4mes et go\u00fbt vineux. <\/p>\n<p class=\"beer\">Diff\u00e9rence aussi au niveau du houblonnage. Alors qu\u2019un brassin de Lambic n\u00e9cessite du houblon surann\u00e9 \u00e0 100%, nous utilisons pour l\u2019Iris 50% de houblon frais et 50% de surann\u00e9s. Le houblon frais est responsable du d\u00e9veloppement d\u2019une superbe amertume tandis que les houblons de 3 ans d\u2019\u00e2ge assurent par leur tanins une conservation parfaite \u00e0 la bi\u00e8re. <\/p>\n<p class=\"beer\">Vieillie deux ans en barriques, l\u2019Iris est additionn\u00e9e une nouvelle fois de houblon frais deux semaines avant la mise en bouteille. Un sac en toile rempli de houblon aromatique est plong\u00e9 dans le tonneau et mac\u00e8re dans la bi\u00e8re deux semaines durant. Cette technique, appel\u00e9e houblonnage \u00e0 froid, permet d\u2019intensifier les saveurs d\u00e9gag\u00e9e par la bi\u00e8re et la rendre plus am\u00e8re au nez et en bouche. <\/p>\n<p class=\"beer\">N\u2019\u00e9tant brass\u00e9e qu\u2019une fois par saison, toutes les bi\u00e8res utilis\u00e9es pour la mise en bouteille proviennent d\u2019un m\u00eame brassin. L\u2019Iris est donc une bi\u00e8re mill\u00e9sim\u00e9e. La seconde fermentation en bouteille est obtenue par ajout de liqueur. <\/p>\n<p class=\"beer\">Bien qu\u2019\u00e9tant de fermentation spontan\u00e9e, l\u2019Iris est fort diff\u00e9rente du Lambic. Sa couleur ambr\u00e9e, son go\u00fbt amer et l\u00e9g\u00e8rement caram\u00e9lis\u00e9 en font une bi\u00e8re aux nuances complexes.<\/p>\n","protected":false},"excerpt":{"rendered":"<p>La Brasserie Cantillon est \u00e9troitement li\u00e9 \u00e0 Bruxelles dont le symbole est la fleur d\u2019Iris. Comme son nom l\u2019indique, l\u2019 &#8220;iris des marais&#8221; est une plante qui se d\u00e9veloppe en milieux humides. Le centre historique de Bruxelles est b\u00e2ti sur des mar\u00e9cages o\u00f9 cette fleur abondait. En 1998, le Mus\u00e9e Bruxellois de la Gueuze f\u00eatait [&hellip;]<\/p>\n","protected":false},"featured_media":0,"template":"","meta":[],"product_cat":[3740],"product_tag":[],"acf":[],"yoast_head":"<!-- This site is optimized with the Yoast SEO plugin v19.3 - https:\/\/yoast.com\/wordpress\/plugins\/seo\/ -->\n<title>IRIS MARS 2023 - Mes Vendanges<\/title>\n<meta name=\"robots\" content=\"index, follow, max-snippet:-1, max-image-preview:large, max-video-preview:-1\" \/>\n<link rel=\"canonical\" href=\"https:\/\/www.mesvendanges.com\/en\/shop\/wines\/iris-mars-2023-cantillon-2023-75cl\/\" \/>\n<meta property=\"og:locale\" content=\"en_US\" \/>\n<meta property=\"og:type\" content=\"article\" \/>\n<meta property=\"og:title\" content=\"IRIS MARS 2023 - Mes Vendanges\" \/>\n<meta property=\"og:description\" content=\"La Brasserie Cantillon est \u00e9troitement li\u00e9 \u00e0 Bruxelles dont le symbole est la fleur d\u2019Iris. Comme son nom l\u2019indique, l\u2019 &#8220;iris des marais&#8221; est une plante qui se d\u00e9veloppe en milieux humides. Le centre historique de Bruxelles est b\u00e2ti sur des mar\u00e9cages o\u00f9 cette fleur abondait. En 1998, le Mus\u00e9e Bruxellois de la Gueuze f\u00eatait [&hellip;]\" \/>\n<meta property=\"og:url\" content=\"https:\/\/www.mesvendanges.com\/en\/shop\/wines\/iris-mars-2023-cantillon-2023-75cl\/\" \/>\n<meta property=\"og:site_name\" content=\"Mes Vendanges\" \/>\n<meta property=\"article:modified_time\" content=\"2024-02-22T12:13:05+00:00\" \/>\n<meta name=\"twitter:card\" content=\"summary_large_image\" \/>\n<meta name=\"twitter:label1\" content=\"Est. reading time\" \/>\n\t<meta name=\"twitter:data1\" content=\"2 minutes\" \/>\n<script type=\"application\/ld+json\" class=\"yoast-schema-graph\">{\"@context\":\"https:\/\/schema.org\",\"@graph\":[{\"@type\":\"Organization\",\"@id\":\"https:\/\/www.mesvendanges.com\/en\/#organization\",\"name\":\"Mes Vendanges\",\"url\":\"https:\/\/www.mesvendanges.com\/en\/\",\"sameAs\":[],\"logo\":{\"@type\":\"ImageObject\",\"inLanguage\":\"fr-FR\",\"@id\":\"https:\/\/www.mesvendanges.com\/en\/#\/schema\/logo\/image\/\",\"url\":\"https:\/\/www.mesvendanges.com\/wp-content\/uploads\/2022\/02\/logo-mesvendanges.jpg\",\"contentUrl\":\"https:\/\/www.mesvendanges.com\/wp-content\/uploads\/2022\/02\/logo-mesvendanges.jpg\",\"width\":851,\"height\":260,\"caption\":\"Mes Vendanges\"},\"image\":{\"@id\":\"https:\/\/www.mesvendanges.com\/en\/#\/schema\/logo\/image\/\"}},{\"@type\":\"WebSite\",\"@id\":\"https:\/\/www.mesvendanges.com\/en\/#website\",\"url\":\"https:\/\/www.mesvendanges.com\/en\/\",\"name\":\"Mes Vendanges\",\"description\":\"Des journ\u00e9es enti\u00e8res dans les vignes\",\"publisher\":{\"@id\":\"https:\/\/www.mesvendanges.com\/en\/#organization\"},\"potentialAction\":[{\"@type\":\"SearchAction\",\"target\":{\"@type\":\"EntryPoint\",\"urlTemplate\":\"https:\/\/www.mesvendanges.com\/en\/?s={search_term_string}\"},\"query-input\":\"required name=search_term_string\"}],\"inLanguage\":\"fr-FR\"},{\"@type\":\"WebPage\",\"@id\":\"https:\/\/www.mesvendanges.com\/en\/shop\/wines\/iris-mars-2023-cantillon-2023-75cl\/\",\"url\":\"https:\/\/www.mesvendanges.com\/en\/shop\/wines\/iris-mars-2023-cantillon-2023-75cl\/\",\"name\":\"IRIS MARS 2023 - Mes Vendanges\",\"isPartOf\":{\"@id\":\"https:\/\/www.mesvendanges.com\/en\/#website\"},\"datePublished\":\"2023-11-18T10:01:04+00:00\",\"dateModified\":\"2024-02-22T12:13:05+00:00\",\"breadcrumb\":{\"@id\":\"https:\/\/www.mesvendanges.com\/en\/shop\/wines\/iris-mars-2023-cantillon-2023-75cl\/#breadcrumb\"},\"inLanguage\":\"fr-FR\",\"potentialAction\":[{\"@type\":\"ReadAction\",\"target\":[\"https:\/\/www.mesvendanges.com\/en\/shop\/wines\/iris-mars-2023-cantillon-2023-75cl\/\"]}]},{\"@type\":\"BreadcrumbList\",\"@id\":\"https:\/\/www.mesvendanges.com\/en\/shop\/wines\/iris-mars-2023-cantillon-2023-75cl\/#breadcrumb\",\"itemListElement\":[{\"@type\":\"ListItem\",\"position\":1,\"name\":\"Home\",\"item\":\"https:\/\/www.mesvendanges.com\/en\/\"},{\"@type\":\"ListItem\",\"position\":2,\"name\":\"Shop\",\"item\":\"https:\/\/www.mesvendanges.com\/en\/shop\/\"},{\"@type\":\"ListItem\",\"position\":3,\"name\":\"IRIS MARS 2023\"}]}]}<\/script>\n<!-- \/ Yoast SEO plugin. -->","yoast_head_json":{"title":"IRIS MARS 2023 - Mes Vendanges","robots":{"index":"index","follow":"follow","max-snippet":"max-snippet:-1","max-image-preview":"max-image-preview:large","max-video-preview":"max-video-preview:-1"},"canonical":"https:\/\/www.mesvendanges.com\/en\/shop\/wines\/iris-mars-2023-cantillon-2023-75cl\/","og_locale":"en_US","og_type":"article","og_title":"IRIS MARS 2023 - Mes Vendanges","og_description":"La Brasserie Cantillon est \u00e9troitement li\u00e9 \u00e0 Bruxelles dont le symbole est la fleur d\u2019Iris. Comme son nom l\u2019indique, l\u2019 &#8220;iris des marais&#8221; est une plante qui se d\u00e9veloppe en milieux humides. Le centre historique de Bruxelles est b\u00e2ti sur des mar\u00e9cages o\u00f9 cette fleur abondait. En 1998, le Mus\u00e9e Bruxellois de la Gueuze f\u00eatait [&hellip;]","og_url":"https:\/\/www.mesvendanges.com\/en\/shop\/wines\/iris-mars-2023-cantillon-2023-75cl\/","og_site_name":"Mes Vendanges","article_modified_time":"2024-02-22T12:13:05+00:00","twitter_card":"summary_large_image","twitter_misc":{"Est. reading time":"2 minutes"},"schema":{"@context":"https:\/\/schema.org","@graph":[{"@type":"Organization","@id":"https:\/\/www.mesvendanges.com\/en\/#organization","name":"Mes Vendanges","url":"https:\/\/www.mesvendanges.com\/en\/","sameAs":[],"logo":{"@type":"ImageObject","inLanguage":"fr-FR","@id":"https:\/\/www.mesvendanges.com\/en\/#\/schema\/logo\/image\/","url":"https:\/\/www.mesvendanges.com\/wp-content\/uploads\/2022\/02\/logo-mesvendanges.jpg","contentUrl":"https:\/\/www.mesvendanges.com\/wp-content\/uploads\/2022\/02\/logo-mesvendanges.jpg","width":851,"height":260,"caption":"Mes Vendanges"},"image":{"@id":"https:\/\/www.mesvendanges.com\/en\/#\/schema\/logo\/image\/"}},{"@type":"WebSite","@id":"https:\/\/www.mesvendanges.com\/en\/#website","url":"https:\/\/www.mesvendanges.com\/en\/","name":"Mes Vendanges","description":"Des journ\u00e9es enti\u00e8res dans les vignes","publisher":{"@id":"https:\/\/www.mesvendanges.com\/en\/#organization"},"potentialAction":[{"@type":"SearchAction","target":{"@type":"EntryPoint","urlTemplate":"https:\/\/www.mesvendanges.com\/en\/?s={search_term_string}"},"query-input":"required name=search_term_string"}],"inLanguage":"fr-FR"},{"@type":"WebPage","@id":"https:\/\/www.mesvendanges.com\/en\/shop\/wines\/iris-mars-2023-cantillon-2023-75cl\/","url":"https:\/\/www.mesvendanges.com\/en\/shop\/wines\/iris-mars-2023-cantillon-2023-75cl\/","name":"IRIS MARS 2023 - Mes Vendanges","isPartOf":{"@id":"https:\/\/www.mesvendanges.com\/en\/#website"},"datePublished":"2023-11-18T10:01:04+00:00","dateModified":"2024-02-22T12:13:05+00:00","breadcrumb":{"@id":"https:\/\/www.mesvendanges.com\/en\/shop\/wines\/iris-mars-2023-cantillon-2023-75cl\/#breadcrumb"},"inLanguage":"fr-FR","potentialAction":[{"@type":"ReadAction","target":["https:\/\/www.mesvendanges.com\/en\/shop\/wines\/iris-mars-2023-cantillon-2023-75cl\/"]}]},{"@type":"BreadcrumbList","@id":"https:\/\/www.mesvendanges.com\/en\/shop\/wines\/iris-mars-2023-cantillon-2023-75cl\/#breadcrumb","itemListElement":[{"@type":"ListItem","position":1,"name":"Home","item":"https:\/\/www.mesvendanges.com\/en\/"},{"@type":"ListItem","position":2,"name":"Shop","item":"https:\/\/www.mesvendanges.com\/en\/shop\/"},{"@type":"ListItem","position":3,"name":"IRIS MARS 2023"}]}]}},"_links":{"self":[{"href":"https:\/\/www.mesvendanges.com\/en\/wp-json\/wp\/v2\/product\/67696"}],"collection":[{"href":"https:\/\/www.mesvendanges.com\/en\/wp-json\/wp\/v2\/product"}],"about":[{"href":"https:\/\/www.mesvendanges.com\/en\/wp-json\/wp\/v2\/types\/product"}],"wp:attachment":[{"href":"https:\/\/www.mesvendanges.com\/en\/wp-json\/wp\/v2\/media?parent=67696"}],"wp:term":[{"taxonomy":"product_cat","embeddable":true,"href":"https:\/\/www.mesvendanges.com\/en\/wp-json\/wp\/v2\/product_cat?post=67696"},{"taxonomy":"product_tag","embeddable":true,"href":"https:\/\/www.mesvendanges.com\/en\/wp-json\/wp\/v2\/product_tag?post=67696"}],"curies":[{"name":"wp","href":"https:\/\/api.w.org\/{rel}","templated":true}]}}