{"id":67823,"date":"2023-11-21T18:08:18","date_gmt":"2023-11-21T17:08:18","guid":{"rendered":"https:\/\/www.mesvendanges.com\/shop\/uncategorized\/maisoncelle-extra-brut-dehours-nm-75cl\/"},"modified":"2025-05-01T15:06:07","modified_gmt":"2025-05-01T13:06:07","slug":"maisoncelle-extra-brut-dehours-nm-75cl","status":"publish","type":"product","link":"https:\/\/www.mesvendanges.com\/en\/shop\/wines\/maisoncelle-extra-brut-dehours-nm-75cl\/","title":{"rendered":"MAISONCELLE EXTRA BRUT"},"content":{"rendered":"<p>Vinification en f\u00fbts. Parcelle de mi-coteaux orient\u00e9e au nord-est. Son sol est argilo-limoneux, tr\u00e8s peu calcaire avec une forte pr\u00e9sence de fer, donnant une personnalit\u00e9 toute singuli\u00e8re \u00e0 ce champagne de gastronomie.<br \/>\nr\u00e9serve perp\u00e9tuelle initi\u00e9e en 2013.<br \/>\nMill\u00e9simes 2013 \u00e0 2016<br \/>\n1850 bouteilles<br \/>\nd\u00e9gorgement f\u00e9vrier 2021<br \/>\ndosage : 1.1gr\/l<\/p>\n","protected":false},"excerpt":{"rendered":"<p>Vinification en f\u00fbts. Parcelle de mi-coteaux orient\u00e9e au nord-est. Son sol est argilo-limoneux, tr\u00e8s peu calcaire avec une forte pr\u00e9sence de fer, donnant une personnalit\u00e9 toute singuli\u00e8re \u00e0 ce champagne de gastronomie. r\u00e9serve perp\u00e9tuelle initi\u00e9e en 2013. Mill\u00e9simes 2013 \u00e0 2016 1850 bouteilles d\u00e9gorgement f\u00e9vrier 2021 dosage : 1.1gr\/l<\/p>\n","protected":false},"featured_media":75850,"template":"","meta":[],"product_cat":[3740],"product_tag":[],"acf":[],"yoast_head":"<!-- This site is optimized with the Yoast SEO plugin v19.3 - https:\/\/yoast.com\/wordpress\/plugins\/seo\/ -->\n<title>MAISONCELLE EXTRA BRUT - Mes Vendanges<\/title>\n<meta name=\"robots\" content=\"index, follow, max-snippet:-1, max-image-preview:large, max-video-preview:-1\" \/>\n<link rel=\"canonical\" href=\"https:\/\/www.mesvendanges.com\/en\/shop\/wines\/maisoncelle-extra-brut-dehours-nm-75cl\/\" \/>\n<meta property=\"og:locale\" content=\"en_US\" \/>\n<meta property=\"og:type\" content=\"article\" \/>\n<meta property=\"og:title\" content=\"MAISONCELLE EXTRA BRUT - Mes Vendanges\" \/>\n<meta property=\"og:description\" content=\"Vinification en f\u00fbts. Parcelle de mi-coteaux orient\u00e9e au nord-est. Son sol est argilo-limoneux, tr\u00e8s peu calcaire avec une forte pr\u00e9sence de fer, donnant une personnalit\u00e9 toute singuli\u00e8re \u00e0 ce champagne de gastronomie. r\u00e9serve perp\u00e9tuelle initi\u00e9e en 2013. Mill\u00e9simes 2013 \u00e0 2016 1850 bouteilles d\u00e9gorgement f\u00e9vrier 2021 dosage : 1.1gr\/l\" \/>\n<meta property=\"og:url\" content=\"https:\/\/www.mesvendanges.com\/en\/shop\/wines\/maisoncelle-extra-brut-dehours-nm-75cl\/\" \/>\n<meta property=\"og:site_name\" content=\"Mes Vendanges\" \/>\n<meta property=\"article:modified_time\" content=\"2025-05-01T13:06:07+00:00\" \/>\n<meta property=\"og:image\" content=\"https:\/\/www.mesvendanges.com\/wp-content\/uploads\/2024\/08\/dehours-maisoncelle-extra-brut-champagne-png.png\" \/>\n\t<meta property=\"og:image:width\" content=\"450\" \/>\n\t<meta property=\"og:image:height\" content=\"1500\" \/>\n\t<meta property=\"og:image:type\" content=\"image\/png\" \/>\n<meta name=\"twitter:card\" content=\"summary_large_image\" \/>\n<script type=\"application\/ld+json\" class=\"yoast-schema-graph\">{\"@context\":\"https:\/\/schema.org\",\"@graph\":[{\"@type\":\"Organization\",\"@id\":\"https:\/\/www.mesvendanges.com\/en\/#organization\",\"name\":\"Mes Vendanges\",\"url\":\"https:\/\/www.mesvendanges.com\/en\/\",\"sameAs\":[],\"logo\":{\"@type\":\"ImageObject\",\"inLanguage\":\"fr-FR\",\"@id\":\"https:\/\/www.mesvendanges.com\/en\/#\/schema\/logo\/image\/\",\"url\":\"https:\/\/www.mesvendanges.com\/wp-content\/uploads\/2022\/02\/logo-mesvendanges.jpg\",\"contentUrl\":\"https:\/\/www.mesvendanges.com\/wp-content\/uploads\/2022\/02\/logo-mesvendanges.jpg\",\"width\":851,\"height\":260,\"caption\":\"Mes Vendanges\"},\"image\":{\"@id\":\"https:\/\/www.mesvendanges.com\/en\/#\/schema\/logo\/image\/\"}},{\"@type\":\"WebSite\",\"@id\":\"https:\/\/www.mesvendanges.com\/en\/#website\",\"url\":\"https:\/\/www.mesvendanges.com\/en\/\",\"name\":\"Mes Vendanges\",\"description\":\"Des journ\u00e9es enti\u00e8res dans les vignes\",\"publisher\":{\"@id\":\"https:\/\/www.mesvendanges.com\/en\/#organization\"},\"potentialAction\":[{\"@type\":\"SearchAction\",\"target\":{\"@type\":\"EntryPoint\",\"urlTemplate\":\"https:\/\/www.mesvendanges.com\/en\/?s={search_term_string}\"},\"query-input\":\"required name=search_term_string\"}],\"inLanguage\":\"fr-FR\"},{\"@type\":\"ImageObject\",\"inLanguage\":\"fr-FR\",\"@id\":\"https:\/\/www.mesvendanges.com\/en\/shop\/wines\/maisoncelle-extra-brut-dehours-nm-75cl\/#primaryimage\",\"url\":\"https:\/\/www.mesvendanges.com\/wp-content\/uploads\/2024\/08\/dehours-maisoncelle-extra-brut-champagne-png.png\",\"contentUrl\":\"https:\/\/www.mesvendanges.com\/wp-content\/uploads\/2024\/08\/dehours-maisoncelle-extra-brut-champagne-png.png\",\"width\":450,\"height\":1500},{\"@type\":\"WebPage\",\"@id\":\"https:\/\/www.mesvendanges.com\/en\/shop\/wines\/maisoncelle-extra-brut-dehours-nm-75cl\/\",\"url\":\"https:\/\/www.mesvendanges.com\/en\/shop\/wines\/maisoncelle-extra-brut-dehours-nm-75cl\/\",\"name\":\"MAISONCELLE EXTRA BRUT - Mes Vendanges\",\"isPartOf\":{\"@id\":\"https:\/\/www.mesvendanges.com\/en\/#website\"},\"primaryImageOfPage\":{\"@id\":\"https:\/\/www.mesvendanges.com\/en\/shop\/wines\/maisoncelle-extra-brut-dehours-nm-75cl\/#primaryimage\"},\"datePublished\":\"2023-11-21T17:08:18+00:00\",\"dateModified\":\"2025-05-01T13:06:07+00:00\",\"breadcrumb\":{\"@id\":\"https:\/\/www.mesvendanges.com\/en\/shop\/wines\/maisoncelle-extra-brut-dehours-nm-75cl\/#breadcrumb\"},\"inLanguage\":\"fr-FR\",\"potentialAction\":[{\"@type\":\"ReadAction\",\"target\":[\"https:\/\/www.mesvendanges.com\/en\/shop\/wines\/maisoncelle-extra-brut-dehours-nm-75cl\/\"]}]},{\"@type\":\"BreadcrumbList\",\"@id\":\"https:\/\/www.mesvendanges.com\/en\/shop\/wines\/maisoncelle-extra-brut-dehours-nm-75cl\/#breadcrumb\",\"itemListElement\":[{\"@type\":\"ListItem\",\"position\":1,\"name\":\"Home\",\"item\":\"https:\/\/www.mesvendanges.com\/en\/\"},{\"@type\":\"ListItem\",\"position\":2,\"name\":\"Shop\",\"item\":\"https:\/\/www.mesvendanges.com\/en\/shop\/\"},{\"@type\":\"ListItem\",\"position\":3,\"name\":\"MAISONCELLE EXTRA BRUT\"}]}]}<\/script>\n<!-- \/ Yoast SEO plugin. -->","yoast_head_json":{"title":"MAISONCELLE EXTRA BRUT - Mes Vendanges","robots":{"index":"index","follow":"follow","max-snippet":"max-snippet:-1","max-image-preview":"max-image-preview:large","max-video-preview":"max-video-preview:-1"},"canonical":"https:\/\/www.mesvendanges.com\/en\/shop\/wines\/maisoncelle-extra-brut-dehours-nm-75cl\/","og_locale":"en_US","og_type":"article","og_title":"MAISONCELLE EXTRA BRUT - Mes Vendanges","og_description":"Vinification en f\u00fbts. Parcelle de mi-coteaux orient\u00e9e au nord-est. Son sol est argilo-limoneux, tr\u00e8s peu calcaire avec une forte pr\u00e9sence de fer, donnant une personnalit\u00e9 toute singuli\u00e8re \u00e0 ce champagne de gastronomie. r\u00e9serve perp\u00e9tuelle initi\u00e9e en 2013. Mill\u00e9simes 2013 \u00e0 2016 1850 bouteilles d\u00e9gorgement f\u00e9vrier 2021 dosage : 1.1gr\/l","og_url":"https:\/\/www.mesvendanges.com\/en\/shop\/wines\/maisoncelle-extra-brut-dehours-nm-75cl\/","og_site_name":"Mes Vendanges","article_modified_time":"2025-05-01T13:06:07+00:00","og_image":[{"width":450,"height":1500,"url":"https:\/\/www.mesvendanges.com\/wp-content\/uploads\/2024\/08\/dehours-maisoncelle-extra-brut-champagne-png.png","type":"image\/png"}],"twitter_card":"summary_large_image","schema":{"@context":"https:\/\/schema.org","@graph":[{"@type":"Organization","@id":"https:\/\/www.mesvendanges.com\/en\/#organization","name":"Mes Vendanges","url":"https:\/\/www.mesvendanges.com\/en\/","sameAs":[],"logo":{"@type":"ImageObject","inLanguage":"fr-FR","@id":"https:\/\/www.mesvendanges.com\/en\/#\/schema\/logo\/image\/","url":"https:\/\/www.mesvendanges.com\/wp-content\/uploads\/2022\/02\/logo-mesvendanges.jpg","contentUrl":"https:\/\/www.mesvendanges.com\/wp-content\/uploads\/2022\/02\/logo-mesvendanges.jpg","width":851,"height":260,"caption":"Mes Vendanges"},"image":{"@id":"https:\/\/www.mesvendanges.com\/en\/#\/schema\/logo\/image\/"}},{"@type":"WebSite","@id":"https:\/\/www.mesvendanges.com\/en\/#website","url":"https:\/\/www.mesvendanges.com\/en\/","name":"Mes Vendanges","description":"Des journ\u00e9es enti\u00e8res dans les vignes","publisher":{"@id":"https:\/\/www.mesvendanges.com\/en\/#organization"},"potentialAction":[{"@type":"SearchAction","target":{"@type":"EntryPoint","urlTemplate":"https:\/\/www.mesvendanges.com\/en\/?s={search_term_string}"},"query-input":"required name=search_term_string"}],"inLanguage":"fr-FR"},{"@type":"ImageObject","inLanguage":"fr-FR","@id":"https:\/\/www.mesvendanges.com\/en\/shop\/wines\/maisoncelle-extra-brut-dehours-nm-75cl\/#primaryimage","url":"https:\/\/www.mesvendanges.com\/wp-content\/uploads\/2024\/08\/dehours-maisoncelle-extra-brut-champagne-png.png","contentUrl":"https:\/\/www.mesvendanges.com\/wp-content\/uploads\/2024\/08\/dehours-maisoncelle-extra-brut-champagne-png.png","width":450,"height":1500},{"@type":"WebPage","@id":"https:\/\/www.mesvendanges.com\/en\/shop\/wines\/maisoncelle-extra-brut-dehours-nm-75cl\/","url":"https:\/\/www.mesvendanges.com\/en\/shop\/wines\/maisoncelle-extra-brut-dehours-nm-75cl\/","name":"MAISONCELLE EXTRA BRUT - Mes Vendanges","isPartOf":{"@id":"https:\/\/www.mesvendanges.com\/en\/#website"},"primaryImageOfPage":{"@id":"https:\/\/www.mesvendanges.com\/en\/shop\/wines\/maisoncelle-extra-brut-dehours-nm-75cl\/#primaryimage"},"datePublished":"2023-11-21T17:08:18+00:00","dateModified":"2025-05-01T13:06:07+00:00","breadcrumb":{"@id":"https:\/\/www.mesvendanges.com\/en\/shop\/wines\/maisoncelle-extra-brut-dehours-nm-75cl\/#breadcrumb"},"inLanguage":"fr-FR","potentialAction":[{"@type":"ReadAction","target":["https:\/\/www.mesvendanges.com\/en\/shop\/wines\/maisoncelle-extra-brut-dehours-nm-75cl\/"]}]},{"@type":"BreadcrumbList","@id":"https:\/\/www.mesvendanges.com\/en\/shop\/wines\/maisoncelle-extra-brut-dehours-nm-75cl\/#breadcrumb","itemListElement":[{"@type":"ListItem","position":1,"name":"Home","item":"https:\/\/www.mesvendanges.com\/en\/"},{"@type":"ListItem","position":2,"name":"Shop","item":"https:\/\/www.mesvendanges.com\/en\/shop\/"},{"@type":"ListItem","position":3,"name":"MAISONCELLE EXTRA BRUT"}]}]}},"_links":{"self":[{"href":"https:\/\/www.mesvendanges.com\/en\/wp-json\/wp\/v2\/product\/67823"}],"collection":[{"href":"https:\/\/www.mesvendanges.com\/en\/wp-json\/wp\/v2\/product"}],"about":[{"href":"https:\/\/www.mesvendanges.com\/en\/wp-json\/wp\/v2\/types\/product"}],"wp:featuredmedia":[{"embeddable":true,"href":"https:\/\/www.mesvendanges.com\/en\/wp-json\/wp\/v2\/media\/75850"}],"wp:attachment":[{"href":"https:\/\/www.mesvendanges.com\/en\/wp-json\/wp\/v2\/media?parent=67823"}],"wp:term":[{"taxonomy":"product_cat","embeddable":true,"href":"https:\/\/www.mesvendanges.com\/en\/wp-json\/wp\/v2\/product_cat?post=67823"},{"taxonomy":"product_tag","embeddable":true,"href":"https:\/\/www.mesvendanges.com\/en\/wp-json\/wp\/v2\/product_tag?post=67823"}],"curies":[{"name":"wp","href":"https:\/\/api.w.org\/{rel}","templated":true}]}}