{"id":67925,"date":"2023-12-03T12:31:09","date_gmt":"2023-12-03T11:31:09","guid":{"rendered":"https:\/\/www.mesvendanges.com\/shop\/uncategorized\/grotte-alte-occhipinti-dne-2019-75cl\/"},"modified":"2026-02-23T08:41:57","modified_gmt":"2026-02-23T07:41:57","slug":"grotte-alte-arianna-occhipinti-2019-75cl","status":"publish","type":"product","link":"https:\/\/www.mesvendanges.com\/en\/shop\/wines\/grotte-alte-arianna-occhipinti-2019-75cl\/","title":{"rendered":"GROTTE ALTE"},"content":{"rendered":"<p>Grotte Alte est la grande cuv\u00e9e d&#8217;Arianna Occhipinti, r\u00e9alis\u00e9e uniquement dans les meilleurs mill\u00e9simes. Issu d&#8217;une s\u00e9lection de vieilles vignes de Frapatto et de Nero d&#8217;Avola sur des terroirs de sable, le vin est \u00e9lev\u00e9 4 ans en vieux foudres avant la mise en bouteille. Les sables (comme \u00e0 Rayas) ainsi que l&#8217;\u00e9levage prolong\u00e9 donnent au vin une finesse incomparable. Un vin au fruit d\u00e9licat, \u00e9pur\u00e9, aux senteurs florales et \u00e9vanescentes; \u00e0 la bouche a\u00e9rienne et parfum\u00e9e. Du grand art !<\/p>\n<p>Cette cuv\u00e9e est issues de vignes de 40 ans situ\u00e9es sur des sables rouges et de la craie. Le vendange est mise \u00e0 fermenter 30 jours puis les jus sont entonn\u00e9s pour 32 mois dans des foudres slov\u00e8nes de 25hl.<\/p>\n","protected":false},"excerpt":{"rendered":"<p>Grotte Alte est la grande cuv\u00e9e d&#8217;Arianna Occhipinti, r\u00e9alis\u00e9e uniquement dans les meilleurs mill\u00e9simes. Issu d&#8217;une s\u00e9lection de vieilles vignes de Frapatto et de Nero d&#8217;Avola sur des terroirs de sable, le vin est \u00e9lev\u00e9 4 ans en vieux foudres avant la mise en bouteille. Les sables (comme \u00e0 Rayas) ainsi que l&#8217;\u00e9levage prolong\u00e9 donnent [&hellip;]<\/p>\n","protected":false},"featured_media":74428,"template":"","meta":[],"product_cat":[3740],"product_tag":[],"acf":[],"yoast_head":"<!-- This site is optimized with the Yoast SEO plugin v19.3 - https:\/\/yoast.com\/wordpress\/plugins\/seo\/ -->\n<title>GROTTE ALTE - Mes Vendanges<\/title>\n<meta name=\"robots\" content=\"index, follow, max-snippet:-1, max-image-preview:large, max-video-preview:-1\" \/>\n<link rel=\"canonical\" href=\"https:\/\/www.mesvendanges.com\/en\/shop\/wines\/grotte-alte-arianna-occhipinti-2019-75cl\/\" \/>\n<meta property=\"og:locale\" content=\"en_US\" \/>\n<meta property=\"og:type\" content=\"article\" \/>\n<meta property=\"og:title\" content=\"GROTTE ALTE - Mes Vendanges\" \/>\n<meta property=\"og:description\" content=\"Grotte Alte est la grande cuv\u00e9e d&#8217;Arianna Occhipinti, r\u00e9alis\u00e9e uniquement dans les meilleurs mill\u00e9simes. Issu d&#8217;une s\u00e9lection de vieilles vignes de Frapatto et de Nero d&#8217;Avola sur des terroirs de sable, le vin est \u00e9lev\u00e9 4 ans en vieux foudres avant la mise en bouteille. Les sables (comme \u00e0 Rayas) ainsi que l&#8217;\u00e9levage prolong\u00e9 donnent [&hellip;]\" \/>\n<meta property=\"og:url\" content=\"https:\/\/www.mesvendanges.com\/en\/shop\/wines\/grotte-alte-arianna-occhipinti-2019-75cl\/\" \/>\n<meta property=\"og:site_name\" content=\"Mes Vendanges\" \/>\n<meta property=\"article:modified_time\" content=\"2026-02-23T07:41:57+00:00\" \/>\n<meta property=\"og:image\" content=\"https:\/\/www.mesvendanges.com\/wp-content\/uploads\/2024\/05\/arianna-occhipinti-grotte-alte-2019-png.png\" \/>\n\t<meta property=\"og:image:width\" content=\"458\" \/>\n\t<meta property=\"og:image:height\" content=\"1500\" \/>\n\t<meta property=\"og:image:type\" content=\"image\/png\" \/>\n<meta name=\"twitter:card\" content=\"summary_large_image\" \/>\n<meta name=\"twitter:label1\" content=\"Est. reading time\" \/>\n\t<meta name=\"twitter:data1\" content=\"1 minute\" \/>\n<script type=\"application\/ld+json\" class=\"yoast-schema-graph\">{\"@context\":\"https:\/\/schema.org\",\"@graph\":[{\"@type\":\"Organization\",\"@id\":\"https:\/\/www.mesvendanges.com\/en\/#organization\",\"name\":\"Mes Vendanges\",\"url\":\"https:\/\/www.mesvendanges.com\/en\/\",\"sameAs\":[],\"logo\":{\"@type\":\"ImageObject\",\"inLanguage\":\"fr-FR\",\"@id\":\"https:\/\/www.mesvendanges.com\/en\/#\/schema\/logo\/image\/\",\"url\":\"https:\/\/www.mesvendanges.com\/wp-content\/uploads\/2022\/02\/logo-mesvendanges.jpg\",\"contentUrl\":\"https:\/\/www.mesvendanges.com\/wp-content\/uploads\/2022\/02\/logo-mesvendanges.jpg\",\"width\":851,\"height\":260,\"caption\":\"Mes Vendanges\"},\"image\":{\"@id\":\"https:\/\/www.mesvendanges.com\/en\/#\/schema\/logo\/image\/\"}},{\"@type\":\"WebSite\",\"@id\":\"https:\/\/www.mesvendanges.com\/en\/#website\",\"url\":\"https:\/\/www.mesvendanges.com\/en\/\",\"name\":\"Mes Vendanges\",\"description\":\"Des journ\u00e9es enti\u00e8res dans les vignes\",\"publisher\":{\"@id\":\"https:\/\/www.mesvendanges.com\/en\/#organization\"},\"potentialAction\":[{\"@type\":\"SearchAction\",\"target\":{\"@type\":\"EntryPoint\",\"urlTemplate\":\"https:\/\/www.mesvendanges.com\/en\/?s={search_term_string}\"},\"query-input\":\"required name=search_term_string\"}],\"inLanguage\":\"fr-FR\"},{\"@type\":\"ImageObject\",\"inLanguage\":\"fr-FR\",\"@id\":\"https:\/\/www.mesvendanges.com\/en\/shop\/wines\/grotte-alte-arianna-occhipinti-2019-75cl\/#primaryimage\",\"url\":\"https:\/\/www.mesvendanges.com\/wp-content\/uploads\/2024\/05\/arianna-occhipinti-grotte-alte-2019-png.png\",\"contentUrl\":\"https:\/\/www.mesvendanges.com\/wp-content\/uploads\/2024\/05\/arianna-occhipinti-grotte-alte-2019-png.png\",\"width\":458,\"height\":1500},{\"@type\":\"WebPage\",\"@id\":\"https:\/\/www.mesvendanges.com\/en\/shop\/wines\/grotte-alte-arianna-occhipinti-2019-75cl\/\",\"url\":\"https:\/\/www.mesvendanges.com\/en\/shop\/wines\/grotte-alte-arianna-occhipinti-2019-75cl\/\",\"name\":\"GROTTE ALTE - Mes Vendanges\",\"isPartOf\":{\"@id\":\"https:\/\/www.mesvendanges.com\/en\/#website\"},\"primaryImageOfPage\":{\"@id\":\"https:\/\/www.mesvendanges.com\/en\/shop\/wines\/grotte-alte-arianna-occhipinti-2019-75cl\/#primaryimage\"},\"datePublished\":\"2023-12-03T11:31:09+00:00\",\"dateModified\":\"2026-02-23T07:41:57+00:00\",\"breadcrumb\":{\"@id\":\"https:\/\/www.mesvendanges.com\/en\/shop\/wines\/grotte-alte-arianna-occhipinti-2019-75cl\/#breadcrumb\"},\"inLanguage\":\"fr-FR\",\"potentialAction\":[{\"@type\":\"ReadAction\",\"target\":[\"https:\/\/www.mesvendanges.com\/en\/shop\/wines\/grotte-alte-arianna-occhipinti-2019-75cl\/\"]}]},{\"@type\":\"BreadcrumbList\",\"@id\":\"https:\/\/www.mesvendanges.com\/en\/shop\/wines\/grotte-alte-arianna-occhipinti-2019-75cl\/#breadcrumb\",\"itemListElement\":[{\"@type\":\"ListItem\",\"position\":1,\"name\":\"Home\",\"item\":\"https:\/\/www.mesvendanges.com\/en\/\"},{\"@type\":\"ListItem\",\"position\":2,\"name\":\"Shop\",\"item\":\"https:\/\/www.mesvendanges.com\/en\/shop\/\"},{\"@type\":\"ListItem\",\"position\":3,\"name\":\"GROTTE ALTE\"}]}]}<\/script>\n<!-- \/ Yoast SEO plugin. -->","yoast_head_json":{"title":"GROTTE ALTE - Mes Vendanges","robots":{"index":"index","follow":"follow","max-snippet":"max-snippet:-1","max-image-preview":"max-image-preview:large","max-video-preview":"max-video-preview:-1"},"canonical":"https:\/\/www.mesvendanges.com\/en\/shop\/wines\/grotte-alte-arianna-occhipinti-2019-75cl\/","og_locale":"en_US","og_type":"article","og_title":"GROTTE ALTE - Mes Vendanges","og_description":"Grotte Alte est la grande cuv\u00e9e d&#8217;Arianna Occhipinti, r\u00e9alis\u00e9e uniquement dans les meilleurs mill\u00e9simes. Issu d&#8217;une s\u00e9lection de vieilles vignes de Frapatto et de Nero d&#8217;Avola sur des terroirs de sable, le vin est \u00e9lev\u00e9 4 ans en vieux foudres avant la mise en bouteille. Les sables (comme \u00e0 Rayas) ainsi que l&#8217;\u00e9levage prolong\u00e9 donnent [&hellip;]","og_url":"https:\/\/www.mesvendanges.com\/en\/shop\/wines\/grotte-alte-arianna-occhipinti-2019-75cl\/","og_site_name":"Mes Vendanges","article_modified_time":"2026-02-23T07:41:57+00:00","og_image":[{"width":458,"height":1500,"url":"https:\/\/www.mesvendanges.com\/wp-content\/uploads\/2024\/05\/arianna-occhipinti-grotte-alte-2019-png.png","type":"image\/png"}],"twitter_card":"summary_large_image","twitter_misc":{"Est. reading time":"1 minute"},"schema":{"@context":"https:\/\/schema.org","@graph":[{"@type":"Organization","@id":"https:\/\/www.mesvendanges.com\/en\/#organization","name":"Mes Vendanges","url":"https:\/\/www.mesvendanges.com\/en\/","sameAs":[],"logo":{"@type":"ImageObject","inLanguage":"fr-FR","@id":"https:\/\/www.mesvendanges.com\/en\/#\/schema\/logo\/image\/","url":"https:\/\/www.mesvendanges.com\/wp-content\/uploads\/2022\/02\/logo-mesvendanges.jpg","contentUrl":"https:\/\/www.mesvendanges.com\/wp-content\/uploads\/2022\/02\/logo-mesvendanges.jpg","width":851,"height":260,"caption":"Mes Vendanges"},"image":{"@id":"https:\/\/www.mesvendanges.com\/en\/#\/schema\/logo\/image\/"}},{"@type":"WebSite","@id":"https:\/\/www.mesvendanges.com\/en\/#website","url":"https:\/\/www.mesvendanges.com\/en\/","name":"Mes Vendanges","description":"Des journ\u00e9es enti\u00e8res dans les vignes","publisher":{"@id":"https:\/\/www.mesvendanges.com\/en\/#organization"},"potentialAction":[{"@type":"SearchAction","target":{"@type":"EntryPoint","urlTemplate":"https:\/\/www.mesvendanges.com\/en\/?s={search_term_string}"},"query-input":"required name=search_term_string"}],"inLanguage":"fr-FR"},{"@type":"ImageObject","inLanguage":"fr-FR","@id":"https:\/\/www.mesvendanges.com\/en\/shop\/wines\/grotte-alte-arianna-occhipinti-2019-75cl\/#primaryimage","url":"https:\/\/www.mesvendanges.com\/wp-content\/uploads\/2024\/05\/arianna-occhipinti-grotte-alte-2019-png.png","contentUrl":"https:\/\/www.mesvendanges.com\/wp-content\/uploads\/2024\/05\/arianna-occhipinti-grotte-alte-2019-png.png","width":458,"height":1500},{"@type":"WebPage","@id":"https:\/\/www.mesvendanges.com\/en\/shop\/wines\/grotte-alte-arianna-occhipinti-2019-75cl\/","url":"https:\/\/www.mesvendanges.com\/en\/shop\/wines\/grotte-alte-arianna-occhipinti-2019-75cl\/","name":"GROTTE ALTE - Mes Vendanges","isPartOf":{"@id":"https:\/\/www.mesvendanges.com\/en\/#website"},"primaryImageOfPage":{"@id":"https:\/\/www.mesvendanges.com\/en\/shop\/wines\/grotte-alte-arianna-occhipinti-2019-75cl\/#primaryimage"},"datePublished":"2023-12-03T11:31:09+00:00","dateModified":"2026-02-23T07:41:57+00:00","breadcrumb":{"@id":"https:\/\/www.mesvendanges.com\/en\/shop\/wines\/grotte-alte-arianna-occhipinti-2019-75cl\/#breadcrumb"},"inLanguage":"fr-FR","potentialAction":[{"@type":"ReadAction","target":["https:\/\/www.mesvendanges.com\/en\/shop\/wines\/grotte-alte-arianna-occhipinti-2019-75cl\/"]}]},{"@type":"BreadcrumbList","@id":"https:\/\/www.mesvendanges.com\/en\/shop\/wines\/grotte-alte-arianna-occhipinti-2019-75cl\/#breadcrumb","itemListElement":[{"@type":"ListItem","position":1,"name":"Home","item":"https:\/\/www.mesvendanges.com\/en\/"},{"@type":"ListItem","position":2,"name":"Shop","item":"https:\/\/www.mesvendanges.com\/en\/shop\/"},{"@type":"ListItem","position":3,"name":"GROTTE ALTE"}]}]}},"_links":{"self":[{"href":"https:\/\/www.mesvendanges.com\/en\/wp-json\/wp\/v2\/product\/67925"}],"collection":[{"href":"https:\/\/www.mesvendanges.com\/en\/wp-json\/wp\/v2\/product"}],"about":[{"href":"https:\/\/www.mesvendanges.com\/en\/wp-json\/wp\/v2\/types\/product"}],"wp:featuredmedia":[{"embeddable":true,"href":"https:\/\/www.mesvendanges.com\/en\/wp-json\/wp\/v2\/media\/74428"}],"wp:attachment":[{"href":"https:\/\/www.mesvendanges.com\/en\/wp-json\/wp\/v2\/media?parent=67925"}],"wp:term":[{"taxonomy":"product_cat","embeddable":true,"href":"https:\/\/www.mesvendanges.com\/en\/wp-json\/wp\/v2\/product_cat?post=67925"},{"taxonomy":"product_tag","embeddable":true,"href":"https:\/\/www.mesvendanges.com\/en\/wp-json\/wp\/v2\/product_tag?post=67925"}],"curies":[{"name":"wp","href":"https:\/\/api.w.org\/{rel}","templated":true}]}}