{"id":67964,"date":"2023-12-03T17:21:58","date_gmt":"2023-12-03T16:21:58","guid":{"rendered":"https:\/\/www.mesvendanges.com\/shop\/uncategorized\/vermentino-nw-la-baronne-2021-75cl\/"},"modified":"2026-02-25T09:57:37","modified_gmt":"2026-02-25T08:57:37","slug":"vermentino-nw-la-baronne-2021-75cl","status":"publish","type":"product","link":"https:\/\/www.mesvendanges.com\/en\/shop\/wines\/vermentino-nw-la-baronne-2021-75cl\/","title":{"rendered":"VERMENTINO NW"},"content":{"rendered":"<p>Le Cers soufflait fort le jour o\u00f9 est n\u00e9e cette cuv\u00e9e 100% Vermentino. Son nom en t\u00e9moigne, NW, comme la direction de ce vent dominant. Vinifi\u00e9e et \u00e9lev\u00e9e en<br \/>\njarres et \u0153ufs de terre cuite et de gr\u00e8s apr\u00e8s une courte mac\u00e9ration pr\u00e9servant<br \/>\nainsi toute sa fra\u00eecheur. Un vin sur la tension et la puret\u00e9 du fruit.<\/p>\n","protected":false},"excerpt":{"rendered":"<p>Le Cers soufflait fort le jour o\u00f9 est n\u00e9e cette cuv\u00e9e 100% Vermentino. Son nom en t\u00e9moigne, NW, comme la direction de ce vent dominant. Vinifi\u00e9e et \u00e9lev\u00e9e en jarres et \u0153ufs de terre cuite et de gr\u00e8s apr\u00e8s une courte mac\u00e9ration pr\u00e9servant ainsi toute sa fra\u00eecheur. Un vin sur la tension et la puret\u00e9 [&hellip;]<\/p>\n","protected":false},"featured_media":76064,"template":"","meta":[],"product_cat":[3740],"product_tag":[],"acf":[],"yoast_head":"<!-- This site is optimized with the Yoast SEO plugin v19.3 - https:\/\/yoast.com\/wordpress\/plugins\/seo\/ -->\n<title>VERMENTINO NW - Mes Vendanges<\/title>\n<meta name=\"robots\" content=\"index, follow, max-snippet:-1, max-image-preview:large, max-video-preview:-1\" \/>\n<link rel=\"canonical\" href=\"https:\/\/www.mesvendanges.com\/en\/shop\/wines\/vermentino-nw-la-baronne-2021-75cl\/\" \/>\n<meta property=\"og:locale\" content=\"en_US\" \/>\n<meta property=\"og:type\" content=\"article\" \/>\n<meta property=\"og:title\" content=\"VERMENTINO NW - Mes Vendanges\" \/>\n<meta property=\"og:description\" content=\"Le Cers soufflait fort le jour o\u00f9 est n\u00e9e cette cuv\u00e9e 100% Vermentino. Son nom en t\u00e9moigne, NW, comme la direction de ce vent dominant. Vinifi\u00e9e et \u00e9lev\u00e9e en jarres et \u0153ufs de terre cuite et de gr\u00e8s apr\u00e8s une courte mac\u00e9ration pr\u00e9servant ainsi toute sa fra\u00eecheur. Un vin sur la tension et la puret\u00e9 [&hellip;]\" \/>\n<meta property=\"og:url\" content=\"https:\/\/www.mesvendanges.com\/en\/shop\/wines\/vermentino-nw-la-baronne-2021-75cl\/\" \/>\n<meta property=\"og:site_name\" content=\"Mes Vendanges\" \/>\n<meta property=\"article:modified_time\" content=\"2026-02-25T08:57:37+00:00\" \/>\n<meta property=\"og:image\" content=\"https:\/\/www.mesvendanges.com\/wp-content\/uploads\/2024\/08\/la-baronne-vermentino-nw-2021-png.png\" \/>\n\t<meta property=\"og:image:width\" content=\"491\" \/>\n\t<meta property=\"og:image:height\" content=\"1500\" \/>\n\t<meta property=\"og:image:type\" content=\"image\/png\" \/>\n<meta name=\"twitter:card\" content=\"summary_large_image\" \/>\n<script type=\"application\/ld+json\" class=\"yoast-schema-graph\">{\"@context\":\"https:\/\/schema.org\",\"@graph\":[{\"@type\":\"Organization\",\"@id\":\"https:\/\/www.mesvendanges.com\/en\/#organization\",\"name\":\"Mes Vendanges\",\"url\":\"https:\/\/www.mesvendanges.com\/en\/\",\"sameAs\":[],\"logo\":{\"@type\":\"ImageObject\",\"inLanguage\":\"fr-FR\",\"@id\":\"https:\/\/www.mesvendanges.com\/en\/#\/schema\/logo\/image\/\",\"url\":\"https:\/\/www.mesvendanges.com\/wp-content\/uploads\/2022\/02\/logo-mesvendanges.jpg\",\"contentUrl\":\"https:\/\/www.mesvendanges.com\/wp-content\/uploads\/2022\/02\/logo-mesvendanges.jpg\",\"width\":851,\"height\":260,\"caption\":\"Mes Vendanges\"},\"image\":{\"@id\":\"https:\/\/www.mesvendanges.com\/en\/#\/schema\/logo\/image\/\"}},{\"@type\":\"WebSite\",\"@id\":\"https:\/\/www.mesvendanges.com\/en\/#website\",\"url\":\"https:\/\/www.mesvendanges.com\/en\/\",\"name\":\"Mes Vendanges\",\"description\":\"Des journ\u00e9es enti\u00e8res dans les vignes\",\"publisher\":{\"@id\":\"https:\/\/www.mesvendanges.com\/en\/#organization\"},\"potentialAction\":[{\"@type\":\"SearchAction\",\"target\":{\"@type\":\"EntryPoint\",\"urlTemplate\":\"https:\/\/www.mesvendanges.com\/en\/?s={search_term_string}\"},\"query-input\":\"required name=search_term_string\"}],\"inLanguage\":\"fr-FR\"},{\"@type\":\"ImageObject\",\"inLanguage\":\"fr-FR\",\"@id\":\"https:\/\/www.mesvendanges.com\/en\/shop\/wines\/vermentino-nw-la-baronne-2021-75cl\/#primaryimage\",\"url\":\"https:\/\/www.mesvendanges.com\/wp-content\/uploads\/2024\/08\/la-baronne-vermentino-nw-2021-png.png\",\"contentUrl\":\"https:\/\/www.mesvendanges.com\/wp-content\/uploads\/2024\/08\/la-baronne-vermentino-nw-2021-png.png\",\"width\":491,\"height\":1500},{\"@type\":\"WebPage\",\"@id\":\"https:\/\/www.mesvendanges.com\/en\/shop\/wines\/vermentino-nw-la-baronne-2021-75cl\/\",\"url\":\"https:\/\/www.mesvendanges.com\/en\/shop\/wines\/vermentino-nw-la-baronne-2021-75cl\/\",\"name\":\"VERMENTINO NW - Mes Vendanges\",\"isPartOf\":{\"@id\":\"https:\/\/www.mesvendanges.com\/en\/#website\"},\"primaryImageOfPage\":{\"@id\":\"https:\/\/www.mesvendanges.com\/en\/shop\/wines\/vermentino-nw-la-baronne-2021-75cl\/#primaryimage\"},\"datePublished\":\"2023-12-03T16:21:58+00:00\",\"dateModified\":\"2026-02-25T08:57:37+00:00\",\"breadcrumb\":{\"@id\":\"https:\/\/www.mesvendanges.com\/en\/shop\/wines\/vermentino-nw-la-baronne-2021-75cl\/#breadcrumb\"},\"inLanguage\":\"fr-FR\",\"potentialAction\":[{\"@type\":\"ReadAction\",\"target\":[\"https:\/\/www.mesvendanges.com\/en\/shop\/wines\/vermentino-nw-la-baronne-2021-75cl\/\"]}]},{\"@type\":\"BreadcrumbList\",\"@id\":\"https:\/\/www.mesvendanges.com\/en\/shop\/wines\/vermentino-nw-la-baronne-2021-75cl\/#breadcrumb\",\"itemListElement\":[{\"@type\":\"ListItem\",\"position\":1,\"name\":\"Home\",\"item\":\"https:\/\/www.mesvendanges.com\/en\/\"},{\"@type\":\"ListItem\",\"position\":2,\"name\":\"Shop\",\"item\":\"https:\/\/www.mesvendanges.com\/en\/shop\/\"},{\"@type\":\"ListItem\",\"position\":3,\"name\":\"VERMENTINO NW\"}]}]}<\/script>\n<!-- \/ Yoast SEO plugin. -->","yoast_head_json":{"title":"VERMENTINO NW - Mes Vendanges","robots":{"index":"index","follow":"follow","max-snippet":"max-snippet:-1","max-image-preview":"max-image-preview:large","max-video-preview":"max-video-preview:-1"},"canonical":"https:\/\/www.mesvendanges.com\/en\/shop\/wines\/vermentino-nw-la-baronne-2021-75cl\/","og_locale":"en_US","og_type":"article","og_title":"VERMENTINO NW - Mes Vendanges","og_description":"Le Cers soufflait fort le jour o\u00f9 est n\u00e9e cette cuv\u00e9e 100% Vermentino. Son nom en t\u00e9moigne, NW, comme la direction de ce vent dominant. Vinifi\u00e9e et \u00e9lev\u00e9e en jarres et \u0153ufs de terre cuite et de gr\u00e8s apr\u00e8s une courte mac\u00e9ration pr\u00e9servant ainsi toute sa fra\u00eecheur. Un vin sur la tension et la puret\u00e9 [&hellip;]","og_url":"https:\/\/www.mesvendanges.com\/en\/shop\/wines\/vermentino-nw-la-baronne-2021-75cl\/","og_site_name":"Mes Vendanges","article_modified_time":"2026-02-25T08:57:37+00:00","og_image":[{"width":491,"height":1500,"url":"https:\/\/www.mesvendanges.com\/wp-content\/uploads\/2024\/08\/la-baronne-vermentino-nw-2021-png.png","type":"image\/png"}],"twitter_card":"summary_large_image","schema":{"@context":"https:\/\/schema.org","@graph":[{"@type":"Organization","@id":"https:\/\/www.mesvendanges.com\/en\/#organization","name":"Mes Vendanges","url":"https:\/\/www.mesvendanges.com\/en\/","sameAs":[],"logo":{"@type":"ImageObject","inLanguage":"fr-FR","@id":"https:\/\/www.mesvendanges.com\/en\/#\/schema\/logo\/image\/","url":"https:\/\/www.mesvendanges.com\/wp-content\/uploads\/2022\/02\/logo-mesvendanges.jpg","contentUrl":"https:\/\/www.mesvendanges.com\/wp-content\/uploads\/2022\/02\/logo-mesvendanges.jpg","width":851,"height":260,"caption":"Mes Vendanges"},"image":{"@id":"https:\/\/www.mesvendanges.com\/en\/#\/schema\/logo\/image\/"}},{"@type":"WebSite","@id":"https:\/\/www.mesvendanges.com\/en\/#website","url":"https:\/\/www.mesvendanges.com\/en\/","name":"Mes Vendanges","description":"Des journ\u00e9es enti\u00e8res dans les vignes","publisher":{"@id":"https:\/\/www.mesvendanges.com\/en\/#organization"},"potentialAction":[{"@type":"SearchAction","target":{"@type":"EntryPoint","urlTemplate":"https:\/\/www.mesvendanges.com\/en\/?s={search_term_string}"},"query-input":"required name=search_term_string"}],"inLanguage":"fr-FR"},{"@type":"ImageObject","inLanguage":"fr-FR","@id":"https:\/\/www.mesvendanges.com\/en\/shop\/wines\/vermentino-nw-la-baronne-2021-75cl\/#primaryimage","url":"https:\/\/www.mesvendanges.com\/wp-content\/uploads\/2024\/08\/la-baronne-vermentino-nw-2021-png.png","contentUrl":"https:\/\/www.mesvendanges.com\/wp-content\/uploads\/2024\/08\/la-baronne-vermentino-nw-2021-png.png","width":491,"height":1500},{"@type":"WebPage","@id":"https:\/\/www.mesvendanges.com\/en\/shop\/wines\/vermentino-nw-la-baronne-2021-75cl\/","url":"https:\/\/www.mesvendanges.com\/en\/shop\/wines\/vermentino-nw-la-baronne-2021-75cl\/","name":"VERMENTINO NW - Mes Vendanges","isPartOf":{"@id":"https:\/\/www.mesvendanges.com\/en\/#website"},"primaryImageOfPage":{"@id":"https:\/\/www.mesvendanges.com\/en\/shop\/wines\/vermentino-nw-la-baronne-2021-75cl\/#primaryimage"},"datePublished":"2023-12-03T16:21:58+00:00","dateModified":"2026-02-25T08:57:37+00:00","breadcrumb":{"@id":"https:\/\/www.mesvendanges.com\/en\/shop\/wines\/vermentino-nw-la-baronne-2021-75cl\/#breadcrumb"},"inLanguage":"fr-FR","potentialAction":[{"@type":"ReadAction","target":["https:\/\/www.mesvendanges.com\/en\/shop\/wines\/vermentino-nw-la-baronne-2021-75cl\/"]}]},{"@type":"BreadcrumbList","@id":"https:\/\/www.mesvendanges.com\/en\/shop\/wines\/vermentino-nw-la-baronne-2021-75cl\/#breadcrumb","itemListElement":[{"@type":"ListItem","position":1,"name":"Home","item":"https:\/\/www.mesvendanges.com\/en\/"},{"@type":"ListItem","position":2,"name":"Shop","item":"https:\/\/www.mesvendanges.com\/en\/shop\/"},{"@type":"ListItem","position":3,"name":"VERMENTINO NW"}]}]}},"_links":{"self":[{"href":"https:\/\/www.mesvendanges.com\/en\/wp-json\/wp\/v2\/product\/67964"}],"collection":[{"href":"https:\/\/www.mesvendanges.com\/en\/wp-json\/wp\/v2\/product"}],"about":[{"href":"https:\/\/www.mesvendanges.com\/en\/wp-json\/wp\/v2\/types\/product"}],"wp:featuredmedia":[{"embeddable":true,"href":"https:\/\/www.mesvendanges.com\/en\/wp-json\/wp\/v2\/media\/76064"}],"wp:attachment":[{"href":"https:\/\/www.mesvendanges.com\/en\/wp-json\/wp\/v2\/media?parent=67964"}],"wp:term":[{"taxonomy":"product_cat","embeddable":true,"href":"https:\/\/www.mesvendanges.com\/en\/wp-json\/wp\/v2\/product_cat?post=67964"},{"taxonomy":"product_tag","embeddable":true,"href":"https:\/\/www.mesvendanges.com\/en\/wp-json\/wp\/v2\/product_tag?post=67964"}],"curies":[{"name":"wp","href":"https:\/\/api.w.org\/{rel}","templated":true}]}}