{"id":72937,"date":"2024-01-07T13:41:32","date_gmt":"2024-01-07T12:41:32","guid":{"rendered":"https:\/\/www.mesvendanges.com\/shop\/uncategorized\/pinot-gris-grand-cru-zinnkoepfle-bursin-dne-agathe-2022-75cl\/"},"modified":"2025-05-01T14:27:58","modified_gmt":"2025-05-01T12:27:58","slug":"pinot-gris-grand-cru-zinnkoepfle-bursin-dne-agathe-2022-75cl","status":"publish","type":"product","link":"https:\/\/www.mesvendanges.com\/en\/shop\/wines\/pinot-gris-grand-cru-zinnkoepfle-bursin-dne-agathe-2022-75cl\/","title":{"rendered":"PINOT GRIS GRAND CRU ZINNKOEPFLE"},"content":{"rendered":"<p>Voici un vin tout en sensualit\u00e9 f\u00e9minine. Avec ses 24 grammes de sucres r\u00e9siduels il apporte tendresse et pl\u00e9nitude au palais. La race du grand cru Zinnkoepfl\u00e9 fait le reste en signant un vin marqu\u00e9 par une min\u00e9ralit\u00e9 large et une belle complexit\u00e9 dans l&#8217;expression des ar\u00f4mes&nbsp; de fleurs (rose) et de fruits (argumes, p\u00eache blanche&#8230;)<\/p>\n","protected":false},"excerpt":{"rendered":"<p>Voici un vin tout en sensualit\u00e9 f\u00e9minine. Avec ses 24 grammes de sucres r\u00e9siduels il apporte tendresse et pl\u00e9nitude au palais. La race du grand cru Zinnkoepfl\u00e9 fait le reste en signant un vin marqu\u00e9 par une min\u00e9ralit\u00e9 large et une belle complexit\u00e9 dans l&#8217;expression des ar\u00f4mes&nbsp; de fleurs (rose) et de fruits (argumes, p\u00eache [&hellip;]<\/p>\n","protected":false},"featured_media":86492,"template":"","meta":[],"product_cat":[3740],"product_tag":[],"acf":[],"yoast_head":"<!-- This site is optimized with the Yoast SEO plugin v19.3 - https:\/\/yoast.com\/wordpress\/plugins\/seo\/ -->\n<title>PINOT GRIS GRAND CRU ZINNKOEPFLE - Mes Vendanges<\/title>\n<meta name=\"robots\" content=\"index, follow, max-snippet:-1, max-image-preview:large, max-video-preview:-1\" \/>\n<link rel=\"canonical\" href=\"https:\/\/www.mesvendanges.com\/en\/shop\/wines\/pinot-gris-grand-cru-zinnkoepfle-bursin-dne-agathe-2022-75cl\/\" \/>\n<meta property=\"og:locale\" content=\"en_US\" \/>\n<meta property=\"og:type\" content=\"article\" \/>\n<meta property=\"og:title\" content=\"PINOT GRIS GRAND CRU ZINNKOEPFLE - Mes Vendanges\" \/>\n<meta property=\"og:description\" content=\"Voici un vin tout en sensualit\u00e9 f\u00e9minine. Avec ses 24 grammes de sucres r\u00e9siduels il apporte tendresse et pl\u00e9nitude au palais. La race du grand cru Zinnkoepfl\u00e9 fait le reste en signant un vin marqu\u00e9 par une min\u00e9ralit\u00e9 large et une belle complexit\u00e9 dans l&#8217;expression des ar\u00f4mes&nbsp; de fleurs (rose) et de fruits (argumes, p\u00eache [&hellip;]\" \/>\n<meta property=\"og:url\" content=\"https:\/\/www.mesvendanges.com\/en\/shop\/wines\/pinot-gris-grand-cru-zinnkoepfle-bursin-dne-agathe-2022-75cl\/\" \/>\n<meta property=\"og:site_name\" content=\"Mes Vendanges\" \/>\n<meta property=\"article:modified_time\" content=\"2025-05-01T12:27:58+00:00\" \/>\n<meta property=\"og:image\" content=\"https:\/\/www.mesvendanges.com\/wp-content\/uploads\/2025\/05\/agathe-bursin-pinot-gris-grand-cru-zinnkoepfle-2022-png.png\" \/>\n\t<meta property=\"og:image:width\" content=\"321\" \/>\n\t<meta property=\"og:image:height\" content=\"1500\" \/>\n\t<meta property=\"og:image:type\" content=\"image\/png\" \/>\n<meta name=\"twitter:card\" content=\"summary_large_image\" \/>\n<script type=\"application\/ld+json\" class=\"yoast-schema-graph\">{\"@context\":\"https:\/\/schema.org\",\"@graph\":[{\"@type\":\"Organization\",\"@id\":\"https:\/\/www.mesvendanges.com\/en\/#organization\",\"name\":\"Mes Vendanges\",\"url\":\"https:\/\/www.mesvendanges.com\/en\/\",\"sameAs\":[],\"logo\":{\"@type\":\"ImageObject\",\"inLanguage\":\"fr-FR\",\"@id\":\"https:\/\/www.mesvendanges.com\/en\/#\/schema\/logo\/image\/\",\"url\":\"https:\/\/www.mesvendanges.com\/wp-content\/uploads\/2022\/02\/logo-mesvendanges.jpg\",\"contentUrl\":\"https:\/\/www.mesvendanges.com\/wp-content\/uploads\/2022\/02\/logo-mesvendanges.jpg\",\"width\":851,\"height\":260,\"caption\":\"Mes Vendanges\"},\"image\":{\"@id\":\"https:\/\/www.mesvendanges.com\/en\/#\/schema\/logo\/image\/\"}},{\"@type\":\"WebSite\",\"@id\":\"https:\/\/www.mesvendanges.com\/en\/#website\",\"url\":\"https:\/\/www.mesvendanges.com\/en\/\",\"name\":\"Mes Vendanges\",\"description\":\"Des journ\u00e9es enti\u00e8res dans les vignes\",\"publisher\":{\"@id\":\"https:\/\/www.mesvendanges.com\/en\/#organization\"},\"potentialAction\":[{\"@type\":\"SearchAction\",\"target\":{\"@type\":\"EntryPoint\",\"urlTemplate\":\"https:\/\/www.mesvendanges.com\/en\/?s={search_term_string}\"},\"query-input\":\"required name=search_term_string\"}],\"inLanguage\":\"fr-FR\"},{\"@type\":\"ImageObject\",\"inLanguage\":\"fr-FR\",\"@id\":\"https:\/\/www.mesvendanges.com\/en\/shop\/wines\/pinot-gris-grand-cru-zinnkoepfle-bursin-dne-agathe-2022-75cl\/#primaryimage\",\"url\":\"https:\/\/www.mesvendanges.com\/wp-content\/uploads\/2025\/05\/agathe-bursin-pinot-gris-grand-cru-zinnkoepfle-2022-png.png\",\"contentUrl\":\"https:\/\/www.mesvendanges.com\/wp-content\/uploads\/2025\/05\/agathe-bursin-pinot-gris-grand-cru-zinnkoepfle-2022-png.png\",\"width\":321,\"height\":1500},{\"@type\":\"WebPage\",\"@id\":\"https:\/\/www.mesvendanges.com\/en\/shop\/wines\/pinot-gris-grand-cru-zinnkoepfle-bursin-dne-agathe-2022-75cl\/\",\"url\":\"https:\/\/www.mesvendanges.com\/en\/shop\/wines\/pinot-gris-grand-cru-zinnkoepfle-bursin-dne-agathe-2022-75cl\/\",\"name\":\"PINOT GRIS GRAND CRU ZINNKOEPFLE - Mes Vendanges\",\"isPartOf\":{\"@id\":\"https:\/\/www.mesvendanges.com\/en\/#website\"},\"primaryImageOfPage\":{\"@id\":\"https:\/\/www.mesvendanges.com\/en\/shop\/wines\/pinot-gris-grand-cru-zinnkoepfle-bursin-dne-agathe-2022-75cl\/#primaryimage\"},\"datePublished\":\"2024-01-07T12:41:32+00:00\",\"dateModified\":\"2025-05-01T12:27:58+00:00\",\"breadcrumb\":{\"@id\":\"https:\/\/www.mesvendanges.com\/en\/shop\/wines\/pinot-gris-grand-cru-zinnkoepfle-bursin-dne-agathe-2022-75cl\/#breadcrumb\"},\"inLanguage\":\"fr-FR\",\"potentialAction\":[{\"@type\":\"ReadAction\",\"target\":[\"https:\/\/www.mesvendanges.com\/en\/shop\/wines\/pinot-gris-grand-cru-zinnkoepfle-bursin-dne-agathe-2022-75cl\/\"]}]},{\"@type\":\"BreadcrumbList\",\"@id\":\"https:\/\/www.mesvendanges.com\/en\/shop\/wines\/pinot-gris-grand-cru-zinnkoepfle-bursin-dne-agathe-2022-75cl\/#breadcrumb\",\"itemListElement\":[{\"@type\":\"ListItem\",\"position\":1,\"name\":\"Home\",\"item\":\"https:\/\/www.mesvendanges.com\/en\/\"},{\"@type\":\"ListItem\",\"position\":2,\"name\":\"Shop\",\"item\":\"https:\/\/www.mesvendanges.com\/en\/shop\/\"},{\"@type\":\"ListItem\",\"position\":3,\"name\":\"PINOT GRIS GRAND CRU ZINNKOEPFLE\"}]}]}<\/script>\n<!-- \/ Yoast SEO plugin. -->","yoast_head_json":{"title":"PINOT GRIS GRAND CRU ZINNKOEPFLE - Mes Vendanges","robots":{"index":"index","follow":"follow","max-snippet":"max-snippet:-1","max-image-preview":"max-image-preview:large","max-video-preview":"max-video-preview:-1"},"canonical":"https:\/\/www.mesvendanges.com\/en\/shop\/wines\/pinot-gris-grand-cru-zinnkoepfle-bursin-dne-agathe-2022-75cl\/","og_locale":"en_US","og_type":"article","og_title":"PINOT GRIS GRAND CRU ZINNKOEPFLE - Mes Vendanges","og_description":"Voici un vin tout en sensualit\u00e9 f\u00e9minine. Avec ses 24 grammes de sucres r\u00e9siduels il apporte tendresse et pl\u00e9nitude au palais. La race du grand cru Zinnkoepfl\u00e9 fait le reste en signant un vin marqu\u00e9 par une min\u00e9ralit\u00e9 large et une belle complexit\u00e9 dans l&#8217;expression des ar\u00f4mes&nbsp; de fleurs (rose) et de fruits (argumes, p\u00eache [&hellip;]","og_url":"https:\/\/www.mesvendanges.com\/en\/shop\/wines\/pinot-gris-grand-cru-zinnkoepfle-bursin-dne-agathe-2022-75cl\/","og_site_name":"Mes Vendanges","article_modified_time":"2025-05-01T12:27:58+00:00","og_image":[{"width":321,"height":1500,"url":"https:\/\/www.mesvendanges.com\/wp-content\/uploads\/2025\/05\/agathe-bursin-pinot-gris-grand-cru-zinnkoepfle-2022-png.png","type":"image\/png"}],"twitter_card":"summary_large_image","schema":{"@context":"https:\/\/schema.org","@graph":[{"@type":"Organization","@id":"https:\/\/www.mesvendanges.com\/en\/#organization","name":"Mes Vendanges","url":"https:\/\/www.mesvendanges.com\/en\/","sameAs":[],"logo":{"@type":"ImageObject","inLanguage":"fr-FR","@id":"https:\/\/www.mesvendanges.com\/en\/#\/schema\/logo\/image\/","url":"https:\/\/www.mesvendanges.com\/wp-content\/uploads\/2022\/02\/logo-mesvendanges.jpg","contentUrl":"https:\/\/www.mesvendanges.com\/wp-content\/uploads\/2022\/02\/logo-mesvendanges.jpg","width":851,"height":260,"caption":"Mes Vendanges"},"image":{"@id":"https:\/\/www.mesvendanges.com\/en\/#\/schema\/logo\/image\/"}},{"@type":"WebSite","@id":"https:\/\/www.mesvendanges.com\/en\/#website","url":"https:\/\/www.mesvendanges.com\/en\/","name":"Mes Vendanges","description":"Des journ\u00e9es enti\u00e8res dans les vignes","publisher":{"@id":"https:\/\/www.mesvendanges.com\/en\/#organization"},"potentialAction":[{"@type":"SearchAction","target":{"@type":"EntryPoint","urlTemplate":"https:\/\/www.mesvendanges.com\/en\/?s={search_term_string}"},"query-input":"required name=search_term_string"}],"inLanguage":"fr-FR"},{"@type":"ImageObject","inLanguage":"fr-FR","@id":"https:\/\/www.mesvendanges.com\/en\/shop\/wines\/pinot-gris-grand-cru-zinnkoepfle-bursin-dne-agathe-2022-75cl\/#primaryimage","url":"https:\/\/www.mesvendanges.com\/wp-content\/uploads\/2025\/05\/agathe-bursin-pinot-gris-grand-cru-zinnkoepfle-2022-png.png","contentUrl":"https:\/\/www.mesvendanges.com\/wp-content\/uploads\/2025\/05\/agathe-bursin-pinot-gris-grand-cru-zinnkoepfle-2022-png.png","width":321,"height":1500},{"@type":"WebPage","@id":"https:\/\/www.mesvendanges.com\/en\/shop\/wines\/pinot-gris-grand-cru-zinnkoepfle-bursin-dne-agathe-2022-75cl\/","url":"https:\/\/www.mesvendanges.com\/en\/shop\/wines\/pinot-gris-grand-cru-zinnkoepfle-bursin-dne-agathe-2022-75cl\/","name":"PINOT GRIS GRAND CRU ZINNKOEPFLE - Mes Vendanges","isPartOf":{"@id":"https:\/\/www.mesvendanges.com\/en\/#website"},"primaryImageOfPage":{"@id":"https:\/\/www.mesvendanges.com\/en\/shop\/wines\/pinot-gris-grand-cru-zinnkoepfle-bursin-dne-agathe-2022-75cl\/#primaryimage"},"datePublished":"2024-01-07T12:41:32+00:00","dateModified":"2025-05-01T12:27:58+00:00","breadcrumb":{"@id":"https:\/\/www.mesvendanges.com\/en\/shop\/wines\/pinot-gris-grand-cru-zinnkoepfle-bursin-dne-agathe-2022-75cl\/#breadcrumb"},"inLanguage":"fr-FR","potentialAction":[{"@type":"ReadAction","target":["https:\/\/www.mesvendanges.com\/en\/shop\/wines\/pinot-gris-grand-cru-zinnkoepfle-bursin-dne-agathe-2022-75cl\/"]}]},{"@type":"BreadcrumbList","@id":"https:\/\/www.mesvendanges.com\/en\/shop\/wines\/pinot-gris-grand-cru-zinnkoepfle-bursin-dne-agathe-2022-75cl\/#breadcrumb","itemListElement":[{"@type":"ListItem","position":1,"name":"Home","item":"https:\/\/www.mesvendanges.com\/en\/"},{"@type":"ListItem","position":2,"name":"Shop","item":"https:\/\/www.mesvendanges.com\/en\/shop\/"},{"@type":"ListItem","position":3,"name":"PINOT GRIS GRAND CRU ZINNKOEPFLE"}]}]}},"_links":{"self":[{"href":"https:\/\/www.mesvendanges.com\/en\/wp-json\/wp\/v2\/product\/72937"}],"collection":[{"href":"https:\/\/www.mesvendanges.com\/en\/wp-json\/wp\/v2\/product"}],"about":[{"href":"https:\/\/www.mesvendanges.com\/en\/wp-json\/wp\/v2\/types\/product"}],"wp:featuredmedia":[{"embeddable":true,"href":"https:\/\/www.mesvendanges.com\/en\/wp-json\/wp\/v2\/media\/86492"}],"wp:attachment":[{"href":"https:\/\/www.mesvendanges.com\/en\/wp-json\/wp\/v2\/media?parent=72937"}],"wp:term":[{"taxonomy":"product_cat","embeddable":true,"href":"https:\/\/www.mesvendanges.com\/en\/wp-json\/wp\/v2\/product_cat?post=72937"},{"taxonomy":"product_tag","embeddable":true,"href":"https:\/\/www.mesvendanges.com\/en\/wp-json\/wp\/v2\/product_tag?post=72937"}],"curies":[{"name":"wp","href":"https:\/\/api.w.org\/{rel}","templated":true}]}}