{"id":73012,"date":"2024-01-09T20:45:48","date_gmt":"2024-01-09T19:45:48","guid":{"rendered":"https:\/\/www.mesvendanges.com\/shop\/uncategorized\/bellevue-baudouin-dne-patrick-2021-75cl\/"},"modified":"2025-10-29T14:43:00","modified_gmt":"2025-10-29T13:43:00","slug":"bellevue-baudouin-dne-patrick-2021-75cl","status":"publish","type":"product","link":"https:\/\/www.mesvendanges.com\/en\/shop\/wines\/bellevue-baudouin-dne-patrick-2021-75cl\/","title":{"rendered":"BELLEVUE"},"content":{"rendered":"<p>2021 a donn\u00e9 des Savenni\u00e8res de toute beaut\u00e9. C&#8217;est un mill\u00e9sime de gel et d&#8217;\u00e9quilibre. On a tout \u00e0 la fois la puissance de ce terroir d&#8217;exception, sur ce coteau plein sud qui plonge vers la Loire, et la d\u00e9licatesse aromatique des mill\u00e9simes sur la retenue. Les parfums, le fruit ont ainsi un \u00e9clat et une gourmandise rare, qu&#8217;une bouche large et dessin\u00e9e vient cadrer. Une tr\u00e8s belle bouteille au grand devenir.<\/p>\n","protected":false},"excerpt":{"rendered":"<p>2021 a donn\u00e9 des Savenni\u00e8res de toute beaut\u00e9. C&#8217;est un mill\u00e9sime de gel et d&#8217;\u00e9quilibre. On a tout \u00e0 la fois la puissance de ce terroir d&#8217;exception, sur ce coteau plein sud qui plonge vers la Loire, et la d\u00e9licatesse aromatique des mill\u00e9simes sur la retenue. Les parfums, le fruit ont ainsi un \u00e9clat et [&hellip;]<\/p>\n","protected":false},"featured_media":86346,"template":"","meta":[],"product_cat":[3740],"product_tag":[],"acf":[],"yoast_head":"<!-- This site is optimized with the Yoast SEO plugin v19.3 - https:\/\/yoast.com\/wordpress\/plugins\/seo\/ -->\n<title>BELLEVUE - Mes Vendanges<\/title>\n<meta name=\"robots\" content=\"index, follow, max-snippet:-1, max-image-preview:large, max-video-preview:-1\" \/>\n<link rel=\"canonical\" href=\"https:\/\/www.mesvendanges.com\/en\/shop\/wines\/bellevue-baudouin-dne-patrick-2021-75cl\/\" \/>\n<meta property=\"og:locale\" content=\"en_US\" \/>\n<meta property=\"og:type\" content=\"article\" \/>\n<meta property=\"og:title\" content=\"BELLEVUE - Mes Vendanges\" \/>\n<meta property=\"og:description\" content=\"2021 a donn\u00e9 des Savenni\u00e8res de toute beaut\u00e9. C&#8217;est un mill\u00e9sime de gel et d&#8217;\u00e9quilibre. On a tout \u00e0 la fois la puissance de ce terroir d&#8217;exception, sur ce coteau plein sud qui plonge vers la Loire, et la d\u00e9licatesse aromatique des mill\u00e9simes sur la retenue. Les parfums, le fruit ont ainsi un \u00e9clat et [&hellip;]\" \/>\n<meta property=\"og:url\" content=\"https:\/\/www.mesvendanges.com\/en\/shop\/wines\/bellevue-baudouin-dne-patrick-2021-75cl\/\" \/>\n<meta property=\"og:site_name\" content=\"Mes Vendanges\" \/>\n<meta property=\"article:modified_time\" content=\"2025-10-29T13:43:00+00:00\" \/>\n<meta property=\"og:image\" content=\"https:\/\/www.mesvendanges.com\/wp-content\/uploads\/2025\/05\/domaine-patrick-baudouin-savennieres-bellevue-2016-png.png\" \/>\n\t<meta property=\"og:image:width\" content=\"600\" \/>\n\t<meta property=\"og:image:height\" content=\"1500\" \/>\n\t<meta property=\"og:image:type\" content=\"image\/png\" \/>\n<meta name=\"twitter:card\" content=\"summary_large_image\" \/>\n<script type=\"application\/ld+json\" class=\"yoast-schema-graph\">{\"@context\":\"https:\/\/schema.org\",\"@graph\":[{\"@type\":\"Organization\",\"@id\":\"https:\/\/www.mesvendanges.com\/en\/#organization\",\"name\":\"Mes Vendanges\",\"url\":\"https:\/\/www.mesvendanges.com\/en\/\",\"sameAs\":[],\"logo\":{\"@type\":\"ImageObject\",\"inLanguage\":\"fr-FR\",\"@id\":\"https:\/\/www.mesvendanges.com\/en\/#\/schema\/logo\/image\/\",\"url\":\"https:\/\/www.mesvendanges.com\/wp-content\/uploads\/2022\/02\/logo-mesvendanges.jpg\",\"contentUrl\":\"https:\/\/www.mesvendanges.com\/wp-content\/uploads\/2022\/02\/logo-mesvendanges.jpg\",\"width\":851,\"height\":260,\"caption\":\"Mes Vendanges\"},\"image\":{\"@id\":\"https:\/\/www.mesvendanges.com\/en\/#\/schema\/logo\/image\/\"}},{\"@type\":\"WebSite\",\"@id\":\"https:\/\/www.mesvendanges.com\/en\/#website\",\"url\":\"https:\/\/www.mesvendanges.com\/en\/\",\"name\":\"Mes Vendanges\",\"description\":\"Des journ\u00e9es enti\u00e8res dans les vignes\",\"publisher\":{\"@id\":\"https:\/\/www.mesvendanges.com\/en\/#organization\"},\"potentialAction\":[{\"@type\":\"SearchAction\",\"target\":{\"@type\":\"EntryPoint\",\"urlTemplate\":\"https:\/\/www.mesvendanges.com\/en\/?s={search_term_string}\"},\"query-input\":\"required name=search_term_string\"}],\"inLanguage\":\"fr-FR\"},{\"@type\":\"ImageObject\",\"inLanguage\":\"fr-FR\",\"@id\":\"https:\/\/www.mesvendanges.com\/en\/shop\/wines\/bellevue-baudouin-dne-patrick-2021-75cl\/#primaryimage\",\"url\":\"https:\/\/www.mesvendanges.com\/wp-content\/uploads\/2025\/05\/domaine-patrick-baudouin-savennieres-bellevue-2016-png.png\",\"contentUrl\":\"https:\/\/www.mesvendanges.com\/wp-content\/uploads\/2025\/05\/domaine-patrick-baudouin-savennieres-bellevue-2016-png.png\",\"width\":600,\"height\":1500},{\"@type\":\"WebPage\",\"@id\":\"https:\/\/www.mesvendanges.com\/en\/shop\/wines\/bellevue-baudouin-dne-patrick-2021-75cl\/\",\"url\":\"https:\/\/www.mesvendanges.com\/en\/shop\/wines\/bellevue-baudouin-dne-patrick-2021-75cl\/\",\"name\":\"BELLEVUE - Mes Vendanges\",\"isPartOf\":{\"@id\":\"https:\/\/www.mesvendanges.com\/en\/#website\"},\"primaryImageOfPage\":{\"@id\":\"https:\/\/www.mesvendanges.com\/en\/shop\/wines\/bellevue-baudouin-dne-patrick-2021-75cl\/#primaryimage\"},\"datePublished\":\"2024-01-09T19:45:48+00:00\",\"dateModified\":\"2025-10-29T13:43:00+00:00\",\"breadcrumb\":{\"@id\":\"https:\/\/www.mesvendanges.com\/en\/shop\/wines\/bellevue-baudouin-dne-patrick-2021-75cl\/#breadcrumb\"},\"inLanguage\":\"fr-FR\",\"potentialAction\":[{\"@type\":\"ReadAction\",\"target\":[\"https:\/\/www.mesvendanges.com\/en\/shop\/wines\/bellevue-baudouin-dne-patrick-2021-75cl\/\"]}]},{\"@type\":\"BreadcrumbList\",\"@id\":\"https:\/\/www.mesvendanges.com\/en\/shop\/wines\/bellevue-baudouin-dne-patrick-2021-75cl\/#breadcrumb\",\"itemListElement\":[{\"@type\":\"ListItem\",\"position\":1,\"name\":\"Home\",\"item\":\"https:\/\/www.mesvendanges.com\/en\/\"},{\"@type\":\"ListItem\",\"position\":2,\"name\":\"Shop\",\"item\":\"https:\/\/www.mesvendanges.com\/en\/shop\/\"},{\"@type\":\"ListItem\",\"position\":3,\"name\":\"BELLEVUE\"}]}]}<\/script>\n<!-- \/ Yoast SEO plugin. -->","yoast_head_json":{"title":"BELLEVUE - Mes Vendanges","robots":{"index":"index","follow":"follow","max-snippet":"max-snippet:-1","max-image-preview":"max-image-preview:large","max-video-preview":"max-video-preview:-1"},"canonical":"https:\/\/www.mesvendanges.com\/en\/shop\/wines\/bellevue-baudouin-dne-patrick-2021-75cl\/","og_locale":"en_US","og_type":"article","og_title":"BELLEVUE - Mes Vendanges","og_description":"2021 a donn\u00e9 des Savenni\u00e8res de toute beaut\u00e9. C&#8217;est un mill\u00e9sime de gel et d&#8217;\u00e9quilibre. On a tout \u00e0 la fois la puissance de ce terroir d&#8217;exception, sur ce coteau plein sud qui plonge vers la Loire, et la d\u00e9licatesse aromatique des mill\u00e9simes sur la retenue. Les parfums, le fruit ont ainsi un \u00e9clat et [&hellip;]","og_url":"https:\/\/www.mesvendanges.com\/en\/shop\/wines\/bellevue-baudouin-dne-patrick-2021-75cl\/","og_site_name":"Mes Vendanges","article_modified_time":"2025-10-29T13:43:00+00:00","og_image":[{"width":600,"height":1500,"url":"https:\/\/www.mesvendanges.com\/wp-content\/uploads\/2025\/05\/domaine-patrick-baudouin-savennieres-bellevue-2016-png.png","type":"image\/png"}],"twitter_card":"summary_large_image","schema":{"@context":"https:\/\/schema.org","@graph":[{"@type":"Organization","@id":"https:\/\/www.mesvendanges.com\/en\/#organization","name":"Mes Vendanges","url":"https:\/\/www.mesvendanges.com\/en\/","sameAs":[],"logo":{"@type":"ImageObject","inLanguage":"fr-FR","@id":"https:\/\/www.mesvendanges.com\/en\/#\/schema\/logo\/image\/","url":"https:\/\/www.mesvendanges.com\/wp-content\/uploads\/2022\/02\/logo-mesvendanges.jpg","contentUrl":"https:\/\/www.mesvendanges.com\/wp-content\/uploads\/2022\/02\/logo-mesvendanges.jpg","width":851,"height":260,"caption":"Mes Vendanges"},"image":{"@id":"https:\/\/www.mesvendanges.com\/en\/#\/schema\/logo\/image\/"}},{"@type":"WebSite","@id":"https:\/\/www.mesvendanges.com\/en\/#website","url":"https:\/\/www.mesvendanges.com\/en\/","name":"Mes Vendanges","description":"Des journ\u00e9es enti\u00e8res dans les vignes","publisher":{"@id":"https:\/\/www.mesvendanges.com\/en\/#organization"},"potentialAction":[{"@type":"SearchAction","target":{"@type":"EntryPoint","urlTemplate":"https:\/\/www.mesvendanges.com\/en\/?s={search_term_string}"},"query-input":"required name=search_term_string"}],"inLanguage":"fr-FR"},{"@type":"ImageObject","inLanguage":"fr-FR","@id":"https:\/\/www.mesvendanges.com\/en\/shop\/wines\/bellevue-baudouin-dne-patrick-2021-75cl\/#primaryimage","url":"https:\/\/www.mesvendanges.com\/wp-content\/uploads\/2025\/05\/domaine-patrick-baudouin-savennieres-bellevue-2016-png.png","contentUrl":"https:\/\/www.mesvendanges.com\/wp-content\/uploads\/2025\/05\/domaine-patrick-baudouin-savennieres-bellevue-2016-png.png","width":600,"height":1500},{"@type":"WebPage","@id":"https:\/\/www.mesvendanges.com\/en\/shop\/wines\/bellevue-baudouin-dne-patrick-2021-75cl\/","url":"https:\/\/www.mesvendanges.com\/en\/shop\/wines\/bellevue-baudouin-dne-patrick-2021-75cl\/","name":"BELLEVUE - Mes Vendanges","isPartOf":{"@id":"https:\/\/www.mesvendanges.com\/en\/#website"},"primaryImageOfPage":{"@id":"https:\/\/www.mesvendanges.com\/en\/shop\/wines\/bellevue-baudouin-dne-patrick-2021-75cl\/#primaryimage"},"datePublished":"2024-01-09T19:45:48+00:00","dateModified":"2025-10-29T13:43:00+00:00","breadcrumb":{"@id":"https:\/\/www.mesvendanges.com\/en\/shop\/wines\/bellevue-baudouin-dne-patrick-2021-75cl\/#breadcrumb"},"inLanguage":"fr-FR","potentialAction":[{"@type":"ReadAction","target":["https:\/\/www.mesvendanges.com\/en\/shop\/wines\/bellevue-baudouin-dne-patrick-2021-75cl\/"]}]},{"@type":"BreadcrumbList","@id":"https:\/\/www.mesvendanges.com\/en\/shop\/wines\/bellevue-baudouin-dne-patrick-2021-75cl\/#breadcrumb","itemListElement":[{"@type":"ListItem","position":1,"name":"Home","item":"https:\/\/www.mesvendanges.com\/en\/"},{"@type":"ListItem","position":2,"name":"Shop","item":"https:\/\/www.mesvendanges.com\/en\/shop\/"},{"@type":"ListItem","position":3,"name":"BELLEVUE"}]}]}},"_links":{"self":[{"href":"https:\/\/www.mesvendanges.com\/en\/wp-json\/wp\/v2\/product\/73012"}],"collection":[{"href":"https:\/\/www.mesvendanges.com\/en\/wp-json\/wp\/v2\/product"}],"about":[{"href":"https:\/\/www.mesvendanges.com\/en\/wp-json\/wp\/v2\/types\/product"}],"wp:featuredmedia":[{"embeddable":true,"href":"https:\/\/www.mesvendanges.com\/en\/wp-json\/wp\/v2\/media\/86346"}],"wp:attachment":[{"href":"https:\/\/www.mesvendanges.com\/en\/wp-json\/wp\/v2\/media?parent=73012"}],"wp:term":[{"taxonomy":"product_cat","embeddable":true,"href":"https:\/\/www.mesvendanges.com\/en\/wp-json\/wp\/v2\/product_cat?post=73012"},{"taxonomy":"product_tag","embeddable":true,"href":"https:\/\/www.mesvendanges.com\/en\/wp-json\/wp\/v2\/product_tag?post=73012"}],"curies":[{"name":"wp","href":"https:\/\/api.w.org\/{rel}","templated":true}]}}