{"id":73475,"date":"2024-03-12T20:50:22","date_gmt":"2024-03-12T19:50:22","guid":{"rendered":"https:\/\/www.mesvendanges.com\/shop\/uncategorized\/bourgogne-pinot-noir-morey-coffinet-2022-75cl\/"},"modified":"2026-03-03T11:44:53","modified_gmt":"2026-03-03T10:44:53","slug":"bourgogne-pinot-noir-morey-coffinet-2022-75cl","status":"publish","type":"product","link":"https:\/\/www.mesvendanges.com\/en\/shop\/wines\/bourgogne-pinot-noir-morey-coffinet-2022-75cl\/","title":{"rendered":"BOURGOGNE PINOT NOIR"},"content":{"rendered":"<p>Le Bourgogne pinot noir du domaine Morey-Coffinet est une tr\u00e8s bonne introduction aux rouges du domaine et plus g\u00e9n\u00e9ralement aux vins de la C\u00f4te de Beaune. On y retrouve le croquant, le fruit, la gourmandise que l&#8217;on recherche dans une bouteille de Bourgogne, un d\u00e9lice.<\/p>\n<p>Thibault Morey fait partie de cette jeune g\u00e9n\u00e9ration de vignerons bourguignons qui r\u00e9orientent les domaines familiaux, aussi bien en terme de culture que d&#8217;esth\u00e9tique de vins. Depuis son installation \u00e0 la suite de son p\u00e8re, Thibault a pass\u00e9 le domaine en biodynamie, rallong\u00e9 les \u00e9levages, diminu\u00e9 drastiquement le soufre (il n&#8217;en utilise plus \u00e0 la vendange). Aujourd&#8217;hui la pl\u00e9iade de magnifiques terroirs du domaine s&#8217;expriment avec \u00e9clat, avec des vins qui trouvent leur \u00e9quilibre entre pl\u00e9nitude et tension. L&#8217;\u00e9nergie, le salivant de vin n&#8217;enl\u00e8ve rien au plaisir du fruit, de l&#8217;expression aromatique, au d\u00e9tail. Des vins h\u00e9donistes \u00e0 souhait.<\/p>\n","protected":false},"excerpt":{"rendered":"<p>Le Bourgogne pinot noir du domaine Morey-Coffinet est une tr\u00e8s bonne introduction aux rouges du domaine et plus g\u00e9n\u00e9ralement aux vins de la C\u00f4te de Beaune. On y retrouve le croquant, le fruit, la gourmandise que l&#8217;on recherche dans une bouteille de Bourgogne, un d\u00e9lice. Thibault Morey fait partie de cette jeune g\u00e9n\u00e9ration de vignerons [&hellip;]<\/p>\n","protected":false},"featured_media":87606,"template":"","meta":[],"product_cat":[3740],"product_tag":[],"acf":[],"yoast_head":"<!-- This site is optimized with the Yoast SEO plugin v19.3 - https:\/\/yoast.com\/wordpress\/plugins\/seo\/ -->\n<title>BOURGOGNE PINOT NOIR - Mes Vendanges<\/title>\n<meta name=\"robots\" content=\"index, follow, max-snippet:-1, max-image-preview:large, max-video-preview:-1\" \/>\n<link rel=\"canonical\" href=\"https:\/\/www.mesvendanges.com\/en\/shop\/wines\/bourgogne-pinot-noir-morey-coffinet-2022-75cl\/\" \/>\n<meta property=\"og:locale\" content=\"en_US\" \/>\n<meta property=\"og:type\" content=\"article\" \/>\n<meta property=\"og:title\" content=\"BOURGOGNE PINOT NOIR - Mes Vendanges\" \/>\n<meta property=\"og:description\" content=\"Le Bourgogne pinot noir du domaine Morey-Coffinet est une tr\u00e8s bonne introduction aux rouges du domaine et plus g\u00e9n\u00e9ralement aux vins de la C\u00f4te de Beaune. On y retrouve le croquant, le fruit, la gourmandise que l&#8217;on recherche dans une bouteille de Bourgogne, un d\u00e9lice. Thibault Morey fait partie de cette jeune g\u00e9n\u00e9ration de vignerons [&hellip;]\" \/>\n<meta property=\"og:url\" content=\"https:\/\/www.mesvendanges.com\/en\/shop\/wines\/bourgogne-pinot-noir-morey-coffinet-2022-75cl\/\" \/>\n<meta property=\"og:site_name\" content=\"Mes Vendanges\" \/>\n<meta property=\"article:modified_time\" content=\"2026-03-03T10:44:53+00:00\" \/>\n<meta property=\"og:image\" content=\"https:\/\/www.mesvendanges.com\/wp-content\/uploads\/2025\/05\/morey-coffinet-bourgogne-cote-dor-pinot-noir-2022-png.png\" \/>\n\t<meta property=\"og:image:width\" content=\"466\" \/>\n\t<meta property=\"og:image:height\" content=\"1500\" \/>\n\t<meta property=\"og:image:type\" content=\"image\/png\" \/>\n<meta name=\"twitter:card\" content=\"summary_large_image\" \/>\n<meta name=\"twitter:label1\" content=\"Est. reading time\" \/>\n\t<meta name=\"twitter:data1\" content=\"1 minute\" \/>\n<script type=\"application\/ld+json\" class=\"yoast-schema-graph\">{\"@context\":\"https:\/\/schema.org\",\"@graph\":[{\"@type\":\"Organization\",\"@id\":\"https:\/\/www.mesvendanges.com\/en\/#organization\",\"name\":\"Mes Vendanges\",\"url\":\"https:\/\/www.mesvendanges.com\/en\/\",\"sameAs\":[],\"logo\":{\"@type\":\"ImageObject\",\"inLanguage\":\"fr-FR\",\"@id\":\"https:\/\/www.mesvendanges.com\/en\/#\/schema\/logo\/image\/\",\"url\":\"https:\/\/www.mesvendanges.com\/wp-content\/uploads\/2022\/02\/logo-mesvendanges.jpg\",\"contentUrl\":\"https:\/\/www.mesvendanges.com\/wp-content\/uploads\/2022\/02\/logo-mesvendanges.jpg\",\"width\":851,\"height\":260,\"caption\":\"Mes Vendanges\"},\"image\":{\"@id\":\"https:\/\/www.mesvendanges.com\/en\/#\/schema\/logo\/image\/\"}},{\"@type\":\"WebSite\",\"@id\":\"https:\/\/www.mesvendanges.com\/en\/#website\",\"url\":\"https:\/\/www.mesvendanges.com\/en\/\",\"name\":\"Mes Vendanges\",\"description\":\"Des journ\u00e9es enti\u00e8res dans les vignes\",\"publisher\":{\"@id\":\"https:\/\/www.mesvendanges.com\/en\/#organization\"},\"potentialAction\":[{\"@type\":\"SearchAction\",\"target\":{\"@type\":\"EntryPoint\",\"urlTemplate\":\"https:\/\/www.mesvendanges.com\/en\/?s={search_term_string}\"},\"query-input\":\"required name=search_term_string\"}],\"inLanguage\":\"fr-FR\"},{\"@type\":\"ImageObject\",\"inLanguage\":\"fr-FR\",\"@id\":\"https:\/\/www.mesvendanges.com\/en\/shop\/wines\/bourgogne-pinot-noir-morey-coffinet-2022-75cl\/#primaryimage\",\"url\":\"https:\/\/www.mesvendanges.com\/wp-content\/uploads\/2025\/05\/morey-coffinet-bourgogne-cote-dor-pinot-noir-2022-png.png\",\"contentUrl\":\"https:\/\/www.mesvendanges.com\/wp-content\/uploads\/2025\/05\/morey-coffinet-bourgogne-cote-dor-pinot-noir-2022-png.png\",\"width\":466,\"height\":1500},{\"@type\":\"WebPage\",\"@id\":\"https:\/\/www.mesvendanges.com\/en\/shop\/wines\/bourgogne-pinot-noir-morey-coffinet-2022-75cl\/\",\"url\":\"https:\/\/www.mesvendanges.com\/en\/shop\/wines\/bourgogne-pinot-noir-morey-coffinet-2022-75cl\/\",\"name\":\"BOURGOGNE PINOT NOIR - Mes Vendanges\",\"isPartOf\":{\"@id\":\"https:\/\/www.mesvendanges.com\/en\/#website\"},\"primaryImageOfPage\":{\"@id\":\"https:\/\/www.mesvendanges.com\/en\/shop\/wines\/bourgogne-pinot-noir-morey-coffinet-2022-75cl\/#primaryimage\"},\"datePublished\":\"2024-03-12T19:50:22+00:00\",\"dateModified\":\"2026-03-03T10:44:53+00:00\",\"breadcrumb\":{\"@id\":\"https:\/\/www.mesvendanges.com\/en\/shop\/wines\/bourgogne-pinot-noir-morey-coffinet-2022-75cl\/#breadcrumb\"},\"inLanguage\":\"fr-FR\",\"potentialAction\":[{\"@type\":\"ReadAction\",\"target\":[\"https:\/\/www.mesvendanges.com\/en\/shop\/wines\/bourgogne-pinot-noir-morey-coffinet-2022-75cl\/\"]}]},{\"@type\":\"BreadcrumbList\",\"@id\":\"https:\/\/www.mesvendanges.com\/en\/shop\/wines\/bourgogne-pinot-noir-morey-coffinet-2022-75cl\/#breadcrumb\",\"itemListElement\":[{\"@type\":\"ListItem\",\"position\":1,\"name\":\"Home\",\"item\":\"https:\/\/www.mesvendanges.com\/en\/\"},{\"@type\":\"ListItem\",\"position\":2,\"name\":\"Shop\",\"item\":\"https:\/\/www.mesvendanges.com\/en\/shop\/\"},{\"@type\":\"ListItem\",\"position\":3,\"name\":\"BOURGOGNE PINOT NOIR\"}]}]}<\/script>\n<!-- \/ Yoast SEO plugin. -->","yoast_head_json":{"title":"BOURGOGNE PINOT NOIR - Mes Vendanges","robots":{"index":"index","follow":"follow","max-snippet":"max-snippet:-1","max-image-preview":"max-image-preview:large","max-video-preview":"max-video-preview:-1"},"canonical":"https:\/\/www.mesvendanges.com\/en\/shop\/wines\/bourgogne-pinot-noir-morey-coffinet-2022-75cl\/","og_locale":"en_US","og_type":"article","og_title":"BOURGOGNE PINOT NOIR - Mes Vendanges","og_description":"Le Bourgogne pinot noir du domaine Morey-Coffinet est une tr\u00e8s bonne introduction aux rouges du domaine et plus g\u00e9n\u00e9ralement aux vins de la C\u00f4te de Beaune. On y retrouve le croquant, le fruit, la gourmandise que l&#8217;on recherche dans une bouteille de Bourgogne, un d\u00e9lice. Thibault Morey fait partie de cette jeune g\u00e9n\u00e9ration de vignerons [&hellip;]","og_url":"https:\/\/www.mesvendanges.com\/en\/shop\/wines\/bourgogne-pinot-noir-morey-coffinet-2022-75cl\/","og_site_name":"Mes Vendanges","article_modified_time":"2026-03-03T10:44:53+00:00","og_image":[{"width":466,"height":1500,"url":"https:\/\/www.mesvendanges.com\/wp-content\/uploads\/2025\/05\/morey-coffinet-bourgogne-cote-dor-pinot-noir-2022-png.png","type":"image\/png"}],"twitter_card":"summary_large_image","twitter_misc":{"Est. reading time":"1 minute"},"schema":{"@context":"https:\/\/schema.org","@graph":[{"@type":"Organization","@id":"https:\/\/www.mesvendanges.com\/en\/#organization","name":"Mes Vendanges","url":"https:\/\/www.mesvendanges.com\/en\/","sameAs":[],"logo":{"@type":"ImageObject","inLanguage":"fr-FR","@id":"https:\/\/www.mesvendanges.com\/en\/#\/schema\/logo\/image\/","url":"https:\/\/www.mesvendanges.com\/wp-content\/uploads\/2022\/02\/logo-mesvendanges.jpg","contentUrl":"https:\/\/www.mesvendanges.com\/wp-content\/uploads\/2022\/02\/logo-mesvendanges.jpg","width":851,"height":260,"caption":"Mes Vendanges"},"image":{"@id":"https:\/\/www.mesvendanges.com\/en\/#\/schema\/logo\/image\/"}},{"@type":"WebSite","@id":"https:\/\/www.mesvendanges.com\/en\/#website","url":"https:\/\/www.mesvendanges.com\/en\/","name":"Mes Vendanges","description":"Des journ\u00e9es enti\u00e8res dans les vignes","publisher":{"@id":"https:\/\/www.mesvendanges.com\/en\/#organization"},"potentialAction":[{"@type":"SearchAction","target":{"@type":"EntryPoint","urlTemplate":"https:\/\/www.mesvendanges.com\/en\/?s={search_term_string}"},"query-input":"required name=search_term_string"}],"inLanguage":"fr-FR"},{"@type":"ImageObject","inLanguage":"fr-FR","@id":"https:\/\/www.mesvendanges.com\/en\/shop\/wines\/bourgogne-pinot-noir-morey-coffinet-2022-75cl\/#primaryimage","url":"https:\/\/www.mesvendanges.com\/wp-content\/uploads\/2025\/05\/morey-coffinet-bourgogne-cote-dor-pinot-noir-2022-png.png","contentUrl":"https:\/\/www.mesvendanges.com\/wp-content\/uploads\/2025\/05\/morey-coffinet-bourgogne-cote-dor-pinot-noir-2022-png.png","width":466,"height":1500},{"@type":"WebPage","@id":"https:\/\/www.mesvendanges.com\/en\/shop\/wines\/bourgogne-pinot-noir-morey-coffinet-2022-75cl\/","url":"https:\/\/www.mesvendanges.com\/en\/shop\/wines\/bourgogne-pinot-noir-morey-coffinet-2022-75cl\/","name":"BOURGOGNE PINOT NOIR - Mes Vendanges","isPartOf":{"@id":"https:\/\/www.mesvendanges.com\/en\/#website"},"primaryImageOfPage":{"@id":"https:\/\/www.mesvendanges.com\/en\/shop\/wines\/bourgogne-pinot-noir-morey-coffinet-2022-75cl\/#primaryimage"},"datePublished":"2024-03-12T19:50:22+00:00","dateModified":"2026-03-03T10:44:53+00:00","breadcrumb":{"@id":"https:\/\/www.mesvendanges.com\/en\/shop\/wines\/bourgogne-pinot-noir-morey-coffinet-2022-75cl\/#breadcrumb"},"inLanguage":"fr-FR","potentialAction":[{"@type":"ReadAction","target":["https:\/\/www.mesvendanges.com\/en\/shop\/wines\/bourgogne-pinot-noir-morey-coffinet-2022-75cl\/"]}]},{"@type":"BreadcrumbList","@id":"https:\/\/www.mesvendanges.com\/en\/shop\/wines\/bourgogne-pinot-noir-morey-coffinet-2022-75cl\/#breadcrumb","itemListElement":[{"@type":"ListItem","position":1,"name":"Home","item":"https:\/\/www.mesvendanges.com\/en\/"},{"@type":"ListItem","position":2,"name":"Shop","item":"https:\/\/www.mesvendanges.com\/en\/shop\/"},{"@type":"ListItem","position":3,"name":"BOURGOGNE PINOT NOIR"}]}]}},"_links":{"self":[{"href":"https:\/\/www.mesvendanges.com\/en\/wp-json\/wp\/v2\/product\/73475"}],"collection":[{"href":"https:\/\/www.mesvendanges.com\/en\/wp-json\/wp\/v2\/product"}],"about":[{"href":"https:\/\/www.mesvendanges.com\/en\/wp-json\/wp\/v2\/types\/product"}],"wp:featuredmedia":[{"embeddable":true,"href":"https:\/\/www.mesvendanges.com\/en\/wp-json\/wp\/v2\/media\/87606"}],"wp:attachment":[{"href":"https:\/\/www.mesvendanges.com\/en\/wp-json\/wp\/v2\/media?parent=73475"}],"wp:term":[{"taxonomy":"product_cat","embeddable":true,"href":"https:\/\/www.mesvendanges.com\/en\/wp-json\/wp\/v2\/product_cat?post=73475"},{"taxonomy":"product_tag","embeddable":true,"href":"https:\/\/www.mesvendanges.com\/en\/wp-json\/wp\/v2\/product_tag?post=73475"}],"curies":[{"name":"wp","href":"https:\/\/api.w.org\/{rel}","templated":true}]}}