{"id":73509,"date":"2024-03-16T11:24:51","date_gmt":"2024-03-16T10:24:51","guid":{"rendered":"https:\/\/www.mesvendanges.com\/shop\/uncategorized\/comptine-dautomne-les-petits-riens-2020-75cl\/"},"modified":"2026-04-07T08:25:02","modified_gmt":"2026-04-07T06:25:02","slug":"comptine-dautomne-les-petits-riens-2020-75cl","status":"publish","type":"product","link":"https:\/\/www.mesvendanges.com\/en\/shop\/wines\/comptine-dautomne-les-petits-riens-2020-75cl\/","title":{"rendered":"COMPTINE D&#8217;AUTOMNE"},"content":{"rendered":"<p>Cette cuv\u00e9e 100% pinot noir est issue de vignes d&#8217;une quarantaine d&#8217;ann\u00e9es, plant\u00e9es sur sols sablo-limoneux riches en gneiss.<br \/>\nLa vendange a eu lieu la premi\u00e8re semaine de septembre. Les raisins, erafl\u00e9s sont mis en cuve inox pour une fermentation de 12 jours sur peaux puis les vins sont \u00e9lev\u00e9s 36 mois en gr\u00e8s, barrique et cuve inox.<br \/>\n1056 bouteilles produites<\/p>\n","protected":false},"excerpt":{"rendered":"<p>Cette cuv\u00e9e 100% pinot noir est issue de vignes d&#8217;une quarantaine d&#8217;ann\u00e9es, plant\u00e9es sur sols sablo-limoneux riches en gneiss. La vendange a eu lieu la premi\u00e8re semaine de septembre. Les raisins, erafl\u00e9s sont mis en cuve inox pour une fermentation de 12 jours sur peaux puis les vins sont \u00e9lev\u00e9s 36 mois en gr\u00e8s, barrique [&hellip;]<\/p>\n","protected":false},"featured_media":22978,"template":"","meta":[],"product_cat":[3740],"product_tag":[],"acf":[],"yoast_head":"<!-- This site is optimized with the Yoast SEO plugin v19.3 - https:\/\/yoast.com\/wordpress\/plugins\/seo\/ -->\n<title>COMPTINE D&#039;AUTOMNE - Mes Vendanges<\/title>\n<meta name=\"robots\" content=\"index, follow, max-snippet:-1, max-image-preview:large, max-video-preview:-1\" \/>\n<link rel=\"canonical\" href=\"https:\/\/www.mesvendanges.com\/en\/shop\/wines\/comptine-dautomne-les-petits-riens-2020-75cl\/\" \/>\n<meta property=\"og:locale\" content=\"en_US\" \/>\n<meta property=\"og:type\" content=\"article\" \/>\n<meta property=\"og:title\" content=\"COMPTINE D&#039;AUTOMNE - Mes Vendanges\" \/>\n<meta property=\"og:description\" content=\"Cette cuv\u00e9e 100% pinot noir est issue de vignes d&#8217;une quarantaine d&#8217;ann\u00e9es, plant\u00e9es sur sols sablo-limoneux riches en gneiss. La vendange a eu lieu la premi\u00e8re semaine de septembre. Les raisins, erafl\u00e9s sont mis en cuve inox pour une fermentation de 12 jours sur peaux puis les vins sont \u00e9lev\u00e9s 36 mois en gr\u00e8s, barrique [&hellip;]\" \/>\n<meta property=\"og:url\" content=\"https:\/\/www.mesvendanges.com\/en\/shop\/wines\/comptine-dautomne-les-petits-riens-2020-75cl\/\" \/>\n<meta property=\"og:site_name\" content=\"Mes Vendanges\" \/>\n<meta property=\"article:modified_time\" content=\"2026-04-07T06:25:02+00:00\" \/>\n<meta property=\"og:image\" content=\"https:\/\/www.mesvendanges.com\/wp-content\/uploads\/2022\/07\/les-petits-riens-aoste-comptine-dautomne-rouge-2016-png.png\" \/>\n\t<meta property=\"og:image:width\" content=\"494\" \/>\n\t<meta property=\"og:image:height\" content=\"1500\" \/>\n\t<meta property=\"og:image:type\" content=\"image\/png\" \/>\n<meta name=\"twitter:card\" content=\"summary_large_image\" \/>\n<script type=\"application\/ld+json\" class=\"yoast-schema-graph\">{\"@context\":\"https:\/\/schema.org\",\"@graph\":[{\"@type\":\"Organization\",\"@id\":\"https:\/\/www.mesvendanges.com\/en\/#organization\",\"name\":\"Mes Vendanges\",\"url\":\"https:\/\/www.mesvendanges.com\/en\/\",\"sameAs\":[],\"logo\":{\"@type\":\"ImageObject\",\"inLanguage\":\"fr-FR\",\"@id\":\"https:\/\/www.mesvendanges.com\/en\/#\/schema\/logo\/image\/\",\"url\":\"https:\/\/www.mesvendanges.com\/wp-content\/uploads\/2022\/02\/logo-mesvendanges.jpg\",\"contentUrl\":\"https:\/\/www.mesvendanges.com\/wp-content\/uploads\/2022\/02\/logo-mesvendanges.jpg\",\"width\":851,\"height\":260,\"caption\":\"Mes Vendanges\"},\"image\":{\"@id\":\"https:\/\/www.mesvendanges.com\/en\/#\/schema\/logo\/image\/\"}},{\"@type\":\"WebSite\",\"@id\":\"https:\/\/www.mesvendanges.com\/en\/#website\",\"url\":\"https:\/\/www.mesvendanges.com\/en\/\",\"name\":\"Mes Vendanges\",\"description\":\"Des journ\u00e9es enti\u00e8res dans les vignes\",\"publisher\":{\"@id\":\"https:\/\/www.mesvendanges.com\/en\/#organization\"},\"potentialAction\":[{\"@type\":\"SearchAction\",\"target\":{\"@type\":\"EntryPoint\",\"urlTemplate\":\"https:\/\/www.mesvendanges.com\/en\/?s={search_term_string}\"},\"query-input\":\"required name=search_term_string\"}],\"inLanguage\":\"fr-FR\"},{\"@type\":\"ImageObject\",\"inLanguage\":\"fr-FR\",\"@id\":\"https:\/\/www.mesvendanges.com\/en\/shop\/wines\/comptine-dautomne-les-petits-riens-2020-75cl\/#primaryimage\",\"url\":\"https:\/\/www.mesvendanges.com\/wp-content\/uploads\/2022\/07\/les-petits-riens-aoste-comptine-dautomne-rouge-2016-png.png\",\"contentUrl\":\"https:\/\/www.mesvendanges.com\/wp-content\/uploads\/2022\/07\/les-petits-riens-aoste-comptine-dautomne-rouge-2016-png.png\",\"width\":494,\"height\":1500},{\"@type\":\"WebPage\",\"@id\":\"https:\/\/www.mesvendanges.com\/en\/shop\/wines\/comptine-dautomne-les-petits-riens-2020-75cl\/\",\"url\":\"https:\/\/www.mesvendanges.com\/en\/shop\/wines\/comptine-dautomne-les-petits-riens-2020-75cl\/\",\"name\":\"COMPTINE D'AUTOMNE - Mes Vendanges\",\"isPartOf\":{\"@id\":\"https:\/\/www.mesvendanges.com\/en\/#website\"},\"primaryImageOfPage\":{\"@id\":\"https:\/\/www.mesvendanges.com\/en\/shop\/wines\/comptine-dautomne-les-petits-riens-2020-75cl\/#primaryimage\"},\"datePublished\":\"2024-03-16T10:24:51+00:00\",\"dateModified\":\"2026-04-07T06:25:02+00:00\",\"breadcrumb\":{\"@id\":\"https:\/\/www.mesvendanges.com\/en\/shop\/wines\/comptine-dautomne-les-petits-riens-2020-75cl\/#breadcrumb\"},\"inLanguage\":\"fr-FR\",\"potentialAction\":[{\"@type\":\"ReadAction\",\"target\":[\"https:\/\/www.mesvendanges.com\/en\/shop\/wines\/comptine-dautomne-les-petits-riens-2020-75cl\/\"]}]},{\"@type\":\"BreadcrumbList\",\"@id\":\"https:\/\/www.mesvendanges.com\/en\/shop\/wines\/comptine-dautomne-les-petits-riens-2020-75cl\/#breadcrumb\",\"itemListElement\":[{\"@type\":\"ListItem\",\"position\":1,\"name\":\"Home\",\"item\":\"https:\/\/www.mesvendanges.com\/en\/\"},{\"@type\":\"ListItem\",\"position\":2,\"name\":\"Shop\",\"item\":\"https:\/\/www.mesvendanges.com\/en\/shop\/\"},{\"@type\":\"ListItem\",\"position\":3,\"name\":\"COMPTINE D&#8217;AUTOMNE\"}]}]}<\/script>\n<!-- \/ Yoast SEO plugin. -->","yoast_head_json":{"title":"COMPTINE D'AUTOMNE - Mes Vendanges","robots":{"index":"index","follow":"follow","max-snippet":"max-snippet:-1","max-image-preview":"max-image-preview:large","max-video-preview":"max-video-preview:-1"},"canonical":"https:\/\/www.mesvendanges.com\/en\/shop\/wines\/comptine-dautomne-les-petits-riens-2020-75cl\/","og_locale":"en_US","og_type":"article","og_title":"COMPTINE D'AUTOMNE - Mes Vendanges","og_description":"Cette cuv\u00e9e 100% pinot noir est issue de vignes d&#8217;une quarantaine d&#8217;ann\u00e9es, plant\u00e9es sur sols sablo-limoneux riches en gneiss. La vendange a eu lieu la premi\u00e8re semaine de septembre. Les raisins, erafl\u00e9s sont mis en cuve inox pour une fermentation de 12 jours sur peaux puis les vins sont \u00e9lev\u00e9s 36 mois en gr\u00e8s, barrique [&hellip;]","og_url":"https:\/\/www.mesvendanges.com\/en\/shop\/wines\/comptine-dautomne-les-petits-riens-2020-75cl\/","og_site_name":"Mes Vendanges","article_modified_time":"2026-04-07T06:25:02+00:00","og_image":[{"width":494,"height":1500,"url":"https:\/\/www.mesvendanges.com\/wp-content\/uploads\/2022\/07\/les-petits-riens-aoste-comptine-dautomne-rouge-2016-png.png","type":"image\/png"}],"twitter_card":"summary_large_image","schema":{"@context":"https:\/\/schema.org","@graph":[{"@type":"Organization","@id":"https:\/\/www.mesvendanges.com\/en\/#organization","name":"Mes Vendanges","url":"https:\/\/www.mesvendanges.com\/en\/","sameAs":[],"logo":{"@type":"ImageObject","inLanguage":"fr-FR","@id":"https:\/\/www.mesvendanges.com\/en\/#\/schema\/logo\/image\/","url":"https:\/\/www.mesvendanges.com\/wp-content\/uploads\/2022\/02\/logo-mesvendanges.jpg","contentUrl":"https:\/\/www.mesvendanges.com\/wp-content\/uploads\/2022\/02\/logo-mesvendanges.jpg","width":851,"height":260,"caption":"Mes Vendanges"},"image":{"@id":"https:\/\/www.mesvendanges.com\/en\/#\/schema\/logo\/image\/"}},{"@type":"WebSite","@id":"https:\/\/www.mesvendanges.com\/en\/#website","url":"https:\/\/www.mesvendanges.com\/en\/","name":"Mes Vendanges","description":"Des journ\u00e9es enti\u00e8res dans les vignes","publisher":{"@id":"https:\/\/www.mesvendanges.com\/en\/#organization"},"potentialAction":[{"@type":"SearchAction","target":{"@type":"EntryPoint","urlTemplate":"https:\/\/www.mesvendanges.com\/en\/?s={search_term_string}"},"query-input":"required name=search_term_string"}],"inLanguage":"fr-FR"},{"@type":"ImageObject","inLanguage":"fr-FR","@id":"https:\/\/www.mesvendanges.com\/en\/shop\/wines\/comptine-dautomne-les-petits-riens-2020-75cl\/#primaryimage","url":"https:\/\/www.mesvendanges.com\/wp-content\/uploads\/2022\/07\/les-petits-riens-aoste-comptine-dautomne-rouge-2016-png.png","contentUrl":"https:\/\/www.mesvendanges.com\/wp-content\/uploads\/2022\/07\/les-petits-riens-aoste-comptine-dautomne-rouge-2016-png.png","width":494,"height":1500},{"@type":"WebPage","@id":"https:\/\/www.mesvendanges.com\/en\/shop\/wines\/comptine-dautomne-les-petits-riens-2020-75cl\/","url":"https:\/\/www.mesvendanges.com\/en\/shop\/wines\/comptine-dautomne-les-petits-riens-2020-75cl\/","name":"COMPTINE D'AUTOMNE - Mes Vendanges","isPartOf":{"@id":"https:\/\/www.mesvendanges.com\/en\/#website"},"primaryImageOfPage":{"@id":"https:\/\/www.mesvendanges.com\/en\/shop\/wines\/comptine-dautomne-les-petits-riens-2020-75cl\/#primaryimage"},"datePublished":"2024-03-16T10:24:51+00:00","dateModified":"2026-04-07T06:25:02+00:00","breadcrumb":{"@id":"https:\/\/www.mesvendanges.com\/en\/shop\/wines\/comptine-dautomne-les-petits-riens-2020-75cl\/#breadcrumb"},"inLanguage":"fr-FR","potentialAction":[{"@type":"ReadAction","target":["https:\/\/www.mesvendanges.com\/en\/shop\/wines\/comptine-dautomne-les-petits-riens-2020-75cl\/"]}]},{"@type":"BreadcrumbList","@id":"https:\/\/www.mesvendanges.com\/en\/shop\/wines\/comptine-dautomne-les-petits-riens-2020-75cl\/#breadcrumb","itemListElement":[{"@type":"ListItem","position":1,"name":"Home","item":"https:\/\/www.mesvendanges.com\/en\/"},{"@type":"ListItem","position":2,"name":"Shop","item":"https:\/\/www.mesvendanges.com\/en\/shop\/"},{"@type":"ListItem","position":3,"name":"COMPTINE D&#8217;AUTOMNE"}]}]}},"_links":{"self":[{"href":"https:\/\/www.mesvendanges.com\/en\/wp-json\/wp\/v2\/product\/73509"}],"collection":[{"href":"https:\/\/www.mesvendanges.com\/en\/wp-json\/wp\/v2\/product"}],"about":[{"href":"https:\/\/www.mesvendanges.com\/en\/wp-json\/wp\/v2\/types\/product"}],"wp:featuredmedia":[{"embeddable":true,"href":"https:\/\/www.mesvendanges.com\/en\/wp-json\/wp\/v2\/media\/22978"}],"wp:attachment":[{"href":"https:\/\/www.mesvendanges.com\/en\/wp-json\/wp\/v2\/media?parent=73509"}],"wp:term":[{"taxonomy":"product_cat","embeddable":true,"href":"https:\/\/www.mesvendanges.com\/en\/wp-json\/wp\/v2\/product_cat?post=73509"},{"taxonomy":"product_tag","embeddable":true,"href":"https:\/\/www.mesvendanges.com\/en\/wp-json\/wp\/v2\/product_tag?post=73509"}],"curies":[{"name":"wp","href":"https:\/\/api.w.org\/{rel}","templated":true}]}}