{"id":73515,"date":"2024-03-16T11:49:39","date_gmt":"2024-03-16T10:49:39","guid":{"rendered":"https:\/\/www.mesvendanges.com\/shop\/uncategorized\/lair-des-cimes-les-petits-riens-nm\/"},"modified":"2026-01-20T17:55:13","modified_gmt":"2026-01-20T16:55:13","slug":"lair-des-cimes-les-petits-riens-nm","status":"publish","type":"product","link":"https:\/\/www.mesvendanges.com\/en\/shop\/wines\/lair-des-cimes-les-petits-riens-nm\/","title":{"rendered":"L&#8217;AIR DES CIMES"},"content":{"rendered":"<p>Assembla des mill\u00e9simes 2016, 2018 et 2020<br \/>\nce vin est un assemblage de gamay et de petit rouge pour moiti\u00e9, vinifi\u00e9 en blanc (blanc de noirs), il est issu de vignes de 40 ans d&#8217;age situ\u00e9es \u00e0 650 m\u00e8tres d&#8217;altitude sur un coteau plein sud, au sols sablo-limoneux, riches en gneiss.<br \/>\nLa vendange, qui  a eu lieu le 24 septembre, est press\u00e9e en grappes enti\u00e8res, seul le coeur de presse est conserv\u00e9. Le jus est alors mis a d\u00e9cant\u00e9, puis la fermentation d\u00e9but en cuve sur levures indig\u00e8nes. Le vin sera ensuite \u00e9lev\u00e9 34 mois  pour 30% en f\u00fbt et 70% en inox. Il sera mis en bouteille sans filtration.<br \/>\nLe SO2 total est de 50mg\/l soit un niveau tr\u00e8s faible de soufre.<br \/>\n718 bouteilles produites<\/p>\n","protected":false},"excerpt":{"rendered":"<p>Assembla des mill\u00e9simes 2016, 2018 et 2020 ce vin est un assemblage de gamay et de petit rouge pour moiti\u00e9, vinifi\u00e9 en blanc (blanc de noirs), il est issu de vignes de 40 ans d&#8217;age situ\u00e9es \u00e0 650 m\u00e8tres d&#8217;altitude sur un coteau plein sud, au sols sablo-limoneux, riches en gneiss. La vendange, qui a [&hellip;]<\/p>\n","protected":false},"featured_media":22974,"template":"","meta":[],"product_cat":[3740],"product_tag":[],"acf":[],"yoast_head":"<!-- This site is optimized with the Yoast SEO plugin v19.3 - https:\/\/yoast.com\/wordpress\/plugins\/seo\/ -->\n<title>L&#039;AIR DES CIMES - Mes Vendanges<\/title>\n<meta name=\"robots\" content=\"index, follow, max-snippet:-1, max-image-preview:large, max-video-preview:-1\" \/>\n<link rel=\"canonical\" href=\"https:\/\/www.mesvendanges.com\/en\/shop\/wines\/lair-des-cimes-les-petits-riens-nm\/\" \/>\n<meta property=\"og:locale\" content=\"en_US\" \/>\n<meta property=\"og:type\" content=\"article\" \/>\n<meta property=\"og:title\" content=\"L&#039;AIR DES CIMES - Mes Vendanges\" \/>\n<meta property=\"og:description\" content=\"Assembla des mill\u00e9simes 2016, 2018 et 2020 ce vin est un assemblage de gamay et de petit rouge pour moiti\u00e9, vinifi\u00e9 en blanc (blanc de noirs), il est issu de vignes de 40 ans d&#8217;age situ\u00e9es \u00e0 650 m\u00e8tres d&#8217;altitude sur un coteau plein sud, au sols sablo-limoneux, riches en gneiss. La vendange, qui a [&hellip;]\" \/>\n<meta property=\"og:url\" content=\"https:\/\/www.mesvendanges.com\/en\/shop\/wines\/lair-des-cimes-les-petits-riens-nm\/\" \/>\n<meta property=\"og:site_name\" content=\"Mes Vendanges\" \/>\n<meta property=\"article:modified_time\" content=\"2026-01-20T16:55:13+00:00\" \/>\n<meta property=\"og:image\" content=\"https:\/\/www.mesvendanges.com\/wp-content\/uploads\/2022\/07\/les-petits-riens-aoste-lair-des-cimes-blanc-2016-png.png\" \/>\n\t<meta property=\"og:image:width\" content=\"533\" \/>\n\t<meta property=\"og:image:height\" content=\"1500\" \/>\n\t<meta property=\"og:image:type\" content=\"image\/png\" \/>\n<meta name=\"twitter:card\" content=\"summary_large_image\" \/>\n<meta name=\"twitter:label1\" content=\"Est. reading time\" \/>\n\t<meta name=\"twitter:data1\" content=\"1 minute\" \/>\n<script type=\"application\/ld+json\" class=\"yoast-schema-graph\">{\"@context\":\"https:\/\/schema.org\",\"@graph\":[{\"@type\":\"Organization\",\"@id\":\"https:\/\/www.mesvendanges.com\/en\/#organization\",\"name\":\"Mes Vendanges\",\"url\":\"https:\/\/www.mesvendanges.com\/en\/\",\"sameAs\":[],\"logo\":{\"@type\":\"ImageObject\",\"inLanguage\":\"fr-FR\",\"@id\":\"https:\/\/www.mesvendanges.com\/en\/#\/schema\/logo\/image\/\",\"url\":\"https:\/\/www.mesvendanges.com\/wp-content\/uploads\/2022\/02\/logo-mesvendanges.jpg\",\"contentUrl\":\"https:\/\/www.mesvendanges.com\/wp-content\/uploads\/2022\/02\/logo-mesvendanges.jpg\",\"width\":851,\"height\":260,\"caption\":\"Mes Vendanges\"},\"image\":{\"@id\":\"https:\/\/www.mesvendanges.com\/en\/#\/schema\/logo\/image\/\"}},{\"@type\":\"WebSite\",\"@id\":\"https:\/\/www.mesvendanges.com\/en\/#website\",\"url\":\"https:\/\/www.mesvendanges.com\/en\/\",\"name\":\"Mes Vendanges\",\"description\":\"Des journ\u00e9es enti\u00e8res dans les vignes\",\"publisher\":{\"@id\":\"https:\/\/www.mesvendanges.com\/en\/#organization\"},\"potentialAction\":[{\"@type\":\"SearchAction\",\"target\":{\"@type\":\"EntryPoint\",\"urlTemplate\":\"https:\/\/www.mesvendanges.com\/en\/?s={search_term_string}\"},\"query-input\":\"required name=search_term_string\"}],\"inLanguage\":\"fr-FR\"},{\"@type\":\"ImageObject\",\"inLanguage\":\"fr-FR\",\"@id\":\"https:\/\/www.mesvendanges.com\/en\/shop\/wines\/lair-des-cimes-les-petits-riens-nm\/#primaryimage\",\"url\":\"https:\/\/www.mesvendanges.com\/wp-content\/uploads\/2022\/07\/les-petits-riens-aoste-lair-des-cimes-blanc-2016-png.png\",\"contentUrl\":\"https:\/\/www.mesvendanges.com\/wp-content\/uploads\/2022\/07\/les-petits-riens-aoste-lair-des-cimes-blanc-2016-png.png\",\"width\":533,\"height\":1500},{\"@type\":\"WebPage\",\"@id\":\"https:\/\/www.mesvendanges.com\/en\/shop\/wines\/lair-des-cimes-les-petits-riens-nm\/\",\"url\":\"https:\/\/www.mesvendanges.com\/en\/shop\/wines\/lair-des-cimes-les-petits-riens-nm\/\",\"name\":\"L'AIR DES CIMES - Mes Vendanges\",\"isPartOf\":{\"@id\":\"https:\/\/www.mesvendanges.com\/en\/#website\"},\"primaryImageOfPage\":{\"@id\":\"https:\/\/www.mesvendanges.com\/en\/shop\/wines\/lair-des-cimes-les-petits-riens-nm\/#primaryimage\"},\"datePublished\":\"2024-03-16T10:49:39+00:00\",\"dateModified\":\"2026-01-20T16:55:13+00:00\",\"breadcrumb\":{\"@id\":\"https:\/\/www.mesvendanges.com\/en\/shop\/wines\/lair-des-cimes-les-petits-riens-nm\/#breadcrumb\"},\"inLanguage\":\"fr-FR\",\"potentialAction\":[{\"@type\":\"ReadAction\",\"target\":[\"https:\/\/www.mesvendanges.com\/en\/shop\/wines\/lair-des-cimes-les-petits-riens-nm\/\"]}]},{\"@type\":\"BreadcrumbList\",\"@id\":\"https:\/\/www.mesvendanges.com\/en\/shop\/wines\/lair-des-cimes-les-petits-riens-nm\/#breadcrumb\",\"itemListElement\":[{\"@type\":\"ListItem\",\"position\":1,\"name\":\"Home\",\"item\":\"https:\/\/www.mesvendanges.com\/en\/\"},{\"@type\":\"ListItem\",\"position\":2,\"name\":\"Shop\",\"item\":\"https:\/\/www.mesvendanges.com\/en\/shop\/\"},{\"@type\":\"ListItem\",\"position\":3,\"name\":\"L&#8217;AIR DES CIMES\"}]}]}<\/script>\n<!-- \/ Yoast SEO plugin. -->","yoast_head_json":{"title":"L'AIR DES CIMES - Mes Vendanges","robots":{"index":"index","follow":"follow","max-snippet":"max-snippet:-1","max-image-preview":"max-image-preview:large","max-video-preview":"max-video-preview:-1"},"canonical":"https:\/\/www.mesvendanges.com\/en\/shop\/wines\/lair-des-cimes-les-petits-riens-nm\/","og_locale":"en_US","og_type":"article","og_title":"L'AIR DES CIMES - Mes Vendanges","og_description":"Assembla des mill\u00e9simes 2016, 2018 et 2020 ce vin est un assemblage de gamay et de petit rouge pour moiti\u00e9, vinifi\u00e9 en blanc (blanc de noirs), il est issu de vignes de 40 ans d&#8217;age situ\u00e9es \u00e0 650 m\u00e8tres d&#8217;altitude sur un coteau plein sud, au sols sablo-limoneux, riches en gneiss. La vendange, qui a [&hellip;]","og_url":"https:\/\/www.mesvendanges.com\/en\/shop\/wines\/lair-des-cimes-les-petits-riens-nm\/","og_site_name":"Mes Vendanges","article_modified_time":"2026-01-20T16:55:13+00:00","og_image":[{"width":533,"height":1500,"url":"https:\/\/www.mesvendanges.com\/wp-content\/uploads\/2022\/07\/les-petits-riens-aoste-lair-des-cimes-blanc-2016-png.png","type":"image\/png"}],"twitter_card":"summary_large_image","twitter_misc":{"Est. reading time":"1 minute"},"schema":{"@context":"https:\/\/schema.org","@graph":[{"@type":"Organization","@id":"https:\/\/www.mesvendanges.com\/en\/#organization","name":"Mes Vendanges","url":"https:\/\/www.mesvendanges.com\/en\/","sameAs":[],"logo":{"@type":"ImageObject","inLanguage":"fr-FR","@id":"https:\/\/www.mesvendanges.com\/en\/#\/schema\/logo\/image\/","url":"https:\/\/www.mesvendanges.com\/wp-content\/uploads\/2022\/02\/logo-mesvendanges.jpg","contentUrl":"https:\/\/www.mesvendanges.com\/wp-content\/uploads\/2022\/02\/logo-mesvendanges.jpg","width":851,"height":260,"caption":"Mes Vendanges"},"image":{"@id":"https:\/\/www.mesvendanges.com\/en\/#\/schema\/logo\/image\/"}},{"@type":"WebSite","@id":"https:\/\/www.mesvendanges.com\/en\/#website","url":"https:\/\/www.mesvendanges.com\/en\/","name":"Mes Vendanges","description":"Des journ\u00e9es enti\u00e8res dans les vignes","publisher":{"@id":"https:\/\/www.mesvendanges.com\/en\/#organization"},"potentialAction":[{"@type":"SearchAction","target":{"@type":"EntryPoint","urlTemplate":"https:\/\/www.mesvendanges.com\/en\/?s={search_term_string}"},"query-input":"required name=search_term_string"}],"inLanguage":"fr-FR"},{"@type":"ImageObject","inLanguage":"fr-FR","@id":"https:\/\/www.mesvendanges.com\/en\/shop\/wines\/lair-des-cimes-les-petits-riens-nm\/#primaryimage","url":"https:\/\/www.mesvendanges.com\/wp-content\/uploads\/2022\/07\/les-petits-riens-aoste-lair-des-cimes-blanc-2016-png.png","contentUrl":"https:\/\/www.mesvendanges.com\/wp-content\/uploads\/2022\/07\/les-petits-riens-aoste-lair-des-cimes-blanc-2016-png.png","width":533,"height":1500},{"@type":"WebPage","@id":"https:\/\/www.mesvendanges.com\/en\/shop\/wines\/lair-des-cimes-les-petits-riens-nm\/","url":"https:\/\/www.mesvendanges.com\/en\/shop\/wines\/lair-des-cimes-les-petits-riens-nm\/","name":"L'AIR DES CIMES - Mes Vendanges","isPartOf":{"@id":"https:\/\/www.mesvendanges.com\/en\/#website"},"primaryImageOfPage":{"@id":"https:\/\/www.mesvendanges.com\/en\/shop\/wines\/lair-des-cimes-les-petits-riens-nm\/#primaryimage"},"datePublished":"2024-03-16T10:49:39+00:00","dateModified":"2026-01-20T16:55:13+00:00","breadcrumb":{"@id":"https:\/\/www.mesvendanges.com\/en\/shop\/wines\/lair-des-cimes-les-petits-riens-nm\/#breadcrumb"},"inLanguage":"fr-FR","potentialAction":[{"@type":"ReadAction","target":["https:\/\/www.mesvendanges.com\/en\/shop\/wines\/lair-des-cimes-les-petits-riens-nm\/"]}]},{"@type":"BreadcrumbList","@id":"https:\/\/www.mesvendanges.com\/en\/shop\/wines\/lair-des-cimes-les-petits-riens-nm\/#breadcrumb","itemListElement":[{"@type":"ListItem","position":1,"name":"Home","item":"https:\/\/www.mesvendanges.com\/en\/"},{"@type":"ListItem","position":2,"name":"Shop","item":"https:\/\/www.mesvendanges.com\/en\/shop\/"},{"@type":"ListItem","position":3,"name":"L&#8217;AIR DES CIMES"}]}]}},"_links":{"self":[{"href":"https:\/\/www.mesvendanges.com\/en\/wp-json\/wp\/v2\/product\/73515"}],"collection":[{"href":"https:\/\/www.mesvendanges.com\/en\/wp-json\/wp\/v2\/product"}],"about":[{"href":"https:\/\/www.mesvendanges.com\/en\/wp-json\/wp\/v2\/types\/product"}],"wp:featuredmedia":[{"embeddable":true,"href":"https:\/\/www.mesvendanges.com\/en\/wp-json\/wp\/v2\/media\/22974"}],"wp:attachment":[{"href":"https:\/\/www.mesvendanges.com\/en\/wp-json\/wp\/v2\/media?parent=73515"}],"wp:term":[{"taxonomy":"product_cat","embeddable":true,"href":"https:\/\/www.mesvendanges.com\/en\/wp-json\/wp\/v2\/product_cat?post=73515"},{"taxonomy":"product_tag","embeddable":true,"href":"https:\/\/www.mesvendanges.com\/en\/wp-json\/wp\/v2\/product_tag?post=73515"}],"curies":[{"name":"wp","href":"https:\/\/api.w.org\/{rel}","templated":true}]}}