{"id":73715,"date":"2024-04-06T14:01:40","date_gmt":"2024-04-06T12:01:40","guid":{"rendered":"https:\/\/www.mesvendanges.com\/shop\/uncategorized\/cotes-dauxerre-chardonnay-domaine-goisot-2022-75cl\/"},"modified":"2026-03-25T11:01:06","modified_gmt":"2026-03-25T10:01:06","slug":"cotes-dauxerre-chardonnay-domaine-goisot-2022-75cl","status":"publish","type":"product","link":"https:\/\/www.mesvendanges.com\/en\/shop\/wines\/cotes-dauxerre-chardonnay-domaine-goisot-2022-75cl\/","title":{"rendered":"COTES D&#8217;AUXERRE CHARDONNAY"},"content":{"rendered":"<p>Le Bourgogne C\u00f4tes d&#8217;Auxerre blanc du domaine, est un vin imm\u00e9diat. Un nez aux senteurs de miel, de fleurs annonce une bouche g\u00e9n\u00e9reuse et fraiche, d\u00e9salt\u00e9rante. Ce vin avenant se d\u00e9guste \u00e0 merveille sur des poissons grill\u00e9s, des crevettes, et se bonifie sur 5 \u00e0 8 ans Sup\u00e9rficie : 4ha<br \/>\nAge moyen des vignes : 20-25 ans<br \/>\nSol : kimm\u00e9ridgien moyen et sup\u00e9rieur Egrappage \u00e0 100% pressurage pneumatique tr\u00e8s lent, fermentation alcoolique tr\u00e8s longue \u00e0 une temp\u00e9rature voisine de 25\u00b0dans sa premi\u00e8re partie pour ne garder que les aspects du terroir. Suivie de la fermentation malolactique puis \u00e9levage sur lies fines en cuve<br \/>\nl&#8217;ensemble des vignes du domaine est conduit en biodynamie certifi\u00e9e<\/p>\n","protected":false},"excerpt":{"rendered":"<p>Le Bourgogne C\u00f4tes d&#8217;Auxerre blanc du domaine, est un vin imm\u00e9diat. Un nez aux senteurs de miel, de fleurs annonce une bouche g\u00e9n\u00e9reuse et fraiche, d\u00e9salt\u00e9rante. Ce vin avenant se d\u00e9guste \u00e0 merveille sur des poissons grill\u00e9s, des crevettes, et se bonifie sur 5 \u00e0 8 ans Sup\u00e9rficie : 4ha Age moyen des vignes : [&hellip;]<\/p>\n","protected":false},"featured_media":86912,"template":"","meta":[],"product_cat":[3740],"product_tag":[],"acf":[],"yoast_head":"<!-- This site is optimized with the Yoast SEO plugin v19.3 - https:\/\/yoast.com\/wordpress\/plugins\/seo\/ -->\n<title>Domaine GOISOT - COTES D&#039;AUXERRE CHARDONNAY 2022<\/title>\n<meta name=\"description\" content=\"Domaine Goisot Bourgogne C\u00f4tes d&#039;Auxerre blanc 2022 en vente sur notre site Mesvendanges.com. S\u00e9lection pointue de vins d&#039;auteurs.\" \/>\n<meta name=\"robots\" content=\"index, follow, max-snippet:-1, max-image-preview:large, max-video-preview:-1\" \/>\n<link rel=\"canonical\" href=\"https:\/\/www.mesvendanges.com\/en\/shop\/wines\/cotes-dauxerre-chardonnay-domaine-goisot-2022-75cl\/\" \/>\n<meta property=\"og:locale\" content=\"en_US\" \/>\n<meta property=\"og:type\" content=\"article\" \/>\n<meta property=\"og:title\" content=\"Domaine GOISOT - COTES D&#039;AUXERRE CHARDONNAY 2022\" \/>\n<meta property=\"og:description\" content=\"Domaine Goisot Bourgogne C\u00f4tes d&#039;Auxerre blanc 2022 en vente sur notre site Mesvendanges.com. S\u00e9lection pointue de vins d&#039;auteurs.\" \/>\n<meta property=\"og:url\" content=\"https:\/\/www.mesvendanges.com\/en\/shop\/wines\/cotes-dauxerre-chardonnay-domaine-goisot-2022-75cl\/\" \/>\n<meta property=\"og:site_name\" content=\"Mes Vendanges\" \/>\n<meta property=\"article:modified_time\" content=\"2026-03-25T10:01:06+00:00\" \/>\n<meta property=\"og:image\" content=\"https:\/\/www.mesvendanges.com\/wp-content\/uploads\/2025\/05\/domaine-jean-hugues-et-guilhem-goisot-bourgogne-cotes-dauxerre-blanc-chardonnay-2017-png.png\" \/>\n\t<meta property=\"og:image:width\" content=\"454\" \/>\n\t<meta property=\"og:image:height\" content=\"1500\" \/>\n\t<meta property=\"og:image:type\" content=\"image\/png\" \/>\n<meta name=\"twitter:card\" content=\"summary_large_image\" \/>\n<meta name=\"twitter:label1\" content=\"Est. reading time\" \/>\n\t<meta name=\"twitter:data1\" content=\"1 minute\" \/>\n<script type=\"application\/ld+json\" class=\"yoast-schema-graph\">{\"@context\":\"https:\/\/schema.org\",\"@graph\":[{\"@type\":\"Organization\",\"@id\":\"https:\/\/www.mesvendanges.com\/en\/#organization\",\"name\":\"Mes Vendanges\",\"url\":\"https:\/\/www.mesvendanges.com\/en\/\",\"sameAs\":[],\"logo\":{\"@type\":\"ImageObject\",\"inLanguage\":\"fr-FR\",\"@id\":\"https:\/\/www.mesvendanges.com\/en\/#\/schema\/logo\/image\/\",\"url\":\"https:\/\/www.mesvendanges.com\/wp-content\/uploads\/2022\/02\/logo-mesvendanges.jpg\",\"contentUrl\":\"https:\/\/www.mesvendanges.com\/wp-content\/uploads\/2022\/02\/logo-mesvendanges.jpg\",\"width\":851,\"height\":260,\"caption\":\"Mes Vendanges\"},\"image\":{\"@id\":\"https:\/\/www.mesvendanges.com\/en\/#\/schema\/logo\/image\/\"}},{\"@type\":\"WebSite\",\"@id\":\"https:\/\/www.mesvendanges.com\/en\/#website\",\"url\":\"https:\/\/www.mesvendanges.com\/en\/\",\"name\":\"Mes Vendanges\",\"description\":\"Des journ\u00e9es enti\u00e8res dans les vignes\",\"publisher\":{\"@id\":\"https:\/\/www.mesvendanges.com\/en\/#organization\"},\"potentialAction\":[{\"@type\":\"SearchAction\",\"target\":{\"@type\":\"EntryPoint\",\"urlTemplate\":\"https:\/\/www.mesvendanges.com\/en\/?s={search_term_string}\"},\"query-input\":\"required name=search_term_string\"}],\"inLanguage\":\"fr-FR\"},{\"@type\":\"ImageObject\",\"inLanguage\":\"fr-FR\",\"@id\":\"https:\/\/www.mesvendanges.com\/en\/shop\/wines\/cotes-dauxerre-chardonnay-domaine-goisot-2022-75cl\/#primaryimage\",\"url\":\"https:\/\/www.mesvendanges.com\/wp-content\/uploads\/2025\/05\/domaine-jean-hugues-et-guilhem-goisot-bourgogne-cotes-dauxerre-blanc-chardonnay-2017-png.png\",\"contentUrl\":\"https:\/\/www.mesvendanges.com\/wp-content\/uploads\/2025\/05\/domaine-jean-hugues-et-guilhem-goisot-bourgogne-cotes-dauxerre-blanc-chardonnay-2017-png.png\",\"width\":454,\"height\":1500},{\"@type\":\"WebPage\",\"@id\":\"https:\/\/www.mesvendanges.com\/en\/shop\/wines\/cotes-dauxerre-chardonnay-domaine-goisot-2022-75cl\/\",\"url\":\"https:\/\/www.mesvendanges.com\/en\/shop\/wines\/cotes-dauxerre-chardonnay-domaine-goisot-2022-75cl\/\",\"name\":\"Domaine GOISOT - COTES D'AUXERRE CHARDONNAY 2022\",\"isPartOf\":{\"@id\":\"https:\/\/www.mesvendanges.com\/en\/#website\"},\"primaryImageOfPage\":{\"@id\":\"https:\/\/www.mesvendanges.com\/en\/shop\/wines\/cotes-dauxerre-chardonnay-domaine-goisot-2022-75cl\/#primaryimage\"},\"datePublished\":\"2024-04-06T12:01:40+00:00\",\"dateModified\":\"2026-03-25T10:01:06+00:00\",\"description\":\"Domaine Goisot Bourgogne C\u00f4tes d'Auxerre blanc 2022 en vente sur notre site Mesvendanges.com. S\u00e9lection pointue de vins d'auteurs.\",\"breadcrumb\":{\"@id\":\"https:\/\/www.mesvendanges.com\/en\/shop\/wines\/cotes-dauxerre-chardonnay-domaine-goisot-2022-75cl\/#breadcrumb\"},\"inLanguage\":\"fr-FR\",\"potentialAction\":[{\"@type\":\"ReadAction\",\"target\":[\"https:\/\/www.mesvendanges.com\/en\/shop\/wines\/cotes-dauxerre-chardonnay-domaine-goisot-2022-75cl\/\"]}]},{\"@type\":\"BreadcrumbList\",\"@id\":\"https:\/\/www.mesvendanges.com\/en\/shop\/wines\/cotes-dauxerre-chardonnay-domaine-goisot-2022-75cl\/#breadcrumb\",\"itemListElement\":[{\"@type\":\"ListItem\",\"position\":1,\"name\":\"Home\",\"item\":\"https:\/\/www.mesvendanges.com\/en\/\"},{\"@type\":\"ListItem\",\"position\":2,\"name\":\"Shop\",\"item\":\"https:\/\/www.mesvendanges.com\/en\/shop\/\"},{\"@type\":\"ListItem\",\"position\":3,\"name\":\"COTES D&#8217;AUXERRE CHARDONNAY\"}]}]}<\/script>\n<!-- \/ Yoast SEO plugin. -->","yoast_head_json":{"title":"Domaine GOISOT - COTES D'AUXERRE CHARDONNAY 2022","description":"Domaine Goisot Bourgogne C\u00f4tes d'Auxerre blanc 2022 en vente sur notre site Mesvendanges.com. S\u00e9lection pointue de vins d'auteurs.","robots":{"index":"index","follow":"follow","max-snippet":"max-snippet:-1","max-image-preview":"max-image-preview:large","max-video-preview":"max-video-preview:-1"},"canonical":"https:\/\/www.mesvendanges.com\/en\/shop\/wines\/cotes-dauxerre-chardonnay-domaine-goisot-2022-75cl\/","og_locale":"en_US","og_type":"article","og_title":"Domaine GOISOT - COTES D'AUXERRE CHARDONNAY 2022","og_description":"Domaine Goisot Bourgogne C\u00f4tes d'Auxerre blanc 2022 en vente sur notre site Mesvendanges.com. S\u00e9lection pointue de vins d'auteurs.","og_url":"https:\/\/www.mesvendanges.com\/en\/shop\/wines\/cotes-dauxerre-chardonnay-domaine-goisot-2022-75cl\/","og_site_name":"Mes Vendanges","article_modified_time":"2026-03-25T10:01:06+00:00","og_image":[{"width":454,"height":1500,"url":"https:\/\/www.mesvendanges.com\/wp-content\/uploads\/2025\/05\/domaine-jean-hugues-et-guilhem-goisot-bourgogne-cotes-dauxerre-blanc-chardonnay-2017-png.png","type":"image\/png"}],"twitter_card":"summary_large_image","twitter_misc":{"Est. reading time":"1 minute"},"schema":{"@context":"https:\/\/schema.org","@graph":[{"@type":"Organization","@id":"https:\/\/www.mesvendanges.com\/en\/#organization","name":"Mes Vendanges","url":"https:\/\/www.mesvendanges.com\/en\/","sameAs":[],"logo":{"@type":"ImageObject","inLanguage":"fr-FR","@id":"https:\/\/www.mesvendanges.com\/en\/#\/schema\/logo\/image\/","url":"https:\/\/www.mesvendanges.com\/wp-content\/uploads\/2022\/02\/logo-mesvendanges.jpg","contentUrl":"https:\/\/www.mesvendanges.com\/wp-content\/uploads\/2022\/02\/logo-mesvendanges.jpg","width":851,"height":260,"caption":"Mes Vendanges"},"image":{"@id":"https:\/\/www.mesvendanges.com\/en\/#\/schema\/logo\/image\/"}},{"@type":"WebSite","@id":"https:\/\/www.mesvendanges.com\/en\/#website","url":"https:\/\/www.mesvendanges.com\/en\/","name":"Mes Vendanges","description":"Des journ\u00e9es enti\u00e8res dans les vignes","publisher":{"@id":"https:\/\/www.mesvendanges.com\/en\/#organization"},"potentialAction":[{"@type":"SearchAction","target":{"@type":"EntryPoint","urlTemplate":"https:\/\/www.mesvendanges.com\/en\/?s={search_term_string}"},"query-input":"required name=search_term_string"}],"inLanguage":"fr-FR"},{"@type":"ImageObject","inLanguage":"fr-FR","@id":"https:\/\/www.mesvendanges.com\/en\/shop\/wines\/cotes-dauxerre-chardonnay-domaine-goisot-2022-75cl\/#primaryimage","url":"https:\/\/www.mesvendanges.com\/wp-content\/uploads\/2025\/05\/domaine-jean-hugues-et-guilhem-goisot-bourgogne-cotes-dauxerre-blanc-chardonnay-2017-png.png","contentUrl":"https:\/\/www.mesvendanges.com\/wp-content\/uploads\/2025\/05\/domaine-jean-hugues-et-guilhem-goisot-bourgogne-cotes-dauxerre-blanc-chardonnay-2017-png.png","width":454,"height":1500},{"@type":"WebPage","@id":"https:\/\/www.mesvendanges.com\/en\/shop\/wines\/cotes-dauxerre-chardonnay-domaine-goisot-2022-75cl\/","url":"https:\/\/www.mesvendanges.com\/en\/shop\/wines\/cotes-dauxerre-chardonnay-domaine-goisot-2022-75cl\/","name":"Domaine GOISOT - COTES D'AUXERRE CHARDONNAY 2022","isPartOf":{"@id":"https:\/\/www.mesvendanges.com\/en\/#website"},"primaryImageOfPage":{"@id":"https:\/\/www.mesvendanges.com\/en\/shop\/wines\/cotes-dauxerre-chardonnay-domaine-goisot-2022-75cl\/#primaryimage"},"datePublished":"2024-04-06T12:01:40+00:00","dateModified":"2026-03-25T10:01:06+00:00","description":"Domaine Goisot Bourgogne C\u00f4tes d'Auxerre blanc 2022 en vente sur notre site Mesvendanges.com. S\u00e9lection pointue de vins d'auteurs.","breadcrumb":{"@id":"https:\/\/www.mesvendanges.com\/en\/shop\/wines\/cotes-dauxerre-chardonnay-domaine-goisot-2022-75cl\/#breadcrumb"},"inLanguage":"fr-FR","potentialAction":[{"@type":"ReadAction","target":["https:\/\/www.mesvendanges.com\/en\/shop\/wines\/cotes-dauxerre-chardonnay-domaine-goisot-2022-75cl\/"]}]},{"@type":"BreadcrumbList","@id":"https:\/\/www.mesvendanges.com\/en\/shop\/wines\/cotes-dauxerre-chardonnay-domaine-goisot-2022-75cl\/#breadcrumb","itemListElement":[{"@type":"ListItem","position":1,"name":"Home","item":"https:\/\/www.mesvendanges.com\/en\/"},{"@type":"ListItem","position":2,"name":"Shop","item":"https:\/\/www.mesvendanges.com\/en\/shop\/"},{"@type":"ListItem","position":3,"name":"COTES D&#8217;AUXERRE CHARDONNAY"}]}]}},"_links":{"self":[{"href":"https:\/\/www.mesvendanges.com\/en\/wp-json\/wp\/v2\/product\/73715"}],"collection":[{"href":"https:\/\/www.mesvendanges.com\/en\/wp-json\/wp\/v2\/product"}],"about":[{"href":"https:\/\/www.mesvendanges.com\/en\/wp-json\/wp\/v2\/types\/product"}],"wp:featuredmedia":[{"embeddable":true,"href":"https:\/\/www.mesvendanges.com\/en\/wp-json\/wp\/v2\/media\/86912"}],"wp:attachment":[{"href":"https:\/\/www.mesvendanges.com\/en\/wp-json\/wp\/v2\/media?parent=73715"}],"wp:term":[{"taxonomy":"product_cat","embeddable":true,"href":"https:\/\/www.mesvendanges.com\/en\/wp-json\/wp\/v2\/product_cat?post=73715"},{"taxonomy":"product_tag","embeddable":true,"href":"https:\/\/www.mesvendanges.com\/en\/wp-json\/wp\/v2\/product_tag?post=73715"}],"curies":[{"name":"wp","href":"https:\/\/api.w.org\/{rel}","templated":true}]}}