{"id":73891,"date":"2024-04-08T17:16:59","date_gmt":"2024-04-08T15:16:59","guid":{"rendered":"https:\/\/www.mesvendanges.com\/shop\/uncategorized\/puygueraud-millesime-sur-le-bouchon-puygueraud-ch-1986-75cl\/"},"modified":"2025-05-01T17:24:05","modified_gmt":"2025-05-01T15:24:05","slug":"puygueraud-millesime-sur-le-bouchon-puygueraud-ch-1986-75cl","status":"publish","type":"product","link":"https:\/\/www.mesvendanges.com\/en\/shop\/wines\/puygueraud-millesime-sur-le-bouchon-puygueraud-ch-1986-75cl\/","title":{"rendered":"PUYGUERAUD &#8211; Mill\u00e9sime sur le bouchon"},"content":{"rendered":"<p>Le Ch\u00e2teau Puyg\u00e9raud est la propri\u00e9t\u00e9 personnelle de Nicolas Thienpont, par ailleurs g\u00e9rant des c\u00e9l\u00e8bres Saint-Emilion Pavie-Macquin et Larcis-Ducasse. C&#8217;est un charmant vignoble des C\u00f4tes de Francs, conduit avec le m\u00eame soin et la m\u00eame sensibilit\u00e9 que ses vignobles prestigieux. Petits rendements, travail des sols, \u00e9levage soign\u00e9 et pr\u00e9cis. Le vin est expressif, avec de beaux ar\u00f4mes de fruits frais, une pointe florale et \u00e9pic\u00e9e. La bouche est suave, \u00e9pic\u00e9e et longue, afin une finale ferme et min\u00e9rale. <\/p>\n","protected":false},"excerpt":{"rendered":"<p>Le Ch\u00e2teau Puyg\u00e9raud est la propri\u00e9t\u00e9 personnelle de Nicolas Thienpont, par ailleurs g\u00e9rant des c\u00e9l\u00e8bres Saint-Emilion Pavie-Macquin et Larcis-Ducasse. C&#8217;est un charmant vignoble des C\u00f4tes de Francs, conduit avec le m\u00eame soin et la m\u00eame sensibilit\u00e9 que ses vignobles prestigieux. Petits rendements, travail des sols, \u00e9levage soign\u00e9 et pr\u00e9cis. Le vin est expressif, avec de [&hellip;]<\/p>\n","protected":false},"featured_media":87710,"template":"","meta":[],"product_cat":[3740],"product_tag":[],"acf":[],"yoast_head":"<!-- This site is optimized with the Yoast SEO plugin v19.3 - https:\/\/yoast.com\/wordpress\/plugins\/seo\/ -->\n<title>PUYGUERAUD - Mill\u00e9sime sur le bouchon - Mes Vendanges<\/title>\n<meta name=\"robots\" content=\"index, follow, max-snippet:-1, max-image-preview:large, max-video-preview:-1\" \/>\n<link rel=\"canonical\" href=\"https:\/\/www.mesvendanges.com\/en\/shop\/wines\/puygueraud-millesime-sur-le-bouchon-puygueraud-ch-1986-75cl\/\" \/>\n<meta property=\"og:locale\" content=\"en_US\" \/>\n<meta property=\"og:type\" content=\"article\" \/>\n<meta property=\"og:title\" content=\"PUYGUERAUD - Mill\u00e9sime sur le bouchon - Mes Vendanges\" \/>\n<meta property=\"og:description\" content=\"Le Ch\u00e2teau Puyg\u00e9raud est la propri\u00e9t\u00e9 personnelle de Nicolas Thienpont, par ailleurs g\u00e9rant des c\u00e9l\u00e8bres Saint-Emilion Pavie-Macquin et Larcis-Ducasse. C&#8217;est un charmant vignoble des C\u00f4tes de Francs, conduit avec le m\u00eame soin et la m\u00eame sensibilit\u00e9 que ses vignobles prestigieux. Petits rendements, travail des sols, \u00e9levage soign\u00e9 et pr\u00e9cis. Le vin est expressif, avec de [&hellip;]\" \/>\n<meta property=\"og:url\" content=\"https:\/\/www.mesvendanges.com\/en\/shop\/wines\/puygueraud-millesime-sur-le-bouchon-puygueraud-ch-1986-75cl\/\" \/>\n<meta property=\"og:site_name\" content=\"Mes Vendanges\" \/>\n<meta property=\"article:modified_time\" content=\"2025-05-01T15:24:05+00:00\" \/>\n<meta property=\"og:image\" content=\"https:\/\/www.mesvendanges.com\/wp-content\/uploads\/2025\/05\/chateau-puygueraud-francs-cotes-de-bordeaux-1986-sm-png.png\" \/>\n\t<meta property=\"og:image:width\" content=\"392\" \/>\n\t<meta property=\"og:image:height\" content=\"1500\" \/>\n\t<meta property=\"og:image:type\" content=\"image\/png\" \/>\n<meta name=\"twitter:card\" content=\"summary_large_image\" \/>\n<script type=\"application\/ld+json\" class=\"yoast-schema-graph\">{\"@context\":\"https:\/\/schema.org\",\"@graph\":[{\"@type\":\"Organization\",\"@id\":\"https:\/\/www.mesvendanges.com\/en\/#organization\",\"name\":\"Mes Vendanges\",\"url\":\"https:\/\/www.mesvendanges.com\/en\/\",\"sameAs\":[],\"logo\":{\"@type\":\"ImageObject\",\"inLanguage\":\"fr-FR\",\"@id\":\"https:\/\/www.mesvendanges.com\/en\/#\/schema\/logo\/image\/\",\"url\":\"https:\/\/www.mesvendanges.com\/wp-content\/uploads\/2022\/02\/logo-mesvendanges.jpg\",\"contentUrl\":\"https:\/\/www.mesvendanges.com\/wp-content\/uploads\/2022\/02\/logo-mesvendanges.jpg\",\"width\":851,\"height\":260,\"caption\":\"Mes Vendanges\"},\"image\":{\"@id\":\"https:\/\/www.mesvendanges.com\/en\/#\/schema\/logo\/image\/\"}},{\"@type\":\"WebSite\",\"@id\":\"https:\/\/www.mesvendanges.com\/en\/#website\",\"url\":\"https:\/\/www.mesvendanges.com\/en\/\",\"name\":\"Mes Vendanges\",\"description\":\"Des journ\u00e9es enti\u00e8res dans les vignes\",\"publisher\":{\"@id\":\"https:\/\/www.mesvendanges.com\/en\/#organization\"},\"potentialAction\":[{\"@type\":\"SearchAction\",\"target\":{\"@type\":\"EntryPoint\",\"urlTemplate\":\"https:\/\/www.mesvendanges.com\/en\/?s={search_term_string}\"},\"query-input\":\"required name=search_term_string\"}],\"inLanguage\":\"fr-FR\"},{\"@type\":\"ImageObject\",\"inLanguage\":\"fr-FR\",\"@id\":\"https:\/\/www.mesvendanges.com\/en\/shop\/wines\/puygueraud-millesime-sur-le-bouchon-puygueraud-ch-1986-75cl\/#primaryimage\",\"url\":\"https:\/\/www.mesvendanges.com\/wp-content\/uploads\/2025\/05\/chateau-puygueraud-francs-cotes-de-bordeaux-1986-sm-png.png\",\"contentUrl\":\"https:\/\/www.mesvendanges.com\/wp-content\/uploads\/2025\/05\/chateau-puygueraud-francs-cotes-de-bordeaux-1986-sm-png.png\",\"width\":392,\"height\":1500},{\"@type\":\"WebPage\",\"@id\":\"https:\/\/www.mesvendanges.com\/en\/shop\/wines\/puygueraud-millesime-sur-le-bouchon-puygueraud-ch-1986-75cl\/\",\"url\":\"https:\/\/www.mesvendanges.com\/en\/shop\/wines\/puygueraud-millesime-sur-le-bouchon-puygueraud-ch-1986-75cl\/\",\"name\":\"PUYGUERAUD - Mill\u00e9sime sur le bouchon - Mes Vendanges\",\"isPartOf\":{\"@id\":\"https:\/\/www.mesvendanges.com\/en\/#website\"},\"primaryImageOfPage\":{\"@id\":\"https:\/\/www.mesvendanges.com\/en\/shop\/wines\/puygueraud-millesime-sur-le-bouchon-puygueraud-ch-1986-75cl\/#primaryimage\"},\"datePublished\":\"2024-04-08T15:16:59+00:00\",\"dateModified\":\"2025-05-01T15:24:05+00:00\",\"breadcrumb\":{\"@id\":\"https:\/\/www.mesvendanges.com\/en\/shop\/wines\/puygueraud-millesime-sur-le-bouchon-puygueraud-ch-1986-75cl\/#breadcrumb\"},\"inLanguage\":\"fr-FR\",\"potentialAction\":[{\"@type\":\"ReadAction\",\"target\":[\"https:\/\/www.mesvendanges.com\/en\/shop\/wines\/puygueraud-millesime-sur-le-bouchon-puygueraud-ch-1986-75cl\/\"]}]},{\"@type\":\"BreadcrumbList\",\"@id\":\"https:\/\/www.mesvendanges.com\/en\/shop\/wines\/puygueraud-millesime-sur-le-bouchon-puygueraud-ch-1986-75cl\/#breadcrumb\",\"itemListElement\":[{\"@type\":\"ListItem\",\"position\":1,\"name\":\"Home\",\"item\":\"https:\/\/www.mesvendanges.com\/en\/\"},{\"@type\":\"ListItem\",\"position\":2,\"name\":\"Shop\",\"item\":\"https:\/\/www.mesvendanges.com\/en\/shop\/\"},{\"@type\":\"ListItem\",\"position\":3,\"name\":\"PUYGUERAUD &#8211; Mill\u00e9sime sur le bouchon\"}]}]}<\/script>\n<!-- \/ Yoast SEO plugin. -->","yoast_head_json":{"title":"PUYGUERAUD - Mill\u00e9sime sur le bouchon - Mes Vendanges","robots":{"index":"index","follow":"follow","max-snippet":"max-snippet:-1","max-image-preview":"max-image-preview:large","max-video-preview":"max-video-preview:-1"},"canonical":"https:\/\/www.mesvendanges.com\/en\/shop\/wines\/puygueraud-millesime-sur-le-bouchon-puygueraud-ch-1986-75cl\/","og_locale":"en_US","og_type":"article","og_title":"PUYGUERAUD - Mill\u00e9sime sur le bouchon - Mes Vendanges","og_description":"Le Ch\u00e2teau Puyg\u00e9raud est la propri\u00e9t\u00e9 personnelle de Nicolas Thienpont, par ailleurs g\u00e9rant des c\u00e9l\u00e8bres Saint-Emilion Pavie-Macquin et Larcis-Ducasse. C&#8217;est un charmant vignoble des C\u00f4tes de Francs, conduit avec le m\u00eame soin et la m\u00eame sensibilit\u00e9 que ses vignobles prestigieux. Petits rendements, travail des sols, \u00e9levage soign\u00e9 et pr\u00e9cis. Le vin est expressif, avec de [&hellip;]","og_url":"https:\/\/www.mesvendanges.com\/en\/shop\/wines\/puygueraud-millesime-sur-le-bouchon-puygueraud-ch-1986-75cl\/","og_site_name":"Mes Vendanges","article_modified_time":"2025-05-01T15:24:05+00:00","og_image":[{"width":392,"height":1500,"url":"https:\/\/www.mesvendanges.com\/wp-content\/uploads\/2025\/05\/chateau-puygueraud-francs-cotes-de-bordeaux-1986-sm-png.png","type":"image\/png"}],"twitter_card":"summary_large_image","schema":{"@context":"https:\/\/schema.org","@graph":[{"@type":"Organization","@id":"https:\/\/www.mesvendanges.com\/en\/#organization","name":"Mes Vendanges","url":"https:\/\/www.mesvendanges.com\/en\/","sameAs":[],"logo":{"@type":"ImageObject","inLanguage":"fr-FR","@id":"https:\/\/www.mesvendanges.com\/en\/#\/schema\/logo\/image\/","url":"https:\/\/www.mesvendanges.com\/wp-content\/uploads\/2022\/02\/logo-mesvendanges.jpg","contentUrl":"https:\/\/www.mesvendanges.com\/wp-content\/uploads\/2022\/02\/logo-mesvendanges.jpg","width":851,"height":260,"caption":"Mes Vendanges"},"image":{"@id":"https:\/\/www.mesvendanges.com\/en\/#\/schema\/logo\/image\/"}},{"@type":"WebSite","@id":"https:\/\/www.mesvendanges.com\/en\/#website","url":"https:\/\/www.mesvendanges.com\/en\/","name":"Mes Vendanges","description":"Des journ\u00e9es enti\u00e8res dans les vignes","publisher":{"@id":"https:\/\/www.mesvendanges.com\/en\/#organization"},"potentialAction":[{"@type":"SearchAction","target":{"@type":"EntryPoint","urlTemplate":"https:\/\/www.mesvendanges.com\/en\/?s={search_term_string}"},"query-input":"required name=search_term_string"}],"inLanguage":"fr-FR"},{"@type":"ImageObject","inLanguage":"fr-FR","@id":"https:\/\/www.mesvendanges.com\/en\/shop\/wines\/puygueraud-millesime-sur-le-bouchon-puygueraud-ch-1986-75cl\/#primaryimage","url":"https:\/\/www.mesvendanges.com\/wp-content\/uploads\/2025\/05\/chateau-puygueraud-francs-cotes-de-bordeaux-1986-sm-png.png","contentUrl":"https:\/\/www.mesvendanges.com\/wp-content\/uploads\/2025\/05\/chateau-puygueraud-francs-cotes-de-bordeaux-1986-sm-png.png","width":392,"height":1500},{"@type":"WebPage","@id":"https:\/\/www.mesvendanges.com\/en\/shop\/wines\/puygueraud-millesime-sur-le-bouchon-puygueraud-ch-1986-75cl\/","url":"https:\/\/www.mesvendanges.com\/en\/shop\/wines\/puygueraud-millesime-sur-le-bouchon-puygueraud-ch-1986-75cl\/","name":"PUYGUERAUD - Mill\u00e9sime sur le bouchon - Mes Vendanges","isPartOf":{"@id":"https:\/\/www.mesvendanges.com\/en\/#website"},"primaryImageOfPage":{"@id":"https:\/\/www.mesvendanges.com\/en\/shop\/wines\/puygueraud-millesime-sur-le-bouchon-puygueraud-ch-1986-75cl\/#primaryimage"},"datePublished":"2024-04-08T15:16:59+00:00","dateModified":"2025-05-01T15:24:05+00:00","breadcrumb":{"@id":"https:\/\/www.mesvendanges.com\/en\/shop\/wines\/puygueraud-millesime-sur-le-bouchon-puygueraud-ch-1986-75cl\/#breadcrumb"},"inLanguage":"fr-FR","potentialAction":[{"@type":"ReadAction","target":["https:\/\/www.mesvendanges.com\/en\/shop\/wines\/puygueraud-millesime-sur-le-bouchon-puygueraud-ch-1986-75cl\/"]}]},{"@type":"BreadcrumbList","@id":"https:\/\/www.mesvendanges.com\/en\/shop\/wines\/puygueraud-millesime-sur-le-bouchon-puygueraud-ch-1986-75cl\/#breadcrumb","itemListElement":[{"@type":"ListItem","position":1,"name":"Home","item":"https:\/\/www.mesvendanges.com\/en\/"},{"@type":"ListItem","position":2,"name":"Shop","item":"https:\/\/www.mesvendanges.com\/en\/shop\/"},{"@type":"ListItem","position":3,"name":"PUYGUERAUD &#8211; Mill\u00e9sime sur le bouchon"}]}]}},"_links":{"self":[{"href":"https:\/\/www.mesvendanges.com\/en\/wp-json\/wp\/v2\/product\/73891"}],"collection":[{"href":"https:\/\/www.mesvendanges.com\/en\/wp-json\/wp\/v2\/product"}],"about":[{"href":"https:\/\/www.mesvendanges.com\/en\/wp-json\/wp\/v2\/types\/product"}],"wp:featuredmedia":[{"embeddable":true,"href":"https:\/\/www.mesvendanges.com\/en\/wp-json\/wp\/v2\/media\/87710"}],"wp:attachment":[{"href":"https:\/\/www.mesvendanges.com\/en\/wp-json\/wp\/v2\/media?parent=73891"}],"wp:term":[{"taxonomy":"product_cat","embeddable":true,"href":"https:\/\/www.mesvendanges.com\/en\/wp-json\/wp\/v2\/product_cat?post=73891"},{"taxonomy":"product_tag","embeddable":true,"href":"https:\/\/www.mesvendanges.com\/en\/wp-json\/wp\/v2\/product_tag?post=73891"}],"curies":[{"name":"wp","href":"https:\/\/api.w.org\/{rel}","templated":true}]}}