{"id":73992,"date":"2024-04-17T14:28:45","date_gmt":"2024-04-17T12:28:45","guid":{"rendered":"https:\/\/www.mesvendanges.com\/shop\/uncategorized\/arbois-chardonnay-les-capucins-fumey-chatelain\/"},"modified":"2026-04-01T12:52:15","modified_gmt":"2026-04-01T10:52:15","slug":"arbois-chardonnay-les-capucins-fumey-chatelain-2022-75cl","status":"publish","type":"product","link":"https:\/\/www.mesvendanges.com\/en\/shop\/wines\/arbois-chardonnay-les-capucins-fumey-chatelain-2022-75cl\/","title":{"rendered":"ARBOIS CHARDONNAY LES CAPUCINS"},"content":{"rendered":"<p>cuv\u00e9e de Chardonnay en parcellaire. Des Melons \u00e0 queue rouge plant\u00e9s en 1973 sur un sol de gravier gras avec un sous sol de marnes du lias et expos\u00e9s plein sud. Les raisins ont \u00e9t\u00e9 press\u00e9 en grappes enti\u00e8res, ferment\u00e9s et \u00e9lev\u00e9s en 228L pendant 12 mois puis en cuve pendant encore 12mois. 24 mois d\u2018\u00e9levage au total. Sans soufre<\/p>\n","protected":false},"excerpt":{"rendered":"<p>cuv\u00e9e de Chardonnay en parcellaire. Des Melons \u00e0 queue rouge plant\u00e9s en 1973 sur un sol de gravier gras avec un sous sol de marnes du lias et expos\u00e9s plein sud. Les raisins ont \u00e9t\u00e9 press\u00e9 en grappes enti\u00e8res, ferment\u00e9s et \u00e9lev\u00e9s en 228L pendant 12 mois puis en cuve pendant encore 12mois. 24 mois [&hellip;]<\/p>\n","protected":false},"featured_media":61452,"template":"","meta":[],"product_cat":[3740],"product_tag":[],"acf":[],"yoast_head":"<!-- This site is optimized with the Yoast SEO plugin v19.3 - https:\/\/yoast.com\/wordpress\/plugins\/seo\/ -->\n<title>ARBOIS CHARDONNAY LES CAPUCINS - Mes Vendanges<\/title>\n<meta name=\"robots\" content=\"index, follow, max-snippet:-1, max-image-preview:large, max-video-preview:-1\" \/>\n<link rel=\"canonical\" href=\"https:\/\/www.mesvendanges.com\/en\/shop\/wines\/arbois-chardonnay-les-capucins-fumey-chatelain-2022-75cl\/\" \/>\n<meta property=\"og:locale\" content=\"en_US\" \/>\n<meta property=\"og:type\" content=\"article\" \/>\n<meta property=\"og:title\" content=\"ARBOIS CHARDONNAY LES CAPUCINS - Mes Vendanges\" \/>\n<meta property=\"og:description\" content=\"cuv\u00e9e de Chardonnay en parcellaire. Des Melons \u00e0 queue rouge plant\u00e9s en 1973 sur un sol de gravier gras avec un sous sol de marnes du lias et expos\u00e9s plein sud. Les raisins ont \u00e9t\u00e9 press\u00e9 en grappes enti\u00e8res, ferment\u00e9s et \u00e9lev\u00e9s en 228L pendant 12 mois puis en cuve pendant encore 12mois. 24 mois [&hellip;]\" \/>\n<meta property=\"og:url\" content=\"https:\/\/www.mesvendanges.com\/en\/shop\/wines\/arbois-chardonnay-les-capucins-fumey-chatelain-2022-75cl\/\" \/>\n<meta property=\"og:site_name\" content=\"Mes Vendanges\" \/>\n<meta property=\"article:modified_time\" content=\"2026-04-01T10:52:15+00:00\" \/>\n<meta property=\"og:image\" content=\"https:\/\/www.mesvendanges.com\/wp-content\/uploads\/2023\/03\/fumey-chatelain-arbois-chardonnay-les-capucins-arbois-2020-75cl-blanc-png.png\" \/>\n\t<meta property=\"og:image:width\" content=\"418\" \/>\n\t<meta property=\"og:image:height\" content=\"1500\" \/>\n\t<meta property=\"og:image:type\" content=\"image\/png\" \/>\n<meta name=\"twitter:card\" content=\"summary_large_image\" \/>\n<script type=\"application\/ld+json\" class=\"yoast-schema-graph\">{\"@context\":\"https:\/\/schema.org\",\"@graph\":[{\"@type\":\"Organization\",\"@id\":\"https:\/\/www.mesvendanges.com\/en\/#organization\",\"name\":\"Mes Vendanges\",\"url\":\"https:\/\/www.mesvendanges.com\/en\/\",\"sameAs\":[],\"logo\":{\"@type\":\"ImageObject\",\"inLanguage\":\"fr-FR\",\"@id\":\"https:\/\/www.mesvendanges.com\/en\/#\/schema\/logo\/image\/\",\"url\":\"https:\/\/www.mesvendanges.com\/wp-content\/uploads\/2022\/02\/logo-mesvendanges.jpg\",\"contentUrl\":\"https:\/\/www.mesvendanges.com\/wp-content\/uploads\/2022\/02\/logo-mesvendanges.jpg\",\"width\":851,\"height\":260,\"caption\":\"Mes Vendanges\"},\"image\":{\"@id\":\"https:\/\/www.mesvendanges.com\/en\/#\/schema\/logo\/image\/\"}},{\"@type\":\"WebSite\",\"@id\":\"https:\/\/www.mesvendanges.com\/en\/#website\",\"url\":\"https:\/\/www.mesvendanges.com\/en\/\",\"name\":\"Mes Vendanges\",\"description\":\"Des journ\u00e9es enti\u00e8res dans les vignes\",\"publisher\":{\"@id\":\"https:\/\/www.mesvendanges.com\/en\/#organization\"},\"potentialAction\":[{\"@type\":\"SearchAction\",\"target\":{\"@type\":\"EntryPoint\",\"urlTemplate\":\"https:\/\/www.mesvendanges.com\/en\/?s={search_term_string}\"},\"query-input\":\"required name=search_term_string\"}],\"inLanguage\":\"fr-FR\"},{\"@type\":\"ImageObject\",\"inLanguage\":\"fr-FR\",\"@id\":\"https:\/\/www.mesvendanges.com\/en\/shop\/wines\/arbois-chardonnay-les-capucins-fumey-chatelain-2022-75cl\/#primaryimage\",\"url\":\"https:\/\/www.mesvendanges.com\/wp-content\/uploads\/2023\/03\/fumey-chatelain-arbois-chardonnay-les-capucins-arbois-2020-75cl-blanc-png.png\",\"contentUrl\":\"https:\/\/www.mesvendanges.com\/wp-content\/uploads\/2023\/03\/fumey-chatelain-arbois-chardonnay-les-capucins-arbois-2020-75cl-blanc-png.png\",\"width\":418,\"height\":1500},{\"@type\":\"WebPage\",\"@id\":\"https:\/\/www.mesvendanges.com\/en\/shop\/wines\/arbois-chardonnay-les-capucins-fumey-chatelain-2022-75cl\/\",\"url\":\"https:\/\/www.mesvendanges.com\/en\/shop\/wines\/arbois-chardonnay-les-capucins-fumey-chatelain-2022-75cl\/\",\"name\":\"ARBOIS CHARDONNAY LES CAPUCINS - Mes Vendanges\",\"isPartOf\":{\"@id\":\"https:\/\/www.mesvendanges.com\/en\/#website\"},\"primaryImageOfPage\":{\"@id\":\"https:\/\/www.mesvendanges.com\/en\/shop\/wines\/arbois-chardonnay-les-capucins-fumey-chatelain-2022-75cl\/#primaryimage\"},\"datePublished\":\"2024-04-17T12:28:45+00:00\",\"dateModified\":\"2026-04-01T10:52:15+00:00\",\"breadcrumb\":{\"@id\":\"https:\/\/www.mesvendanges.com\/en\/shop\/wines\/arbois-chardonnay-les-capucins-fumey-chatelain-2022-75cl\/#breadcrumb\"},\"inLanguage\":\"fr-FR\",\"potentialAction\":[{\"@type\":\"ReadAction\",\"target\":[\"https:\/\/www.mesvendanges.com\/en\/shop\/wines\/arbois-chardonnay-les-capucins-fumey-chatelain-2022-75cl\/\"]}]},{\"@type\":\"BreadcrumbList\",\"@id\":\"https:\/\/www.mesvendanges.com\/en\/shop\/wines\/arbois-chardonnay-les-capucins-fumey-chatelain-2022-75cl\/#breadcrumb\",\"itemListElement\":[{\"@type\":\"ListItem\",\"position\":1,\"name\":\"Home\",\"item\":\"https:\/\/www.mesvendanges.com\/en\/\"},{\"@type\":\"ListItem\",\"position\":2,\"name\":\"Shop\",\"item\":\"https:\/\/www.mesvendanges.com\/en\/shop\/\"},{\"@type\":\"ListItem\",\"position\":3,\"name\":\"ARBOIS CHARDONNAY LES CAPUCINS\"}]}]}<\/script>\n<!-- \/ Yoast SEO plugin. -->","yoast_head_json":{"title":"ARBOIS CHARDONNAY LES CAPUCINS - Mes Vendanges","robots":{"index":"index","follow":"follow","max-snippet":"max-snippet:-1","max-image-preview":"max-image-preview:large","max-video-preview":"max-video-preview:-1"},"canonical":"https:\/\/www.mesvendanges.com\/en\/shop\/wines\/arbois-chardonnay-les-capucins-fumey-chatelain-2022-75cl\/","og_locale":"en_US","og_type":"article","og_title":"ARBOIS CHARDONNAY LES CAPUCINS - Mes Vendanges","og_description":"cuv\u00e9e de Chardonnay en parcellaire. Des Melons \u00e0 queue rouge plant\u00e9s en 1973 sur un sol de gravier gras avec un sous sol de marnes du lias et expos\u00e9s plein sud. Les raisins ont \u00e9t\u00e9 press\u00e9 en grappes enti\u00e8res, ferment\u00e9s et \u00e9lev\u00e9s en 228L pendant 12 mois puis en cuve pendant encore 12mois. 24 mois [&hellip;]","og_url":"https:\/\/www.mesvendanges.com\/en\/shop\/wines\/arbois-chardonnay-les-capucins-fumey-chatelain-2022-75cl\/","og_site_name":"Mes Vendanges","article_modified_time":"2026-04-01T10:52:15+00:00","og_image":[{"width":418,"height":1500,"url":"https:\/\/www.mesvendanges.com\/wp-content\/uploads\/2023\/03\/fumey-chatelain-arbois-chardonnay-les-capucins-arbois-2020-75cl-blanc-png.png","type":"image\/png"}],"twitter_card":"summary_large_image","schema":{"@context":"https:\/\/schema.org","@graph":[{"@type":"Organization","@id":"https:\/\/www.mesvendanges.com\/en\/#organization","name":"Mes Vendanges","url":"https:\/\/www.mesvendanges.com\/en\/","sameAs":[],"logo":{"@type":"ImageObject","inLanguage":"fr-FR","@id":"https:\/\/www.mesvendanges.com\/en\/#\/schema\/logo\/image\/","url":"https:\/\/www.mesvendanges.com\/wp-content\/uploads\/2022\/02\/logo-mesvendanges.jpg","contentUrl":"https:\/\/www.mesvendanges.com\/wp-content\/uploads\/2022\/02\/logo-mesvendanges.jpg","width":851,"height":260,"caption":"Mes Vendanges"},"image":{"@id":"https:\/\/www.mesvendanges.com\/en\/#\/schema\/logo\/image\/"}},{"@type":"WebSite","@id":"https:\/\/www.mesvendanges.com\/en\/#website","url":"https:\/\/www.mesvendanges.com\/en\/","name":"Mes Vendanges","description":"Des journ\u00e9es enti\u00e8res dans les vignes","publisher":{"@id":"https:\/\/www.mesvendanges.com\/en\/#organization"},"potentialAction":[{"@type":"SearchAction","target":{"@type":"EntryPoint","urlTemplate":"https:\/\/www.mesvendanges.com\/en\/?s={search_term_string}"},"query-input":"required name=search_term_string"}],"inLanguage":"fr-FR"},{"@type":"ImageObject","inLanguage":"fr-FR","@id":"https:\/\/www.mesvendanges.com\/en\/shop\/wines\/arbois-chardonnay-les-capucins-fumey-chatelain-2022-75cl\/#primaryimage","url":"https:\/\/www.mesvendanges.com\/wp-content\/uploads\/2023\/03\/fumey-chatelain-arbois-chardonnay-les-capucins-arbois-2020-75cl-blanc-png.png","contentUrl":"https:\/\/www.mesvendanges.com\/wp-content\/uploads\/2023\/03\/fumey-chatelain-arbois-chardonnay-les-capucins-arbois-2020-75cl-blanc-png.png","width":418,"height":1500},{"@type":"WebPage","@id":"https:\/\/www.mesvendanges.com\/en\/shop\/wines\/arbois-chardonnay-les-capucins-fumey-chatelain-2022-75cl\/","url":"https:\/\/www.mesvendanges.com\/en\/shop\/wines\/arbois-chardonnay-les-capucins-fumey-chatelain-2022-75cl\/","name":"ARBOIS CHARDONNAY LES CAPUCINS - Mes Vendanges","isPartOf":{"@id":"https:\/\/www.mesvendanges.com\/en\/#website"},"primaryImageOfPage":{"@id":"https:\/\/www.mesvendanges.com\/en\/shop\/wines\/arbois-chardonnay-les-capucins-fumey-chatelain-2022-75cl\/#primaryimage"},"datePublished":"2024-04-17T12:28:45+00:00","dateModified":"2026-04-01T10:52:15+00:00","breadcrumb":{"@id":"https:\/\/www.mesvendanges.com\/en\/shop\/wines\/arbois-chardonnay-les-capucins-fumey-chatelain-2022-75cl\/#breadcrumb"},"inLanguage":"fr-FR","potentialAction":[{"@type":"ReadAction","target":["https:\/\/www.mesvendanges.com\/en\/shop\/wines\/arbois-chardonnay-les-capucins-fumey-chatelain-2022-75cl\/"]}]},{"@type":"BreadcrumbList","@id":"https:\/\/www.mesvendanges.com\/en\/shop\/wines\/arbois-chardonnay-les-capucins-fumey-chatelain-2022-75cl\/#breadcrumb","itemListElement":[{"@type":"ListItem","position":1,"name":"Home","item":"https:\/\/www.mesvendanges.com\/en\/"},{"@type":"ListItem","position":2,"name":"Shop","item":"https:\/\/www.mesvendanges.com\/en\/shop\/"},{"@type":"ListItem","position":3,"name":"ARBOIS CHARDONNAY LES CAPUCINS"}]}]}},"_links":{"self":[{"href":"https:\/\/www.mesvendanges.com\/en\/wp-json\/wp\/v2\/product\/73992"}],"collection":[{"href":"https:\/\/www.mesvendanges.com\/en\/wp-json\/wp\/v2\/product"}],"about":[{"href":"https:\/\/www.mesvendanges.com\/en\/wp-json\/wp\/v2\/types\/product"}],"wp:featuredmedia":[{"embeddable":true,"href":"https:\/\/www.mesvendanges.com\/en\/wp-json\/wp\/v2\/media\/61452"}],"wp:attachment":[{"href":"https:\/\/www.mesvendanges.com\/en\/wp-json\/wp\/v2\/media?parent=73992"}],"wp:term":[{"taxonomy":"product_cat","embeddable":true,"href":"https:\/\/www.mesvendanges.com\/en\/wp-json\/wp\/v2\/product_cat?post=73992"},{"taxonomy":"product_tag","embeddable":true,"href":"https:\/\/www.mesvendanges.com\/en\/wp-json\/wp\/v2\/product_tag?post=73992"}],"curies":[{"name":"wp","href":"https:\/\/api.w.org\/{rel}","templated":true}]}}