{"id":74008,"date":"2024-04-17T14:42:00","date_gmt":"2024-04-17T12:42:00","guid":{"rendered":"https:\/\/www.mesvendanges.com\/shop\/uncategorized\/arbois-no-sin-tou-tsefs-fumey-chatelain-2022-75cl\/"},"modified":"2025-07-15T12:02:58","modified_gmt":"2025-07-15T10:02:58","slug":"arbois-no-sin-tou-tsefs-fumey-chatelain-2022-75cl","status":"publish","type":"product","link":"https:\/\/www.mesvendanges.com\/en\/shop\/wines\/arbois-no-sin-tou-tsefs-fumey-chatelain-2022-75cl\/","title":{"rendered":"ARBOIS NO SIN TOU TSEFS"},"content":{"rendered":"<p>Assemblage de toutes les parcelles de rouges du domaine (les plus m\u00fbrs, le reste a servi \u00e0 \u00e9laborer le cr\u00e9mant) sauf la parcelle du Bastard. Pinot Noir (grappes enti\u00e8res), Ploussard et Trousseau (\u00e9grapp\u00e9s), mac\u00e9r\u00e9s s\u00e9par\u00e9ment pendant une quinzaine de jours. Elevage de 10mois en futs et en foudres.<br \/>\n Le vin est croquant, fruit\u00e9, en d\u00e9licatesse !<\/p>\n","protected":false},"excerpt":{"rendered":"<p>Assemblage de toutes les parcelles de rouges du domaine (les plus m\u00fbrs, le reste a servi \u00e0 \u00e9laborer le cr\u00e9mant) sauf la parcelle du Bastard. Pinot Noir (grappes enti\u00e8res), Ploussard et Trousseau (\u00e9grapp\u00e9s), mac\u00e9r\u00e9s s\u00e9par\u00e9ment pendant une quinzaine de jours. Elevage de 10mois en futs et en foudres. Le vin est croquant, fruit\u00e9, en d\u00e9licatesse [&hellip;]<\/p>\n","protected":false},"featured_media":28566,"template":"","meta":[],"product_cat":[3740],"product_tag":[],"acf":[],"yoast_head":"<!-- This site is optimized with the Yoast SEO plugin v19.3 - https:\/\/yoast.com\/wordpress\/plugins\/seo\/ -->\n<title>ARBOIS NO SIN TOU TSEFS - Mes Vendanges<\/title>\n<meta name=\"robots\" content=\"index, follow, max-snippet:-1, max-image-preview:large, max-video-preview:-1\" \/>\n<link rel=\"canonical\" href=\"https:\/\/www.mesvendanges.com\/en\/shop\/wines\/arbois-no-sin-tou-tsefs-fumey-chatelain-2022-75cl\/\" \/>\n<meta property=\"og:locale\" content=\"en_US\" \/>\n<meta property=\"og:type\" content=\"article\" \/>\n<meta property=\"og:title\" content=\"ARBOIS NO SIN TOU TSEFS - Mes Vendanges\" \/>\n<meta property=\"og:description\" content=\"Assemblage de toutes les parcelles de rouges du domaine (les plus m\u00fbrs, le reste a servi \u00e0 \u00e9laborer le cr\u00e9mant) sauf la parcelle du Bastard. Pinot Noir (grappes enti\u00e8res), Ploussard et Trousseau (\u00e9grapp\u00e9s), mac\u00e9r\u00e9s s\u00e9par\u00e9ment pendant une quinzaine de jours. Elevage de 10mois en futs et en foudres. Le vin est croquant, fruit\u00e9, en d\u00e9licatesse [&hellip;]\" \/>\n<meta property=\"og:url\" content=\"https:\/\/www.mesvendanges.com\/en\/shop\/wines\/arbois-no-sin-tou-tsefs-fumey-chatelain-2022-75cl\/\" \/>\n<meta property=\"og:site_name\" content=\"Mes Vendanges\" \/>\n<meta property=\"article:modified_time\" content=\"2025-07-15T10:02:58+00:00\" \/>\n<meta property=\"og:image\" content=\"https:\/\/www.mesvendanges.com\/wp-content\/uploads\/2022\/07\/fumey-chatelain-no-sin-tou-tsef-png.png\" \/>\n\t<meta property=\"og:image:width\" content=\"451\" \/>\n\t<meta property=\"og:image:height\" content=\"1500\" \/>\n\t<meta property=\"og:image:type\" content=\"image\/png\" \/>\n<meta name=\"twitter:card\" content=\"summary_large_image\" \/>\n<script type=\"application\/ld+json\" class=\"yoast-schema-graph\">{\"@context\":\"https:\/\/schema.org\",\"@graph\":[{\"@type\":\"Organization\",\"@id\":\"https:\/\/www.mesvendanges.com\/en\/#organization\",\"name\":\"Mes Vendanges\",\"url\":\"https:\/\/www.mesvendanges.com\/en\/\",\"sameAs\":[],\"logo\":{\"@type\":\"ImageObject\",\"inLanguage\":\"fr-FR\",\"@id\":\"https:\/\/www.mesvendanges.com\/en\/#\/schema\/logo\/image\/\",\"url\":\"https:\/\/www.mesvendanges.com\/wp-content\/uploads\/2022\/02\/logo-mesvendanges.jpg\",\"contentUrl\":\"https:\/\/www.mesvendanges.com\/wp-content\/uploads\/2022\/02\/logo-mesvendanges.jpg\",\"width\":851,\"height\":260,\"caption\":\"Mes Vendanges\"},\"image\":{\"@id\":\"https:\/\/www.mesvendanges.com\/en\/#\/schema\/logo\/image\/\"}},{\"@type\":\"WebSite\",\"@id\":\"https:\/\/www.mesvendanges.com\/en\/#website\",\"url\":\"https:\/\/www.mesvendanges.com\/en\/\",\"name\":\"Mes Vendanges\",\"description\":\"Des journ\u00e9es enti\u00e8res dans les vignes\",\"publisher\":{\"@id\":\"https:\/\/www.mesvendanges.com\/en\/#organization\"},\"potentialAction\":[{\"@type\":\"SearchAction\",\"target\":{\"@type\":\"EntryPoint\",\"urlTemplate\":\"https:\/\/www.mesvendanges.com\/en\/?s={search_term_string}\"},\"query-input\":\"required name=search_term_string\"}],\"inLanguage\":\"fr-FR\"},{\"@type\":\"ImageObject\",\"inLanguage\":\"fr-FR\",\"@id\":\"https:\/\/www.mesvendanges.com\/en\/shop\/wines\/arbois-no-sin-tou-tsefs-fumey-chatelain-2022-75cl\/#primaryimage\",\"url\":\"https:\/\/www.mesvendanges.com\/wp-content\/uploads\/2022\/07\/fumey-chatelain-no-sin-tou-tsef-png.png\",\"contentUrl\":\"https:\/\/www.mesvendanges.com\/wp-content\/uploads\/2022\/07\/fumey-chatelain-no-sin-tou-tsef-png.png\",\"width\":451,\"height\":1500},{\"@type\":\"WebPage\",\"@id\":\"https:\/\/www.mesvendanges.com\/en\/shop\/wines\/arbois-no-sin-tou-tsefs-fumey-chatelain-2022-75cl\/\",\"url\":\"https:\/\/www.mesvendanges.com\/en\/shop\/wines\/arbois-no-sin-tou-tsefs-fumey-chatelain-2022-75cl\/\",\"name\":\"ARBOIS NO SIN TOU TSEFS - Mes Vendanges\",\"isPartOf\":{\"@id\":\"https:\/\/www.mesvendanges.com\/en\/#website\"},\"primaryImageOfPage\":{\"@id\":\"https:\/\/www.mesvendanges.com\/en\/shop\/wines\/arbois-no-sin-tou-tsefs-fumey-chatelain-2022-75cl\/#primaryimage\"},\"datePublished\":\"2024-04-17T12:42:00+00:00\",\"dateModified\":\"2025-07-15T10:02:58+00:00\",\"breadcrumb\":{\"@id\":\"https:\/\/www.mesvendanges.com\/en\/shop\/wines\/arbois-no-sin-tou-tsefs-fumey-chatelain-2022-75cl\/#breadcrumb\"},\"inLanguage\":\"fr-FR\",\"potentialAction\":[{\"@type\":\"ReadAction\",\"target\":[\"https:\/\/www.mesvendanges.com\/en\/shop\/wines\/arbois-no-sin-tou-tsefs-fumey-chatelain-2022-75cl\/\"]}]},{\"@type\":\"BreadcrumbList\",\"@id\":\"https:\/\/www.mesvendanges.com\/en\/shop\/wines\/arbois-no-sin-tou-tsefs-fumey-chatelain-2022-75cl\/#breadcrumb\",\"itemListElement\":[{\"@type\":\"ListItem\",\"position\":1,\"name\":\"Home\",\"item\":\"https:\/\/www.mesvendanges.com\/en\/\"},{\"@type\":\"ListItem\",\"position\":2,\"name\":\"Shop\",\"item\":\"https:\/\/www.mesvendanges.com\/en\/shop\/\"},{\"@type\":\"ListItem\",\"position\":3,\"name\":\"ARBOIS NO SIN TOU TSEFS\"}]}]}<\/script>\n<!-- \/ Yoast SEO plugin. -->","yoast_head_json":{"title":"ARBOIS NO SIN TOU TSEFS - Mes Vendanges","robots":{"index":"index","follow":"follow","max-snippet":"max-snippet:-1","max-image-preview":"max-image-preview:large","max-video-preview":"max-video-preview:-1"},"canonical":"https:\/\/www.mesvendanges.com\/en\/shop\/wines\/arbois-no-sin-tou-tsefs-fumey-chatelain-2022-75cl\/","og_locale":"en_US","og_type":"article","og_title":"ARBOIS NO SIN TOU TSEFS - Mes Vendanges","og_description":"Assemblage de toutes les parcelles de rouges du domaine (les plus m\u00fbrs, le reste a servi \u00e0 \u00e9laborer le cr\u00e9mant) sauf la parcelle du Bastard. Pinot Noir (grappes enti\u00e8res), Ploussard et Trousseau (\u00e9grapp\u00e9s), mac\u00e9r\u00e9s s\u00e9par\u00e9ment pendant une quinzaine de jours. Elevage de 10mois en futs et en foudres. Le vin est croquant, fruit\u00e9, en d\u00e9licatesse [&hellip;]","og_url":"https:\/\/www.mesvendanges.com\/en\/shop\/wines\/arbois-no-sin-tou-tsefs-fumey-chatelain-2022-75cl\/","og_site_name":"Mes Vendanges","article_modified_time":"2025-07-15T10:02:58+00:00","og_image":[{"width":451,"height":1500,"url":"https:\/\/www.mesvendanges.com\/wp-content\/uploads\/2022\/07\/fumey-chatelain-no-sin-tou-tsef-png.png","type":"image\/png"}],"twitter_card":"summary_large_image","schema":{"@context":"https:\/\/schema.org","@graph":[{"@type":"Organization","@id":"https:\/\/www.mesvendanges.com\/en\/#organization","name":"Mes Vendanges","url":"https:\/\/www.mesvendanges.com\/en\/","sameAs":[],"logo":{"@type":"ImageObject","inLanguage":"fr-FR","@id":"https:\/\/www.mesvendanges.com\/en\/#\/schema\/logo\/image\/","url":"https:\/\/www.mesvendanges.com\/wp-content\/uploads\/2022\/02\/logo-mesvendanges.jpg","contentUrl":"https:\/\/www.mesvendanges.com\/wp-content\/uploads\/2022\/02\/logo-mesvendanges.jpg","width":851,"height":260,"caption":"Mes Vendanges"},"image":{"@id":"https:\/\/www.mesvendanges.com\/en\/#\/schema\/logo\/image\/"}},{"@type":"WebSite","@id":"https:\/\/www.mesvendanges.com\/en\/#website","url":"https:\/\/www.mesvendanges.com\/en\/","name":"Mes Vendanges","description":"Des journ\u00e9es enti\u00e8res dans les vignes","publisher":{"@id":"https:\/\/www.mesvendanges.com\/en\/#organization"},"potentialAction":[{"@type":"SearchAction","target":{"@type":"EntryPoint","urlTemplate":"https:\/\/www.mesvendanges.com\/en\/?s={search_term_string}"},"query-input":"required name=search_term_string"}],"inLanguage":"fr-FR"},{"@type":"ImageObject","inLanguage":"fr-FR","@id":"https:\/\/www.mesvendanges.com\/en\/shop\/wines\/arbois-no-sin-tou-tsefs-fumey-chatelain-2022-75cl\/#primaryimage","url":"https:\/\/www.mesvendanges.com\/wp-content\/uploads\/2022\/07\/fumey-chatelain-no-sin-tou-tsef-png.png","contentUrl":"https:\/\/www.mesvendanges.com\/wp-content\/uploads\/2022\/07\/fumey-chatelain-no-sin-tou-tsef-png.png","width":451,"height":1500},{"@type":"WebPage","@id":"https:\/\/www.mesvendanges.com\/en\/shop\/wines\/arbois-no-sin-tou-tsefs-fumey-chatelain-2022-75cl\/","url":"https:\/\/www.mesvendanges.com\/en\/shop\/wines\/arbois-no-sin-tou-tsefs-fumey-chatelain-2022-75cl\/","name":"ARBOIS NO SIN TOU TSEFS - Mes Vendanges","isPartOf":{"@id":"https:\/\/www.mesvendanges.com\/en\/#website"},"primaryImageOfPage":{"@id":"https:\/\/www.mesvendanges.com\/en\/shop\/wines\/arbois-no-sin-tou-tsefs-fumey-chatelain-2022-75cl\/#primaryimage"},"datePublished":"2024-04-17T12:42:00+00:00","dateModified":"2025-07-15T10:02:58+00:00","breadcrumb":{"@id":"https:\/\/www.mesvendanges.com\/en\/shop\/wines\/arbois-no-sin-tou-tsefs-fumey-chatelain-2022-75cl\/#breadcrumb"},"inLanguage":"fr-FR","potentialAction":[{"@type":"ReadAction","target":["https:\/\/www.mesvendanges.com\/en\/shop\/wines\/arbois-no-sin-tou-tsefs-fumey-chatelain-2022-75cl\/"]}]},{"@type":"BreadcrumbList","@id":"https:\/\/www.mesvendanges.com\/en\/shop\/wines\/arbois-no-sin-tou-tsefs-fumey-chatelain-2022-75cl\/#breadcrumb","itemListElement":[{"@type":"ListItem","position":1,"name":"Home","item":"https:\/\/www.mesvendanges.com\/en\/"},{"@type":"ListItem","position":2,"name":"Shop","item":"https:\/\/www.mesvendanges.com\/en\/shop\/"},{"@type":"ListItem","position":3,"name":"ARBOIS NO SIN TOU TSEFS"}]}]}},"_links":{"self":[{"href":"https:\/\/www.mesvendanges.com\/en\/wp-json\/wp\/v2\/product\/74008"}],"collection":[{"href":"https:\/\/www.mesvendanges.com\/en\/wp-json\/wp\/v2\/product"}],"about":[{"href":"https:\/\/www.mesvendanges.com\/en\/wp-json\/wp\/v2\/types\/product"}],"wp:featuredmedia":[{"embeddable":true,"href":"https:\/\/www.mesvendanges.com\/en\/wp-json\/wp\/v2\/media\/28566"}],"wp:attachment":[{"href":"https:\/\/www.mesvendanges.com\/en\/wp-json\/wp\/v2\/media?parent=74008"}],"wp:term":[{"taxonomy":"product_cat","embeddable":true,"href":"https:\/\/www.mesvendanges.com\/en\/wp-json\/wp\/v2\/product_cat?post=74008"},{"taxonomy":"product_tag","embeddable":true,"href":"https:\/\/www.mesvendanges.com\/en\/wp-json\/wp\/v2\/product_tag?post=74008"}],"curies":[{"name":"wp","href":"https:\/\/api.w.org\/{rel}","templated":true}]}}