{"id":74012,"date":"2024-04-17T14:44:40","date_gmt":"2024-04-17T12:44:40","guid":{"rendered":"https:\/\/www.mesvendanges.com\/shop\/uncategorized\/arbois-ploussard-brouille-menage-fumey-chatelain-2022-75cl\/"},"modified":"2026-04-01T12:52:13","modified_gmt":"2026-04-01T10:52:13","slug":"arbois-ploussard-brouille-menage-fumey-chatelain-2022-75cl","status":"publish","type":"product","link":"https:\/\/www.mesvendanges.com\/en\/shop\/wines\/arbois-ploussard-brouille-menage-fumey-chatelain-2022-75cl\/","title":{"rendered":"ARBOIS PLOUSSARD BROUILLE-MENAGE"},"content":{"rendered":"<p>Une cuv\u00e9e de ploussard dont les raisins sont issus des lieux-dits Fertans, La Vas\u00e9e, Pr\u00e9 levront, Cour\u00e7on, La Br\u00e9visette. Les vignes ont \u00e9t\u00e9 plant\u00e9es entre 1952 et 1970, sur des Marnes.<br \/>\nEgrappage \u00e0 la main puis infusion des baies pendant 20 jours. Le vin a \u00e9t\u00e9 ensuite \u00e9lev\u00e9 10 mois en cuves et en foudres. Jus d\u00e9licat, d\u00e9taill\u00e9 dans l&#8217;expression, a\u00e9rien.<\/p>\n","protected":false},"excerpt":{"rendered":"<p>Une cuv\u00e9e de ploussard dont les raisins sont issus des lieux-dits Fertans, La Vas\u00e9e, Pr\u00e9 levront, Cour\u00e7on, La Br\u00e9visette. Les vignes ont \u00e9t\u00e9 plant\u00e9es entre 1952 et 1970, sur des Marnes. Egrappage \u00e0 la main puis infusion des baies pendant 20 jours. Le vin a \u00e9t\u00e9 ensuite \u00e9lev\u00e9 10 mois en cuves et en foudres. [&hellip;]<\/p>\n","protected":false},"featured_media":87145,"template":"","meta":[],"product_cat":[3740],"product_tag":[],"acf":[],"yoast_head":"<!-- This site is optimized with the Yoast SEO plugin v19.3 - https:\/\/yoast.com\/wordpress\/plugins\/seo\/ -->\n<title>ARBOIS PLOUSSARD BROUILLE-MENAGE - Mes Vendanges<\/title>\n<meta name=\"robots\" content=\"index, follow, max-snippet:-1, max-image-preview:large, max-video-preview:-1\" \/>\n<link rel=\"canonical\" href=\"https:\/\/www.mesvendanges.com\/en\/shop\/wines\/arbois-ploussard-brouille-menage-fumey-chatelain-2022-75cl\/\" \/>\n<meta property=\"og:locale\" content=\"en_US\" \/>\n<meta property=\"og:type\" content=\"article\" \/>\n<meta property=\"og:title\" content=\"ARBOIS PLOUSSARD BROUILLE-MENAGE - Mes Vendanges\" \/>\n<meta property=\"og:description\" content=\"Une cuv\u00e9e de ploussard dont les raisins sont issus des lieux-dits Fertans, La Vas\u00e9e, Pr\u00e9 levront, Cour\u00e7on, La Br\u00e9visette. Les vignes ont \u00e9t\u00e9 plant\u00e9es entre 1952 et 1970, sur des Marnes. Egrappage \u00e0 la main puis infusion des baies pendant 20 jours. Le vin a \u00e9t\u00e9 ensuite \u00e9lev\u00e9 10 mois en cuves et en foudres. [&hellip;]\" \/>\n<meta property=\"og:url\" content=\"https:\/\/www.mesvendanges.com\/en\/shop\/wines\/arbois-ploussard-brouille-menage-fumey-chatelain-2022-75cl\/\" \/>\n<meta property=\"og:site_name\" content=\"Mes Vendanges\" \/>\n<meta property=\"article:modified_time\" content=\"2026-04-01T10:52:13+00:00\" \/>\n<meta property=\"og:image\" content=\"https:\/\/www.mesvendanges.com\/wp-content\/uploads\/2025\/05\/fumey-chatellain-arbois-brouille-menage-ploussard-png.png\" \/>\n\t<meta property=\"og:image:width\" content=\"425\" \/>\n\t<meta property=\"og:image:height\" content=\"1500\" \/>\n\t<meta property=\"og:image:type\" content=\"image\/png\" \/>\n<meta name=\"twitter:card\" content=\"summary_large_image\" \/>\n<script type=\"application\/ld+json\" class=\"yoast-schema-graph\">{\"@context\":\"https:\/\/schema.org\",\"@graph\":[{\"@type\":\"Organization\",\"@id\":\"https:\/\/www.mesvendanges.com\/en\/#organization\",\"name\":\"Mes Vendanges\",\"url\":\"https:\/\/www.mesvendanges.com\/en\/\",\"sameAs\":[],\"logo\":{\"@type\":\"ImageObject\",\"inLanguage\":\"fr-FR\",\"@id\":\"https:\/\/www.mesvendanges.com\/en\/#\/schema\/logo\/image\/\",\"url\":\"https:\/\/www.mesvendanges.com\/wp-content\/uploads\/2022\/02\/logo-mesvendanges.jpg\",\"contentUrl\":\"https:\/\/www.mesvendanges.com\/wp-content\/uploads\/2022\/02\/logo-mesvendanges.jpg\",\"width\":851,\"height\":260,\"caption\":\"Mes Vendanges\"},\"image\":{\"@id\":\"https:\/\/www.mesvendanges.com\/en\/#\/schema\/logo\/image\/\"}},{\"@type\":\"WebSite\",\"@id\":\"https:\/\/www.mesvendanges.com\/en\/#website\",\"url\":\"https:\/\/www.mesvendanges.com\/en\/\",\"name\":\"Mes Vendanges\",\"description\":\"Des journ\u00e9es enti\u00e8res dans les vignes\",\"publisher\":{\"@id\":\"https:\/\/www.mesvendanges.com\/en\/#organization\"},\"potentialAction\":[{\"@type\":\"SearchAction\",\"target\":{\"@type\":\"EntryPoint\",\"urlTemplate\":\"https:\/\/www.mesvendanges.com\/en\/?s={search_term_string}\"},\"query-input\":\"required name=search_term_string\"}],\"inLanguage\":\"fr-FR\"},{\"@type\":\"ImageObject\",\"inLanguage\":\"fr-FR\",\"@id\":\"https:\/\/www.mesvendanges.com\/en\/shop\/wines\/arbois-ploussard-brouille-menage-fumey-chatelain-2022-75cl\/#primaryimage\",\"url\":\"https:\/\/www.mesvendanges.com\/wp-content\/uploads\/2025\/05\/fumey-chatellain-arbois-brouille-menage-ploussard-png.png\",\"contentUrl\":\"https:\/\/www.mesvendanges.com\/wp-content\/uploads\/2025\/05\/fumey-chatellain-arbois-brouille-menage-ploussard-png.png\",\"width\":425,\"height\":1500},{\"@type\":\"WebPage\",\"@id\":\"https:\/\/www.mesvendanges.com\/en\/shop\/wines\/arbois-ploussard-brouille-menage-fumey-chatelain-2022-75cl\/\",\"url\":\"https:\/\/www.mesvendanges.com\/en\/shop\/wines\/arbois-ploussard-brouille-menage-fumey-chatelain-2022-75cl\/\",\"name\":\"ARBOIS PLOUSSARD BROUILLE-MENAGE - Mes Vendanges\",\"isPartOf\":{\"@id\":\"https:\/\/www.mesvendanges.com\/en\/#website\"},\"primaryImageOfPage\":{\"@id\":\"https:\/\/www.mesvendanges.com\/en\/shop\/wines\/arbois-ploussard-brouille-menage-fumey-chatelain-2022-75cl\/#primaryimage\"},\"datePublished\":\"2024-04-17T12:44:40+00:00\",\"dateModified\":\"2026-04-01T10:52:13+00:00\",\"breadcrumb\":{\"@id\":\"https:\/\/www.mesvendanges.com\/en\/shop\/wines\/arbois-ploussard-brouille-menage-fumey-chatelain-2022-75cl\/#breadcrumb\"},\"inLanguage\":\"fr-FR\",\"potentialAction\":[{\"@type\":\"ReadAction\",\"target\":[\"https:\/\/www.mesvendanges.com\/en\/shop\/wines\/arbois-ploussard-brouille-menage-fumey-chatelain-2022-75cl\/\"]}]},{\"@type\":\"BreadcrumbList\",\"@id\":\"https:\/\/www.mesvendanges.com\/en\/shop\/wines\/arbois-ploussard-brouille-menage-fumey-chatelain-2022-75cl\/#breadcrumb\",\"itemListElement\":[{\"@type\":\"ListItem\",\"position\":1,\"name\":\"Home\",\"item\":\"https:\/\/www.mesvendanges.com\/en\/\"},{\"@type\":\"ListItem\",\"position\":2,\"name\":\"Shop\",\"item\":\"https:\/\/www.mesvendanges.com\/en\/shop\/\"},{\"@type\":\"ListItem\",\"position\":3,\"name\":\"ARBOIS PLOUSSARD BROUILLE-MENAGE\"}]}]}<\/script>\n<!-- \/ Yoast SEO plugin. -->","yoast_head_json":{"title":"ARBOIS PLOUSSARD BROUILLE-MENAGE - Mes Vendanges","robots":{"index":"index","follow":"follow","max-snippet":"max-snippet:-1","max-image-preview":"max-image-preview:large","max-video-preview":"max-video-preview:-1"},"canonical":"https:\/\/www.mesvendanges.com\/en\/shop\/wines\/arbois-ploussard-brouille-menage-fumey-chatelain-2022-75cl\/","og_locale":"en_US","og_type":"article","og_title":"ARBOIS PLOUSSARD BROUILLE-MENAGE - Mes Vendanges","og_description":"Une cuv\u00e9e de ploussard dont les raisins sont issus des lieux-dits Fertans, La Vas\u00e9e, Pr\u00e9 levront, Cour\u00e7on, La Br\u00e9visette. Les vignes ont \u00e9t\u00e9 plant\u00e9es entre 1952 et 1970, sur des Marnes. Egrappage \u00e0 la main puis infusion des baies pendant 20 jours. Le vin a \u00e9t\u00e9 ensuite \u00e9lev\u00e9 10 mois en cuves et en foudres. [&hellip;]","og_url":"https:\/\/www.mesvendanges.com\/en\/shop\/wines\/arbois-ploussard-brouille-menage-fumey-chatelain-2022-75cl\/","og_site_name":"Mes Vendanges","article_modified_time":"2026-04-01T10:52:13+00:00","og_image":[{"width":425,"height":1500,"url":"https:\/\/www.mesvendanges.com\/wp-content\/uploads\/2025\/05\/fumey-chatellain-arbois-brouille-menage-ploussard-png.png","type":"image\/png"}],"twitter_card":"summary_large_image","schema":{"@context":"https:\/\/schema.org","@graph":[{"@type":"Organization","@id":"https:\/\/www.mesvendanges.com\/en\/#organization","name":"Mes Vendanges","url":"https:\/\/www.mesvendanges.com\/en\/","sameAs":[],"logo":{"@type":"ImageObject","inLanguage":"fr-FR","@id":"https:\/\/www.mesvendanges.com\/en\/#\/schema\/logo\/image\/","url":"https:\/\/www.mesvendanges.com\/wp-content\/uploads\/2022\/02\/logo-mesvendanges.jpg","contentUrl":"https:\/\/www.mesvendanges.com\/wp-content\/uploads\/2022\/02\/logo-mesvendanges.jpg","width":851,"height":260,"caption":"Mes Vendanges"},"image":{"@id":"https:\/\/www.mesvendanges.com\/en\/#\/schema\/logo\/image\/"}},{"@type":"WebSite","@id":"https:\/\/www.mesvendanges.com\/en\/#website","url":"https:\/\/www.mesvendanges.com\/en\/","name":"Mes Vendanges","description":"Des journ\u00e9es enti\u00e8res dans les vignes","publisher":{"@id":"https:\/\/www.mesvendanges.com\/en\/#organization"},"potentialAction":[{"@type":"SearchAction","target":{"@type":"EntryPoint","urlTemplate":"https:\/\/www.mesvendanges.com\/en\/?s={search_term_string}"},"query-input":"required name=search_term_string"}],"inLanguage":"fr-FR"},{"@type":"ImageObject","inLanguage":"fr-FR","@id":"https:\/\/www.mesvendanges.com\/en\/shop\/wines\/arbois-ploussard-brouille-menage-fumey-chatelain-2022-75cl\/#primaryimage","url":"https:\/\/www.mesvendanges.com\/wp-content\/uploads\/2025\/05\/fumey-chatellain-arbois-brouille-menage-ploussard-png.png","contentUrl":"https:\/\/www.mesvendanges.com\/wp-content\/uploads\/2025\/05\/fumey-chatellain-arbois-brouille-menage-ploussard-png.png","width":425,"height":1500},{"@type":"WebPage","@id":"https:\/\/www.mesvendanges.com\/en\/shop\/wines\/arbois-ploussard-brouille-menage-fumey-chatelain-2022-75cl\/","url":"https:\/\/www.mesvendanges.com\/en\/shop\/wines\/arbois-ploussard-brouille-menage-fumey-chatelain-2022-75cl\/","name":"ARBOIS PLOUSSARD BROUILLE-MENAGE - Mes Vendanges","isPartOf":{"@id":"https:\/\/www.mesvendanges.com\/en\/#website"},"primaryImageOfPage":{"@id":"https:\/\/www.mesvendanges.com\/en\/shop\/wines\/arbois-ploussard-brouille-menage-fumey-chatelain-2022-75cl\/#primaryimage"},"datePublished":"2024-04-17T12:44:40+00:00","dateModified":"2026-04-01T10:52:13+00:00","breadcrumb":{"@id":"https:\/\/www.mesvendanges.com\/en\/shop\/wines\/arbois-ploussard-brouille-menage-fumey-chatelain-2022-75cl\/#breadcrumb"},"inLanguage":"fr-FR","potentialAction":[{"@type":"ReadAction","target":["https:\/\/www.mesvendanges.com\/en\/shop\/wines\/arbois-ploussard-brouille-menage-fumey-chatelain-2022-75cl\/"]}]},{"@type":"BreadcrumbList","@id":"https:\/\/www.mesvendanges.com\/en\/shop\/wines\/arbois-ploussard-brouille-menage-fumey-chatelain-2022-75cl\/#breadcrumb","itemListElement":[{"@type":"ListItem","position":1,"name":"Home","item":"https:\/\/www.mesvendanges.com\/en\/"},{"@type":"ListItem","position":2,"name":"Shop","item":"https:\/\/www.mesvendanges.com\/en\/shop\/"},{"@type":"ListItem","position":3,"name":"ARBOIS PLOUSSARD BROUILLE-MENAGE"}]}]}},"_links":{"self":[{"href":"https:\/\/www.mesvendanges.com\/en\/wp-json\/wp\/v2\/product\/74012"}],"collection":[{"href":"https:\/\/www.mesvendanges.com\/en\/wp-json\/wp\/v2\/product"}],"about":[{"href":"https:\/\/www.mesvendanges.com\/en\/wp-json\/wp\/v2\/types\/product"}],"wp:featuredmedia":[{"embeddable":true,"href":"https:\/\/www.mesvendanges.com\/en\/wp-json\/wp\/v2\/media\/87145"}],"wp:attachment":[{"href":"https:\/\/www.mesvendanges.com\/en\/wp-json\/wp\/v2\/media?parent=74012"}],"wp:term":[{"taxonomy":"product_cat","embeddable":true,"href":"https:\/\/www.mesvendanges.com\/en\/wp-json\/wp\/v2\/product_cat?post=74012"},{"taxonomy":"product_tag","embeddable":true,"href":"https:\/\/www.mesvendanges.com\/en\/wp-json\/wp\/v2\/product_tag?post=74012"}],"curies":[{"name":"wp","href":"https:\/\/api.w.org\/{rel}","templated":true}]}}