{"id":74092,"date":"2024-04-17T15:40:35","date_gmt":"2024-04-17T13:40:35","guid":{"rendered":"https:\/\/www.mesvendanges.com\/shop\/uncategorized\/romorantin-jardin-du-poira-les-jardins-de-theseiis-2020-75cl\/"},"modified":"2025-06-12T14:36:10","modified_gmt":"2025-06-12T12:36:10","slug":"romorantin-jardin-du-poira-les-jardins-de-theseiis-2020-75cl","status":"publish","type":"product","link":"https:\/\/www.mesvendanges.com\/en\/shop\/wines\/romorantin-jardin-du-poira-les-jardins-de-theseiis-2020-75cl\/","title":{"rendered":"ROMORANTIN JARDIN DU POIRA"},"content":{"rendered":"<p>Magnifique romorantin, toute en libert\u00e9 et en volume, a\u00e9rien, mobile, grande bouteille dans un style plein de naturel.<\/p>\n<p>Vendanges manuelles en caisse. Pressurage grappes enti\u00e8res. D\u00e9bourbage. Levures autochtones, entonnage en cours de fermentation. Fermentation malo-lactique faite. Vin non filtr\u00e9, sans aucun intrants ni sulfites ajout\u00e9s.<\/p>\n<p>&#8211; Sol\/Terroir: Argile \u00e0 Silex<br \/>\n&#8211; Age des vignes: 5 ans<br \/>\n&#8211; Rendement: 20 hl\/ha<br \/>\n&#8211; Nombre de bouteilles: 950<br \/>\n&#8211; % Alc: 13,9<br \/>\n&#8211; pH: 3.31<br \/>\n&#8211; SO2 total: < 10 mg\/L\n- Elevage barrique: 24 mois\n\n<\/p>\n","protected":false},"excerpt":{"rendered":"<p>Magnifique romorantin, toute en libert\u00e9 et en volume, a\u00e9rien, mobile, grande bouteille dans un style plein de naturel. Vendanges manuelles en caisse. Pressurage grappes enti\u00e8res. D\u00e9bourbage. Levures autochtones, entonnage en cours de fermentation. Fermentation malo-lactique faite. Vin non filtr\u00e9, sans aucun intrants ni sulfites ajout\u00e9s. &#8211; Sol\/Terroir: Argile \u00e0 Silex &#8211; Age des vignes: 5 [&hellip;]<\/p>\n","protected":false},"featured_media":87449,"template":"","meta":[],"product_cat":[3740],"product_tag":[],"acf":[],"yoast_head":"<!-- This site is optimized with the Yoast SEO plugin v19.3 - https:\/\/yoast.com\/wordpress\/plugins\/seo\/ -->\n<title>Les Jardins de Th\u00e9s\u00e9iis - Romorantin 2020 Jardin du Poira<\/title>\n<meta name=\"description\" content=\"Jardins de Th\u00e9s\u00e9iis - Romorantin 2020 Jardin du Poira. Grand vin naturel du Val de Cher, \u00e0 retrouver sur notre site.\" \/>\n<meta name=\"robots\" content=\"index, follow, max-snippet:-1, max-image-preview:large, max-video-preview:-1\" \/>\n<link rel=\"canonical\" href=\"https:\/\/www.mesvendanges.com\/en\/shop\/wines\/romorantin-jardin-du-poira-les-jardins-de-theseiis-2020-75cl\/\" \/>\n<meta property=\"og:locale\" content=\"en_US\" \/>\n<meta property=\"og:type\" content=\"article\" \/>\n<meta property=\"og:title\" content=\"Les Jardins de Th\u00e9s\u00e9iis - Romorantin 2020 Jardin du Poira\" \/>\n<meta property=\"og:description\" content=\"Jardins de Th\u00e9s\u00e9iis - Romorantin 2020 Jardin du Poira. Grand vin naturel du Val de Cher, \u00e0 retrouver sur notre site.\" \/>\n<meta property=\"og:url\" content=\"https:\/\/www.mesvendanges.com\/en\/shop\/wines\/romorantin-jardin-du-poira-les-jardins-de-theseiis-2020-75cl\/\" \/>\n<meta property=\"og:site_name\" content=\"Mes Vendanges\" \/>\n<meta property=\"article:modified_time\" content=\"2025-06-12T12:36:10+00:00\" \/>\n<meta property=\"og:image\" content=\"https:\/\/www.mesvendanges.com\/wp-content\/uploads\/2025\/05\/les-jardins-de-theseiis-romorantin-jardin-du-poira-2020-png.png\" \/>\n\t<meta property=\"og:image:width\" content=\"415\" \/>\n\t<meta property=\"og:image:height\" content=\"1500\" \/>\n\t<meta property=\"og:image:type\" content=\"image\/png\" \/>\n<meta name=\"twitter:card\" content=\"summary_large_image\" \/>\n<meta name=\"twitter:label1\" content=\"Est. reading time\" \/>\n\t<meta name=\"twitter:data1\" content=\"1 minute\" \/>\n<script type=\"application\/ld+json\" class=\"yoast-schema-graph\">{\"@context\":\"https:\/\/schema.org\",\"@graph\":[{\"@type\":\"Organization\",\"@id\":\"https:\/\/www.mesvendanges.com\/en\/#organization\",\"name\":\"Mes Vendanges\",\"url\":\"https:\/\/www.mesvendanges.com\/en\/\",\"sameAs\":[],\"logo\":{\"@type\":\"ImageObject\",\"inLanguage\":\"fr-FR\",\"@id\":\"https:\/\/www.mesvendanges.com\/en\/#\/schema\/logo\/image\/\",\"url\":\"https:\/\/www.mesvendanges.com\/wp-content\/uploads\/2022\/02\/logo-mesvendanges.jpg\",\"contentUrl\":\"https:\/\/www.mesvendanges.com\/wp-content\/uploads\/2022\/02\/logo-mesvendanges.jpg\",\"width\":851,\"height\":260,\"caption\":\"Mes Vendanges\"},\"image\":{\"@id\":\"https:\/\/www.mesvendanges.com\/en\/#\/schema\/logo\/image\/\"}},{\"@type\":\"WebSite\",\"@id\":\"https:\/\/www.mesvendanges.com\/en\/#website\",\"url\":\"https:\/\/www.mesvendanges.com\/en\/\",\"name\":\"Mes Vendanges\",\"description\":\"Des journ\u00e9es enti\u00e8res dans les vignes\",\"publisher\":{\"@id\":\"https:\/\/www.mesvendanges.com\/en\/#organization\"},\"potentialAction\":[{\"@type\":\"SearchAction\",\"target\":{\"@type\":\"EntryPoint\",\"urlTemplate\":\"https:\/\/www.mesvendanges.com\/en\/?s={search_term_string}\"},\"query-input\":\"required name=search_term_string\"}],\"inLanguage\":\"fr-FR\"},{\"@type\":\"ImageObject\",\"inLanguage\":\"fr-FR\",\"@id\":\"https:\/\/www.mesvendanges.com\/en\/shop\/wines\/romorantin-jardin-du-poira-les-jardins-de-theseiis-2020-75cl\/#primaryimage\",\"url\":\"https:\/\/www.mesvendanges.com\/wp-content\/uploads\/2025\/05\/les-jardins-de-theseiis-romorantin-jardin-du-poira-2020-png.png\",\"contentUrl\":\"https:\/\/www.mesvendanges.com\/wp-content\/uploads\/2025\/05\/les-jardins-de-theseiis-romorantin-jardin-du-poira-2020-png.png\",\"width\":415,\"height\":1500},{\"@type\":\"WebPage\",\"@id\":\"https:\/\/www.mesvendanges.com\/en\/shop\/wines\/romorantin-jardin-du-poira-les-jardins-de-theseiis-2020-75cl\/\",\"url\":\"https:\/\/www.mesvendanges.com\/en\/shop\/wines\/romorantin-jardin-du-poira-les-jardins-de-theseiis-2020-75cl\/\",\"name\":\"Les Jardins de Th\u00e9s\u00e9iis - Romorantin 2020 Jardin du Poira\",\"isPartOf\":{\"@id\":\"https:\/\/www.mesvendanges.com\/en\/#website\"},\"primaryImageOfPage\":{\"@id\":\"https:\/\/www.mesvendanges.com\/en\/shop\/wines\/romorantin-jardin-du-poira-les-jardins-de-theseiis-2020-75cl\/#primaryimage\"},\"datePublished\":\"2024-04-17T13:40:35+00:00\",\"dateModified\":\"2025-06-12T12:36:10+00:00\",\"description\":\"Jardins de Th\u00e9s\u00e9iis - Romorantin 2020 Jardin du Poira. Grand vin naturel du Val de Cher, \u00e0 retrouver sur notre site.\",\"breadcrumb\":{\"@id\":\"https:\/\/www.mesvendanges.com\/en\/shop\/wines\/romorantin-jardin-du-poira-les-jardins-de-theseiis-2020-75cl\/#breadcrumb\"},\"inLanguage\":\"fr-FR\",\"potentialAction\":[{\"@type\":\"ReadAction\",\"target\":[\"https:\/\/www.mesvendanges.com\/en\/shop\/wines\/romorantin-jardin-du-poira-les-jardins-de-theseiis-2020-75cl\/\"]}]},{\"@type\":\"BreadcrumbList\",\"@id\":\"https:\/\/www.mesvendanges.com\/en\/shop\/wines\/romorantin-jardin-du-poira-les-jardins-de-theseiis-2020-75cl\/#breadcrumb\",\"itemListElement\":[{\"@type\":\"ListItem\",\"position\":1,\"name\":\"Home\",\"item\":\"https:\/\/www.mesvendanges.com\/en\/\"},{\"@type\":\"ListItem\",\"position\":2,\"name\":\"Shop\",\"item\":\"https:\/\/www.mesvendanges.com\/en\/shop\/\"},{\"@type\":\"ListItem\",\"position\":3,\"name\":\"ROMORANTIN JARDIN DU POIRA\"}]}]}<\/script>\n<!-- \/ Yoast SEO plugin. -->","yoast_head_json":{"title":"Les Jardins de Th\u00e9s\u00e9iis - Romorantin 2020 Jardin du Poira","description":"Jardins de Th\u00e9s\u00e9iis - Romorantin 2020 Jardin du Poira. Grand vin naturel du Val de Cher, \u00e0 retrouver sur notre site.","robots":{"index":"index","follow":"follow","max-snippet":"max-snippet:-1","max-image-preview":"max-image-preview:large","max-video-preview":"max-video-preview:-1"},"canonical":"https:\/\/www.mesvendanges.com\/en\/shop\/wines\/romorantin-jardin-du-poira-les-jardins-de-theseiis-2020-75cl\/","og_locale":"en_US","og_type":"article","og_title":"Les Jardins de Th\u00e9s\u00e9iis - Romorantin 2020 Jardin du Poira","og_description":"Jardins de Th\u00e9s\u00e9iis - Romorantin 2020 Jardin du Poira. Grand vin naturel du Val de Cher, \u00e0 retrouver sur notre site.","og_url":"https:\/\/www.mesvendanges.com\/en\/shop\/wines\/romorantin-jardin-du-poira-les-jardins-de-theseiis-2020-75cl\/","og_site_name":"Mes Vendanges","article_modified_time":"2025-06-12T12:36:10+00:00","og_image":[{"width":415,"height":1500,"url":"https:\/\/www.mesvendanges.com\/wp-content\/uploads\/2025\/05\/les-jardins-de-theseiis-romorantin-jardin-du-poira-2020-png.png","type":"image\/png"}],"twitter_card":"summary_large_image","twitter_misc":{"Est. reading time":"1 minute"},"schema":{"@context":"https:\/\/schema.org","@graph":[{"@type":"Organization","@id":"https:\/\/www.mesvendanges.com\/en\/#organization","name":"Mes Vendanges","url":"https:\/\/www.mesvendanges.com\/en\/","sameAs":[],"logo":{"@type":"ImageObject","inLanguage":"fr-FR","@id":"https:\/\/www.mesvendanges.com\/en\/#\/schema\/logo\/image\/","url":"https:\/\/www.mesvendanges.com\/wp-content\/uploads\/2022\/02\/logo-mesvendanges.jpg","contentUrl":"https:\/\/www.mesvendanges.com\/wp-content\/uploads\/2022\/02\/logo-mesvendanges.jpg","width":851,"height":260,"caption":"Mes Vendanges"},"image":{"@id":"https:\/\/www.mesvendanges.com\/en\/#\/schema\/logo\/image\/"}},{"@type":"WebSite","@id":"https:\/\/www.mesvendanges.com\/en\/#website","url":"https:\/\/www.mesvendanges.com\/en\/","name":"Mes Vendanges","description":"Des journ\u00e9es enti\u00e8res dans les vignes","publisher":{"@id":"https:\/\/www.mesvendanges.com\/en\/#organization"},"potentialAction":[{"@type":"SearchAction","target":{"@type":"EntryPoint","urlTemplate":"https:\/\/www.mesvendanges.com\/en\/?s={search_term_string}"},"query-input":"required name=search_term_string"}],"inLanguage":"fr-FR"},{"@type":"ImageObject","inLanguage":"fr-FR","@id":"https:\/\/www.mesvendanges.com\/en\/shop\/wines\/romorantin-jardin-du-poira-les-jardins-de-theseiis-2020-75cl\/#primaryimage","url":"https:\/\/www.mesvendanges.com\/wp-content\/uploads\/2025\/05\/les-jardins-de-theseiis-romorantin-jardin-du-poira-2020-png.png","contentUrl":"https:\/\/www.mesvendanges.com\/wp-content\/uploads\/2025\/05\/les-jardins-de-theseiis-romorantin-jardin-du-poira-2020-png.png","width":415,"height":1500},{"@type":"WebPage","@id":"https:\/\/www.mesvendanges.com\/en\/shop\/wines\/romorantin-jardin-du-poira-les-jardins-de-theseiis-2020-75cl\/","url":"https:\/\/www.mesvendanges.com\/en\/shop\/wines\/romorantin-jardin-du-poira-les-jardins-de-theseiis-2020-75cl\/","name":"Les Jardins de Th\u00e9s\u00e9iis - Romorantin 2020 Jardin du Poira","isPartOf":{"@id":"https:\/\/www.mesvendanges.com\/en\/#website"},"primaryImageOfPage":{"@id":"https:\/\/www.mesvendanges.com\/en\/shop\/wines\/romorantin-jardin-du-poira-les-jardins-de-theseiis-2020-75cl\/#primaryimage"},"datePublished":"2024-04-17T13:40:35+00:00","dateModified":"2025-06-12T12:36:10+00:00","description":"Jardins de Th\u00e9s\u00e9iis - Romorantin 2020 Jardin du Poira. Grand vin naturel du Val de Cher, \u00e0 retrouver sur notre site.","breadcrumb":{"@id":"https:\/\/www.mesvendanges.com\/en\/shop\/wines\/romorantin-jardin-du-poira-les-jardins-de-theseiis-2020-75cl\/#breadcrumb"},"inLanguage":"fr-FR","potentialAction":[{"@type":"ReadAction","target":["https:\/\/www.mesvendanges.com\/en\/shop\/wines\/romorantin-jardin-du-poira-les-jardins-de-theseiis-2020-75cl\/"]}]},{"@type":"BreadcrumbList","@id":"https:\/\/www.mesvendanges.com\/en\/shop\/wines\/romorantin-jardin-du-poira-les-jardins-de-theseiis-2020-75cl\/#breadcrumb","itemListElement":[{"@type":"ListItem","position":1,"name":"Home","item":"https:\/\/www.mesvendanges.com\/en\/"},{"@type":"ListItem","position":2,"name":"Shop","item":"https:\/\/www.mesvendanges.com\/en\/shop\/"},{"@type":"ListItem","position":3,"name":"ROMORANTIN JARDIN DU POIRA"}]}]}},"_links":{"self":[{"href":"https:\/\/www.mesvendanges.com\/en\/wp-json\/wp\/v2\/product\/74092"}],"collection":[{"href":"https:\/\/www.mesvendanges.com\/en\/wp-json\/wp\/v2\/product"}],"about":[{"href":"https:\/\/www.mesvendanges.com\/en\/wp-json\/wp\/v2\/types\/product"}],"wp:featuredmedia":[{"embeddable":true,"href":"https:\/\/www.mesvendanges.com\/en\/wp-json\/wp\/v2\/media\/87449"}],"wp:attachment":[{"href":"https:\/\/www.mesvendanges.com\/en\/wp-json\/wp\/v2\/media?parent=74092"}],"wp:term":[{"taxonomy":"product_cat","embeddable":true,"href":"https:\/\/www.mesvendanges.com\/en\/wp-json\/wp\/v2\/product_cat?post=74092"},{"taxonomy":"product_tag","embeddable":true,"href":"https:\/\/www.mesvendanges.com\/en\/wp-json\/wp\/v2\/product_tag?post=74092"}],"curies":[{"name":"wp","href":"https:\/\/api.w.org\/{rel}","templated":true}]}}