{"id":74147,"date":"2024-04-20T18:04:57","date_gmt":"2024-04-20T16:04:57","guid":{"rendered":"https:\/\/www.mesvendanges.com\/shop\/uncategorized\/assemblage-blanc-chappaz-marie-therese-2022-75cl\/"},"modified":"2025-10-07T11:22:46","modified_gmt":"2025-10-07T09:22:46","slug":"assemblage-blanc-chappaz-marie-therese-2022-75cl","status":"publish","type":"product","link":"https:\/\/www.mesvendanges.com\/en\/shop\/wines\/assemblage-blanc-chappaz-marie-therese-2022-75cl\/","title":{"rendered":"ASSEMBLAGE BLANC"},"content":{"rendered":"<p>cette cuv\u00e9e d\u2019assemblage blanc est une cr\u00e9ation nouvelle chaque ann\u00e9e par les c\u00e9pages qui la constituent. Le mill\u00e9sime 2022 est un trio compos\u00e9 de petite arvine, de sylvaner et de marsanne issu de diff\u00e9rents terroirs du domaine, une sorte d&#8217;\u00e9tendard du travail de Marie-Th\u00e9r\u00e8se Chappaz, aux couleurs du Valais.<\/p>\n","protected":false},"excerpt":{"rendered":"<p>cette cuv\u00e9e d\u2019assemblage blanc est une cr\u00e9ation nouvelle chaque ann\u00e9e par les c\u00e9pages qui la constituent. Le mill\u00e9sime 2022 est un trio compos\u00e9 de petite arvine, de sylvaner et de marsanne issu de diff\u00e9rents terroirs du domaine, une sorte d&#8217;\u00e9tendard du travail de Marie-Th\u00e9r\u00e8se Chappaz, aux couleurs du Valais.<\/p>\n","protected":false},"featured_media":86572,"template":"","meta":[],"product_cat":[3740],"product_tag":[],"acf":[],"yoast_head":"<!-- This site is optimized with the Yoast SEO plugin v19.3 - https:\/\/yoast.com\/wordpress\/plugins\/seo\/ -->\n<title>ASSEMBLAGE BLANC - Mes Vendanges<\/title>\n<meta name=\"robots\" content=\"index, follow, max-snippet:-1, max-image-preview:large, max-video-preview:-1\" \/>\n<link rel=\"canonical\" href=\"https:\/\/www.mesvendanges.com\/en\/shop\/wines\/assemblage-blanc-chappaz-marie-therese-2022-75cl\/\" \/>\n<meta property=\"og:locale\" content=\"en_US\" \/>\n<meta property=\"og:type\" content=\"article\" \/>\n<meta property=\"og:title\" content=\"ASSEMBLAGE BLANC - Mes Vendanges\" \/>\n<meta property=\"og:description\" content=\"cette cuv\u00e9e d\u2019assemblage blanc est une cr\u00e9ation nouvelle chaque ann\u00e9e par les c\u00e9pages qui la constituent. Le mill\u00e9sime 2022 est un trio compos\u00e9 de petite arvine, de sylvaner et de marsanne issu de diff\u00e9rents terroirs du domaine, une sorte d&#8217;\u00e9tendard du travail de Marie-Th\u00e9r\u00e8se Chappaz, aux couleurs du Valais.\" \/>\n<meta property=\"og:url\" content=\"https:\/\/www.mesvendanges.com\/en\/shop\/wines\/assemblage-blanc-chappaz-marie-therese-2022-75cl\/\" \/>\n<meta property=\"og:site_name\" content=\"Mes Vendanges\" \/>\n<meta property=\"article:modified_time\" content=\"2025-10-07T09:22:46+00:00\" \/>\n<meta property=\"og:image\" content=\"https:\/\/www.mesvendanges.com\/wp-content\/uploads\/2025\/05\/marie-therese-chappaz-assemblahe-blanc-2022-png.png\" \/>\n\t<meta property=\"og:image:width\" content=\"426\" \/>\n\t<meta property=\"og:image:height\" content=\"1500\" \/>\n\t<meta property=\"og:image:type\" content=\"image\/png\" \/>\n<meta name=\"twitter:card\" content=\"summary_large_image\" \/>\n<script type=\"application\/ld+json\" class=\"yoast-schema-graph\">{\"@context\":\"https:\/\/schema.org\",\"@graph\":[{\"@type\":\"Organization\",\"@id\":\"https:\/\/www.mesvendanges.com\/en\/#organization\",\"name\":\"Mes Vendanges\",\"url\":\"https:\/\/www.mesvendanges.com\/en\/\",\"sameAs\":[],\"logo\":{\"@type\":\"ImageObject\",\"inLanguage\":\"fr-FR\",\"@id\":\"https:\/\/www.mesvendanges.com\/en\/#\/schema\/logo\/image\/\",\"url\":\"https:\/\/www.mesvendanges.com\/wp-content\/uploads\/2022\/02\/logo-mesvendanges.jpg\",\"contentUrl\":\"https:\/\/www.mesvendanges.com\/wp-content\/uploads\/2022\/02\/logo-mesvendanges.jpg\",\"width\":851,\"height\":260,\"caption\":\"Mes Vendanges\"},\"image\":{\"@id\":\"https:\/\/www.mesvendanges.com\/en\/#\/schema\/logo\/image\/\"}},{\"@type\":\"WebSite\",\"@id\":\"https:\/\/www.mesvendanges.com\/en\/#website\",\"url\":\"https:\/\/www.mesvendanges.com\/en\/\",\"name\":\"Mes Vendanges\",\"description\":\"Des journ\u00e9es enti\u00e8res dans les vignes\",\"publisher\":{\"@id\":\"https:\/\/www.mesvendanges.com\/en\/#organization\"},\"potentialAction\":[{\"@type\":\"SearchAction\",\"target\":{\"@type\":\"EntryPoint\",\"urlTemplate\":\"https:\/\/www.mesvendanges.com\/en\/?s={search_term_string}\"},\"query-input\":\"required name=search_term_string\"}],\"inLanguage\":\"fr-FR\"},{\"@type\":\"ImageObject\",\"inLanguage\":\"fr-FR\",\"@id\":\"https:\/\/www.mesvendanges.com\/en\/shop\/wines\/assemblage-blanc-chappaz-marie-therese-2022-75cl\/#primaryimage\",\"url\":\"https:\/\/www.mesvendanges.com\/wp-content\/uploads\/2025\/05\/marie-therese-chappaz-assemblahe-blanc-2022-png.png\",\"contentUrl\":\"https:\/\/www.mesvendanges.com\/wp-content\/uploads\/2025\/05\/marie-therese-chappaz-assemblahe-blanc-2022-png.png\",\"width\":426,\"height\":1500},{\"@type\":\"WebPage\",\"@id\":\"https:\/\/www.mesvendanges.com\/en\/shop\/wines\/assemblage-blanc-chappaz-marie-therese-2022-75cl\/\",\"url\":\"https:\/\/www.mesvendanges.com\/en\/shop\/wines\/assemblage-blanc-chappaz-marie-therese-2022-75cl\/\",\"name\":\"ASSEMBLAGE BLANC - Mes Vendanges\",\"isPartOf\":{\"@id\":\"https:\/\/www.mesvendanges.com\/en\/#website\"},\"primaryImageOfPage\":{\"@id\":\"https:\/\/www.mesvendanges.com\/en\/shop\/wines\/assemblage-blanc-chappaz-marie-therese-2022-75cl\/#primaryimage\"},\"datePublished\":\"2024-04-20T16:04:57+00:00\",\"dateModified\":\"2025-10-07T09:22:46+00:00\",\"breadcrumb\":{\"@id\":\"https:\/\/www.mesvendanges.com\/en\/shop\/wines\/assemblage-blanc-chappaz-marie-therese-2022-75cl\/#breadcrumb\"},\"inLanguage\":\"fr-FR\",\"potentialAction\":[{\"@type\":\"ReadAction\",\"target\":[\"https:\/\/www.mesvendanges.com\/en\/shop\/wines\/assemblage-blanc-chappaz-marie-therese-2022-75cl\/\"]}]},{\"@type\":\"BreadcrumbList\",\"@id\":\"https:\/\/www.mesvendanges.com\/en\/shop\/wines\/assemblage-blanc-chappaz-marie-therese-2022-75cl\/#breadcrumb\",\"itemListElement\":[{\"@type\":\"ListItem\",\"position\":1,\"name\":\"Home\",\"item\":\"https:\/\/www.mesvendanges.com\/en\/\"},{\"@type\":\"ListItem\",\"position\":2,\"name\":\"Shop\",\"item\":\"https:\/\/www.mesvendanges.com\/en\/shop\/\"},{\"@type\":\"ListItem\",\"position\":3,\"name\":\"ASSEMBLAGE BLANC\"}]}]}<\/script>\n<!-- \/ Yoast SEO plugin. -->","yoast_head_json":{"title":"ASSEMBLAGE BLANC - Mes Vendanges","robots":{"index":"index","follow":"follow","max-snippet":"max-snippet:-1","max-image-preview":"max-image-preview:large","max-video-preview":"max-video-preview:-1"},"canonical":"https:\/\/www.mesvendanges.com\/en\/shop\/wines\/assemblage-blanc-chappaz-marie-therese-2022-75cl\/","og_locale":"en_US","og_type":"article","og_title":"ASSEMBLAGE BLANC - Mes Vendanges","og_description":"cette cuv\u00e9e d\u2019assemblage blanc est une cr\u00e9ation nouvelle chaque ann\u00e9e par les c\u00e9pages qui la constituent. Le mill\u00e9sime 2022 est un trio compos\u00e9 de petite arvine, de sylvaner et de marsanne issu de diff\u00e9rents terroirs du domaine, une sorte d&#8217;\u00e9tendard du travail de Marie-Th\u00e9r\u00e8se Chappaz, aux couleurs du Valais.","og_url":"https:\/\/www.mesvendanges.com\/en\/shop\/wines\/assemblage-blanc-chappaz-marie-therese-2022-75cl\/","og_site_name":"Mes Vendanges","article_modified_time":"2025-10-07T09:22:46+00:00","og_image":[{"width":426,"height":1500,"url":"https:\/\/www.mesvendanges.com\/wp-content\/uploads\/2025\/05\/marie-therese-chappaz-assemblahe-blanc-2022-png.png","type":"image\/png"}],"twitter_card":"summary_large_image","schema":{"@context":"https:\/\/schema.org","@graph":[{"@type":"Organization","@id":"https:\/\/www.mesvendanges.com\/en\/#organization","name":"Mes Vendanges","url":"https:\/\/www.mesvendanges.com\/en\/","sameAs":[],"logo":{"@type":"ImageObject","inLanguage":"fr-FR","@id":"https:\/\/www.mesvendanges.com\/en\/#\/schema\/logo\/image\/","url":"https:\/\/www.mesvendanges.com\/wp-content\/uploads\/2022\/02\/logo-mesvendanges.jpg","contentUrl":"https:\/\/www.mesvendanges.com\/wp-content\/uploads\/2022\/02\/logo-mesvendanges.jpg","width":851,"height":260,"caption":"Mes Vendanges"},"image":{"@id":"https:\/\/www.mesvendanges.com\/en\/#\/schema\/logo\/image\/"}},{"@type":"WebSite","@id":"https:\/\/www.mesvendanges.com\/en\/#website","url":"https:\/\/www.mesvendanges.com\/en\/","name":"Mes Vendanges","description":"Des journ\u00e9es enti\u00e8res dans les vignes","publisher":{"@id":"https:\/\/www.mesvendanges.com\/en\/#organization"},"potentialAction":[{"@type":"SearchAction","target":{"@type":"EntryPoint","urlTemplate":"https:\/\/www.mesvendanges.com\/en\/?s={search_term_string}"},"query-input":"required name=search_term_string"}],"inLanguage":"fr-FR"},{"@type":"ImageObject","inLanguage":"fr-FR","@id":"https:\/\/www.mesvendanges.com\/en\/shop\/wines\/assemblage-blanc-chappaz-marie-therese-2022-75cl\/#primaryimage","url":"https:\/\/www.mesvendanges.com\/wp-content\/uploads\/2025\/05\/marie-therese-chappaz-assemblahe-blanc-2022-png.png","contentUrl":"https:\/\/www.mesvendanges.com\/wp-content\/uploads\/2025\/05\/marie-therese-chappaz-assemblahe-blanc-2022-png.png","width":426,"height":1500},{"@type":"WebPage","@id":"https:\/\/www.mesvendanges.com\/en\/shop\/wines\/assemblage-blanc-chappaz-marie-therese-2022-75cl\/","url":"https:\/\/www.mesvendanges.com\/en\/shop\/wines\/assemblage-blanc-chappaz-marie-therese-2022-75cl\/","name":"ASSEMBLAGE BLANC - Mes Vendanges","isPartOf":{"@id":"https:\/\/www.mesvendanges.com\/en\/#website"},"primaryImageOfPage":{"@id":"https:\/\/www.mesvendanges.com\/en\/shop\/wines\/assemblage-blanc-chappaz-marie-therese-2022-75cl\/#primaryimage"},"datePublished":"2024-04-20T16:04:57+00:00","dateModified":"2025-10-07T09:22:46+00:00","breadcrumb":{"@id":"https:\/\/www.mesvendanges.com\/en\/shop\/wines\/assemblage-blanc-chappaz-marie-therese-2022-75cl\/#breadcrumb"},"inLanguage":"fr-FR","potentialAction":[{"@type":"ReadAction","target":["https:\/\/www.mesvendanges.com\/en\/shop\/wines\/assemblage-blanc-chappaz-marie-therese-2022-75cl\/"]}]},{"@type":"BreadcrumbList","@id":"https:\/\/www.mesvendanges.com\/en\/shop\/wines\/assemblage-blanc-chappaz-marie-therese-2022-75cl\/#breadcrumb","itemListElement":[{"@type":"ListItem","position":1,"name":"Home","item":"https:\/\/www.mesvendanges.com\/en\/"},{"@type":"ListItem","position":2,"name":"Shop","item":"https:\/\/www.mesvendanges.com\/en\/shop\/"},{"@type":"ListItem","position":3,"name":"ASSEMBLAGE BLANC"}]}]}},"_links":{"self":[{"href":"https:\/\/www.mesvendanges.com\/en\/wp-json\/wp\/v2\/product\/74147"}],"collection":[{"href":"https:\/\/www.mesvendanges.com\/en\/wp-json\/wp\/v2\/product"}],"about":[{"href":"https:\/\/www.mesvendanges.com\/en\/wp-json\/wp\/v2\/types\/product"}],"wp:featuredmedia":[{"embeddable":true,"href":"https:\/\/www.mesvendanges.com\/en\/wp-json\/wp\/v2\/media\/86572"}],"wp:attachment":[{"href":"https:\/\/www.mesvendanges.com\/en\/wp-json\/wp\/v2\/media?parent=74147"}],"wp:term":[{"taxonomy":"product_cat","embeddable":true,"href":"https:\/\/www.mesvendanges.com\/en\/wp-json\/wp\/v2\/product_cat?post=74147"},{"taxonomy":"product_tag","embeddable":true,"href":"https:\/\/www.mesvendanges.com\/en\/wp-json\/wp\/v2\/product_tag?post=74147"}],"curies":[{"name":"wp","href":"https:\/\/api.w.org\/{rel}","templated":true}]}}