{"id":74149,"date":"2024-04-20T18:07:43","date_gmt":"2024-04-20T16:07:43","guid":{"rendered":"https:\/\/www.mesvendanges.com\/shop\/uncategorized\/grain-arvine-de-fully-chappaz-marie-therese-2022-75cl\/"},"modified":"2025-06-10T14:54:33","modified_gmt":"2025-06-10T12:54:33","slug":"grain-arvine-de-fully-chappaz-marie-therese-2022-75cl","status":"publish","type":"product","link":"https:\/\/www.mesvendanges.com\/en\/shop\/wines\/grain-arvine-de-fully-chappaz-marie-therese-2022-75cl\/","title":{"rendered":"GRAIN ARVINE DE FULLY"},"content":{"rendered":"<p>Petite arvine de Fully sur les terroirs granitiques des Claives, des Epalins et des Seilles.<br \/>\nCe c\u00e9page magique du Valais associe \u00e9nergie, acidit\u00e9, maturit\u00e9, fruit\u00e9. Sur les terrasses du domaine de Marie-Th\u00e9r\u00e8se Chappaz il atteint des sommets et compte parmi les plus grands blancs de la r\u00e9gion avec son fr\u00e8re, le Grain Ermitage.<\/p>\n","protected":false},"excerpt":{"rendered":"<p>Petite arvine de Fully sur les terroirs granitiques des Claives, des Epalins et des Seilles. Ce c\u00e9page magique du Valais associe \u00e9nergie, acidit\u00e9, maturit\u00e9, fruit\u00e9. Sur les terrasses du domaine de Marie-Th\u00e9r\u00e8se Chappaz il atteint des sommets et compte parmi les plus grands blancs de la r\u00e9gion avec son fr\u00e8re, le Grain Ermitage.<\/p>\n","protected":false},"featured_media":86588,"template":"","meta":[],"product_cat":[3740],"product_tag":[],"acf":[],"yoast_head":"<!-- This site is optimized with the Yoast SEO plugin v19.3 - https:\/\/yoast.com\/wordpress\/plugins\/seo\/ -->\n<title>GRAIN ARVINE DE FULLY - Mes Vendanges<\/title>\n<meta name=\"robots\" content=\"index, follow, max-snippet:-1, max-image-preview:large, max-video-preview:-1\" \/>\n<link rel=\"canonical\" href=\"https:\/\/www.mesvendanges.com\/en\/shop\/wines\/grain-arvine-de-fully-chappaz-marie-therese-2022-75cl\/\" \/>\n<meta property=\"og:locale\" content=\"en_US\" \/>\n<meta property=\"og:type\" content=\"article\" \/>\n<meta property=\"og:title\" content=\"GRAIN ARVINE DE FULLY - Mes Vendanges\" \/>\n<meta property=\"og:description\" content=\"Petite arvine de Fully sur les terroirs granitiques des Claives, des Epalins et des Seilles. Ce c\u00e9page magique du Valais associe \u00e9nergie, acidit\u00e9, maturit\u00e9, fruit\u00e9. Sur les terrasses du domaine de Marie-Th\u00e9r\u00e8se Chappaz il atteint des sommets et compte parmi les plus grands blancs de la r\u00e9gion avec son fr\u00e8re, le Grain Ermitage.\" \/>\n<meta property=\"og:url\" content=\"https:\/\/www.mesvendanges.com\/en\/shop\/wines\/grain-arvine-de-fully-chappaz-marie-therese-2022-75cl\/\" \/>\n<meta property=\"og:site_name\" content=\"Mes Vendanges\" \/>\n<meta property=\"article:modified_time\" content=\"2025-06-10T12:54:33+00:00\" \/>\n<meta property=\"og:image\" content=\"https:\/\/www.mesvendanges.com\/wp-content\/uploads\/2025\/05\/marie-therese-chappaz-grain-arvine-de-fully-2022-png.png\" \/>\n\t<meta property=\"og:image:width\" content=\"396\" \/>\n\t<meta property=\"og:image:height\" content=\"1500\" \/>\n\t<meta property=\"og:image:type\" content=\"image\/png\" \/>\n<meta name=\"twitter:card\" content=\"summary_large_image\" \/>\n<script type=\"application\/ld+json\" class=\"yoast-schema-graph\">{\"@context\":\"https:\/\/schema.org\",\"@graph\":[{\"@type\":\"Organization\",\"@id\":\"https:\/\/www.mesvendanges.com\/en\/#organization\",\"name\":\"Mes Vendanges\",\"url\":\"https:\/\/www.mesvendanges.com\/en\/\",\"sameAs\":[],\"logo\":{\"@type\":\"ImageObject\",\"inLanguage\":\"fr-FR\",\"@id\":\"https:\/\/www.mesvendanges.com\/en\/#\/schema\/logo\/image\/\",\"url\":\"https:\/\/www.mesvendanges.com\/wp-content\/uploads\/2022\/02\/logo-mesvendanges.jpg\",\"contentUrl\":\"https:\/\/www.mesvendanges.com\/wp-content\/uploads\/2022\/02\/logo-mesvendanges.jpg\",\"width\":851,\"height\":260,\"caption\":\"Mes Vendanges\"},\"image\":{\"@id\":\"https:\/\/www.mesvendanges.com\/en\/#\/schema\/logo\/image\/\"}},{\"@type\":\"WebSite\",\"@id\":\"https:\/\/www.mesvendanges.com\/en\/#website\",\"url\":\"https:\/\/www.mesvendanges.com\/en\/\",\"name\":\"Mes Vendanges\",\"description\":\"Des journ\u00e9es enti\u00e8res dans les vignes\",\"publisher\":{\"@id\":\"https:\/\/www.mesvendanges.com\/en\/#organization\"},\"potentialAction\":[{\"@type\":\"SearchAction\",\"target\":{\"@type\":\"EntryPoint\",\"urlTemplate\":\"https:\/\/www.mesvendanges.com\/en\/?s={search_term_string}\"},\"query-input\":\"required name=search_term_string\"}],\"inLanguage\":\"fr-FR\"},{\"@type\":\"ImageObject\",\"inLanguage\":\"fr-FR\",\"@id\":\"https:\/\/www.mesvendanges.com\/en\/shop\/wines\/grain-arvine-de-fully-chappaz-marie-therese-2022-75cl\/#primaryimage\",\"url\":\"https:\/\/www.mesvendanges.com\/wp-content\/uploads\/2025\/05\/marie-therese-chappaz-grain-arvine-de-fully-2022-png.png\",\"contentUrl\":\"https:\/\/www.mesvendanges.com\/wp-content\/uploads\/2025\/05\/marie-therese-chappaz-grain-arvine-de-fully-2022-png.png\",\"width\":396,\"height\":1500},{\"@type\":\"WebPage\",\"@id\":\"https:\/\/www.mesvendanges.com\/en\/shop\/wines\/grain-arvine-de-fully-chappaz-marie-therese-2022-75cl\/\",\"url\":\"https:\/\/www.mesvendanges.com\/en\/shop\/wines\/grain-arvine-de-fully-chappaz-marie-therese-2022-75cl\/\",\"name\":\"GRAIN ARVINE DE FULLY - Mes Vendanges\",\"isPartOf\":{\"@id\":\"https:\/\/www.mesvendanges.com\/en\/#website\"},\"primaryImageOfPage\":{\"@id\":\"https:\/\/www.mesvendanges.com\/en\/shop\/wines\/grain-arvine-de-fully-chappaz-marie-therese-2022-75cl\/#primaryimage\"},\"datePublished\":\"2024-04-20T16:07:43+00:00\",\"dateModified\":\"2025-06-10T12:54:33+00:00\",\"breadcrumb\":{\"@id\":\"https:\/\/www.mesvendanges.com\/en\/shop\/wines\/grain-arvine-de-fully-chappaz-marie-therese-2022-75cl\/#breadcrumb\"},\"inLanguage\":\"fr-FR\",\"potentialAction\":[{\"@type\":\"ReadAction\",\"target\":[\"https:\/\/www.mesvendanges.com\/en\/shop\/wines\/grain-arvine-de-fully-chappaz-marie-therese-2022-75cl\/\"]}]},{\"@type\":\"BreadcrumbList\",\"@id\":\"https:\/\/www.mesvendanges.com\/en\/shop\/wines\/grain-arvine-de-fully-chappaz-marie-therese-2022-75cl\/#breadcrumb\",\"itemListElement\":[{\"@type\":\"ListItem\",\"position\":1,\"name\":\"Home\",\"item\":\"https:\/\/www.mesvendanges.com\/en\/\"},{\"@type\":\"ListItem\",\"position\":2,\"name\":\"Shop\",\"item\":\"https:\/\/www.mesvendanges.com\/en\/shop\/\"},{\"@type\":\"ListItem\",\"position\":3,\"name\":\"GRAIN ARVINE DE FULLY\"}]}]}<\/script>\n<!-- \/ Yoast SEO plugin. -->","yoast_head_json":{"title":"GRAIN ARVINE DE FULLY - Mes Vendanges","robots":{"index":"index","follow":"follow","max-snippet":"max-snippet:-1","max-image-preview":"max-image-preview:large","max-video-preview":"max-video-preview:-1"},"canonical":"https:\/\/www.mesvendanges.com\/en\/shop\/wines\/grain-arvine-de-fully-chappaz-marie-therese-2022-75cl\/","og_locale":"en_US","og_type":"article","og_title":"GRAIN ARVINE DE FULLY - Mes Vendanges","og_description":"Petite arvine de Fully sur les terroirs granitiques des Claives, des Epalins et des Seilles. Ce c\u00e9page magique du Valais associe \u00e9nergie, acidit\u00e9, maturit\u00e9, fruit\u00e9. Sur les terrasses du domaine de Marie-Th\u00e9r\u00e8se Chappaz il atteint des sommets et compte parmi les plus grands blancs de la r\u00e9gion avec son fr\u00e8re, le Grain Ermitage.","og_url":"https:\/\/www.mesvendanges.com\/en\/shop\/wines\/grain-arvine-de-fully-chappaz-marie-therese-2022-75cl\/","og_site_name":"Mes Vendanges","article_modified_time":"2025-06-10T12:54:33+00:00","og_image":[{"width":396,"height":1500,"url":"https:\/\/www.mesvendanges.com\/wp-content\/uploads\/2025\/05\/marie-therese-chappaz-grain-arvine-de-fully-2022-png.png","type":"image\/png"}],"twitter_card":"summary_large_image","schema":{"@context":"https:\/\/schema.org","@graph":[{"@type":"Organization","@id":"https:\/\/www.mesvendanges.com\/en\/#organization","name":"Mes Vendanges","url":"https:\/\/www.mesvendanges.com\/en\/","sameAs":[],"logo":{"@type":"ImageObject","inLanguage":"fr-FR","@id":"https:\/\/www.mesvendanges.com\/en\/#\/schema\/logo\/image\/","url":"https:\/\/www.mesvendanges.com\/wp-content\/uploads\/2022\/02\/logo-mesvendanges.jpg","contentUrl":"https:\/\/www.mesvendanges.com\/wp-content\/uploads\/2022\/02\/logo-mesvendanges.jpg","width":851,"height":260,"caption":"Mes Vendanges"},"image":{"@id":"https:\/\/www.mesvendanges.com\/en\/#\/schema\/logo\/image\/"}},{"@type":"WebSite","@id":"https:\/\/www.mesvendanges.com\/en\/#website","url":"https:\/\/www.mesvendanges.com\/en\/","name":"Mes Vendanges","description":"Des journ\u00e9es enti\u00e8res dans les vignes","publisher":{"@id":"https:\/\/www.mesvendanges.com\/en\/#organization"},"potentialAction":[{"@type":"SearchAction","target":{"@type":"EntryPoint","urlTemplate":"https:\/\/www.mesvendanges.com\/en\/?s={search_term_string}"},"query-input":"required name=search_term_string"}],"inLanguage":"fr-FR"},{"@type":"ImageObject","inLanguage":"fr-FR","@id":"https:\/\/www.mesvendanges.com\/en\/shop\/wines\/grain-arvine-de-fully-chappaz-marie-therese-2022-75cl\/#primaryimage","url":"https:\/\/www.mesvendanges.com\/wp-content\/uploads\/2025\/05\/marie-therese-chappaz-grain-arvine-de-fully-2022-png.png","contentUrl":"https:\/\/www.mesvendanges.com\/wp-content\/uploads\/2025\/05\/marie-therese-chappaz-grain-arvine-de-fully-2022-png.png","width":396,"height":1500},{"@type":"WebPage","@id":"https:\/\/www.mesvendanges.com\/en\/shop\/wines\/grain-arvine-de-fully-chappaz-marie-therese-2022-75cl\/","url":"https:\/\/www.mesvendanges.com\/en\/shop\/wines\/grain-arvine-de-fully-chappaz-marie-therese-2022-75cl\/","name":"GRAIN ARVINE DE FULLY - Mes Vendanges","isPartOf":{"@id":"https:\/\/www.mesvendanges.com\/en\/#website"},"primaryImageOfPage":{"@id":"https:\/\/www.mesvendanges.com\/en\/shop\/wines\/grain-arvine-de-fully-chappaz-marie-therese-2022-75cl\/#primaryimage"},"datePublished":"2024-04-20T16:07:43+00:00","dateModified":"2025-06-10T12:54:33+00:00","breadcrumb":{"@id":"https:\/\/www.mesvendanges.com\/en\/shop\/wines\/grain-arvine-de-fully-chappaz-marie-therese-2022-75cl\/#breadcrumb"},"inLanguage":"fr-FR","potentialAction":[{"@type":"ReadAction","target":["https:\/\/www.mesvendanges.com\/en\/shop\/wines\/grain-arvine-de-fully-chappaz-marie-therese-2022-75cl\/"]}]},{"@type":"BreadcrumbList","@id":"https:\/\/www.mesvendanges.com\/en\/shop\/wines\/grain-arvine-de-fully-chappaz-marie-therese-2022-75cl\/#breadcrumb","itemListElement":[{"@type":"ListItem","position":1,"name":"Home","item":"https:\/\/www.mesvendanges.com\/en\/"},{"@type":"ListItem","position":2,"name":"Shop","item":"https:\/\/www.mesvendanges.com\/en\/shop\/"},{"@type":"ListItem","position":3,"name":"GRAIN ARVINE DE FULLY"}]}]}},"_links":{"self":[{"href":"https:\/\/www.mesvendanges.com\/en\/wp-json\/wp\/v2\/product\/74149"}],"collection":[{"href":"https:\/\/www.mesvendanges.com\/en\/wp-json\/wp\/v2\/product"}],"about":[{"href":"https:\/\/www.mesvendanges.com\/en\/wp-json\/wp\/v2\/types\/product"}],"wp:featuredmedia":[{"embeddable":true,"href":"https:\/\/www.mesvendanges.com\/en\/wp-json\/wp\/v2\/media\/86588"}],"wp:attachment":[{"href":"https:\/\/www.mesvendanges.com\/en\/wp-json\/wp\/v2\/media?parent=74149"}],"wp:term":[{"taxonomy":"product_cat","embeddable":true,"href":"https:\/\/www.mesvendanges.com\/en\/wp-json\/wp\/v2\/product_cat?post=74149"},{"taxonomy":"product_tag","embeddable":true,"href":"https:\/\/www.mesvendanges.com\/en\/wp-json\/wp\/v2\/product_tag?post=74149"}],"curies":[{"name":"wp","href":"https:\/\/api.w.org\/{rel}","templated":true}]}}