{"id":74159,"date":"2024-04-20T18:26:28","date_gmt":"2024-04-20T16:26:28","guid":{"rendered":"https:\/\/www.mesvendanges.com\/shop\/uncategorized\/grain-pinot-chamoson-chappaz-marie-therese-2022-75cl\/"},"modified":"2025-05-01T14:38:52","modified_gmt":"2025-05-01T12:38:52","slug":"grain-pinot-chamoson-chappaz-marie-therese-2022-75cl","status":"publish","type":"product","link":"https:\/\/www.mesvendanges.com\/en\/shop\/wines\/grain-pinot-chamoson-chappaz-marie-therese-2022-75cl\/","title":{"rendered":"GRAIN PINOT CHAMOSON"},"content":{"rendered":"<p>C\u00e9page : Pinot Noir, vieilles vignes Terroir : calcaire, caillouteux sur Chamoson.<\/p>\n<p> D\u00e9gustation : ce pinot est d&#8217;une tr\u00e8s belle densit\u00e9 du fait du grand \u00e2ge des vignes et du sol tr\u00e8s caillouteux. Un vin de grande texture, taill\u00e9 pour la garde, qui d\u00e9veloppera avec le temps finesse, trame savoureuse et grande fra\u00eecheur.<\/p>\n","protected":false},"excerpt":{"rendered":"<p>C\u00e9page : Pinot Noir, vieilles vignes Terroir : calcaire, caillouteux sur Chamoson. D\u00e9gustation : ce pinot est d&#8217;une tr\u00e8s belle densit\u00e9 du fait du grand \u00e2ge des vignes et du sol tr\u00e8s caillouteux. Un vin de grande texture, taill\u00e9 pour la garde, qui d\u00e9veloppera avec le temps finesse, trame savoureuse et grande fra\u00eecheur.<\/p>\n","protected":false},"featured_media":86640,"template":"","meta":[],"product_cat":[3740],"product_tag":[],"acf":[],"yoast_head":"<!-- This site is optimized with the Yoast SEO plugin v19.3 - https:\/\/yoast.com\/wordpress\/plugins\/seo\/ -->\n<title>GRAIN PINOT CHAMOSON - Mes Vendanges<\/title>\n<meta name=\"robots\" content=\"index, follow, max-snippet:-1, max-image-preview:large, max-video-preview:-1\" \/>\n<link rel=\"canonical\" href=\"https:\/\/www.mesvendanges.com\/en\/shop\/wines\/grain-pinot-chamoson-chappaz-marie-therese-2022-75cl\/\" \/>\n<meta property=\"og:locale\" content=\"en_US\" \/>\n<meta property=\"og:type\" content=\"article\" \/>\n<meta property=\"og:title\" content=\"GRAIN PINOT CHAMOSON - Mes Vendanges\" \/>\n<meta property=\"og:description\" content=\"C\u00e9page : Pinot Noir, vieilles vignes Terroir : calcaire, caillouteux sur Chamoson. D\u00e9gustation : ce pinot est d&#8217;une tr\u00e8s belle densit\u00e9 du fait du grand \u00e2ge des vignes et du sol tr\u00e8s caillouteux. Un vin de grande texture, taill\u00e9 pour la garde, qui d\u00e9veloppera avec le temps finesse, trame savoureuse et grande fra\u00eecheur.\" \/>\n<meta property=\"og:url\" content=\"https:\/\/www.mesvendanges.com\/en\/shop\/wines\/grain-pinot-chamoson-chappaz-marie-therese-2022-75cl\/\" \/>\n<meta property=\"og:site_name\" content=\"Mes Vendanges\" \/>\n<meta property=\"article:modified_time\" content=\"2025-05-01T12:38:52+00:00\" \/>\n<meta property=\"og:image\" content=\"https:\/\/www.mesvendanges.com\/wp-content\/uploads\/2025\/05\/marie-therese-chappaz-grain-pinot-chamosson-2022-png.png\" \/>\n\t<meta property=\"og:image:width\" content=\"408\" \/>\n\t<meta property=\"og:image:height\" content=\"1500\" \/>\n\t<meta property=\"og:image:type\" content=\"image\/png\" \/>\n<meta name=\"twitter:card\" content=\"summary_large_image\" \/>\n<script type=\"application\/ld+json\" class=\"yoast-schema-graph\">{\"@context\":\"https:\/\/schema.org\",\"@graph\":[{\"@type\":\"Organization\",\"@id\":\"https:\/\/www.mesvendanges.com\/en\/#organization\",\"name\":\"Mes Vendanges\",\"url\":\"https:\/\/www.mesvendanges.com\/en\/\",\"sameAs\":[],\"logo\":{\"@type\":\"ImageObject\",\"inLanguage\":\"fr-FR\",\"@id\":\"https:\/\/www.mesvendanges.com\/en\/#\/schema\/logo\/image\/\",\"url\":\"https:\/\/www.mesvendanges.com\/wp-content\/uploads\/2022\/02\/logo-mesvendanges.jpg\",\"contentUrl\":\"https:\/\/www.mesvendanges.com\/wp-content\/uploads\/2022\/02\/logo-mesvendanges.jpg\",\"width\":851,\"height\":260,\"caption\":\"Mes Vendanges\"},\"image\":{\"@id\":\"https:\/\/www.mesvendanges.com\/en\/#\/schema\/logo\/image\/\"}},{\"@type\":\"WebSite\",\"@id\":\"https:\/\/www.mesvendanges.com\/en\/#website\",\"url\":\"https:\/\/www.mesvendanges.com\/en\/\",\"name\":\"Mes Vendanges\",\"description\":\"Des journ\u00e9es enti\u00e8res dans les vignes\",\"publisher\":{\"@id\":\"https:\/\/www.mesvendanges.com\/en\/#organization\"},\"potentialAction\":[{\"@type\":\"SearchAction\",\"target\":{\"@type\":\"EntryPoint\",\"urlTemplate\":\"https:\/\/www.mesvendanges.com\/en\/?s={search_term_string}\"},\"query-input\":\"required name=search_term_string\"}],\"inLanguage\":\"fr-FR\"},{\"@type\":\"ImageObject\",\"inLanguage\":\"fr-FR\",\"@id\":\"https:\/\/www.mesvendanges.com\/en\/shop\/wines\/grain-pinot-chamoson-chappaz-marie-therese-2022-75cl\/#primaryimage\",\"url\":\"https:\/\/www.mesvendanges.com\/wp-content\/uploads\/2025\/05\/marie-therese-chappaz-grain-pinot-chamosson-2022-png.png\",\"contentUrl\":\"https:\/\/www.mesvendanges.com\/wp-content\/uploads\/2025\/05\/marie-therese-chappaz-grain-pinot-chamosson-2022-png.png\",\"width\":408,\"height\":1500},{\"@type\":\"WebPage\",\"@id\":\"https:\/\/www.mesvendanges.com\/en\/shop\/wines\/grain-pinot-chamoson-chappaz-marie-therese-2022-75cl\/\",\"url\":\"https:\/\/www.mesvendanges.com\/en\/shop\/wines\/grain-pinot-chamoson-chappaz-marie-therese-2022-75cl\/\",\"name\":\"GRAIN PINOT CHAMOSON - Mes Vendanges\",\"isPartOf\":{\"@id\":\"https:\/\/www.mesvendanges.com\/en\/#website\"},\"primaryImageOfPage\":{\"@id\":\"https:\/\/www.mesvendanges.com\/en\/shop\/wines\/grain-pinot-chamoson-chappaz-marie-therese-2022-75cl\/#primaryimage\"},\"datePublished\":\"2024-04-20T16:26:28+00:00\",\"dateModified\":\"2025-05-01T12:38:52+00:00\",\"breadcrumb\":{\"@id\":\"https:\/\/www.mesvendanges.com\/en\/shop\/wines\/grain-pinot-chamoson-chappaz-marie-therese-2022-75cl\/#breadcrumb\"},\"inLanguage\":\"fr-FR\",\"potentialAction\":[{\"@type\":\"ReadAction\",\"target\":[\"https:\/\/www.mesvendanges.com\/en\/shop\/wines\/grain-pinot-chamoson-chappaz-marie-therese-2022-75cl\/\"]}]},{\"@type\":\"BreadcrumbList\",\"@id\":\"https:\/\/www.mesvendanges.com\/en\/shop\/wines\/grain-pinot-chamoson-chappaz-marie-therese-2022-75cl\/#breadcrumb\",\"itemListElement\":[{\"@type\":\"ListItem\",\"position\":1,\"name\":\"Home\",\"item\":\"https:\/\/www.mesvendanges.com\/en\/\"},{\"@type\":\"ListItem\",\"position\":2,\"name\":\"Shop\",\"item\":\"https:\/\/www.mesvendanges.com\/en\/shop\/\"},{\"@type\":\"ListItem\",\"position\":3,\"name\":\"GRAIN PINOT CHAMOSON\"}]}]}<\/script>\n<!-- \/ Yoast SEO plugin. -->","yoast_head_json":{"title":"GRAIN PINOT CHAMOSON - Mes Vendanges","robots":{"index":"index","follow":"follow","max-snippet":"max-snippet:-1","max-image-preview":"max-image-preview:large","max-video-preview":"max-video-preview:-1"},"canonical":"https:\/\/www.mesvendanges.com\/en\/shop\/wines\/grain-pinot-chamoson-chappaz-marie-therese-2022-75cl\/","og_locale":"en_US","og_type":"article","og_title":"GRAIN PINOT CHAMOSON - Mes Vendanges","og_description":"C\u00e9page : Pinot Noir, vieilles vignes Terroir : calcaire, caillouteux sur Chamoson. D\u00e9gustation : ce pinot est d&#8217;une tr\u00e8s belle densit\u00e9 du fait du grand \u00e2ge des vignes et du sol tr\u00e8s caillouteux. Un vin de grande texture, taill\u00e9 pour la garde, qui d\u00e9veloppera avec le temps finesse, trame savoureuse et grande fra\u00eecheur.","og_url":"https:\/\/www.mesvendanges.com\/en\/shop\/wines\/grain-pinot-chamoson-chappaz-marie-therese-2022-75cl\/","og_site_name":"Mes Vendanges","article_modified_time":"2025-05-01T12:38:52+00:00","og_image":[{"width":408,"height":1500,"url":"https:\/\/www.mesvendanges.com\/wp-content\/uploads\/2025\/05\/marie-therese-chappaz-grain-pinot-chamosson-2022-png.png","type":"image\/png"}],"twitter_card":"summary_large_image","schema":{"@context":"https:\/\/schema.org","@graph":[{"@type":"Organization","@id":"https:\/\/www.mesvendanges.com\/en\/#organization","name":"Mes Vendanges","url":"https:\/\/www.mesvendanges.com\/en\/","sameAs":[],"logo":{"@type":"ImageObject","inLanguage":"fr-FR","@id":"https:\/\/www.mesvendanges.com\/en\/#\/schema\/logo\/image\/","url":"https:\/\/www.mesvendanges.com\/wp-content\/uploads\/2022\/02\/logo-mesvendanges.jpg","contentUrl":"https:\/\/www.mesvendanges.com\/wp-content\/uploads\/2022\/02\/logo-mesvendanges.jpg","width":851,"height":260,"caption":"Mes Vendanges"},"image":{"@id":"https:\/\/www.mesvendanges.com\/en\/#\/schema\/logo\/image\/"}},{"@type":"WebSite","@id":"https:\/\/www.mesvendanges.com\/en\/#website","url":"https:\/\/www.mesvendanges.com\/en\/","name":"Mes Vendanges","description":"Des journ\u00e9es enti\u00e8res dans les vignes","publisher":{"@id":"https:\/\/www.mesvendanges.com\/en\/#organization"},"potentialAction":[{"@type":"SearchAction","target":{"@type":"EntryPoint","urlTemplate":"https:\/\/www.mesvendanges.com\/en\/?s={search_term_string}"},"query-input":"required name=search_term_string"}],"inLanguage":"fr-FR"},{"@type":"ImageObject","inLanguage":"fr-FR","@id":"https:\/\/www.mesvendanges.com\/en\/shop\/wines\/grain-pinot-chamoson-chappaz-marie-therese-2022-75cl\/#primaryimage","url":"https:\/\/www.mesvendanges.com\/wp-content\/uploads\/2025\/05\/marie-therese-chappaz-grain-pinot-chamosson-2022-png.png","contentUrl":"https:\/\/www.mesvendanges.com\/wp-content\/uploads\/2025\/05\/marie-therese-chappaz-grain-pinot-chamosson-2022-png.png","width":408,"height":1500},{"@type":"WebPage","@id":"https:\/\/www.mesvendanges.com\/en\/shop\/wines\/grain-pinot-chamoson-chappaz-marie-therese-2022-75cl\/","url":"https:\/\/www.mesvendanges.com\/en\/shop\/wines\/grain-pinot-chamoson-chappaz-marie-therese-2022-75cl\/","name":"GRAIN PINOT CHAMOSON - Mes Vendanges","isPartOf":{"@id":"https:\/\/www.mesvendanges.com\/en\/#website"},"primaryImageOfPage":{"@id":"https:\/\/www.mesvendanges.com\/en\/shop\/wines\/grain-pinot-chamoson-chappaz-marie-therese-2022-75cl\/#primaryimage"},"datePublished":"2024-04-20T16:26:28+00:00","dateModified":"2025-05-01T12:38:52+00:00","breadcrumb":{"@id":"https:\/\/www.mesvendanges.com\/en\/shop\/wines\/grain-pinot-chamoson-chappaz-marie-therese-2022-75cl\/#breadcrumb"},"inLanguage":"fr-FR","potentialAction":[{"@type":"ReadAction","target":["https:\/\/www.mesvendanges.com\/en\/shop\/wines\/grain-pinot-chamoson-chappaz-marie-therese-2022-75cl\/"]}]},{"@type":"BreadcrumbList","@id":"https:\/\/www.mesvendanges.com\/en\/shop\/wines\/grain-pinot-chamoson-chappaz-marie-therese-2022-75cl\/#breadcrumb","itemListElement":[{"@type":"ListItem","position":1,"name":"Home","item":"https:\/\/www.mesvendanges.com\/en\/"},{"@type":"ListItem","position":2,"name":"Shop","item":"https:\/\/www.mesvendanges.com\/en\/shop\/"},{"@type":"ListItem","position":3,"name":"GRAIN PINOT CHAMOSON"}]}]}},"_links":{"self":[{"href":"https:\/\/www.mesvendanges.com\/en\/wp-json\/wp\/v2\/product\/74159"}],"collection":[{"href":"https:\/\/www.mesvendanges.com\/en\/wp-json\/wp\/v2\/product"}],"about":[{"href":"https:\/\/www.mesvendanges.com\/en\/wp-json\/wp\/v2\/types\/product"}],"wp:featuredmedia":[{"embeddable":true,"href":"https:\/\/www.mesvendanges.com\/en\/wp-json\/wp\/v2\/media\/86640"}],"wp:attachment":[{"href":"https:\/\/www.mesvendanges.com\/en\/wp-json\/wp\/v2\/media?parent=74159"}],"wp:term":[{"taxonomy":"product_cat","embeddable":true,"href":"https:\/\/www.mesvendanges.com\/en\/wp-json\/wp\/v2\/product_cat?post=74159"},{"taxonomy":"product_tag","embeddable":true,"href":"https:\/\/www.mesvendanges.com\/en\/wp-json\/wp\/v2\/product_tag?post=74159"}],"curies":[{"name":"wp","href":"https:\/\/api.w.org\/{rel}","templated":true}]}}