{"id":74387,"date":"2024-05-05T17:49:47","date_gmt":"2024-05-05T15:49:47","guid":{"rendered":"https:\/\/www.mesvendanges.com\/shop\/uncategorized\/matalian-bodega-primitivo-collantes-2023-75cl\/"},"modified":"2026-03-25T11:01:01","modified_gmt":"2026-03-25T10:01:01","slug":"matalian-bodega-primitivo-collantes-2023-75cl","status":"publish","type":"product","link":"https:\/\/www.mesvendanges.com\/en\/shop\/wines\/matalian-bodega-primitivo-collantes-2023-75cl\/","title":{"rendered":"MATALIAN"},"content":{"rendered":"<p>Voici une tr\u00e8s belle introductions aux blancs secs d&#8217;Andalousie. Cette cuv\u00e9e &#8216;Matalian&#8217;, issue du c\u00e9page palomino plant\u00e9s sur les sols albariza, typiques de la r\u00e9gio de Jerez, se distinque par sa bouche sapide, saline, presque physiologique. Vinif\u00e9e en cuve pour pr\u00e9server au maximum sa fraicheur, elle a un peps, une \u00e9vidence, et un beau volume sph\u00e9rique. Une bouteille id\u00e9ale pour s&#8217;ouvrir l&#8217;app\u00e9tit, accompagn\u00e9e de quelques huitres de choix.<\/p>\n","protected":false},"excerpt":{"rendered":"<p>Voici une tr\u00e8s belle introductions aux blancs secs d&#8217;Andalousie. Cette cuv\u00e9e &#8216;Matalian&#8217;, issue du c\u00e9page palomino plant\u00e9s sur les sols albariza, typiques de la r\u00e9gio de Jerez, se distinque par sa bouche sapide, saline, presque physiologique. Vinif\u00e9e en cuve pour pr\u00e9server au maximum sa fraicheur, elle a un peps, une \u00e9vidence, et un beau volume [&hellip;]<\/p>\n","protected":false},"featured_media":74382,"template":"","meta":[],"product_cat":[3740],"product_tag":[],"acf":[],"yoast_head":"<!-- This site is optimized with the Yoast SEO plugin v19.3 - https:\/\/yoast.com\/wordpress\/plugins\/seo\/ -->\n<title>MATALIAN 2023 - Bodega Primitivo Collantes - Mes Vendanges<\/title>\n<meta name=\"description\" content=\"La cuv\u00e9e Matalian 2023 de la Bodega Primitivo Collantes est une cuv\u00e9e 100% palomino, \u00e9lev\u00e9e 6 mois en cuve inox. Petite bombe andalouse !\" \/>\n<meta name=\"robots\" content=\"index, follow, max-snippet:-1, max-image-preview:large, max-video-preview:-1\" \/>\n<link rel=\"canonical\" href=\"https:\/\/www.mesvendanges.com\/en\/shop\/wines\/matalian-bodega-primitivo-collantes-2023-75cl\/\" \/>\n<meta property=\"og:locale\" content=\"en_US\" \/>\n<meta property=\"og:type\" content=\"article\" \/>\n<meta property=\"og:title\" content=\"MATALIAN 2023 - Bodega Primitivo Collantes - Mes Vendanges\" \/>\n<meta property=\"og:description\" content=\"La cuv\u00e9e Matalian 2023 de la Bodega Primitivo Collantes est une cuv\u00e9e 100% palomino, \u00e9lev\u00e9e 6 mois en cuve inox. Petite bombe andalouse !\" \/>\n<meta property=\"og:url\" content=\"https:\/\/www.mesvendanges.com\/en\/shop\/wines\/matalian-bodega-primitivo-collantes-2023-75cl\/\" \/>\n<meta property=\"og:site_name\" content=\"Mes Vendanges\" \/>\n<meta property=\"article:modified_time\" content=\"2026-03-25T10:01:01+00:00\" \/>\n<meta property=\"og:image\" content=\"https:\/\/www.mesvendanges.com\/wp-content\/uploads\/2024\/05\/bodegas-primitivo-collantes-matalian-2023-png.png\" \/>\n\t<meta property=\"og:image:width\" content=\"434\" \/>\n\t<meta property=\"og:image:height\" content=\"1500\" \/>\n\t<meta property=\"og:image:type\" content=\"image\/png\" \/>\n<meta name=\"twitter:card\" content=\"summary_large_image\" \/>\n<meta name=\"twitter:label1\" content=\"Est. reading time\" \/>\n\t<meta name=\"twitter:data1\" content=\"1 minute\" \/>\n<script type=\"application\/ld+json\" class=\"yoast-schema-graph\">{\"@context\":\"https:\/\/schema.org\",\"@graph\":[{\"@type\":\"Organization\",\"@id\":\"https:\/\/www.mesvendanges.com\/en\/#organization\",\"name\":\"Mes Vendanges\",\"url\":\"https:\/\/www.mesvendanges.com\/en\/\",\"sameAs\":[],\"logo\":{\"@type\":\"ImageObject\",\"inLanguage\":\"fr-FR\",\"@id\":\"https:\/\/www.mesvendanges.com\/en\/#\/schema\/logo\/image\/\",\"url\":\"https:\/\/www.mesvendanges.com\/wp-content\/uploads\/2022\/02\/logo-mesvendanges.jpg\",\"contentUrl\":\"https:\/\/www.mesvendanges.com\/wp-content\/uploads\/2022\/02\/logo-mesvendanges.jpg\",\"width\":851,\"height\":260,\"caption\":\"Mes Vendanges\"},\"image\":{\"@id\":\"https:\/\/www.mesvendanges.com\/en\/#\/schema\/logo\/image\/\"}},{\"@type\":\"WebSite\",\"@id\":\"https:\/\/www.mesvendanges.com\/en\/#website\",\"url\":\"https:\/\/www.mesvendanges.com\/en\/\",\"name\":\"Mes Vendanges\",\"description\":\"Des journ\u00e9es enti\u00e8res dans les vignes\",\"publisher\":{\"@id\":\"https:\/\/www.mesvendanges.com\/en\/#organization\"},\"potentialAction\":[{\"@type\":\"SearchAction\",\"target\":{\"@type\":\"EntryPoint\",\"urlTemplate\":\"https:\/\/www.mesvendanges.com\/en\/?s={search_term_string}\"},\"query-input\":\"required name=search_term_string\"}],\"inLanguage\":\"fr-FR\"},{\"@type\":\"ImageObject\",\"inLanguage\":\"fr-FR\",\"@id\":\"https:\/\/www.mesvendanges.com\/en\/shop\/wines\/matalian-bodega-primitivo-collantes-2023-75cl\/#primaryimage\",\"url\":\"https:\/\/www.mesvendanges.com\/wp-content\/uploads\/2024\/05\/bodegas-primitivo-collantes-matalian-2023-png.png\",\"contentUrl\":\"https:\/\/www.mesvendanges.com\/wp-content\/uploads\/2024\/05\/bodegas-primitivo-collantes-matalian-2023-png.png\",\"width\":434,\"height\":1500},{\"@type\":\"WebPage\",\"@id\":\"https:\/\/www.mesvendanges.com\/en\/shop\/wines\/matalian-bodega-primitivo-collantes-2023-75cl\/\",\"url\":\"https:\/\/www.mesvendanges.com\/en\/shop\/wines\/matalian-bodega-primitivo-collantes-2023-75cl\/\",\"name\":\"MATALIAN 2023 - Bodega Primitivo Collantes - Mes Vendanges\",\"isPartOf\":{\"@id\":\"https:\/\/www.mesvendanges.com\/en\/#website\"},\"primaryImageOfPage\":{\"@id\":\"https:\/\/www.mesvendanges.com\/en\/shop\/wines\/matalian-bodega-primitivo-collantes-2023-75cl\/#primaryimage\"},\"datePublished\":\"2024-05-05T15:49:47+00:00\",\"dateModified\":\"2026-03-25T10:01:01+00:00\",\"description\":\"La cuv\u00e9e Matalian 2023 de la Bodega Primitivo Collantes est une cuv\u00e9e 100% palomino, \u00e9lev\u00e9e 6 mois en cuve inox. Petite bombe andalouse !\",\"breadcrumb\":{\"@id\":\"https:\/\/www.mesvendanges.com\/en\/shop\/wines\/matalian-bodega-primitivo-collantes-2023-75cl\/#breadcrumb\"},\"inLanguage\":\"fr-FR\",\"potentialAction\":[{\"@type\":\"ReadAction\",\"target\":[\"https:\/\/www.mesvendanges.com\/en\/shop\/wines\/matalian-bodega-primitivo-collantes-2023-75cl\/\"]}]},{\"@type\":\"BreadcrumbList\",\"@id\":\"https:\/\/www.mesvendanges.com\/en\/shop\/wines\/matalian-bodega-primitivo-collantes-2023-75cl\/#breadcrumb\",\"itemListElement\":[{\"@type\":\"ListItem\",\"position\":1,\"name\":\"Home\",\"item\":\"https:\/\/www.mesvendanges.com\/en\/\"},{\"@type\":\"ListItem\",\"position\":2,\"name\":\"Shop\",\"item\":\"https:\/\/www.mesvendanges.com\/en\/shop\/\"},{\"@type\":\"ListItem\",\"position\":3,\"name\":\"MATALIAN\"}]}]}<\/script>\n<!-- \/ Yoast SEO plugin. -->","yoast_head_json":{"title":"MATALIAN 2023 - Bodega Primitivo Collantes - Mes Vendanges","description":"La cuv\u00e9e Matalian 2023 de la Bodega Primitivo Collantes est une cuv\u00e9e 100% palomino, \u00e9lev\u00e9e 6 mois en cuve inox. Petite bombe andalouse !","robots":{"index":"index","follow":"follow","max-snippet":"max-snippet:-1","max-image-preview":"max-image-preview:large","max-video-preview":"max-video-preview:-1"},"canonical":"https:\/\/www.mesvendanges.com\/en\/shop\/wines\/matalian-bodega-primitivo-collantes-2023-75cl\/","og_locale":"en_US","og_type":"article","og_title":"MATALIAN 2023 - Bodega Primitivo Collantes - Mes Vendanges","og_description":"La cuv\u00e9e Matalian 2023 de la Bodega Primitivo Collantes est une cuv\u00e9e 100% palomino, \u00e9lev\u00e9e 6 mois en cuve inox. Petite bombe andalouse !","og_url":"https:\/\/www.mesvendanges.com\/en\/shop\/wines\/matalian-bodega-primitivo-collantes-2023-75cl\/","og_site_name":"Mes Vendanges","article_modified_time":"2026-03-25T10:01:01+00:00","og_image":[{"width":434,"height":1500,"url":"https:\/\/www.mesvendanges.com\/wp-content\/uploads\/2024\/05\/bodegas-primitivo-collantes-matalian-2023-png.png","type":"image\/png"}],"twitter_card":"summary_large_image","twitter_misc":{"Est. reading time":"1 minute"},"schema":{"@context":"https:\/\/schema.org","@graph":[{"@type":"Organization","@id":"https:\/\/www.mesvendanges.com\/en\/#organization","name":"Mes Vendanges","url":"https:\/\/www.mesvendanges.com\/en\/","sameAs":[],"logo":{"@type":"ImageObject","inLanguage":"fr-FR","@id":"https:\/\/www.mesvendanges.com\/en\/#\/schema\/logo\/image\/","url":"https:\/\/www.mesvendanges.com\/wp-content\/uploads\/2022\/02\/logo-mesvendanges.jpg","contentUrl":"https:\/\/www.mesvendanges.com\/wp-content\/uploads\/2022\/02\/logo-mesvendanges.jpg","width":851,"height":260,"caption":"Mes Vendanges"},"image":{"@id":"https:\/\/www.mesvendanges.com\/en\/#\/schema\/logo\/image\/"}},{"@type":"WebSite","@id":"https:\/\/www.mesvendanges.com\/en\/#website","url":"https:\/\/www.mesvendanges.com\/en\/","name":"Mes Vendanges","description":"Des journ\u00e9es enti\u00e8res dans les vignes","publisher":{"@id":"https:\/\/www.mesvendanges.com\/en\/#organization"},"potentialAction":[{"@type":"SearchAction","target":{"@type":"EntryPoint","urlTemplate":"https:\/\/www.mesvendanges.com\/en\/?s={search_term_string}"},"query-input":"required name=search_term_string"}],"inLanguage":"fr-FR"},{"@type":"ImageObject","inLanguage":"fr-FR","@id":"https:\/\/www.mesvendanges.com\/en\/shop\/wines\/matalian-bodega-primitivo-collantes-2023-75cl\/#primaryimage","url":"https:\/\/www.mesvendanges.com\/wp-content\/uploads\/2024\/05\/bodegas-primitivo-collantes-matalian-2023-png.png","contentUrl":"https:\/\/www.mesvendanges.com\/wp-content\/uploads\/2024\/05\/bodegas-primitivo-collantes-matalian-2023-png.png","width":434,"height":1500},{"@type":"WebPage","@id":"https:\/\/www.mesvendanges.com\/en\/shop\/wines\/matalian-bodega-primitivo-collantes-2023-75cl\/","url":"https:\/\/www.mesvendanges.com\/en\/shop\/wines\/matalian-bodega-primitivo-collantes-2023-75cl\/","name":"MATALIAN 2023 - Bodega Primitivo Collantes - Mes Vendanges","isPartOf":{"@id":"https:\/\/www.mesvendanges.com\/en\/#website"},"primaryImageOfPage":{"@id":"https:\/\/www.mesvendanges.com\/en\/shop\/wines\/matalian-bodega-primitivo-collantes-2023-75cl\/#primaryimage"},"datePublished":"2024-05-05T15:49:47+00:00","dateModified":"2026-03-25T10:01:01+00:00","description":"La cuv\u00e9e Matalian 2023 de la Bodega Primitivo Collantes est une cuv\u00e9e 100% palomino, \u00e9lev\u00e9e 6 mois en cuve inox. Petite bombe andalouse !","breadcrumb":{"@id":"https:\/\/www.mesvendanges.com\/en\/shop\/wines\/matalian-bodega-primitivo-collantes-2023-75cl\/#breadcrumb"},"inLanguage":"fr-FR","potentialAction":[{"@type":"ReadAction","target":["https:\/\/www.mesvendanges.com\/en\/shop\/wines\/matalian-bodega-primitivo-collantes-2023-75cl\/"]}]},{"@type":"BreadcrumbList","@id":"https:\/\/www.mesvendanges.com\/en\/shop\/wines\/matalian-bodega-primitivo-collantes-2023-75cl\/#breadcrumb","itemListElement":[{"@type":"ListItem","position":1,"name":"Home","item":"https:\/\/www.mesvendanges.com\/en\/"},{"@type":"ListItem","position":2,"name":"Shop","item":"https:\/\/www.mesvendanges.com\/en\/shop\/"},{"@type":"ListItem","position":3,"name":"MATALIAN"}]}]}},"_links":{"self":[{"href":"https:\/\/www.mesvendanges.com\/en\/wp-json\/wp\/v2\/product\/74387"}],"collection":[{"href":"https:\/\/www.mesvendanges.com\/en\/wp-json\/wp\/v2\/product"}],"about":[{"href":"https:\/\/www.mesvendanges.com\/en\/wp-json\/wp\/v2\/types\/product"}],"wp:featuredmedia":[{"embeddable":true,"href":"https:\/\/www.mesvendanges.com\/en\/wp-json\/wp\/v2\/media\/74382"}],"wp:attachment":[{"href":"https:\/\/www.mesvendanges.com\/en\/wp-json\/wp\/v2\/media?parent=74387"}],"wp:term":[{"taxonomy":"product_cat","embeddable":true,"href":"https:\/\/www.mesvendanges.com\/en\/wp-json\/wp\/v2\/product_cat?post=74387"},{"taxonomy":"product_tag","embeddable":true,"href":"https:\/\/www.mesvendanges.com\/en\/wp-json\/wp\/v2\/product_tag?post=74387"}],"curies":[{"name":"wp","href":"https:\/\/api.w.org\/{rel}","templated":true}]}}