{"id":75993,"date":"2024-08-14T15:13:47","date_gmt":"2024-08-14T13:13:47","guid":{"rendered":"https:\/\/www.mesvendanges.com\/shop\/uncategorized\/zaatar-epices-shira-100gr\/"},"modified":"2026-03-24T10:03:13","modified_gmt":"2026-03-24T09:03:13","slug":"zaatar-epices-shira-100gr","status":"publish","type":"product","link":"https:\/\/www.mesvendanges.com\/en\/shop\/groceries-and-accessories\/zaatar-epices-shira-100gr\/","title":{"rendered":"ZA&#8217;ATAR"},"content":{"rendered":"<p>Le za\u2019atar est une vari\u00e9t\u00e9 d\u2019origan sauvage (origanum syriacum) qui pousse dans tout le Moyen-Orient. C\u2019est aussi le nom d\u2019un m\u00e9lange dont cette herbe est l\u2019ingr\u00e9dient principal. Les feuilles que nous avons s\u00e9lectionn\u00e9es sont bio et proviennent de la r\u00e9gion de J\u00e9nine, dans le nord de la Palestine. Elles sont cueillies \u00e0 la main en pleine nature par une coop\u00e9rative compos\u00e9e exclusivement de femmes. Le parfum de cette plante rappelle le thym et l\u2019origan par son c\u00f4t\u00e9 r\u00e9sineux. Le s\u00e9same, autre ingr\u00e9dient cl\u00e9 de ce m\u00e9lange, apporte une touche min\u00e9rale et de sublimes saveurs de noisette grill\u00e9e. Enfin, le sumac donne une touche de piquant et d\u2019acidit\u00e9. Cette combinaison donne au za\u2019atar un parfum complexe, extr\u00eamement chaleureux et presque br\u00fblant.<\/p>\n","protected":false},"excerpt":{"rendered":"<p>Le za\u2019atar est une vari\u00e9t\u00e9 d\u2019origan sauvage (origanum syriacum) qui pousse dans tout le Moyen-Orient. C\u2019est aussi le nom d\u2019un m\u00e9lange dont cette herbe est l\u2019ingr\u00e9dient principal. Les feuilles que nous avons s\u00e9lectionn\u00e9es sont bio et proviennent de la r\u00e9gion de J\u00e9nine, dans le nord de la Palestine. Elles sont cueillies \u00e0 la main en [&hellip;]<\/p>\n","protected":false},"featured_media":76237,"template":"","meta":[],"product_cat":[3741],"product_tag":[],"acf":[],"yoast_head":"<!-- This site is optimized with the Yoast SEO plugin v19.3 - https:\/\/yoast.com\/wordpress\/plugins\/seo\/ -->\n<title>ZA&#039;ATAR - Mes Vendanges<\/title>\n<meta name=\"robots\" content=\"index, follow, max-snippet:-1, max-image-preview:large, max-video-preview:-1\" \/>\n<link rel=\"canonical\" href=\"https:\/\/www.mesvendanges.com\/en\/shop\/groceries-and-accessories\/zaatar-epices-shira-100gr\/\" \/>\n<meta property=\"og:locale\" content=\"en_US\" \/>\n<meta property=\"og:type\" content=\"article\" \/>\n<meta property=\"og:title\" content=\"ZA&#039;ATAR - Mes Vendanges\" \/>\n<meta property=\"og:description\" content=\"Le za\u2019atar est une vari\u00e9t\u00e9 d\u2019origan sauvage (origanum syriacum) qui pousse dans tout le Moyen-Orient. C\u2019est aussi le nom d\u2019un m\u00e9lange dont cette herbe est l\u2019ingr\u00e9dient principal. Les feuilles que nous avons s\u00e9lectionn\u00e9es sont bio et proviennent de la r\u00e9gion de J\u00e9nine, dans le nord de la Palestine. Elles sont cueillies \u00e0 la main en [&hellip;]\" \/>\n<meta property=\"og:url\" content=\"https:\/\/www.mesvendanges.com\/en\/shop\/groceries-and-accessories\/zaatar-epices-shira-100gr\/\" \/>\n<meta property=\"og:site_name\" content=\"Mes Vendanges\" \/>\n<meta property=\"article:modified_time\" content=\"2026-03-24T09:03:13+00:00\" \/>\n<meta property=\"og:image\" content=\"https:\/\/www.mesvendanges.com\/wp-content\/uploads\/2024\/08\/epices-shira-zaatar-png.png\" \/>\n\t<meta property=\"og:image:width\" content=\"694\" \/>\n\t<meta property=\"og:image:height\" content=\"1500\" \/>\n\t<meta property=\"og:image:type\" content=\"image\/png\" \/>\n<meta name=\"twitter:card\" content=\"summary_large_image\" \/>\n<meta name=\"twitter:label1\" content=\"Est. reading time\" \/>\n\t<meta name=\"twitter:data1\" content=\"1 minute\" \/>\n<script type=\"application\/ld+json\" class=\"yoast-schema-graph\">{\"@context\":\"https:\/\/schema.org\",\"@graph\":[{\"@type\":\"Organization\",\"@id\":\"https:\/\/www.mesvendanges.com\/en\/#organization\",\"name\":\"Mes Vendanges\",\"url\":\"https:\/\/www.mesvendanges.com\/en\/\",\"sameAs\":[],\"logo\":{\"@type\":\"ImageObject\",\"inLanguage\":\"fr-FR\",\"@id\":\"https:\/\/www.mesvendanges.com\/en\/#\/schema\/logo\/image\/\",\"url\":\"https:\/\/www.mesvendanges.com\/wp-content\/uploads\/2022\/02\/logo-mesvendanges.jpg\",\"contentUrl\":\"https:\/\/www.mesvendanges.com\/wp-content\/uploads\/2022\/02\/logo-mesvendanges.jpg\",\"width\":851,\"height\":260,\"caption\":\"Mes Vendanges\"},\"image\":{\"@id\":\"https:\/\/www.mesvendanges.com\/en\/#\/schema\/logo\/image\/\"}},{\"@type\":\"WebSite\",\"@id\":\"https:\/\/www.mesvendanges.com\/en\/#website\",\"url\":\"https:\/\/www.mesvendanges.com\/en\/\",\"name\":\"Mes Vendanges\",\"description\":\"Des journ\u00e9es enti\u00e8res dans les vignes\",\"publisher\":{\"@id\":\"https:\/\/www.mesvendanges.com\/en\/#organization\"},\"potentialAction\":[{\"@type\":\"SearchAction\",\"target\":{\"@type\":\"EntryPoint\",\"urlTemplate\":\"https:\/\/www.mesvendanges.com\/en\/?s={search_term_string}\"},\"query-input\":\"required name=search_term_string\"}],\"inLanguage\":\"fr-FR\"},{\"@type\":\"ImageObject\",\"inLanguage\":\"fr-FR\",\"@id\":\"https:\/\/www.mesvendanges.com\/en\/shop\/groceries-and-accessories\/zaatar-epices-shira-100gr\/#primaryimage\",\"url\":\"https:\/\/www.mesvendanges.com\/wp-content\/uploads\/2024\/08\/epices-shira-zaatar-png.png\",\"contentUrl\":\"https:\/\/www.mesvendanges.com\/wp-content\/uploads\/2024\/08\/epices-shira-zaatar-png.png\",\"width\":694,\"height\":1500},{\"@type\":\"WebPage\",\"@id\":\"https:\/\/www.mesvendanges.com\/en\/shop\/groceries-and-accessories\/zaatar-epices-shira-100gr\/\",\"url\":\"https:\/\/www.mesvendanges.com\/en\/shop\/groceries-and-accessories\/zaatar-epices-shira-100gr\/\",\"name\":\"ZA'ATAR - Mes Vendanges\",\"isPartOf\":{\"@id\":\"https:\/\/www.mesvendanges.com\/en\/#website\"},\"primaryImageOfPage\":{\"@id\":\"https:\/\/www.mesvendanges.com\/en\/shop\/groceries-and-accessories\/zaatar-epices-shira-100gr\/#primaryimage\"},\"datePublished\":\"2024-08-14T13:13:47+00:00\",\"dateModified\":\"2026-03-24T09:03:13+00:00\",\"breadcrumb\":{\"@id\":\"https:\/\/www.mesvendanges.com\/en\/shop\/groceries-and-accessories\/zaatar-epices-shira-100gr\/#breadcrumb\"},\"inLanguage\":\"fr-FR\",\"potentialAction\":[{\"@type\":\"ReadAction\",\"target\":[\"https:\/\/www.mesvendanges.com\/en\/shop\/groceries-and-accessories\/zaatar-epices-shira-100gr\/\"]}]},{\"@type\":\"BreadcrumbList\",\"@id\":\"https:\/\/www.mesvendanges.com\/en\/shop\/groceries-and-accessories\/zaatar-epices-shira-100gr\/#breadcrumb\",\"itemListElement\":[{\"@type\":\"ListItem\",\"position\":1,\"name\":\"Home\",\"item\":\"https:\/\/www.mesvendanges.com\/en\/\"},{\"@type\":\"ListItem\",\"position\":2,\"name\":\"Shop\",\"item\":\"https:\/\/www.mesvendanges.com\/en\/shop\/\"},{\"@type\":\"ListItem\",\"position\":3,\"name\":\"ZA&#8217;ATAR\"}]}]}<\/script>\n<!-- \/ Yoast SEO plugin. -->","yoast_head_json":{"title":"ZA'ATAR - Mes Vendanges","robots":{"index":"index","follow":"follow","max-snippet":"max-snippet:-1","max-image-preview":"max-image-preview:large","max-video-preview":"max-video-preview:-1"},"canonical":"https:\/\/www.mesvendanges.com\/en\/shop\/groceries-and-accessories\/zaatar-epices-shira-100gr\/","og_locale":"en_US","og_type":"article","og_title":"ZA'ATAR - Mes Vendanges","og_description":"Le za\u2019atar est une vari\u00e9t\u00e9 d\u2019origan sauvage (origanum syriacum) qui pousse dans tout le Moyen-Orient. C\u2019est aussi le nom d\u2019un m\u00e9lange dont cette herbe est l\u2019ingr\u00e9dient principal. Les feuilles que nous avons s\u00e9lectionn\u00e9es sont bio et proviennent de la r\u00e9gion de J\u00e9nine, dans le nord de la Palestine. Elles sont cueillies \u00e0 la main en [&hellip;]","og_url":"https:\/\/www.mesvendanges.com\/en\/shop\/groceries-and-accessories\/zaatar-epices-shira-100gr\/","og_site_name":"Mes Vendanges","article_modified_time":"2026-03-24T09:03:13+00:00","og_image":[{"width":694,"height":1500,"url":"https:\/\/www.mesvendanges.com\/wp-content\/uploads\/2024\/08\/epices-shira-zaatar-png.png","type":"image\/png"}],"twitter_card":"summary_large_image","twitter_misc":{"Est. reading time":"1 minute"},"schema":{"@context":"https:\/\/schema.org","@graph":[{"@type":"Organization","@id":"https:\/\/www.mesvendanges.com\/en\/#organization","name":"Mes Vendanges","url":"https:\/\/www.mesvendanges.com\/en\/","sameAs":[],"logo":{"@type":"ImageObject","inLanguage":"fr-FR","@id":"https:\/\/www.mesvendanges.com\/en\/#\/schema\/logo\/image\/","url":"https:\/\/www.mesvendanges.com\/wp-content\/uploads\/2022\/02\/logo-mesvendanges.jpg","contentUrl":"https:\/\/www.mesvendanges.com\/wp-content\/uploads\/2022\/02\/logo-mesvendanges.jpg","width":851,"height":260,"caption":"Mes Vendanges"},"image":{"@id":"https:\/\/www.mesvendanges.com\/en\/#\/schema\/logo\/image\/"}},{"@type":"WebSite","@id":"https:\/\/www.mesvendanges.com\/en\/#website","url":"https:\/\/www.mesvendanges.com\/en\/","name":"Mes Vendanges","description":"Des journ\u00e9es enti\u00e8res dans les vignes","publisher":{"@id":"https:\/\/www.mesvendanges.com\/en\/#organization"},"potentialAction":[{"@type":"SearchAction","target":{"@type":"EntryPoint","urlTemplate":"https:\/\/www.mesvendanges.com\/en\/?s={search_term_string}"},"query-input":"required name=search_term_string"}],"inLanguage":"fr-FR"},{"@type":"ImageObject","inLanguage":"fr-FR","@id":"https:\/\/www.mesvendanges.com\/en\/shop\/groceries-and-accessories\/zaatar-epices-shira-100gr\/#primaryimage","url":"https:\/\/www.mesvendanges.com\/wp-content\/uploads\/2024\/08\/epices-shira-zaatar-png.png","contentUrl":"https:\/\/www.mesvendanges.com\/wp-content\/uploads\/2024\/08\/epices-shira-zaatar-png.png","width":694,"height":1500},{"@type":"WebPage","@id":"https:\/\/www.mesvendanges.com\/en\/shop\/groceries-and-accessories\/zaatar-epices-shira-100gr\/","url":"https:\/\/www.mesvendanges.com\/en\/shop\/groceries-and-accessories\/zaatar-epices-shira-100gr\/","name":"ZA'ATAR - Mes Vendanges","isPartOf":{"@id":"https:\/\/www.mesvendanges.com\/en\/#website"},"primaryImageOfPage":{"@id":"https:\/\/www.mesvendanges.com\/en\/shop\/groceries-and-accessories\/zaatar-epices-shira-100gr\/#primaryimage"},"datePublished":"2024-08-14T13:13:47+00:00","dateModified":"2026-03-24T09:03:13+00:00","breadcrumb":{"@id":"https:\/\/www.mesvendanges.com\/en\/shop\/groceries-and-accessories\/zaatar-epices-shira-100gr\/#breadcrumb"},"inLanguage":"fr-FR","potentialAction":[{"@type":"ReadAction","target":["https:\/\/www.mesvendanges.com\/en\/shop\/groceries-and-accessories\/zaatar-epices-shira-100gr\/"]}]},{"@type":"BreadcrumbList","@id":"https:\/\/www.mesvendanges.com\/en\/shop\/groceries-and-accessories\/zaatar-epices-shira-100gr\/#breadcrumb","itemListElement":[{"@type":"ListItem","position":1,"name":"Home","item":"https:\/\/www.mesvendanges.com\/en\/"},{"@type":"ListItem","position":2,"name":"Shop","item":"https:\/\/www.mesvendanges.com\/en\/shop\/"},{"@type":"ListItem","position":3,"name":"ZA&#8217;ATAR"}]}]}},"_links":{"self":[{"href":"https:\/\/www.mesvendanges.com\/en\/wp-json\/wp\/v2\/product\/75993"}],"collection":[{"href":"https:\/\/www.mesvendanges.com\/en\/wp-json\/wp\/v2\/product"}],"about":[{"href":"https:\/\/www.mesvendanges.com\/en\/wp-json\/wp\/v2\/types\/product"}],"wp:featuredmedia":[{"embeddable":true,"href":"https:\/\/www.mesvendanges.com\/en\/wp-json\/wp\/v2\/media\/76237"}],"wp:attachment":[{"href":"https:\/\/www.mesvendanges.com\/en\/wp-json\/wp\/v2\/media?parent=75993"}],"wp:term":[{"taxonomy":"product_cat","embeddable":true,"href":"https:\/\/www.mesvendanges.com\/en\/wp-json\/wp\/v2\/product_cat?post=75993"},{"taxonomy":"product_tag","embeddable":true,"href":"https:\/\/www.mesvendanges.com\/en\/wp-json\/wp\/v2\/product_tag?post=75993"}],"curies":[{"name":"wp","href":"https:\/\/api.w.org\/{rel}","templated":true}]}}