{"id":76232,"date":"2024-08-15T15:32:24","date_gmt":"2024-08-15T13:32:24","guid":{"rendered":"https:\/\/www.mesvendanges.com\/shop\/uncategorized\/tandoori-masala-epices-shira-40gr\/"},"modified":"2026-02-25T14:33:34","modified_gmt":"2026-02-25T13:33:34","slug":"tandoori-masala-epices-shira-40gr","status":"publish","type":"product","link":"https:\/\/www.mesvendanges.com\/en\/shop\/groceries-and-accessories\/tandoori-masala-epices-shira-40gr\/","title":{"rendered":"TANDOORI MASALA"},"content":{"rendered":"<p>\u00ab Pas que pour le poulet, le tandoori masala enrobe l\u00e9gumes et tofu \u00bb<\/p>\n<p>Le tandoori masala est un m\u00e9lange biologique aux saveurs citronn\u00e9es et chaleureuses. Sortez du four un plat au tandoori masala et vous serez imm\u00e9diatement assailli par le doux parfum citronn\u00e9 et frais de la coriandre et du cumin, et celui piquant du gingembre et du cumin ; le tout envelopp\u00e9 de la rondeur discr\u00e8te du clou de girofle. Le gingembre tient sa promesse en r\u00e9chauffant les papilles, le cumin et la coriandre \u00e9voquent l\u2019aridit\u00e9 d\u00e9sertique dans laquelle ce m\u00e9lange a \u00e9t\u00e9 cr\u00e9\u00e9.<\/p>\n<p>Des id\u00e9es pour utiliser le m\u00e9lange tandoori masala ?<br \/>\nLe tandoori peut servir \u00e0 assaisonner les cuisses de poulet mais pas que\u2026. On l\u2019aime sur des tranches de tofu ou saupoudr\u00e9s sur les l\u00e9gumes. Il suffit de badigeonner (envelopper) les aliments avec de l\u2019huile, puis de saupoudrer g\u00e9n\u00e9reusement avec du tandoori masala. On masse le tout afin de bien r\u00e9partir l\u2019huile et le m\u00e9lange et on enfourne, apr\u00e8s un temps de pr\u00e9chauffage \u00e0 une chaleur \u00e9lev\u00e9e. Plus les aliments sont petits, plus le four doit \u00eatre chaud.<br \/>\nParmi les best hits, le chou-fleur entier en cro\u00fbte de tandoori, le paneer (fromage indien frais) qui peut \u00eatre remplac\u00e9 par du tofu ou du halloumi et l\u2019aloo tikka (brochettes de pommes de terre).<\/p>\n","protected":false},"excerpt":{"rendered":"<p>\u00ab Pas que pour le poulet, le tandoori masala enrobe l\u00e9gumes et tofu \u00bb Le tandoori masala est un m\u00e9lange biologique aux saveurs citronn\u00e9es et chaleureuses. Sortez du four un plat au tandoori masala et vous serez imm\u00e9diatement assailli par le doux parfum citronn\u00e9 et frais de la coriandre et du cumin, et celui piquant [&hellip;]<\/p>\n","protected":false},"featured_media":76229,"template":"","meta":[],"product_cat":[3741],"product_tag":[],"acf":[],"yoast_head":"<!-- This site is optimized with the Yoast SEO plugin v19.3 - https:\/\/yoast.com\/wordpress\/plugins\/seo\/ -->\n<title>TANDOORI MASALA - Mes Vendanges<\/title>\n<meta name=\"robots\" content=\"index, follow, max-snippet:-1, max-image-preview:large, max-video-preview:-1\" \/>\n<link rel=\"canonical\" href=\"https:\/\/www.mesvendanges.com\/en\/shop\/groceries-and-accessories\/tandoori-masala-epices-shira-40gr\/\" \/>\n<meta property=\"og:locale\" content=\"en_US\" \/>\n<meta property=\"og:type\" content=\"article\" \/>\n<meta property=\"og:title\" content=\"TANDOORI MASALA - Mes Vendanges\" \/>\n<meta property=\"og:description\" content=\"\u00ab Pas que pour le poulet, le tandoori masala enrobe l\u00e9gumes et tofu \u00bb Le tandoori masala est un m\u00e9lange biologique aux saveurs citronn\u00e9es et chaleureuses. Sortez du four un plat au tandoori masala et vous serez imm\u00e9diatement assailli par le doux parfum citronn\u00e9 et frais de la coriandre et du cumin, et celui piquant [&hellip;]\" \/>\n<meta property=\"og:url\" content=\"https:\/\/www.mesvendanges.com\/en\/shop\/groceries-and-accessories\/tandoori-masala-epices-shira-40gr\/\" \/>\n<meta property=\"og:site_name\" content=\"Mes Vendanges\" \/>\n<meta property=\"article:modified_time\" content=\"2026-02-25T13:33:34+00:00\" \/>\n<meta property=\"og:image\" content=\"https:\/\/www.mesvendanges.com\/wp-content\/uploads\/2024\/08\/epices-shira-tandoori-masala-png.png\" \/>\n\t<meta property=\"og:image:width\" content=\"1224\" \/>\n\t<meta property=\"og:image:height\" content=\"1500\" \/>\n\t<meta property=\"og:image:type\" content=\"image\/png\" \/>\n<meta name=\"twitter:card\" content=\"summary_large_image\" \/>\n<meta name=\"twitter:label1\" content=\"Est. reading time\" \/>\n\t<meta name=\"twitter:data1\" content=\"1 minute\" \/>\n<script type=\"application\/ld+json\" class=\"yoast-schema-graph\">{\"@context\":\"https:\/\/schema.org\",\"@graph\":[{\"@type\":\"Organization\",\"@id\":\"https:\/\/www.mesvendanges.com\/en\/#organization\",\"name\":\"Mes Vendanges\",\"url\":\"https:\/\/www.mesvendanges.com\/en\/\",\"sameAs\":[],\"logo\":{\"@type\":\"ImageObject\",\"inLanguage\":\"fr-FR\",\"@id\":\"https:\/\/www.mesvendanges.com\/en\/#\/schema\/logo\/image\/\",\"url\":\"https:\/\/www.mesvendanges.com\/wp-content\/uploads\/2022\/02\/logo-mesvendanges.jpg\",\"contentUrl\":\"https:\/\/www.mesvendanges.com\/wp-content\/uploads\/2022\/02\/logo-mesvendanges.jpg\",\"width\":851,\"height\":260,\"caption\":\"Mes Vendanges\"},\"image\":{\"@id\":\"https:\/\/www.mesvendanges.com\/en\/#\/schema\/logo\/image\/\"}},{\"@type\":\"WebSite\",\"@id\":\"https:\/\/www.mesvendanges.com\/en\/#website\",\"url\":\"https:\/\/www.mesvendanges.com\/en\/\",\"name\":\"Mes Vendanges\",\"description\":\"Des journ\u00e9es enti\u00e8res dans les vignes\",\"publisher\":{\"@id\":\"https:\/\/www.mesvendanges.com\/en\/#organization\"},\"potentialAction\":[{\"@type\":\"SearchAction\",\"target\":{\"@type\":\"EntryPoint\",\"urlTemplate\":\"https:\/\/www.mesvendanges.com\/en\/?s={search_term_string}\"},\"query-input\":\"required name=search_term_string\"}],\"inLanguage\":\"fr-FR\"},{\"@type\":\"ImageObject\",\"inLanguage\":\"fr-FR\",\"@id\":\"https:\/\/www.mesvendanges.com\/en\/shop\/groceries-and-accessories\/tandoori-masala-epices-shira-40gr\/#primaryimage\",\"url\":\"https:\/\/www.mesvendanges.com\/wp-content\/uploads\/2024\/08\/epices-shira-tandoori-masala-png.png\",\"contentUrl\":\"https:\/\/www.mesvendanges.com\/wp-content\/uploads\/2024\/08\/epices-shira-tandoori-masala-png.png\",\"width\":1224,\"height\":1500},{\"@type\":\"WebPage\",\"@id\":\"https:\/\/www.mesvendanges.com\/en\/shop\/groceries-and-accessories\/tandoori-masala-epices-shira-40gr\/\",\"url\":\"https:\/\/www.mesvendanges.com\/en\/shop\/groceries-and-accessories\/tandoori-masala-epices-shira-40gr\/\",\"name\":\"TANDOORI MASALA - Mes Vendanges\",\"isPartOf\":{\"@id\":\"https:\/\/www.mesvendanges.com\/en\/#website\"},\"primaryImageOfPage\":{\"@id\":\"https:\/\/www.mesvendanges.com\/en\/shop\/groceries-and-accessories\/tandoori-masala-epices-shira-40gr\/#primaryimage\"},\"datePublished\":\"2024-08-15T13:32:24+00:00\",\"dateModified\":\"2026-02-25T13:33:34+00:00\",\"breadcrumb\":{\"@id\":\"https:\/\/www.mesvendanges.com\/en\/shop\/groceries-and-accessories\/tandoori-masala-epices-shira-40gr\/#breadcrumb\"},\"inLanguage\":\"fr-FR\",\"potentialAction\":[{\"@type\":\"ReadAction\",\"target\":[\"https:\/\/www.mesvendanges.com\/en\/shop\/groceries-and-accessories\/tandoori-masala-epices-shira-40gr\/\"]}]},{\"@type\":\"BreadcrumbList\",\"@id\":\"https:\/\/www.mesvendanges.com\/en\/shop\/groceries-and-accessories\/tandoori-masala-epices-shira-40gr\/#breadcrumb\",\"itemListElement\":[{\"@type\":\"ListItem\",\"position\":1,\"name\":\"Home\",\"item\":\"https:\/\/www.mesvendanges.com\/en\/\"},{\"@type\":\"ListItem\",\"position\":2,\"name\":\"Shop\",\"item\":\"https:\/\/www.mesvendanges.com\/en\/shop\/\"},{\"@type\":\"ListItem\",\"position\":3,\"name\":\"TANDOORI MASALA\"}]}]}<\/script>\n<!-- \/ Yoast SEO plugin. -->","yoast_head_json":{"title":"TANDOORI MASALA - Mes Vendanges","robots":{"index":"index","follow":"follow","max-snippet":"max-snippet:-1","max-image-preview":"max-image-preview:large","max-video-preview":"max-video-preview:-1"},"canonical":"https:\/\/www.mesvendanges.com\/en\/shop\/groceries-and-accessories\/tandoori-masala-epices-shira-40gr\/","og_locale":"en_US","og_type":"article","og_title":"TANDOORI MASALA - Mes Vendanges","og_description":"\u00ab Pas que pour le poulet, le tandoori masala enrobe l\u00e9gumes et tofu \u00bb Le tandoori masala est un m\u00e9lange biologique aux saveurs citronn\u00e9es et chaleureuses. Sortez du four un plat au tandoori masala et vous serez imm\u00e9diatement assailli par le doux parfum citronn\u00e9 et frais de la coriandre et du cumin, et celui piquant [&hellip;]","og_url":"https:\/\/www.mesvendanges.com\/en\/shop\/groceries-and-accessories\/tandoori-masala-epices-shira-40gr\/","og_site_name":"Mes Vendanges","article_modified_time":"2026-02-25T13:33:34+00:00","og_image":[{"width":1224,"height":1500,"url":"https:\/\/www.mesvendanges.com\/wp-content\/uploads\/2024\/08\/epices-shira-tandoori-masala-png.png","type":"image\/png"}],"twitter_card":"summary_large_image","twitter_misc":{"Est. reading time":"1 minute"},"schema":{"@context":"https:\/\/schema.org","@graph":[{"@type":"Organization","@id":"https:\/\/www.mesvendanges.com\/en\/#organization","name":"Mes Vendanges","url":"https:\/\/www.mesvendanges.com\/en\/","sameAs":[],"logo":{"@type":"ImageObject","inLanguage":"fr-FR","@id":"https:\/\/www.mesvendanges.com\/en\/#\/schema\/logo\/image\/","url":"https:\/\/www.mesvendanges.com\/wp-content\/uploads\/2022\/02\/logo-mesvendanges.jpg","contentUrl":"https:\/\/www.mesvendanges.com\/wp-content\/uploads\/2022\/02\/logo-mesvendanges.jpg","width":851,"height":260,"caption":"Mes Vendanges"},"image":{"@id":"https:\/\/www.mesvendanges.com\/en\/#\/schema\/logo\/image\/"}},{"@type":"WebSite","@id":"https:\/\/www.mesvendanges.com\/en\/#website","url":"https:\/\/www.mesvendanges.com\/en\/","name":"Mes Vendanges","description":"Des journ\u00e9es enti\u00e8res dans les vignes","publisher":{"@id":"https:\/\/www.mesvendanges.com\/en\/#organization"},"potentialAction":[{"@type":"SearchAction","target":{"@type":"EntryPoint","urlTemplate":"https:\/\/www.mesvendanges.com\/en\/?s={search_term_string}"},"query-input":"required name=search_term_string"}],"inLanguage":"fr-FR"},{"@type":"ImageObject","inLanguage":"fr-FR","@id":"https:\/\/www.mesvendanges.com\/en\/shop\/groceries-and-accessories\/tandoori-masala-epices-shira-40gr\/#primaryimage","url":"https:\/\/www.mesvendanges.com\/wp-content\/uploads\/2024\/08\/epices-shira-tandoori-masala-png.png","contentUrl":"https:\/\/www.mesvendanges.com\/wp-content\/uploads\/2024\/08\/epices-shira-tandoori-masala-png.png","width":1224,"height":1500},{"@type":"WebPage","@id":"https:\/\/www.mesvendanges.com\/en\/shop\/groceries-and-accessories\/tandoori-masala-epices-shira-40gr\/","url":"https:\/\/www.mesvendanges.com\/en\/shop\/groceries-and-accessories\/tandoori-masala-epices-shira-40gr\/","name":"TANDOORI MASALA - Mes Vendanges","isPartOf":{"@id":"https:\/\/www.mesvendanges.com\/en\/#website"},"primaryImageOfPage":{"@id":"https:\/\/www.mesvendanges.com\/en\/shop\/groceries-and-accessories\/tandoori-masala-epices-shira-40gr\/#primaryimage"},"datePublished":"2024-08-15T13:32:24+00:00","dateModified":"2026-02-25T13:33:34+00:00","breadcrumb":{"@id":"https:\/\/www.mesvendanges.com\/en\/shop\/groceries-and-accessories\/tandoori-masala-epices-shira-40gr\/#breadcrumb"},"inLanguage":"fr-FR","potentialAction":[{"@type":"ReadAction","target":["https:\/\/www.mesvendanges.com\/en\/shop\/groceries-and-accessories\/tandoori-masala-epices-shira-40gr\/"]}]},{"@type":"BreadcrumbList","@id":"https:\/\/www.mesvendanges.com\/en\/shop\/groceries-and-accessories\/tandoori-masala-epices-shira-40gr\/#breadcrumb","itemListElement":[{"@type":"ListItem","position":1,"name":"Home","item":"https:\/\/www.mesvendanges.com\/en\/"},{"@type":"ListItem","position":2,"name":"Shop","item":"https:\/\/www.mesvendanges.com\/en\/shop\/"},{"@type":"ListItem","position":3,"name":"TANDOORI MASALA"}]}]}},"_links":{"self":[{"href":"https:\/\/www.mesvendanges.com\/en\/wp-json\/wp\/v2\/product\/76232"}],"collection":[{"href":"https:\/\/www.mesvendanges.com\/en\/wp-json\/wp\/v2\/product"}],"about":[{"href":"https:\/\/www.mesvendanges.com\/en\/wp-json\/wp\/v2\/types\/product"}],"wp:featuredmedia":[{"embeddable":true,"href":"https:\/\/www.mesvendanges.com\/en\/wp-json\/wp\/v2\/media\/76229"}],"wp:attachment":[{"href":"https:\/\/www.mesvendanges.com\/en\/wp-json\/wp\/v2\/media?parent=76232"}],"wp:term":[{"taxonomy":"product_cat","embeddable":true,"href":"https:\/\/www.mesvendanges.com\/en\/wp-json\/wp\/v2\/product_cat?post=76232"},{"taxonomy":"product_tag","embeddable":true,"href":"https:\/\/www.mesvendanges.com\/en\/wp-json\/wp\/v2\/product_tag?post=76232"}],"curies":[{"name":"wp","href":"https:\/\/api.w.org\/{rel}","templated":true}]}}