{"id":79672,"date":"2024-10-11T16:08:01","date_gmt":"2024-10-11T14:08:01","guid":{"rendered":"https:\/\/www.mesvendanges.com\/shop\/uncategorized\/blanc-des-coteaux-cuvee-amphore-thymiopoulos-dne-2022-75cl\/"},"modified":"2025-12-06T17:17:02","modified_gmt":"2025-12-06T16:17:02","slug":"blanc-des-coteaux-cuvee-amphore-thymiopoulos-dne-2022-75cl","status":"publish","type":"product","link":"https:\/\/www.mesvendanges.com\/en\/shop\/wines\/blanc-des-coteaux-cuvee-amphore-thymiopoulos-dne-2022-75cl\/","title":{"rendered":"BLANC DES COTEAUX &#8211; CUVEE AMPHORE"},"content":{"rendered":"<p>Un d\u00e9licieux assemblage de c\u00e9pages blancs sur les coteaux de Naoussa, avec \u00e9levage en amphore. toujours beaucoup de pr\u00e9sence, une intensit\u00e9 saline, et surtout une finesse dans le touch\u00e9 de bouche. Grande bouteille.<\/p>\n","protected":false},"excerpt":{"rendered":"<p>Un d\u00e9licieux assemblage de c\u00e9pages blancs sur les coteaux de Naoussa, avec \u00e9levage en amphore. toujours beaucoup de pr\u00e9sence, une intensit\u00e9 saline, et surtout une finesse dans le touch\u00e9 de bouche. Grande bouteille.<\/p>\n","protected":false},"featured_media":79673,"template":"","meta":[],"product_cat":[3740],"product_tag":[],"acf":[],"yoast_head":"<!-- This site is optimized with the Yoast SEO plugin v19.3 - https:\/\/yoast.com\/wordpress\/plugins\/seo\/ -->\n<title>BLANC DES COTEAUX - CUVEE AMPHORE - Mes Vendanges<\/title>\n<meta name=\"robots\" content=\"index, follow, max-snippet:-1, max-image-preview:large, max-video-preview:-1\" \/>\n<link rel=\"canonical\" href=\"https:\/\/www.mesvendanges.com\/en\/shop\/wines\/blanc-des-coteaux-cuvee-amphore-thymiopoulos-dne-2022-75cl\/\" \/>\n<meta property=\"og:locale\" content=\"en_US\" \/>\n<meta property=\"og:type\" content=\"article\" \/>\n<meta property=\"og:title\" content=\"BLANC DES COTEAUX - CUVEE AMPHORE - Mes Vendanges\" \/>\n<meta property=\"og:description\" content=\"Un d\u00e9licieux assemblage de c\u00e9pages blancs sur les coteaux de Naoussa, avec \u00e9levage en amphore. toujours beaucoup de pr\u00e9sence, une intensit\u00e9 saline, et surtout une finesse dans le touch\u00e9 de bouche. Grande bouteille.\" \/>\n<meta property=\"og:url\" content=\"https:\/\/www.mesvendanges.com\/en\/shop\/wines\/blanc-des-coteaux-cuvee-amphore-thymiopoulos-dne-2022-75cl\/\" \/>\n<meta property=\"og:site_name\" content=\"Mes Vendanges\" \/>\n<meta property=\"article:modified_time\" content=\"2025-12-06T16:17:02+00:00\" \/>\n<meta property=\"og:image\" content=\"https:\/\/www.mesvendanges.com\/wp-content\/uploads\/2024\/10\/thymiopoulos-blanc-de-coteaux-png.png\" \/>\n\t<meta property=\"og:image:width\" content=\"485\" \/>\n\t<meta property=\"og:image:height\" content=\"1500\" \/>\n\t<meta property=\"og:image:type\" content=\"image\/png\" \/>\n<meta name=\"twitter:card\" content=\"summary_large_image\" \/>\n<script type=\"application\/ld+json\" class=\"yoast-schema-graph\">{\"@context\":\"https:\/\/schema.org\",\"@graph\":[{\"@type\":\"Organization\",\"@id\":\"https:\/\/www.mesvendanges.com\/en\/#organization\",\"name\":\"Mes Vendanges\",\"url\":\"https:\/\/www.mesvendanges.com\/en\/\",\"sameAs\":[],\"logo\":{\"@type\":\"ImageObject\",\"inLanguage\":\"fr-FR\",\"@id\":\"https:\/\/www.mesvendanges.com\/en\/#\/schema\/logo\/image\/\",\"url\":\"https:\/\/www.mesvendanges.com\/wp-content\/uploads\/2022\/02\/logo-mesvendanges.jpg\",\"contentUrl\":\"https:\/\/www.mesvendanges.com\/wp-content\/uploads\/2022\/02\/logo-mesvendanges.jpg\",\"width\":851,\"height\":260,\"caption\":\"Mes Vendanges\"},\"image\":{\"@id\":\"https:\/\/www.mesvendanges.com\/en\/#\/schema\/logo\/image\/\"}},{\"@type\":\"WebSite\",\"@id\":\"https:\/\/www.mesvendanges.com\/en\/#website\",\"url\":\"https:\/\/www.mesvendanges.com\/en\/\",\"name\":\"Mes Vendanges\",\"description\":\"Des journ\u00e9es enti\u00e8res dans les vignes\",\"publisher\":{\"@id\":\"https:\/\/www.mesvendanges.com\/en\/#organization\"},\"potentialAction\":[{\"@type\":\"SearchAction\",\"target\":{\"@type\":\"EntryPoint\",\"urlTemplate\":\"https:\/\/www.mesvendanges.com\/en\/?s={search_term_string}\"},\"query-input\":\"required name=search_term_string\"}],\"inLanguage\":\"fr-FR\"},{\"@type\":\"ImageObject\",\"inLanguage\":\"fr-FR\",\"@id\":\"https:\/\/www.mesvendanges.com\/en\/shop\/wines\/blanc-des-coteaux-cuvee-amphore-thymiopoulos-dne-2022-75cl\/#primaryimage\",\"url\":\"https:\/\/www.mesvendanges.com\/wp-content\/uploads\/2024\/10\/thymiopoulos-blanc-de-coteaux-png.png\",\"contentUrl\":\"https:\/\/www.mesvendanges.com\/wp-content\/uploads\/2024\/10\/thymiopoulos-blanc-de-coteaux-png.png\",\"width\":485,\"height\":1500},{\"@type\":\"WebPage\",\"@id\":\"https:\/\/www.mesvendanges.com\/en\/shop\/wines\/blanc-des-coteaux-cuvee-amphore-thymiopoulos-dne-2022-75cl\/\",\"url\":\"https:\/\/www.mesvendanges.com\/en\/shop\/wines\/blanc-des-coteaux-cuvee-amphore-thymiopoulos-dne-2022-75cl\/\",\"name\":\"BLANC DES COTEAUX - CUVEE AMPHORE - Mes Vendanges\",\"isPartOf\":{\"@id\":\"https:\/\/www.mesvendanges.com\/en\/#website\"},\"primaryImageOfPage\":{\"@id\":\"https:\/\/www.mesvendanges.com\/en\/shop\/wines\/blanc-des-coteaux-cuvee-amphore-thymiopoulos-dne-2022-75cl\/#primaryimage\"},\"datePublished\":\"2024-10-11T14:08:01+00:00\",\"dateModified\":\"2025-12-06T16:17:02+00:00\",\"breadcrumb\":{\"@id\":\"https:\/\/www.mesvendanges.com\/en\/shop\/wines\/blanc-des-coteaux-cuvee-amphore-thymiopoulos-dne-2022-75cl\/#breadcrumb\"},\"inLanguage\":\"fr-FR\",\"potentialAction\":[{\"@type\":\"ReadAction\",\"target\":[\"https:\/\/www.mesvendanges.com\/en\/shop\/wines\/blanc-des-coteaux-cuvee-amphore-thymiopoulos-dne-2022-75cl\/\"]}]},{\"@type\":\"BreadcrumbList\",\"@id\":\"https:\/\/www.mesvendanges.com\/en\/shop\/wines\/blanc-des-coteaux-cuvee-amphore-thymiopoulos-dne-2022-75cl\/#breadcrumb\",\"itemListElement\":[{\"@type\":\"ListItem\",\"position\":1,\"name\":\"Home\",\"item\":\"https:\/\/www.mesvendanges.com\/en\/\"},{\"@type\":\"ListItem\",\"position\":2,\"name\":\"Shop\",\"item\":\"https:\/\/www.mesvendanges.com\/en\/shop\/\"},{\"@type\":\"ListItem\",\"position\":3,\"name\":\"BLANC DES COTEAUX &#8211; CUVEE AMPHORE\"}]}]}<\/script>\n<!-- \/ Yoast SEO plugin. -->","yoast_head_json":{"title":"BLANC DES COTEAUX - CUVEE AMPHORE - Mes Vendanges","robots":{"index":"index","follow":"follow","max-snippet":"max-snippet:-1","max-image-preview":"max-image-preview:large","max-video-preview":"max-video-preview:-1"},"canonical":"https:\/\/www.mesvendanges.com\/en\/shop\/wines\/blanc-des-coteaux-cuvee-amphore-thymiopoulos-dne-2022-75cl\/","og_locale":"en_US","og_type":"article","og_title":"BLANC DES COTEAUX - CUVEE AMPHORE - Mes Vendanges","og_description":"Un d\u00e9licieux assemblage de c\u00e9pages blancs sur les coteaux de Naoussa, avec \u00e9levage en amphore. toujours beaucoup de pr\u00e9sence, une intensit\u00e9 saline, et surtout une finesse dans le touch\u00e9 de bouche. Grande bouteille.","og_url":"https:\/\/www.mesvendanges.com\/en\/shop\/wines\/blanc-des-coteaux-cuvee-amphore-thymiopoulos-dne-2022-75cl\/","og_site_name":"Mes Vendanges","article_modified_time":"2025-12-06T16:17:02+00:00","og_image":[{"width":485,"height":1500,"url":"https:\/\/www.mesvendanges.com\/wp-content\/uploads\/2024\/10\/thymiopoulos-blanc-de-coteaux-png.png","type":"image\/png"}],"twitter_card":"summary_large_image","schema":{"@context":"https:\/\/schema.org","@graph":[{"@type":"Organization","@id":"https:\/\/www.mesvendanges.com\/en\/#organization","name":"Mes Vendanges","url":"https:\/\/www.mesvendanges.com\/en\/","sameAs":[],"logo":{"@type":"ImageObject","inLanguage":"fr-FR","@id":"https:\/\/www.mesvendanges.com\/en\/#\/schema\/logo\/image\/","url":"https:\/\/www.mesvendanges.com\/wp-content\/uploads\/2022\/02\/logo-mesvendanges.jpg","contentUrl":"https:\/\/www.mesvendanges.com\/wp-content\/uploads\/2022\/02\/logo-mesvendanges.jpg","width":851,"height":260,"caption":"Mes Vendanges"},"image":{"@id":"https:\/\/www.mesvendanges.com\/en\/#\/schema\/logo\/image\/"}},{"@type":"WebSite","@id":"https:\/\/www.mesvendanges.com\/en\/#website","url":"https:\/\/www.mesvendanges.com\/en\/","name":"Mes Vendanges","description":"Des journ\u00e9es enti\u00e8res dans les vignes","publisher":{"@id":"https:\/\/www.mesvendanges.com\/en\/#organization"},"potentialAction":[{"@type":"SearchAction","target":{"@type":"EntryPoint","urlTemplate":"https:\/\/www.mesvendanges.com\/en\/?s={search_term_string}"},"query-input":"required name=search_term_string"}],"inLanguage":"fr-FR"},{"@type":"ImageObject","inLanguage":"fr-FR","@id":"https:\/\/www.mesvendanges.com\/en\/shop\/wines\/blanc-des-coteaux-cuvee-amphore-thymiopoulos-dne-2022-75cl\/#primaryimage","url":"https:\/\/www.mesvendanges.com\/wp-content\/uploads\/2024\/10\/thymiopoulos-blanc-de-coteaux-png.png","contentUrl":"https:\/\/www.mesvendanges.com\/wp-content\/uploads\/2024\/10\/thymiopoulos-blanc-de-coteaux-png.png","width":485,"height":1500},{"@type":"WebPage","@id":"https:\/\/www.mesvendanges.com\/en\/shop\/wines\/blanc-des-coteaux-cuvee-amphore-thymiopoulos-dne-2022-75cl\/","url":"https:\/\/www.mesvendanges.com\/en\/shop\/wines\/blanc-des-coteaux-cuvee-amphore-thymiopoulos-dne-2022-75cl\/","name":"BLANC DES COTEAUX - CUVEE AMPHORE - Mes Vendanges","isPartOf":{"@id":"https:\/\/www.mesvendanges.com\/en\/#website"},"primaryImageOfPage":{"@id":"https:\/\/www.mesvendanges.com\/en\/shop\/wines\/blanc-des-coteaux-cuvee-amphore-thymiopoulos-dne-2022-75cl\/#primaryimage"},"datePublished":"2024-10-11T14:08:01+00:00","dateModified":"2025-12-06T16:17:02+00:00","breadcrumb":{"@id":"https:\/\/www.mesvendanges.com\/en\/shop\/wines\/blanc-des-coteaux-cuvee-amphore-thymiopoulos-dne-2022-75cl\/#breadcrumb"},"inLanguage":"fr-FR","potentialAction":[{"@type":"ReadAction","target":["https:\/\/www.mesvendanges.com\/en\/shop\/wines\/blanc-des-coteaux-cuvee-amphore-thymiopoulos-dne-2022-75cl\/"]}]},{"@type":"BreadcrumbList","@id":"https:\/\/www.mesvendanges.com\/en\/shop\/wines\/blanc-des-coteaux-cuvee-amphore-thymiopoulos-dne-2022-75cl\/#breadcrumb","itemListElement":[{"@type":"ListItem","position":1,"name":"Home","item":"https:\/\/www.mesvendanges.com\/en\/"},{"@type":"ListItem","position":2,"name":"Shop","item":"https:\/\/www.mesvendanges.com\/en\/shop\/"},{"@type":"ListItem","position":3,"name":"BLANC DES COTEAUX &#8211; CUVEE AMPHORE"}]}]}},"_links":{"self":[{"href":"https:\/\/www.mesvendanges.com\/en\/wp-json\/wp\/v2\/product\/79672"}],"collection":[{"href":"https:\/\/www.mesvendanges.com\/en\/wp-json\/wp\/v2\/product"}],"about":[{"href":"https:\/\/www.mesvendanges.com\/en\/wp-json\/wp\/v2\/types\/product"}],"wp:featuredmedia":[{"embeddable":true,"href":"https:\/\/www.mesvendanges.com\/en\/wp-json\/wp\/v2\/media\/79673"}],"wp:attachment":[{"href":"https:\/\/www.mesvendanges.com\/en\/wp-json\/wp\/v2\/media?parent=79672"}],"wp:term":[{"taxonomy":"product_cat","embeddable":true,"href":"https:\/\/www.mesvendanges.com\/en\/wp-json\/wp\/v2\/product_cat?post=79672"},{"taxonomy":"product_tag","embeddable":true,"href":"https:\/\/www.mesvendanges.com\/en\/wp-json\/wp\/v2\/product_tag?post=79672"}],"curies":[{"name":"wp","href":"https:\/\/api.w.org\/{rel}","templated":true}]}}