{"id":80253,"date":"2024-11-08T16:39:21","date_gmt":"2024-11-08T15:39:21","guid":{"rendered":"https:\/\/www.mesvendanges.com\/shop\/uncategorized\/effusion-baudouin-dne-patrick-2022-75cl\/"},"modified":"2025-10-29T14:42:53","modified_gmt":"2025-10-29T13:42:53","slug":"effusion-baudouin-dne-patrick-2022-75cl","status":"publish","type":"product","link":"https:\/\/www.mesvendanges.com\/en\/shop\/wines\/effusion-baudouin-dne-patrick-2022-75cl\/","title":{"rendered":"EFFUSION"},"content":{"rendered":"<p>Assemblage de parcelles de coteaux sur des cin\u00e9rites, roches d\u2019origine volcanique, des conglom\u00e9rats gr\u00e9seux, le tout reposant sur le socle schisteux.<br \/>\nC&#8217;est un vin de chenin vraiment repr\u00e9sentatif des chenins d&#8217;anjou sur schistes. Un vin \u00e9nergique, avec une pointe de puissance, de la tonicit\u00e9 dans le d\u00e9li\u00e9. Une bouteille d\u00e9licieuse sur ces ar\u00f4mes de jeunesse mais qui \u00e9voluera \u00e0 merveille sur une dizaine d&#8217;ann\u00e9e<br \/>\nCe vin est au prix de la propri\u00e9t\u00e9<\/p>\n","protected":false},"excerpt":{"rendered":"<p>Assemblage de parcelles de coteaux sur des cin\u00e9rites, roches d\u2019origine volcanique, des conglom\u00e9rats gr\u00e9seux, le tout reposant sur le socle schisteux. C&#8217;est un vin de chenin vraiment repr\u00e9sentatif des chenins d&#8217;anjou sur schistes. Un vin \u00e9nergique, avec une pointe de puissance, de la tonicit\u00e9 dans le d\u00e9li\u00e9. Une bouteille d\u00e9licieuse sur ces ar\u00f4mes de jeunesse [&hellip;]<\/p>\n","protected":false},"featured_media":73017,"template":"","meta":[],"product_cat":[3740],"product_tag":[],"acf":[],"yoast_head":"<!-- This site is optimized with the Yoast SEO plugin v19.3 - https:\/\/yoast.com\/wordpress\/plugins\/seo\/ -->\n<title>EFFUSION - Mes Vendanges<\/title>\n<meta name=\"robots\" content=\"index, follow, max-snippet:-1, max-image-preview:large, max-video-preview:-1\" \/>\n<link rel=\"canonical\" href=\"https:\/\/www.mesvendanges.com\/en\/shop\/wines\/effusion-baudouin-dne-patrick-2022-75cl\/\" \/>\n<meta property=\"og:locale\" content=\"en_US\" \/>\n<meta property=\"og:type\" content=\"article\" \/>\n<meta property=\"og:title\" content=\"EFFUSION - Mes Vendanges\" \/>\n<meta property=\"og:description\" content=\"Assemblage de parcelles de coteaux sur des cin\u00e9rites, roches d\u2019origine volcanique, des conglom\u00e9rats gr\u00e9seux, le tout reposant sur le socle schisteux. C&#8217;est un vin de chenin vraiment repr\u00e9sentatif des chenins d&#8217;anjou sur schistes. Un vin \u00e9nergique, avec une pointe de puissance, de la tonicit\u00e9 dans le d\u00e9li\u00e9. Une bouteille d\u00e9licieuse sur ces ar\u00f4mes de jeunesse [&hellip;]\" \/>\n<meta property=\"og:url\" content=\"https:\/\/www.mesvendanges.com\/en\/shop\/wines\/effusion-baudouin-dne-patrick-2022-75cl\/\" \/>\n<meta property=\"og:site_name\" content=\"Mes Vendanges\" \/>\n<meta property=\"article:modified_time\" content=\"2025-10-29T13:42:53+00:00\" \/>\n<meta property=\"og:image\" content=\"https:\/\/www.mesvendanges.com\/wp-content\/uploads\/2024\/01\/domaine-patrick-baudouin-effusion-anjou-blanc-2018-png.png\" \/>\n\t<meta property=\"og:image:width\" content=\"600\" \/>\n\t<meta property=\"og:image:height\" content=\"1500\" \/>\n\t<meta property=\"og:image:type\" content=\"image\/png\" \/>\n<meta name=\"twitter:card\" content=\"summary_large_image\" \/>\n<script type=\"application\/ld+json\" class=\"yoast-schema-graph\">{\"@context\":\"https:\/\/schema.org\",\"@graph\":[{\"@type\":\"Organization\",\"@id\":\"https:\/\/www.mesvendanges.com\/en\/#organization\",\"name\":\"Mes Vendanges\",\"url\":\"https:\/\/www.mesvendanges.com\/en\/\",\"sameAs\":[],\"logo\":{\"@type\":\"ImageObject\",\"inLanguage\":\"fr-FR\",\"@id\":\"https:\/\/www.mesvendanges.com\/en\/#\/schema\/logo\/image\/\",\"url\":\"https:\/\/www.mesvendanges.com\/wp-content\/uploads\/2022\/02\/logo-mesvendanges.jpg\",\"contentUrl\":\"https:\/\/www.mesvendanges.com\/wp-content\/uploads\/2022\/02\/logo-mesvendanges.jpg\",\"width\":851,\"height\":260,\"caption\":\"Mes Vendanges\"},\"image\":{\"@id\":\"https:\/\/www.mesvendanges.com\/en\/#\/schema\/logo\/image\/\"}},{\"@type\":\"WebSite\",\"@id\":\"https:\/\/www.mesvendanges.com\/en\/#website\",\"url\":\"https:\/\/www.mesvendanges.com\/en\/\",\"name\":\"Mes Vendanges\",\"description\":\"Des journ\u00e9es enti\u00e8res dans les vignes\",\"publisher\":{\"@id\":\"https:\/\/www.mesvendanges.com\/en\/#organization\"},\"potentialAction\":[{\"@type\":\"SearchAction\",\"target\":{\"@type\":\"EntryPoint\",\"urlTemplate\":\"https:\/\/www.mesvendanges.com\/en\/?s={search_term_string}\"},\"query-input\":\"required name=search_term_string\"}],\"inLanguage\":\"fr-FR\"},{\"@type\":\"ImageObject\",\"inLanguage\":\"fr-FR\",\"@id\":\"https:\/\/www.mesvendanges.com\/en\/shop\/wines\/effusion-baudouin-dne-patrick-2022-75cl\/#primaryimage\",\"url\":\"https:\/\/www.mesvendanges.com\/wp-content\/uploads\/2024\/01\/domaine-patrick-baudouin-effusion-anjou-blanc-2018-png.png\",\"contentUrl\":\"https:\/\/www.mesvendanges.com\/wp-content\/uploads\/2024\/01\/domaine-patrick-baudouin-effusion-anjou-blanc-2018-png.png\",\"width\":600,\"height\":1500},{\"@type\":\"WebPage\",\"@id\":\"https:\/\/www.mesvendanges.com\/en\/shop\/wines\/effusion-baudouin-dne-patrick-2022-75cl\/\",\"url\":\"https:\/\/www.mesvendanges.com\/en\/shop\/wines\/effusion-baudouin-dne-patrick-2022-75cl\/\",\"name\":\"EFFUSION - Mes Vendanges\",\"isPartOf\":{\"@id\":\"https:\/\/www.mesvendanges.com\/en\/#website\"},\"primaryImageOfPage\":{\"@id\":\"https:\/\/www.mesvendanges.com\/en\/shop\/wines\/effusion-baudouin-dne-patrick-2022-75cl\/#primaryimage\"},\"datePublished\":\"2024-11-08T15:39:21+00:00\",\"dateModified\":\"2025-10-29T13:42:53+00:00\",\"breadcrumb\":{\"@id\":\"https:\/\/www.mesvendanges.com\/en\/shop\/wines\/effusion-baudouin-dne-patrick-2022-75cl\/#breadcrumb\"},\"inLanguage\":\"fr-FR\",\"potentialAction\":[{\"@type\":\"ReadAction\",\"target\":[\"https:\/\/www.mesvendanges.com\/en\/shop\/wines\/effusion-baudouin-dne-patrick-2022-75cl\/\"]}]},{\"@type\":\"BreadcrumbList\",\"@id\":\"https:\/\/www.mesvendanges.com\/en\/shop\/wines\/effusion-baudouin-dne-patrick-2022-75cl\/#breadcrumb\",\"itemListElement\":[{\"@type\":\"ListItem\",\"position\":1,\"name\":\"Home\",\"item\":\"https:\/\/www.mesvendanges.com\/en\/\"},{\"@type\":\"ListItem\",\"position\":2,\"name\":\"Shop\",\"item\":\"https:\/\/www.mesvendanges.com\/en\/shop\/\"},{\"@type\":\"ListItem\",\"position\":3,\"name\":\"EFFUSION\"}]}]}<\/script>\n<!-- \/ Yoast SEO plugin. -->","yoast_head_json":{"title":"EFFUSION - Mes Vendanges","robots":{"index":"index","follow":"follow","max-snippet":"max-snippet:-1","max-image-preview":"max-image-preview:large","max-video-preview":"max-video-preview:-1"},"canonical":"https:\/\/www.mesvendanges.com\/en\/shop\/wines\/effusion-baudouin-dne-patrick-2022-75cl\/","og_locale":"en_US","og_type":"article","og_title":"EFFUSION - Mes Vendanges","og_description":"Assemblage de parcelles de coteaux sur des cin\u00e9rites, roches d\u2019origine volcanique, des conglom\u00e9rats gr\u00e9seux, le tout reposant sur le socle schisteux. C&#8217;est un vin de chenin vraiment repr\u00e9sentatif des chenins d&#8217;anjou sur schistes. Un vin \u00e9nergique, avec une pointe de puissance, de la tonicit\u00e9 dans le d\u00e9li\u00e9. Une bouteille d\u00e9licieuse sur ces ar\u00f4mes de jeunesse [&hellip;]","og_url":"https:\/\/www.mesvendanges.com\/en\/shop\/wines\/effusion-baudouin-dne-patrick-2022-75cl\/","og_site_name":"Mes Vendanges","article_modified_time":"2025-10-29T13:42:53+00:00","og_image":[{"width":600,"height":1500,"url":"https:\/\/www.mesvendanges.com\/wp-content\/uploads\/2024\/01\/domaine-patrick-baudouin-effusion-anjou-blanc-2018-png.png","type":"image\/png"}],"twitter_card":"summary_large_image","schema":{"@context":"https:\/\/schema.org","@graph":[{"@type":"Organization","@id":"https:\/\/www.mesvendanges.com\/en\/#organization","name":"Mes Vendanges","url":"https:\/\/www.mesvendanges.com\/en\/","sameAs":[],"logo":{"@type":"ImageObject","inLanguage":"fr-FR","@id":"https:\/\/www.mesvendanges.com\/en\/#\/schema\/logo\/image\/","url":"https:\/\/www.mesvendanges.com\/wp-content\/uploads\/2022\/02\/logo-mesvendanges.jpg","contentUrl":"https:\/\/www.mesvendanges.com\/wp-content\/uploads\/2022\/02\/logo-mesvendanges.jpg","width":851,"height":260,"caption":"Mes Vendanges"},"image":{"@id":"https:\/\/www.mesvendanges.com\/en\/#\/schema\/logo\/image\/"}},{"@type":"WebSite","@id":"https:\/\/www.mesvendanges.com\/en\/#website","url":"https:\/\/www.mesvendanges.com\/en\/","name":"Mes Vendanges","description":"Des journ\u00e9es enti\u00e8res dans les vignes","publisher":{"@id":"https:\/\/www.mesvendanges.com\/en\/#organization"},"potentialAction":[{"@type":"SearchAction","target":{"@type":"EntryPoint","urlTemplate":"https:\/\/www.mesvendanges.com\/en\/?s={search_term_string}"},"query-input":"required name=search_term_string"}],"inLanguage":"fr-FR"},{"@type":"ImageObject","inLanguage":"fr-FR","@id":"https:\/\/www.mesvendanges.com\/en\/shop\/wines\/effusion-baudouin-dne-patrick-2022-75cl\/#primaryimage","url":"https:\/\/www.mesvendanges.com\/wp-content\/uploads\/2024\/01\/domaine-patrick-baudouin-effusion-anjou-blanc-2018-png.png","contentUrl":"https:\/\/www.mesvendanges.com\/wp-content\/uploads\/2024\/01\/domaine-patrick-baudouin-effusion-anjou-blanc-2018-png.png","width":600,"height":1500},{"@type":"WebPage","@id":"https:\/\/www.mesvendanges.com\/en\/shop\/wines\/effusion-baudouin-dne-patrick-2022-75cl\/","url":"https:\/\/www.mesvendanges.com\/en\/shop\/wines\/effusion-baudouin-dne-patrick-2022-75cl\/","name":"EFFUSION - Mes Vendanges","isPartOf":{"@id":"https:\/\/www.mesvendanges.com\/en\/#website"},"primaryImageOfPage":{"@id":"https:\/\/www.mesvendanges.com\/en\/shop\/wines\/effusion-baudouin-dne-patrick-2022-75cl\/#primaryimage"},"datePublished":"2024-11-08T15:39:21+00:00","dateModified":"2025-10-29T13:42:53+00:00","breadcrumb":{"@id":"https:\/\/www.mesvendanges.com\/en\/shop\/wines\/effusion-baudouin-dne-patrick-2022-75cl\/#breadcrumb"},"inLanguage":"fr-FR","potentialAction":[{"@type":"ReadAction","target":["https:\/\/www.mesvendanges.com\/en\/shop\/wines\/effusion-baudouin-dne-patrick-2022-75cl\/"]}]},{"@type":"BreadcrumbList","@id":"https:\/\/www.mesvendanges.com\/en\/shop\/wines\/effusion-baudouin-dne-patrick-2022-75cl\/#breadcrumb","itemListElement":[{"@type":"ListItem","position":1,"name":"Home","item":"https:\/\/www.mesvendanges.com\/en\/"},{"@type":"ListItem","position":2,"name":"Shop","item":"https:\/\/www.mesvendanges.com\/en\/shop\/"},{"@type":"ListItem","position":3,"name":"EFFUSION"}]}]}},"_links":{"self":[{"href":"https:\/\/www.mesvendanges.com\/en\/wp-json\/wp\/v2\/product\/80253"}],"collection":[{"href":"https:\/\/www.mesvendanges.com\/en\/wp-json\/wp\/v2\/product"}],"about":[{"href":"https:\/\/www.mesvendanges.com\/en\/wp-json\/wp\/v2\/types\/product"}],"wp:featuredmedia":[{"embeddable":true,"href":"https:\/\/www.mesvendanges.com\/en\/wp-json\/wp\/v2\/media\/73017"}],"wp:attachment":[{"href":"https:\/\/www.mesvendanges.com\/en\/wp-json\/wp\/v2\/media?parent=80253"}],"wp:term":[{"taxonomy":"product_cat","embeddable":true,"href":"https:\/\/www.mesvendanges.com\/en\/wp-json\/wp\/v2\/product_cat?post=80253"},{"taxonomy":"product_tag","embeddable":true,"href":"https:\/\/www.mesvendanges.com\/en\/wp-json\/wp\/v2\/product_tag?post=80253"}],"curies":[{"name":"wp","href":"https:\/\/api.w.org\/{rel}","templated":true}]}}