{"id":80364,"date":"2024-11-17T17:06:26","date_gmt":"2024-11-17T16:06:26","guid":{"rendered":"https:\/\/www.mesvendanges.com\/shop\/uncategorized\/la-virada-camin-larredya-2023-75cl\/"},"modified":"2025-12-22T15:47:50","modified_gmt":"2025-12-22T14:47:50","slug":"la-virada-camin-larredya-2023-75cl","status":"publish","type":"product","link":"https:\/\/www.mesvendanges.com\/en\/shop\/wines\/la-virada-camin-larredya-2023-75cl\/","title":{"rendered":"LA VIRADA"},"content":{"rendered":"<p>Magnifique cuv\u00e9e \u00e0 la tr\u00e8s forte personnalit\u00e9. On entre ici dans l&#8217;univers magique des juran\u00e7ons. On trouve tout de suite ce fort caract\u00e8re de rancio si particulier qui se matine de notes d&#8217;ag\u00fbmes, de fruits exotiques mais qui &#8220;drive&#8221; le vin de l&#8217;attaque \u00e0 la finale.  Le bouche est intense, savoureuse, avec beaucoup de puissance. Superbe finale sur le rancio.<\/p>\n","protected":false},"excerpt":{"rendered":"<p>Magnifique cuv\u00e9e \u00e0 la tr\u00e8s forte personnalit\u00e9. On entre ici dans l&#8217;univers magique des juran\u00e7ons. On trouve tout de suite ce fort caract\u00e8re de rancio si particulier qui se matine de notes d&#8217;ag\u00fbmes, de fruits exotiques mais qui &#8220;drive&#8221; le vin de l&#8217;attaque \u00e0 la finale. Le bouche est intense, savoureuse, avec beaucoup de puissance. [&hellip;]<\/p>\n","protected":false},"featured_media":86550,"template":"","meta":[],"product_cat":[3740],"product_tag":[],"acf":[],"yoast_head":"<!-- This site is optimized with the Yoast SEO plugin v19.3 - https:\/\/yoast.com\/wordpress\/plugins\/seo\/ -->\n<title>LA VIRADA - Mes Vendanges<\/title>\n<meta name=\"robots\" content=\"index, follow, max-snippet:-1, max-image-preview:large, max-video-preview:-1\" \/>\n<link rel=\"canonical\" href=\"https:\/\/www.mesvendanges.com\/en\/shop\/wines\/la-virada-camin-larredya-2023-75cl\/\" \/>\n<meta property=\"og:locale\" content=\"en_US\" \/>\n<meta property=\"og:type\" content=\"article\" \/>\n<meta property=\"og:title\" content=\"LA VIRADA - Mes Vendanges\" \/>\n<meta property=\"og:description\" content=\"Magnifique cuv\u00e9e \u00e0 la tr\u00e8s forte personnalit\u00e9. On entre ici dans l&#8217;univers magique des juran\u00e7ons. On trouve tout de suite ce fort caract\u00e8re de rancio si particulier qui se matine de notes d&#8217;ag\u00fbmes, de fruits exotiques mais qui &#8220;drive&#8221; le vin de l&#8217;attaque \u00e0 la finale. Le bouche est intense, savoureuse, avec beaucoup de puissance. [&hellip;]\" \/>\n<meta property=\"og:url\" content=\"https:\/\/www.mesvendanges.com\/en\/shop\/wines\/la-virada-camin-larredya-2023-75cl\/\" \/>\n<meta property=\"og:site_name\" content=\"Mes Vendanges\" \/>\n<meta property=\"article:modified_time\" content=\"2025-12-22T14:47:50+00:00\" \/>\n<meta property=\"og:image\" content=\"https:\/\/www.mesvendanges.com\/wp-content\/uploads\/2025\/05\/camin-larredya-jurancon-la-virada-2023-png.png\" \/>\n\t<meta property=\"og:image:width\" content=\"422\" \/>\n\t<meta property=\"og:image:height\" content=\"1500\" \/>\n\t<meta property=\"og:image:type\" content=\"image\/png\" \/>\n<meta name=\"twitter:card\" content=\"summary_large_image\" \/>\n<script type=\"application\/ld+json\" class=\"yoast-schema-graph\">{\"@context\":\"https:\/\/schema.org\",\"@graph\":[{\"@type\":\"Organization\",\"@id\":\"https:\/\/www.mesvendanges.com\/en\/#organization\",\"name\":\"Mes Vendanges\",\"url\":\"https:\/\/www.mesvendanges.com\/en\/\",\"sameAs\":[],\"logo\":{\"@type\":\"ImageObject\",\"inLanguage\":\"fr-FR\",\"@id\":\"https:\/\/www.mesvendanges.com\/en\/#\/schema\/logo\/image\/\",\"url\":\"https:\/\/www.mesvendanges.com\/wp-content\/uploads\/2022\/02\/logo-mesvendanges.jpg\",\"contentUrl\":\"https:\/\/www.mesvendanges.com\/wp-content\/uploads\/2022\/02\/logo-mesvendanges.jpg\",\"width\":851,\"height\":260,\"caption\":\"Mes Vendanges\"},\"image\":{\"@id\":\"https:\/\/www.mesvendanges.com\/en\/#\/schema\/logo\/image\/\"}},{\"@type\":\"WebSite\",\"@id\":\"https:\/\/www.mesvendanges.com\/en\/#website\",\"url\":\"https:\/\/www.mesvendanges.com\/en\/\",\"name\":\"Mes Vendanges\",\"description\":\"Des journ\u00e9es enti\u00e8res dans les vignes\",\"publisher\":{\"@id\":\"https:\/\/www.mesvendanges.com\/en\/#organization\"},\"potentialAction\":[{\"@type\":\"SearchAction\",\"target\":{\"@type\":\"EntryPoint\",\"urlTemplate\":\"https:\/\/www.mesvendanges.com\/en\/?s={search_term_string}\"},\"query-input\":\"required name=search_term_string\"}],\"inLanguage\":\"fr-FR\"},{\"@type\":\"ImageObject\",\"inLanguage\":\"fr-FR\",\"@id\":\"https:\/\/www.mesvendanges.com\/en\/shop\/wines\/la-virada-camin-larredya-2023-75cl\/#primaryimage\",\"url\":\"https:\/\/www.mesvendanges.com\/wp-content\/uploads\/2025\/05\/camin-larredya-jurancon-la-virada-2023-png.png\",\"contentUrl\":\"https:\/\/www.mesvendanges.com\/wp-content\/uploads\/2025\/05\/camin-larredya-jurancon-la-virada-2023-png.png\",\"width\":422,\"height\":1500},{\"@type\":\"WebPage\",\"@id\":\"https:\/\/www.mesvendanges.com\/en\/shop\/wines\/la-virada-camin-larredya-2023-75cl\/\",\"url\":\"https:\/\/www.mesvendanges.com\/en\/shop\/wines\/la-virada-camin-larredya-2023-75cl\/\",\"name\":\"LA VIRADA - Mes Vendanges\",\"isPartOf\":{\"@id\":\"https:\/\/www.mesvendanges.com\/en\/#website\"},\"primaryImageOfPage\":{\"@id\":\"https:\/\/www.mesvendanges.com\/en\/shop\/wines\/la-virada-camin-larredya-2023-75cl\/#primaryimage\"},\"datePublished\":\"2024-11-17T16:06:26+00:00\",\"dateModified\":\"2025-12-22T14:47:50+00:00\",\"breadcrumb\":{\"@id\":\"https:\/\/www.mesvendanges.com\/en\/shop\/wines\/la-virada-camin-larredya-2023-75cl\/#breadcrumb\"},\"inLanguage\":\"fr-FR\",\"potentialAction\":[{\"@type\":\"ReadAction\",\"target\":[\"https:\/\/www.mesvendanges.com\/en\/shop\/wines\/la-virada-camin-larredya-2023-75cl\/\"]}]},{\"@type\":\"BreadcrumbList\",\"@id\":\"https:\/\/www.mesvendanges.com\/en\/shop\/wines\/la-virada-camin-larredya-2023-75cl\/#breadcrumb\",\"itemListElement\":[{\"@type\":\"ListItem\",\"position\":1,\"name\":\"Home\",\"item\":\"https:\/\/www.mesvendanges.com\/en\/\"},{\"@type\":\"ListItem\",\"position\":2,\"name\":\"Shop\",\"item\":\"https:\/\/www.mesvendanges.com\/en\/shop\/\"},{\"@type\":\"ListItem\",\"position\":3,\"name\":\"LA VIRADA\"}]}]}<\/script>\n<!-- \/ Yoast SEO plugin. -->","yoast_head_json":{"title":"LA VIRADA - Mes Vendanges","robots":{"index":"index","follow":"follow","max-snippet":"max-snippet:-1","max-image-preview":"max-image-preview:large","max-video-preview":"max-video-preview:-1"},"canonical":"https:\/\/www.mesvendanges.com\/en\/shop\/wines\/la-virada-camin-larredya-2023-75cl\/","og_locale":"en_US","og_type":"article","og_title":"LA VIRADA - Mes Vendanges","og_description":"Magnifique cuv\u00e9e \u00e0 la tr\u00e8s forte personnalit\u00e9. On entre ici dans l&#8217;univers magique des juran\u00e7ons. On trouve tout de suite ce fort caract\u00e8re de rancio si particulier qui se matine de notes d&#8217;ag\u00fbmes, de fruits exotiques mais qui &#8220;drive&#8221; le vin de l&#8217;attaque \u00e0 la finale. Le bouche est intense, savoureuse, avec beaucoup de puissance. [&hellip;]","og_url":"https:\/\/www.mesvendanges.com\/en\/shop\/wines\/la-virada-camin-larredya-2023-75cl\/","og_site_name":"Mes Vendanges","article_modified_time":"2025-12-22T14:47:50+00:00","og_image":[{"width":422,"height":1500,"url":"https:\/\/www.mesvendanges.com\/wp-content\/uploads\/2025\/05\/camin-larredya-jurancon-la-virada-2023-png.png","type":"image\/png"}],"twitter_card":"summary_large_image","schema":{"@context":"https:\/\/schema.org","@graph":[{"@type":"Organization","@id":"https:\/\/www.mesvendanges.com\/en\/#organization","name":"Mes Vendanges","url":"https:\/\/www.mesvendanges.com\/en\/","sameAs":[],"logo":{"@type":"ImageObject","inLanguage":"fr-FR","@id":"https:\/\/www.mesvendanges.com\/en\/#\/schema\/logo\/image\/","url":"https:\/\/www.mesvendanges.com\/wp-content\/uploads\/2022\/02\/logo-mesvendanges.jpg","contentUrl":"https:\/\/www.mesvendanges.com\/wp-content\/uploads\/2022\/02\/logo-mesvendanges.jpg","width":851,"height":260,"caption":"Mes Vendanges"},"image":{"@id":"https:\/\/www.mesvendanges.com\/en\/#\/schema\/logo\/image\/"}},{"@type":"WebSite","@id":"https:\/\/www.mesvendanges.com\/en\/#website","url":"https:\/\/www.mesvendanges.com\/en\/","name":"Mes Vendanges","description":"Des journ\u00e9es enti\u00e8res dans les vignes","publisher":{"@id":"https:\/\/www.mesvendanges.com\/en\/#organization"},"potentialAction":[{"@type":"SearchAction","target":{"@type":"EntryPoint","urlTemplate":"https:\/\/www.mesvendanges.com\/en\/?s={search_term_string}"},"query-input":"required name=search_term_string"}],"inLanguage":"fr-FR"},{"@type":"ImageObject","inLanguage":"fr-FR","@id":"https:\/\/www.mesvendanges.com\/en\/shop\/wines\/la-virada-camin-larredya-2023-75cl\/#primaryimage","url":"https:\/\/www.mesvendanges.com\/wp-content\/uploads\/2025\/05\/camin-larredya-jurancon-la-virada-2023-png.png","contentUrl":"https:\/\/www.mesvendanges.com\/wp-content\/uploads\/2025\/05\/camin-larredya-jurancon-la-virada-2023-png.png","width":422,"height":1500},{"@type":"WebPage","@id":"https:\/\/www.mesvendanges.com\/en\/shop\/wines\/la-virada-camin-larredya-2023-75cl\/","url":"https:\/\/www.mesvendanges.com\/en\/shop\/wines\/la-virada-camin-larredya-2023-75cl\/","name":"LA VIRADA - Mes Vendanges","isPartOf":{"@id":"https:\/\/www.mesvendanges.com\/en\/#website"},"primaryImageOfPage":{"@id":"https:\/\/www.mesvendanges.com\/en\/shop\/wines\/la-virada-camin-larredya-2023-75cl\/#primaryimage"},"datePublished":"2024-11-17T16:06:26+00:00","dateModified":"2025-12-22T14:47:50+00:00","breadcrumb":{"@id":"https:\/\/www.mesvendanges.com\/en\/shop\/wines\/la-virada-camin-larredya-2023-75cl\/#breadcrumb"},"inLanguage":"fr-FR","potentialAction":[{"@type":"ReadAction","target":["https:\/\/www.mesvendanges.com\/en\/shop\/wines\/la-virada-camin-larredya-2023-75cl\/"]}]},{"@type":"BreadcrumbList","@id":"https:\/\/www.mesvendanges.com\/en\/shop\/wines\/la-virada-camin-larredya-2023-75cl\/#breadcrumb","itemListElement":[{"@type":"ListItem","position":1,"name":"Home","item":"https:\/\/www.mesvendanges.com\/en\/"},{"@type":"ListItem","position":2,"name":"Shop","item":"https:\/\/www.mesvendanges.com\/en\/shop\/"},{"@type":"ListItem","position":3,"name":"LA VIRADA"}]}]}},"_links":{"self":[{"href":"https:\/\/www.mesvendanges.com\/en\/wp-json\/wp\/v2\/product\/80364"}],"collection":[{"href":"https:\/\/www.mesvendanges.com\/en\/wp-json\/wp\/v2\/product"}],"about":[{"href":"https:\/\/www.mesvendanges.com\/en\/wp-json\/wp\/v2\/types\/product"}],"wp:featuredmedia":[{"embeddable":true,"href":"https:\/\/www.mesvendanges.com\/en\/wp-json\/wp\/v2\/media\/86550"}],"wp:attachment":[{"href":"https:\/\/www.mesvendanges.com\/en\/wp-json\/wp\/v2\/media?parent=80364"}],"wp:term":[{"taxonomy":"product_cat","embeddable":true,"href":"https:\/\/www.mesvendanges.com\/en\/wp-json\/wp\/v2\/product_cat?post=80364"},{"taxonomy":"product_tag","embeddable":true,"href":"https:\/\/www.mesvendanges.com\/en\/wp-json\/wp\/v2\/product_tag?post=80364"}],"curies":[{"name":"wp","href":"https:\/\/api.w.org\/{rel}","templated":true}]}}