{"id":82204,"date":"2024-12-04T16:58:14","date_gmt":"2024-12-04T15:58:14","guid":{"rendered":"https:\/\/www.mesvendanges.com\/shop\/uncategorized\/coriandre-en-graines-de-france-epices-shira-30gr\/"},"modified":"2025-12-18T14:44:07","modified_gmt":"2025-12-18T13:44:07","slug":"coriandre-de-france-graines-epices-shira-30gr","status":"publish","type":"product","link":"https:\/\/www.mesvendanges.com\/en\/shop\/groceries-and-accessories\/coriandre-de-france-graines-epices-shira-30gr\/","title":{"rendered":"CORIANDRE DE FRANCE &#8211; GRAINES"},"content":{"rendered":"<p>\u00ab Citronn\u00e9e et d\u00e9licate, la coriandre fran\u00e7aise parfume la cuisine \u00bb<\/p>\n<p>Cette coriandre biologique est cueillie dans la Dr\u00f4me, dans le sud de la France. Ces petites graines ovales et l\u00e9g\u00e8rement stri\u00e9es sont d\u2019une exceptionnelle finesse et si leur parfum peut sembler peu prononc\u00e9 de prime abord, il embaume divinement toute la cuisine d\u00e8s qu\u2019on les met \u00e0 griller ! Les papilles y trouvent alors des notes bois\u00e9es chaleureuses, des saveurs d\u2019agrumes et d\u2019origan.<\/p>\n","protected":false},"excerpt":{"rendered":"<p>\u00ab Citronn\u00e9e et d\u00e9licate, la coriandre fran\u00e7aise parfume la cuisine \u00bb Cette coriandre biologique est cueillie dans la Dr\u00f4me, dans le sud de la France. Ces petites graines ovales et l\u00e9g\u00e8rement stri\u00e9es sont d\u2019une exceptionnelle finesse et si leur parfum peut sembler peu prononc\u00e9 de prime abord, il embaume divinement toute la cuisine d\u00e8s qu\u2019on [&hellip;]<\/p>\n","protected":false},"featured_media":87111,"template":"","meta":[],"product_cat":[3741],"product_tag":[],"acf":[],"yoast_head":"<!-- This site is optimized with the Yoast SEO plugin v19.3 - https:\/\/yoast.com\/wordpress\/plugins\/seo\/ -->\n<title>CORIANDRE DE FRANCE - GRAINES - Mes Vendanges<\/title>\n<meta name=\"robots\" content=\"index, follow, max-snippet:-1, max-image-preview:large, max-video-preview:-1\" \/>\n<link rel=\"canonical\" href=\"https:\/\/www.mesvendanges.com\/en\/shop\/groceries-and-accessories\/coriandre-de-france-graines-epices-shira-30gr\/\" \/>\n<meta property=\"og:locale\" content=\"en_US\" \/>\n<meta property=\"og:type\" content=\"article\" \/>\n<meta property=\"og:title\" content=\"CORIANDRE DE FRANCE - GRAINES - Mes Vendanges\" \/>\n<meta property=\"og:description\" content=\"\u00ab Citronn\u00e9e et d\u00e9licate, la coriandre fran\u00e7aise parfume la cuisine \u00bb Cette coriandre biologique est cueillie dans la Dr\u00f4me, dans le sud de la France. Ces petites graines ovales et l\u00e9g\u00e8rement stri\u00e9es sont d\u2019une exceptionnelle finesse et si leur parfum peut sembler peu prononc\u00e9 de prime abord, il embaume divinement toute la cuisine d\u00e8s qu\u2019on [&hellip;]\" \/>\n<meta property=\"og:url\" content=\"https:\/\/www.mesvendanges.com\/en\/shop\/groceries-and-accessories\/coriandre-de-france-graines-epices-shira-30gr\/\" \/>\n<meta property=\"og:site_name\" content=\"Mes Vendanges\" \/>\n<meta property=\"article:modified_time\" content=\"2025-12-18T13:44:07+00:00\" \/>\n<meta property=\"og:image\" content=\"https:\/\/www.mesvendanges.com\/wp-content\/uploads\/2025\/05\/coriandre-bio-de-la-drome-epices-shira-epices-shira-png.png\" \/>\n\t<meta property=\"og:image:width\" content=\"1302\" \/>\n\t<meta property=\"og:image:height\" content=\"1500\" \/>\n\t<meta property=\"og:image:type\" content=\"image\/png\" \/>\n<meta name=\"twitter:card\" content=\"summary_large_image\" \/>\n<script type=\"application\/ld+json\" class=\"yoast-schema-graph\">{\"@context\":\"https:\/\/schema.org\",\"@graph\":[{\"@type\":\"Organization\",\"@id\":\"https:\/\/www.mesvendanges.com\/en\/#organization\",\"name\":\"Mes Vendanges\",\"url\":\"https:\/\/www.mesvendanges.com\/en\/\",\"sameAs\":[],\"logo\":{\"@type\":\"ImageObject\",\"inLanguage\":\"fr-FR\",\"@id\":\"https:\/\/www.mesvendanges.com\/en\/#\/schema\/logo\/image\/\",\"url\":\"https:\/\/www.mesvendanges.com\/wp-content\/uploads\/2022\/02\/logo-mesvendanges.jpg\",\"contentUrl\":\"https:\/\/www.mesvendanges.com\/wp-content\/uploads\/2022\/02\/logo-mesvendanges.jpg\",\"width\":851,\"height\":260,\"caption\":\"Mes Vendanges\"},\"image\":{\"@id\":\"https:\/\/www.mesvendanges.com\/en\/#\/schema\/logo\/image\/\"}},{\"@type\":\"WebSite\",\"@id\":\"https:\/\/www.mesvendanges.com\/en\/#website\",\"url\":\"https:\/\/www.mesvendanges.com\/en\/\",\"name\":\"Mes Vendanges\",\"description\":\"Des journ\u00e9es enti\u00e8res dans les vignes\",\"publisher\":{\"@id\":\"https:\/\/www.mesvendanges.com\/en\/#organization\"},\"potentialAction\":[{\"@type\":\"SearchAction\",\"target\":{\"@type\":\"EntryPoint\",\"urlTemplate\":\"https:\/\/www.mesvendanges.com\/en\/?s={search_term_string}\"},\"query-input\":\"required name=search_term_string\"}],\"inLanguage\":\"fr-FR\"},{\"@type\":\"ImageObject\",\"inLanguage\":\"fr-FR\",\"@id\":\"https:\/\/www.mesvendanges.com\/en\/shop\/groceries-and-accessories\/coriandre-de-france-graines-epices-shira-30gr\/#primaryimage\",\"url\":\"https:\/\/www.mesvendanges.com\/wp-content\/uploads\/2025\/05\/coriandre-bio-de-la-drome-epices-shira-epices-shira-png.png\",\"contentUrl\":\"https:\/\/www.mesvendanges.com\/wp-content\/uploads\/2025\/05\/coriandre-bio-de-la-drome-epices-shira-epices-shira-png.png\",\"width\":1302,\"height\":1500},{\"@type\":\"WebPage\",\"@id\":\"https:\/\/www.mesvendanges.com\/en\/shop\/groceries-and-accessories\/coriandre-de-france-graines-epices-shira-30gr\/\",\"url\":\"https:\/\/www.mesvendanges.com\/en\/shop\/groceries-and-accessories\/coriandre-de-france-graines-epices-shira-30gr\/\",\"name\":\"CORIANDRE DE FRANCE - GRAINES - Mes Vendanges\",\"isPartOf\":{\"@id\":\"https:\/\/www.mesvendanges.com\/en\/#website\"},\"primaryImageOfPage\":{\"@id\":\"https:\/\/www.mesvendanges.com\/en\/shop\/groceries-and-accessories\/coriandre-de-france-graines-epices-shira-30gr\/#primaryimage\"},\"datePublished\":\"2024-12-04T15:58:14+00:00\",\"dateModified\":\"2025-12-18T13:44:07+00:00\",\"breadcrumb\":{\"@id\":\"https:\/\/www.mesvendanges.com\/en\/shop\/groceries-and-accessories\/coriandre-de-france-graines-epices-shira-30gr\/#breadcrumb\"},\"inLanguage\":\"fr-FR\",\"potentialAction\":[{\"@type\":\"ReadAction\",\"target\":[\"https:\/\/www.mesvendanges.com\/en\/shop\/groceries-and-accessories\/coriandre-de-france-graines-epices-shira-30gr\/\"]}]},{\"@type\":\"BreadcrumbList\",\"@id\":\"https:\/\/www.mesvendanges.com\/en\/shop\/groceries-and-accessories\/coriandre-de-france-graines-epices-shira-30gr\/#breadcrumb\",\"itemListElement\":[{\"@type\":\"ListItem\",\"position\":1,\"name\":\"Home\",\"item\":\"https:\/\/www.mesvendanges.com\/en\/\"},{\"@type\":\"ListItem\",\"position\":2,\"name\":\"Shop\",\"item\":\"https:\/\/www.mesvendanges.com\/en\/shop\/\"},{\"@type\":\"ListItem\",\"position\":3,\"name\":\"CORIANDRE DE FRANCE &#8211; GRAINES\"}]}]}<\/script>\n<!-- \/ Yoast SEO plugin. -->","yoast_head_json":{"title":"CORIANDRE DE FRANCE - GRAINES - Mes Vendanges","robots":{"index":"index","follow":"follow","max-snippet":"max-snippet:-1","max-image-preview":"max-image-preview:large","max-video-preview":"max-video-preview:-1"},"canonical":"https:\/\/www.mesvendanges.com\/en\/shop\/groceries-and-accessories\/coriandre-de-france-graines-epices-shira-30gr\/","og_locale":"en_US","og_type":"article","og_title":"CORIANDRE DE FRANCE - GRAINES - Mes Vendanges","og_description":"\u00ab Citronn\u00e9e et d\u00e9licate, la coriandre fran\u00e7aise parfume la cuisine \u00bb Cette coriandre biologique est cueillie dans la Dr\u00f4me, dans le sud de la France. Ces petites graines ovales et l\u00e9g\u00e8rement stri\u00e9es sont d\u2019une exceptionnelle finesse et si leur parfum peut sembler peu prononc\u00e9 de prime abord, il embaume divinement toute la cuisine d\u00e8s qu\u2019on [&hellip;]","og_url":"https:\/\/www.mesvendanges.com\/en\/shop\/groceries-and-accessories\/coriandre-de-france-graines-epices-shira-30gr\/","og_site_name":"Mes Vendanges","article_modified_time":"2025-12-18T13:44:07+00:00","og_image":[{"width":1302,"height":1500,"url":"https:\/\/www.mesvendanges.com\/wp-content\/uploads\/2025\/05\/coriandre-bio-de-la-drome-epices-shira-epices-shira-png.png","type":"image\/png"}],"twitter_card":"summary_large_image","schema":{"@context":"https:\/\/schema.org","@graph":[{"@type":"Organization","@id":"https:\/\/www.mesvendanges.com\/en\/#organization","name":"Mes Vendanges","url":"https:\/\/www.mesvendanges.com\/en\/","sameAs":[],"logo":{"@type":"ImageObject","inLanguage":"fr-FR","@id":"https:\/\/www.mesvendanges.com\/en\/#\/schema\/logo\/image\/","url":"https:\/\/www.mesvendanges.com\/wp-content\/uploads\/2022\/02\/logo-mesvendanges.jpg","contentUrl":"https:\/\/www.mesvendanges.com\/wp-content\/uploads\/2022\/02\/logo-mesvendanges.jpg","width":851,"height":260,"caption":"Mes Vendanges"},"image":{"@id":"https:\/\/www.mesvendanges.com\/en\/#\/schema\/logo\/image\/"}},{"@type":"WebSite","@id":"https:\/\/www.mesvendanges.com\/en\/#website","url":"https:\/\/www.mesvendanges.com\/en\/","name":"Mes Vendanges","description":"Des journ\u00e9es enti\u00e8res dans les vignes","publisher":{"@id":"https:\/\/www.mesvendanges.com\/en\/#organization"},"potentialAction":[{"@type":"SearchAction","target":{"@type":"EntryPoint","urlTemplate":"https:\/\/www.mesvendanges.com\/en\/?s={search_term_string}"},"query-input":"required name=search_term_string"}],"inLanguage":"fr-FR"},{"@type":"ImageObject","inLanguage":"fr-FR","@id":"https:\/\/www.mesvendanges.com\/en\/shop\/groceries-and-accessories\/coriandre-de-france-graines-epices-shira-30gr\/#primaryimage","url":"https:\/\/www.mesvendanges.com\/wp-content\/uploads\/2025\/05\/coriandre-bio-de-la-drome-epices-shira-epices-shira-png.png","contentUrl":"https:\/\/www.mesvendanges.com\/wp-content\/uploads\/2025\/05\/coriandre-bio-de-la-drome-epices-shira-epices-shira-png.png","width":1302,"height":1500},{"@type":"WebPage","@id":"https:\/\/www.mesvendanges.com\/en\/shop\/groceries-and-accessories\/coriandre-de-france-graines-epices-shira-30gr\/","url":"https:\/\/www.mesvendanges.com\/en\/shop\/groceries-and-accessories\/coriandre-de-france-graines-epices-shira-30gr\/","name":"CORIANDRE DE FRANCE - GRAINES - Mes Vendanges","isPartOf":{"@id":"https:\/\/www.mesvendanges.com\/en\/#website"},"primaryImageOfPage":{"@id":"https:\/\/www.mesvendanges.com\/en\/shop\/groceries-and-accessories\/coriandre-de-france-graines-epices-shira-30gr\/#primaryimage"},"datePublished":"2024-12-04T15:58:14+00:00","dateModified":"2025-12-18T13:44:07+00:00","breadcrumb":{"@id":"https:\/\/www.mesvendanges.com\/en\/shop\/groceries-and-accessories\/coriandre-de-france-graines-epices-shira-30gr\/#breadcrumb"},"inLanguage":"fr-FR","potentialAction":[{"@type":"ReadAction","target":["https:\/\/www.mesvendanges.com\/en\/shop\/groceries-and-accessories\/coriandre-de-france-graines-epices-shira-30gr\/"]}]},{"@type":"BreadcrumbList","@id":"https:\/\/www.mesvendanges.com\/en\/shop\/groceries-and-accessories\/coriandre-de-france-graines-epices-shira-30gr\/#breadcrumb","itemListElement":[{"@type":"ListItem","position":1,"name":"Home","item":"https:\/\/www.mesvendanges.com\/en\/"},{"@type":"ListItem","position":2,"name":"Shop","item":"https:\/\/www.mesvendanges.com\/en\/shop\/"},{"@type":"ListItem","position":3,"name":"CORIANDRE DE FRANCE &#8211; GRAINES"}]}]}},"_links":{"self":[{"href":"https:\/\/www.mesvendanges.com\/en\/wp-json\/wp\/v2\/product\/82204"}],"collection":[{"href":"https:\/\/www.mesvendanges.com\/en\/wp-json\/wp\/v2\/product"}],"about":[{"href":"https:\/\/www.mesvendanges.com\/en\/wp-json\/wp\/v2\/types\/product"}],"wp:featuredmedia":[{"embeddable":true,"href":"https:\/\/www.mesvendanges.com\/en\/wp-json\/wp\/v2\/media\/87111"}],"wp:attachment":[{"href":"https:\/\/www.mesvendanges.com\/en\/wp-json\/wp\/v2\/media?parent=82204"}],"wp:term":[{"taxonomy":"product_cat","embeddable":true,"href":"https:\/\/www.mesvendanges.com\/en\/wp-json\/wp\/v2\/product_cat?post=82204"},{"taxonomy":"product_tag","embeddable":true,"href":"https:\/\/www.mesvendanges.com\/en\/wp-json\/wp\/v2\/product_tag?post=82204"}],"curies":[{"name":"wp","href":"https:\/\/api.w.org\/{rel}","templated":true}]}}