{"id":82206,"date":"2024-12-04T17:01:14","date_gmt":"2024-12-04T16:01:14","guid":{"rendered":"https:\/\/www.mesvendanges.com\/shop\/uncategorized\/cumin-du-rajasthan-entier-epices-shira-40gr\/"},"modified":"2026-03-24T10:03:14","modified_gmt":"2026-03-24T09:03:14","slug":"cumin-du-rajasthan-graines-epices-shira-40gr","status":"publish","type":"product","link":"https:\/\/www.mesvendanges.com\/en\/shop\/groceries-and-accessories\/cumin-du-rajasthan-graines-epices-shira-40gr\/","title":{"rendered":"CUMIN DU RAJASTHAN &#8211; GRAINES"},"content":{"rendered":"<p> \u00ab Si intense quand il roussit, ce cumin illumine les cuisines du monde entier \u00bb<\/p>\n<p>Ce cumin biologique vient d\u2019une ferme situ\u00e9e aux portes du d\u00e9sert de Thar dans le Rajasthan, en Inde. Les graines sont cueillies presque \u00e0 maturit\u00e9, s\u00e9ch\u00e9es sur pied puis battues pour \u00eatre s\u00e9par\u00e9es des branches avant d\u2019\u00eatre tri\u00e9es \u00e0 la main. Il s\u2019en d\u00e9gage un parfum d\u2019agrumes et de fra\u00eecheur camphr\u00e9e. Torr\u00e9fi\u00e9es 2 minutes, elles d\u00e9voilent leurs ar\u00f4mes cors\u00e9s et anis\u00e9s, leurs saveurs chaudes, piquantes et l\u00e9g\u00e8rement acres. Revenues dans l\u2019huile, ces petites graines oblongues donnent \u00e0 celle-ci une belle couleur jaune-orang\u00e9 et diffusent ses ar\u00f4mes \u00e0 tout le plat.<\/p>\n","protected":false},"excerpt":{"rendered":"<p>\u00ab Si intense quand il roussit, ce cumin illumine les cuisines du monde entier \u00bb Ce cumin biologique vient d\u2019une ferme situ\u00e9e aux portes du d\u00e9sert de Thar dans le Rajasthan, en Inde. Les graines sont cueillies presque \u00e0 maturit\u00e9, s\u00e9ch\u00e9es sur pied puis battues pour \u00eatre s\u00e9par\u00e9es des branches avant d\u2019\u00eatre tri\u00e9es \u00e0 la [&hellip;]<\/p>\n","protected":false},"featured_media":87113,"template":"","meta":[],"product_cat":[3741],"product_tag":[],"acf":[],"yoast_head":"<!-- This site is optimized with the Yoast SEO plugin v19.3 - https:\/\/yoast.com\/wordpress\/plugins\/seo\/ -->\n<title>CUMIN DU RAJASTHAN - GRAINES - Mes Vendanges<\/title>\n<meta name=\"robots\" content=\"index, follow, max-snippet:-1, max-image-preview:large, max-video-preview:-1\" \/>\n<link rel=\"canonical\" href=\"https:\/\/www.mesvendanges.com\/en\/shop\/groceries-and-accessories\/cumin-du-rajasthan-graines-epices-shira-40gr\/\" \/>\n<meta property=\"og:locale\" content=\"en_US\" \/>\n<meta property=\"og:type\" content=\"article\" \/>\n<meta property=\"og:title\" content=\"CUMIN DU RAJASTHAN - GRAINES - Mes Vendanges\" \/>\n<meta property=\"og:description\" content=\"\u00ab Si intense quand il roussit, ce cumin illumine les cuisines du monde entier \u00bb Ce cumin biologique vient d\u2019une ferme situ\u00e9e aux portes du d\u00e9sert de Thar dans le Rajasthan, en Inde. Les graines sont cueillies presque \u00e0 maturit\u00e9, s\u00e9ch\u00e9es sur pied puis battues pour \u00eatre s\u00e9par\u00e9es des branches avant d\u2019\u00eatre tri\u00e9es \u00e0 la [&hellip;]\" \/>\n<meta property=\"og:url\" content=\"https:\/\/www.mesvendanges.com\/en\/shop\/groceries-and-accessories\/cumin-du-rajasthan-graines-epices-shira-40gr\/\" \/>\n<meta property=\"og:site_name\" content=\"Mes Vendanges\" \/>\n<meta property=\"article:modified_time\" content=\"2026-03-24T09:03:14+00:00\" \/>\n<meta property=\"og:image\" content=\"https:\/\/www.mesvendanges.com\/wp-content\/uploads\/2025\/05\/cumin-bio-du-rajasthan-epices-shira-epices-shira-png.png\" \/>\n\t<meta property=\"og:image:width\" content=\"1271\" \/>\n\t<meta property=\"og:image:height\" content=\"1500\" \/>\n\t<meta property=\"og:image:type\" content=\"image\/png\" \/>\n<meta name=\"twitter:card\" content=\"summary_large_image\" \/>\n<meta name=\"twitter:label1\" content=\"Est. reading time\" \/>\n\t<meta name=\"twitter:data1\" content=\"1 minute\" \/>\n<script type=\"application\/ld+json\" class=\"yoast-schema-graph\">{\"@context\":\"https:\/\/schema.org\",\"@graph\":[{\"@type\":\"Organization\",\"@id\":\"https:\/\/www.mesvendanges.com\/en\/#organization\",\"name\":\"Mes Vendanges\",\"url\":\"https:\/\/www.mesvendanges.com\/en\/\",\"sameAs\":[],\"logo\":{\"@type\":\"ImageObject\",\"inLanguage\":\"fr-FR\",\"@id\":\"https:\/\/www.mesvendanges.com\/en\/#\/schema\/logo\/image\/\",\"url\":\"https:\/\/www.mesvendanges.com\/wp-content\/uploads\/2022\/02\/logo-mesvendanges.jpg\",\"contentUrl\":\"https:\/\/www.mesvendanges.com\/wp-content\/uploads\/2022\/02\/logo-mesvendanges.jpg\",\"width\":851,\"height\":260,\"caption\":\"Mes Vendanges\"},\"image\":{\"@id\":\"https:\/\/www.mesvendanges.com\/en\/#\/schema\/logo\/image\/\"}},{\"@type\":\"WebSite\",\"@id\":\"https:\/\/www.mesvendanges.com\/en\/#website\",\"url\":\"https:\/\/www.mesvendanges.com\/en\/\",\"name\":\"Mes Vendanges\",\"description\":\"Des journ\u00e9es enti\u00e8res dans les vignes\",\"publisher\":{\"@id\":\"https:\/\/www.mesvendanges.com\/en\/#organization\"},\"potentialAction\":[{\"@type\":\"SearchAction\",\"target\":{\"@type\":\"EntryPoint\",\"urlTemplate\":\"https:\/\/www.mesvendanges.com\/en\/?s={search_term_string}\"},\"query-input\":\"required name=search_term_string\"}],\"inLanguage\":\"fr-FR\"},{\"@type\":\"ImageObject\",\"inLanguage\":\"fr-FR\",\"@id\":\"https:\/\/www.mesvendanges.com\/en\/shop\/groceries-and-accessories\/cumin-du-rajasthan-graines-epices-shira-40gr\/#primaryimage\",\"url\":\"https:\/\/www.mesvendanges.com\/wp-content\/uploads\/2025\/05\/cumin-bio-du-rajasthan-epices-shira-epices-shira-png.png\",\"contentUrl\":\"https:\/\/www.mesvendanges.com\/wp-content\/uploads\/2025\/05\/cumin-bio-du-rajasthan-epices-shira-epices-shira-png.png\",\"width\":1271,\"height\":1500},{\"@type\":\"WebPage\",\"@id\":\"https:\/\/www.mesvendanges.com\/en\/shop\/groceries-and-accessories\/cumin-du-rajasthan-graines-epices-shira-40gr\/\",\"url\":\"https:\/\/www.mesvendanges.com\/en\/shop\/groceries-and-accessories\/cumin-du-rajasthan-graines-epices-shira-40gr\/\",\"name\":\"CUMIN DU RAJASTHAN - GRAINES - Mes Vendanges\",\"isPartOf\":{\"@id\":\"https:\/\/www.mesvendanges.com\/en\/#website\"},\"primaryImageOfPage\":{\"@id\":\"https:\/\/www.mesvendanges.com\/en\/shop\/groceries-and-accessories\/cumin-du-rajasthan-graines-epices-shira-40gr\/#primaryimage\"},\"datePublished\":\"2024-12-04T16:01:14+00:00\",\"dateModified\":\"2026-03-24T09:03:14+00:00\",\"breadcrumb\":{\"@id\":\"https:\/\/www.mesvendanges.com\/en\/shop\/groceries-and-accessories\/cumin-du-rajasthan-graines-epices-shira-40gr\/#breadcrumb\"},\"inLanguage\":\"fr-FR\",\"potentialAction\":[{\"@type\":\"ReadAction\",\"target\":[\"https:\/\/www.mesvendanges.com\/en\/shop\/groceries-and-accessories\/cumin-du-rajasthan-graines-epices-shira-40gr\/\"]}]},{\"@type\":\"BreadcrumbList\",\"@id\":\"https:\/\/www.mesvendanges.com\/en\/shop\/groceries-and-accessories\/cumin-du-rajasthan-graines-epices-shira-40gr\/#breadcrumb\",\"itemListElement\":[{\"@type\":\"ListItem\",\"position\":1,\"name\":\"Home\",\"item\":\"https:\/\/www.mesvendanges.com\/en\/\"},{\"@type\":\"ListItem\",\"position\":2,\"name\":\"Shop\",\"item\":\"https:\/\/www.mesvendanges.com\/en\/shop\/\"},{\"@type\":\"ListItem\",\"position\":3,\"name\":\"CUMIN DU RAJASTHAN &#8211; GRAINES\"}]}]}<\/script>\n<!-- \/ Yoast SEO plugin. -->","yoast_head_json":{"title":"CUMIN DU RAJASTHAN - GRAINES - Mes Vendanges","robots":{"index":"index","follow":"follow","max-snippet":"max-snippet:-1","max-image-preview":"max-image-preview:large","max-video-preview":"max-video-preview:-1"},"canonical":"https:\/\/www.mesvendanges.com\/en\/shop\/groceries-and-accessories\/cumin-du-rajasthan-graines-epices-shira-40gr\/","og_locale":"en_US","og_type":"article","og_title":"CUMIN DU RAJASTHAN - GRAINES - Mes Vendanges","og_description":"\u00ab Si intense quand il roussit, ce cumin illumine les cuisines du monde entier \u00bb Ce cumin biologique vient d\u2019une ferme situ\u00e9e aux portes du d\u00e9sert de Thar dans le Rajasthan, en Inde. Les graines sont cueillies presque \u00e0 maturit\u00e9, s\u00e9ch\u00e9es sur pied puis battues pour \u00eatre s\u00e9par\u00e9es des branches avant d\u2019\u00eatre tri\u00e9es \u00e0 la [&hellip;]","og_url":"https:\/\/www.mesvendanges.com\/en\/shop\/groceries-and-accessories\/cumin-du-rajasthan-graines-epices-shira-40gr\/","og_site_name":"Mes Vendanges","article_modified_time":"2026-03-24T09:03:14+00:00","og_image":[{"width":1271,"height":1500,"url":"https:\/\/www.mesvendanges.com\/wp-content\/uploads\/2025\/05\/cumin-bio-du-rajasthan-epices-shira-epices-shira-png.png","type":"image\/png"}],"twitter_card":"summary_large_image","twitter_misc":{"Est. reading time":"1 minute"},"schema":{"@context":"https:\/\/schema.org","@graph":[{"@type":"Organization","@id":"https:\/\/www.mesvendanges.com\/en\/#organization","name":"Mes Vendanges","url":"https:\/\/www.mesvendanges.com\/en\/","sameAs":[],"logo":{"@type":"ImageObject","inLanguage":"fr-FR","@id":"https:\/\/www.mesvendanges.com\/en\/#\/schema\/logo\/image\/","url":"https:\/\/www.mesvendanges.com\/wp-content\/uploads\/2022\/02\/logo-mesvendanges.jpg","contentUrl":"https:\/\/www.mesvendanges.com\/wp-content\/uploads\/2022\/02\/logo-mesvendanges.jpg","width":851,"height":260,"caption":"Mes Vendanges"},"image":{"@id":"https:\/\/www.mesvendanges.com\/en\/#\/schema\/logo\/image\/"}},{"@type":"WebSite","@id":"https:\/\/www.mesvendanges.com\/en\/#website","url":"https:\/\/www.mesvendanges.com\/en\/","name":"Mes Vendanges","description":"Des journ\u00e9es enti\u00e8res dans les vignes","publisher":{"@id":"https:\/\/www.mesvendanges.com\/en\/#organization"},"potentialAction":[{"@type":"SearchAction","target":{"@type":"EntryPoint","urlTemplate":"https:\/\/www.mesvendanges.com\/en\/?s={search_term_string}"},"query-input":"required name=search_term_string"}],"inLanguage":"fr-FR"},{"@type":"ImageObject","inLanguage":"fr-FR","@id":"https:\/\/www.mesvendanges.com\/en\/shop\/groceries-and-accessories\/cumin-du-rajasthan-graines-epices-shira-40gr\/#primaryimage","url":"https:\/\/www.mesvendanges.com\/wp-content\/uploads\/2025\/05\/cumin-bio-du-rajasthan-epices-shira-epices-shira-png.png","contentUrl":"https:\/\/www.mesvendanges.com\/wp-content\/uploads\/2025\/05\/cumin-bio-du-rajasthan-epices-shira-epices-shira-png.png","width":1271,"height":1500},{"@type":"WebPage","@id":"https:\/\/www.mesvendanges.com\/en\/shop\/groceries-and-accessories\/cumin-du-rajasthan-graines-epices-shira-40gr\/","url":"https:\/\/www.mesvendanges.com\/en\/shop\/groceries-and-accessories\/cumin-du-rajasthan-graines-epices-shira-40gr\/","name":"CUMIN DU RAJASTHAN - GRAINES - Mes Vendanges","isPartOf":{"@id":"https:\/\/www.mesvendanges.com\/en\/#website"},"primaryImageOfPage":{"@id":"https:\/\/www.mesvendanges.com\/en\/shop\/groceries-and-accessories\/cumin-du-rajasthan-graines-epices-shira-40gr\/#primaryimage"},"datePublished":"2024-12-04T16:01:14+00:00","dateModified":"2026-03-24T09:03:14+00:00","breadcrumb":{"@id":"https:\/\/www.mesvendanges.com\/en\/shop\/groceries-and-accessories\/cumin-du-rajasthan-graines-epices-shira-40gr\/#breadcrumb"},"inLanguage":"fr-FR","potentialAction":[{"@type":"ReadAction","target":["https:\/\/www.mesvendanges.com\/en\/shop\/groceries-and-accessories\/cumin-du-rajasthan-graines-epices-shira-40gr\/"]}]},{"@type":"BreadcrumbList","@id":"https:\/\/www.mesvendanges.com\/en\/shop\/groceries-and-accessories\/cumin-du-rajasthan-graines-epices-shira-40gr\/#breadcrumb","itemListElement":[{"@type":"ListItem","position":1,"name":"Home","item":"https:\/\/www.mesvendanges.com\/en\/"},{"@type":"ListItem","position":2,"name":"Shop","item":"https:\/\/www.mesvendanges.com\/en\/shop\/"},{"@type":"ListItem","position":3,"name":"CUMIN DU RAJASTHAN &#8211; GRAINES"}]}]}},"_links":{"self":[{"href":"https:\/\/www.mesvendanges.com\/en\/wp-json\/wp\/v2\/product\/82206"}],"collection":[{"href":"https:\/\/www.mesvendanges.com\/en\/wp-json\/wp\/v2\/product"}],"about":[{"href":"https:\/\/www.mesvendanges.com\/en\/wp-json\/wp\/v2\/types\/product"}],"wp:featuredmedia":[{"embeddable":true,"href":"https:\/\/www.mesvendanges.com\/en\/wp-json\/wp\/v2\/media\/87113"}],"wp:attachment":[{"href":"https:\/\/www.mesvendanges.com\/en\/wp-json\/wp\/v2\/media?parent=82206"}],"wp:term":[{"taxonomy":"product_cat","embeddable":true,"href":"https:\/\/www.mesvendanges.com\/en\/wp-json\/wp\/v2\/product_cat?post=82206"},{"taxonomy":"product_tag","embeddable":true,"href":"https:\/\/www.mesvendanges.com\/en\/wp-json\/wp\/v2\/product_tag?post=82206"}],"curies":[{"name":"wp","href":"https:\/\/api.w.org\/{rel}","templated":true}]}}