{"id":82214,"date":"2024-12-04T17:12:45","date_gmt":"2024-12-04T16:12:45","guid":{"rendered":"https:\/\/www.mesvendanges.com\/shop\/uncategorized\/moutarde-noire-du-lot-et-garonne-epices-shira-50gr\/"},"modified":"2025-05-01T15:44:25","modified_gmt":"2025-05-01T13:44:25","slug":"moutarde-noire-du-lot-et-garonne-epices-shira-50gr","status":"publish","type":"product","link":"https:\/\/www.mesvendanges.com\/en\/shop\/groceries-and-accessories\/moutarde-noire-du-lot-et-garonne-epices-shira-50gr\/","title":{"rendered":"MOUTARDE NOIRE DU LOT-ET-GARONNE"},"content":{"rendered":"<p>\u00ab Sauvage et fran\u00e7aise, la moutarde noire est une \u00e9pice indispensable des plats indiens \u00bb<\/p>\n<p>Ces graines de moutarde biologique poussent \u00e0 l\u2019\u00e9tat sauvage dans le Lot-et-Garonne, au milieu d\u2019un paysage vallonn\u00e9 et verdoyant.<\/p>\n<p>La comparaison avec la moutarde noire indienne est int\u00e9ressante : les graines fran\u00e7aises sont plus petites, plus croquantes, plus piquantes et arrivent toutes \u00e0 maturit\u00e9 en m\u00eame temps, ce qui facilite la r\u00e9colte.<\/p>\n","protected":false},"excerpt":{"rendered":"<p>\u00ab Sauvage et fran\u00e7aise, la moutarde noire est une \u00e9pice indispensable des plats indiens \u00bb Ces graines de moutarde biologique poussent \u00e0 l\u2019\u00e9tat sauvage dans le Lot-et-Garonne, au milieu d\u2019un paysage vallonn\u00e9 et verdoyant. La comparaison avec la moutarde noire indienne est int\u00e9ressante : les graines fran\u00e7aises sont plus petites, plus croquantes, plus piquantes et [&hellip;]<\/p>\n","protected":false},"featured_media":87119,"template":"","meta":[],"product_cat":[3741],"product_tag":[],"acf":[],"yoast_head":"<!-- This site is optimized with the Yoast SEO plugin v19.3 - https:\/\/yoast.com\/wordpress\/plugins\/seo\/ -->\n<title>MOUTARDE NOIRE DU LOT-ET-GARONNE - Mes Vendanges<\/title>\n<meta name=\"robots\" content=\"index, follow, max-snippet:-1, max-image-preview:large, max-video-preview:-1\" \/>\n<link rel=\"canonical\" href=\"https:\/\/www.mesvendanges.com\/en\/shop\/groceries-and-accessories\/moutarde-noire-du-lot-et-garonne-epices-shira-50gr\/\" \/>\n<meta property=\"og:locale\" content=\"en_US\" \/>\n<meta property=\"og:type\" content=\"article\" \/>\n<meta property=\"og:title\" content=\"MOUTARDE NOIRE DU LOT-ET-GARONNE - Mes Vendanges\" \/>\n<meta property=\"og:description\" content=\"\u00ab Sauvage et fran\u00e7aise, la moutarde noire est une \u00e9pice indispensable des plats indiens \u00bb Ces graines de moutarde biologique poussent \u00e0 l\u2019\u00e9tat sauvage dans le Lot-et-Garonne, au milieu d\u2019un paysage vallonn\u00e9 et verdoyant. La comparaison avec la moutarde noire indienne est int\u00e9ressante : les graines fran\u00e7aises sont plus petites, plus croquantes, plus piquantes et [&hellip;]\" \/>\n<meta property=\"og:url\" content=\"https:\/\/www.mesvendanges.com\/en\/shop\/groceries-and-accessories\/moutarde-noire-du-lot-et-garonne-epices-shira-50gr\/\" \/>\n<meta property=\"og:site_name\" content=\"Mes Vendanges\" \/>\n<meta property=\"article:modified_time\" content=\"2025-05-01T13:44:25+00:00\" \/>\n<meta property=\"og:image\" content=\"https:\/\/www.mesvendanges.com\/wp-content\/uploads\/2025\/05\/moutarde-noire-bio-du-rajasthan-epices-shira-epices-shira-png.png\" \/>\n\t<meta property=\"og:image:width\" content=\"1296\" \/>\n\t<meta property=\"og:image:height\" content=\"1500\" \/>\n\t<meta property=\"og:image:type\" content=\"image\/png\" \/>\n<meta name=\"twitter:card\" content=\"summary_large_image\" \/>\n<script type=\"application\/ld+json\" class=\"yoast-schema-graph\">{\"@context\":\"https:\/\/schema.org\",\"@graph\":[{\"@type\":\"Organization\",\"@id\":\"https:\/\/www.mesvendanges.com\/en\/#organization\",\"name\":\"Mes Vendanges\",\"url\":\"https:\/\/www.mesvendanges.com\/en\/\",\"sameAs\":[],\"logo\":{\"@type\":\"ImageObject\",\"inLanguage\":\"fr-FR\",\"@id\":\"https:\/\/www.mesvendanges.com\/en\/#\/schema\/logo\/image\/\",\"url\":\"https:\/\/www.mesvendanges.com\/wp-content\/uploads\/2022\/02\/logo-mesvendanges.jpg\",\"contentUrl\":\"https:\/\/www.mesvendanges.com\/wp-content\/uploads\/2022\/02\/logo-mesvendanges.jpg\",\"width\":851,\"height\":260,\"caption\":\"Mes Vendanges\"},\"image\":{\"@id\":\"https:\/\/www.mesvendanges.com\/en\/#\/schema\/logo\/image\/\"}},{\"@type\":\"WebSite\",\"@id\":\"https:\/\/www.mesvendanges.com\/en\/#website\",\"url\":\"https:\/\/www.mesvendanges.com\/en\/\",\"name\":\"Mes Vendanges\",\"description\":\"Des journ\u00e9es enti\u00e8res dans les vignes\",\"publisher\":{\"@id\":\"https:\/\/www.mesvendanges.com\/en\/#organization\"},\"potentialAction\":[{\"@type\":\"SearchAction\",\"target\":{\"@type\":\"EntryPoint\",\"urlTemplate\":\"https:\/\/www.mesvendanges.com\/en\/?s={search_term_string}\"},\"query-input\":\"required name=search_term_string\"}],\"inLanguage\":\"fr-FR\"},{\"@type\":\"ImageObject\",\"inLanguage\":\"fr-FR\",\"@id\":\"https:\/\/www.mesvendanges.com\/en\/shop\/groceries-and-accessories\/moutarde-noire-du-lot-et-garonne-epices-shira-50gr\/#primaryimage\",\"url\":\"https:\/\/www.mesvendanges.com\/wp-content\/uploads\/2025\/05\/moutarde-noire-bio-du-rajasthan-epices-shira-epices-shira-png.png\",\"contentUrl\":\"https:\/\/www.mesvendanges.com\/wp-content\/uploads\/2025\/05\/moutarde-noire-bio-du-rajasthan-epices-shira-epices-shira-png.png\",\"width\":1296,\"height\":1500},{\"@type\":\"WebPage\",\"@id\":\"https:\/\/www.mesvendanges.com\/en\/shop\/groceries-and-accessories\/moutarde-noire-du-lot-et-garonne-epices-shira-50gr\/\",\"url\":\"https:\/\/www.mesvendanges.com\/en\/shop\/groceries-and-accessories\/moutarde-noire-du-lot-et-garonne-epices-shira-50gr\/\",\"name\":\"MOUTARDE NOIRE DU LOT-ET-GARONNE - Mes Vendanges\",\"isPartOf\":{\"@id\":\"https:\/\/www.mesvendanges.com\/en\/#website\"},\"primaryImageOfPage\":{\"@id\":\"https:\/\/www.mesvendanges.com\/en\/shop\/groceries-and-accessories\/moutarde-noire-du-lot-et-garonne-epices-shira-50gr\/#primaryimage\"},\"datePublished\":\"2024-12-04T16:12:45+00:00\",\"dateModified\":\"2025-05-01T13:44:25+00:00\",\"breadcrumb\":{\"@id\":\"https:\/\/www.mesvendanges.com\/en\/shop\/groceries-and-accessories\/moutarde-noire-du-lot-et-garonne-epices-shira-50gr\/#breadcrumb\"},\"inLanguage\":\"fr-FR\",\"potentialAction\":[{\"@type\":\"ReadAction\",\"target\":[\"https:\/\/www.mesvendanges.com\/en\/shop\/groceries-and-accessories\/moutarde-noire-du-lot-et-garonne-epices-shira-50gr\/\"]}]},{\"@type\":\"BreadcrumbList\",\"@id\":\"https:\/\/www.mesvendanges.com\/en\/shop\/groceries-and-accessories\/moutarde-noire-du-lot-et-garonne-epices-shira-50gr\/#breadcrumb\",\"itemListElement\":[{\"@type\":\"ListItem\",\"position\":1,\"name\":\"Home\",\"item\":\"https:\/\/www.mesvendanges.com\/en\/\"},{\"@type\":\"ListItem\",\"position\":2,\"name\":\"Shop\",\"item\":\"https:\/\/www.mesvendanges.com\/en\/shop\/\"},{\"@type\":\"ListItem\",\"position\":3,\"name\":\"MOUTARDE NOIRE DU LOT-ET-GARONNE\"}]}]}<\/script>\n<!-- \/ Yoast SEO plugin. -->","yoast_head_json":{"title":"MOUTARDE NOIRE DU LOT-ET-GARONNE - Mes Vendanges","robots":{"index":"index","follow":"follow","max-snippet":"max-snippet:-1","max-image-preview":"max-image-preview:large","max-video-preview":"max-video-preview:-1"},"canonical":"https:\/\/www.mesvendanges.com\/en\/shop\/groceries-and-accessories\/moutarde-noire-du-lot-et-garonne-epices-shira-50gr\/","og_locale":"en_US","og_type":"article","og_title":"MOUTARDE NOIRE DU LOT-ET-GARONNE - Mes Vendanges","og_description":"\u00ab Sauvage et fran\u00e7aise, la moutarde noire est une \u00e9pice indispensable des plats indiens \u00bb Ces graines de moutarde biologique poussent \u00e0 l\u2019\u00e9tat sauvage dans le Lot-et-Garonne, au milieu d\u2019un paysage vallonn\u00e9 et verdoyant. La comparaison avec la moutarde noire indienne est int\u00e9ressante : les graines fran\u00e7aises sont plus petites, plus croquantes, plus piquantes et [&hellip;]","og_url":"https:\/\/www.mesvendanges.com\/en\/shop\/groceries-and-accessories\/moutarde-noire-du-lot-et-garonne-epices-shira-50gr\/","og_site_name":"Mes Vendanges","article_modified_time":"2025-05-01T13:44:25+00:00","og_image":[{"width":1296,"height":1500,"url":"https:\/\/www.mesvendanges.com\/wp-content\/uploads\/2025\/05\/moutarde-noire-bio-du-rajasthan-epices-shira-epices-shira-png.png","type":"image\/png"}],"twitter_card":"summary_large_image","schema":{"@context":"https:\/\/schema.org","@graph":[{"@type":"Organization","@id":"https:\/\/www.mesvendanges.com\/en\/#organization","name":"Mes Vendanges","url":"https:\/\/www.mesvendanges.com\/en\/","sameAs":[],"logo":{"@type":"ImageObject","inLanguage":"fr-FR","@id":"https:\/\/www.mesvendanges.com\/en\/#\/schema\/logo\/image\/","url":"https:\/\/www.mesvendanges.com\/wp-content\/uploads\/2022\/02\/logo-mesvendanges.jpg","contentUrl":"https:\/\/www.mesvendanges.com\/wp-content\/uploads\/2022\/02\/logo-mesvendanges.jpg","width":851,"height":260,"caption":"Mes Vendanges"},"image":{"@id":"https:\/\/www.mesvendanges.com\/en\/#\/schema\/logo\/image\/"}},{"@type":"WebSite","@id":"https:\/\/www.mesvendanges.com\/en\/#website","url":"https:\/\/www.mesvendanges.com\/en\/","name":"Mes Vendanges","description":"Des journ\u00e9es enti\u00e8res dans les vignes","publisher":{"@id":"https:\/\/www.mesvendanges.com\/en\/#organization"},"potentialAction":[{"@type":"SearchAction","target":{"@type":"EntryPoint","urlTemplate":"https:\/\/www.mesvendanges.com\/en\/?s={search_term_string}"},"query-input":"required name=search_term_string"}],"inLanguage":"fr-FR"},{"@type":"ImageObject","inLanguage":"fr-FR","@id":"https:\/\/www.mesvendanges.com\/en\/shop\/groceries-and-accessories\/moutarde-noire-du-lot-et-garonne-epices-shira-50gr\/#primaryimage","url":"https:\/\/www.mesvendanges.com\/wp-content\/uploads\/2025\/05\/moutarde-noire-bio-du-rajasthan-epices-shira-epices-shira-png.png","contentUrl":"https:\/\/www.mesvendanges.com\/wp-content\/uploads\/2025\/05\/moutarde-noire-bio-du-rajasthan-epices-shira-epices-shira-png.png","width":1296,"height":1500},{"@type":"WebPage","@id":"https:\/\/www.mesvendanges.com\/en\/shop\/groceries-and-accessories\/moutarde-noire-du-lot-et-garonne-epices-shira-50gr\/","url":"https:\/\/www.mesvendanges.com\/en\/shop\/groceries-and-accessories\/moutarde-noire-du-lot-et-garonne-epices-shira-50gr\/","name":"MOUTARDE NOIRE DU LOT-ET-GARONNE - Mes Vendanges","isPartOf":{"@id":"https:\/\/www.mesvendanges.com\/en\/#website"},"primaryImageOfPage":{"@id":"https:\/\/www.mesvendanges.com\/en\/shop\/groceries-and-accessories\/moutarde-noire-du-lot-et-garonne-epices-shira-50gr\/#primaryimage"},"datePublished":"2024-12-04T16:12:45+00:00","dateModified":"2025-05-01T13:44:25+00:00","breadcrumb":{"@id":"https:\/\/www.mesvendanges.com\/en\/shop\/groceries-and-accessories\/moutarde-noire-du-lot-et-garonne-epices-shira-50gr\/#breadcrumb"},"inLanguage":"fr-FR","potentialAction":[{"@type":"ReadAction","target":["https:\/\/www.mesvendanges.com\/en\/shop\/groceries-and-accessories\/moutarde-noire-du-lot-et-garonne-epices-shira-50gr\/"]}]},{"@type":"BreadcrumbList","@id":"https:\/\/www.mesvendanges.com\/en\/shop\/groceries-and-accessories\/moutarde-noire-du-lot-et-garonne-epices-shira-50gr\/#breadcrumb","itemListElement":[{"@type":"ListItem","position":1,"name":"Home","item":"https:\/\/www.mesvendanges.com\/en\/"},{"@type":"ListItem","position":2,"name":"Shop","item":"https:\/\/www.mesvendanges.com\/en\/shop\/"},{"@type":"ListItem","position":3,"name":"MOUTARDE NOIRE DU LOT-ET-GARONNE"}]}]}},"_links":{"self":[{"href":"https:\/\/www.mesvendanges.com\/en\/wp-json\/wp\/v2\/product\/82214"}],"collection":[{"href":"https:\/\/www.mesvendanges.com\/en\/wp-json\/wp\/v2\/product"}],"about":[{"href":"https:\/\/www.mesvendanges.com\/en\/wp-json\/wp\/v2\/types\/product"}],"wp:featuredmedia":[{"embeddable":true,"href":"https:\/\/www.mesvendanges.com\/en\/wp-json\/wp\/v2\/media\/87119"}],"wp:attachment":[{"href":"https:\/\/www.mesvendanges.com\/en\/wp-json\/wp\/v2\/media?parent=82214"}],"wp:term":[{"taxonomy":"product_cat","embeddable":true,"href":"https:\/\/www.mesvendanges.com\/en\/wp-json\/wp\/v2\/product_cat?post=82214"},{"taxonomy":"product_tag","embeddable":true,"href":"https:\/\/www.mesvendanges.com\/en\/wp-json\/wp\/v2\/product_tag?post=82214"}],"curies":[{"name":"wp","href":"https:\/\/api.w.org\/{rel}","templated":true}]}}