{"id":82218,"date":"2024-12-04T17:17:55","date_gmt":"2024-12-04T16:17:55","guid":{"rendered":"https:\/\/www.mesvendanges.com\/shop\/uncategorized\/poivre-noir-de-malabar-epices-shira-45gr\/"},"modified":"2026-03-04T11:02:05","modified_gmt":"2026-03-04T10:02:05","slug":"poivre-noir-de-malabar-epices-shira-45gr","status":"publish","type":"product","link":"https:\/\/www.mesvendanges.com\/en\/shop\/groceries-and-accessories\/poivre-noir-de-malabar-epices-shira-45gr\/","title":{"rendered":"POIVRE NOIR DE MALABAR"},"content":{"rendered":"<p>\u00ab Ind\u00e9modable, le poivre noir de Malabar est parfait en toutes circonstances \u00bb<\/p>\n<p>Ce poivre noir biologique, aussi appel\u00e9 poivre MG1, pousse dans la r\u00e9gion montagneuse du Kerala, dans le sud de l\u2019Inde. Il s\u2019en d\u00e9gage une odeur tr\u00e8s douce et l\u00e9g\u00e8rement camphr\u00e9e et lorsqu\u2019on \u00e9crase les grains, ce c\u00f4t\u00e9 camphr\u00e9 s\u2019accompagne de notes sucr\u00e9es de cannelle. Ce poivre est relativement doux, magnifiquement \u00e9quilibr\u00e9 et apporte une belle fra\u00eecheur. Son parfum comme sa belle longueur en bouche en font le poivre id\u00e9al pour parfumer un plat sans trop ajouter de piquant.<\/p>\n","protected":false},"excerpt":{"rendered":"<p>\u00ab Ind\u00e9modable, le poivre noir de Malabar est parfait en toutes circonstances \u00bb Ce poivre noir biologique, aussi appel\u00e9 poivre MG1, pousse dans la r\u00e9gion montagneuse du Kerala, dans le sud de l\u2019Inde. Il s\u2019en d\u00e9gage une odeur tr\u00e8s douce et l\u00e9g\u00e8rement camphr\u00e9e et lorsqu\u2019on \u00e9crase les grains, ce c\u00f4t\u00e9 camphr\u00e9 s\u2019accompagne de notes sucr\u00e9es [&hellip;]<\/p>\n","protected":false},"featured_media":87121,"template":"","meta":[],"product_cat":[3741],"product_tag":[],"acf":[],"yoast_head":"<!-- This site is optimized with the Yoast SEO plugin v19.3 - https:\/\/yoast.com\/wordpress\/plugins\/seo\/ -->\n<title>POIVRE NOIR DE MALABAR - Mes Vendanges<\/title>\n<meta name=\"robots\" content=\"index, follow, max-snippet:-1, max-image-preview:large, max-video-preview:-1\" \/>\n<link rel=\"canonical\" href=\"https:\/\/www.mesvendanges.com\/en\/shop\/groceries-and-accessories\/poivre-noir-de-malabar-epices-shira-45gr\/\" \/>\n<meta property=\"og:locale\" content=\"en_US\" \/>\n<meta property=\"og:type\" content=\"article\" \/>\n<meta property=\"og:title\" content=\"POIVRE NOIR DE MALABAR - Mes Vendanges\" \/>\n<meta property=\"og:description\" content=\"\u00ab Ind\u00e9modable, le poivre noir de Malabar est parfait en toutes circonstances \u00bb Ce poivre noir biologique, aussi appel\u00e9 poivre MG1, pousse dans la r\u00e9gion montagneuse du Kerala, dans le sud de l\u2019Inde. Il s\u2019en d\u00e9gage une odeur tr\u00e8s douce et l\u00e9g\u00e8rement camphr\u00e9e et lorsqu\u2019on \u00e9crase les grains, ce c\u00f4t\u00e9 camphr\u00e9 s\u2019accompagne de notes sucr\u00e9es [&hellip;]\" \/>\n<meta property=\"og:url\" content=\"https:\/\/www.mesvendanges.com\/en\/shop\/groceries-and-accessories\/poivre-noir-de-malabar-epices-shira-45gr\/\" \/>\n<meta property=\"og:site_name\" content=\"Mes Vendanges\" \/>\n<meta property=\"article:modified_time\" content=\"2026-03-04T10:02:05+00:00\" \/>\n<meta property=\"og:image\" content=\"https:\/\/www.mesvendanges.com\/wp-content\/uploads\/2025\/05\/poivre-noir-bio-de-malabar-epices-shira-epices-shira-png.png\" \/>\n\t<meta property=\"og:image:width\" content=\"1283\" \/>\n\t<meta property=\"og:image:height\" content=\"1500\" \/>\n\t<meta property=\"og:image:type\" content=\"image\/png\" \/>\n<meta name=\"twitter:card\" content=\"summary_large_image\" \/>\n<meta name=\"twitter:label1\" content=\"Est. reading time\" \/>\n\t<meta name=\"twitter:data1\" content=\"1 minute\" \/>\n<script type=\"application\/ld+json\" class=\"yoast-schema-graph\">{\"@context\":\"https:\/\/schema.org\",\"@graph\":[{\"@type\":\"Organization\",\"@id\":\"https:\/\/www.mesvendanges.com\/en\/#organization\",\"name\":\"Mes Vendanges\",\"url\":\"https:\/\/www.mesvendanges.com\/en\/\",\"sameAs\":[],\"logo\":{\"@type\":\"ImageObject\",\"inLanguage\":\"fr-FR\",\"@id\":\"https:\/\/www.mesvendanges.com\/en\/#\/schema\/logo\/image\/\",\"url\":\"https:\/\/www.mesvendanges.com\/wp-content\/uploads\/2022\/02\/logo-mesvendanges.jpg\",\"contentUrl\":\"https:\/\/www.mesvendanges.com\/wp-content\/uploads\/2022\/02\/logo-mesvendanges.jpg\",\"width\":851,\"height\":260,\"caption\":\"Mes Vendanges\"},\"image\":{\"@id\":\"https:\/\/www.mesvendanges.com\/en\/#\/schema\/logo\/image\/\"}},{\"@type\":\"WebSite\",\"@id\":\"https:\/\/www.mesvendanges.com\/en\/#website\",\"url\":\"https:\/\/www.mesvendanges.com\/en\/\",\"name\":\"Mes Vendanges\",\"description\":\"Des journ\u00e9es enti\u00e8res dans les vignes\",\"publisher\":{\"@id\":\"https:\/\/www.mesvendanges.com\/en\/#organization\"},\"potentialAction\":[{\"@type\":\"SearchAction\",\"target\":{\"@type\":\"EntryPoint\",\"urlTemplate\":\"https:\/\/www.mesvendanges.com\/en\/?s={search_term_string}\"},\"query-input\":\"required name=search_term_string\"}],\"inLanguage\":\"fr-FR\"},{\"@type\":\"ImageObject\",\"inLanguage\":\"fr-FR\",\"@id\":\"https:\/\/www.mesvendanges.com\/en\/shop\/groceries-and-accessories\/poivre-noir-de-malabar-epices-shira-45gr\/#primaryimage\",\"url\":\"https:\/\/www.mesvendanges.com\/wp-content\/uploads\/2025\/05\/poivre-noir-bio-de-malabar-epices-shira-epices-shira-png.png\",\"contentUrl\":\"https:\/\/www.mesvendanges.com\/wp-content\/uploads\/2025\/05\/poivre-noir-bio-de-malabar-epices-shira-epices-shira-png.png\",\"width\":1283,\"height\":1500},{\"@type\":\"WebPage\",\"@id\":\"https:\/\/www.mesvendanges.com\/en\/shop\/groceries-and-accessories\/poivre-noir-de-malabar-epices-shira-45gr\/\",\"url\":\"https:\/\/www.mesvendanges.com\/en\/shop\/groceries-and-accessories\/poivre-noir-de-malabar-epices-shira-45gr\/\",\"name\":\"POIVRE NOIR DE MALABAR - Mes Vendanges\",\"isPartOf\":{\"@id\":\"https:\/\/www.mesvendanges.com\/en\/#website\"},\"primaryImageOfPage\":{\"@id\":\"https:\/\/www.mesvendanges.com\/en\/shop\/groceries-and-accessories\/poivre-noir-de-malabar-epices-shira-45gr\/#primaryimage\"},\"datePublished\":\"2024-12-04T16:17:55+00:00\",\"dateModified\":\"2026-03-04T10:02:05+00:00\",\"breadcrumb\":{\"@id\":\"https:\/\/www.mesvendanges.com\/en\/shop\/groceries-and-accessories\/poivre-noir-de-malabar-epices-shira-45gr\/#breadcrumb\"},\"inLanguage\":\"fr-FR\",\"potentialAction\":[{\"@type\":\"ReadAction\",\"target\":[\"https:\/\/www.mesvendanges.com\/en\/shop\/groceries-and-accessories\/poivre-noir-de-malabar-epices-shira-45gr\/\"]}]},{\"@type\":\"BreadcrumbList\",\"@id\":\"https:\/\/www.mesvendanges.com\/en\/shop\/groceries-and-accessories\/poivre-noir-de-malabar-epices-shira-45gr\/#breadcrumb\",\"itemListElement\":[{\"@type\":\"ListItem\",\"position\":1,\"name\":\"Home\",\"item\":\"https:\/\/www.mesvendanges.com\/en\/\"},{\"@type\":\"ListItem\",\"position\":2,\"name\":\"Shop\",\"item\":\"https:\/\/www.mesvendanges.com\/en\/shop\/\"},{\"@type\":\"ListItem\",\"position\":3,\"name\":\"POIVRE NOIR DE MALABAR\"}]}]}<\/script>\n<!-- \/ Yoast SEO plugin. -->","yoast_head_json":{"title":"POIVRE NOIR DE MALABAR - Mes Vendanges","robots":{"index":"index","follow":"follow","max-snippet":"max-snippet:-1","max-image-preview":"max-image-preview:large","max-video-preview":"max-video-preview:-1"},"canonical":"https:\/\/www.mesvendanges.com\/en\/shop\/groceries-and-accessories\/poivre-noir-de-malabar-epices-shira-45gr\/","og_locale":"en_US","og_type":"article","og_title":"POIVRE NOIR DE MALABAR - Mes Vendanges","og_description":"\u00ab Ind\u00e9modable, le poivre noir de Malabar est parfait en toutes circonstances \u00bb Ce poivre noir biologique, aussi appel\u00e9 poivre MG1, pousse dans la r\u00e9gion montagneuse du Kerala, dans le sud de l\u2019Inde. Il s\u2019en d\u00e9gage une odeur tr\u00e8s douce et l\u00e9g\u00e8rement camphr\u00e9e et lorsqu\u2019on \u00e9crase les grains, ce c\u00f4t\u00e9 camphr\u00e9 s\u2019accompagne de notes sucr\u00e9es [&hellip;]","og_url":"https:\/\/www.mesvendanges.com\/en\/shop\/groceries-and-accessories\/poivre-noir-de-malabar-epices-shira-45gr\/","og_site_name":"Mes Vendanges","article_modified_time":"2026-03-04T10:02:05+00:00","og_image":[{"width":1283,"height":1500,"url":"https:\/\/www.mesvendanges.com\/wp-content\/uploads\/2025\/05\/poivre-noir-bio-de-malabar-epices-shira-epices-shira-png.png","type":"image\/png"}],"twitter_card":"summary_large_image","twitter_misc":{"Est. reading time":"1 minute"},"schema":{"@context":"https:\/\/schema.org","@graph":[{"@type":"Organization","@id":"https:\/\/www.mesvendanges.com\/en\/#organization","name":"Mes Vendanges","url":"https:\/\/www.mesvendanges.com\/en\/","sameAs":[],"logo":{"@type":"ImageObject","inLanguage":"fr-FR","@id":"https:\/\/www.mesvendanges.com\/en\/#\/schema\/logo\/image\/","url":"https:\/\/www.mesvendanges.com\/wp-content\/uploads\/2022\/02\/logo-mesvendanges.jpg","contentUrl":"https:\/\/www.mesvendanges.com\/wp-content\/uploads\/2022\/02\/logo-mesvendanges.jpg","width":851,"height":260,"caption":"Mes Vendanges"},"image":{"@id":"https:\/\/www.mesvendanges.com\/en\/#\/schema\/logo\/image\/"}},{"@type":"WebSite","@id":"https:\/\/www.mesvendanges.com\/en\/#website","url":"https:\/\/www.mesvendanges.com\/en\/","name":"Mes Vendanges","description":"Des journ\u00e9es enti\u00e8res dans les vignes","publisher":{"@id":"https:\/\/www.mesvendanges.com\/en\/#organization"},"potentialAction":[{"@type":"SearchAction","target":{"@type":"EntryPoint","urlTemplate":"https:\/\/www.mesvendanges.com\/en\/?s={search_term_string}"},"query-input":"required name=search_term_string"}],"inLanguage":"fr-FR"},{"@type":"ImageObject","inLanguage":"fr-FR","@id":"https:\/\/www.mesvendanges.com\/en\/shop\/groceries-and-accessories\/poivre-noir-de-malabar-epices-shira-45gr\/#primaryimage","url":"https:\/\/www.mesvendanges.com\/wp-content\/uploads\/2025\/05\/poivre-noir-bio-de-malabar-epices-shira-epices-shira-png.png","contentUrl":"https:\/\/www.mesvendanges.com\/wp-content\/uploads\/2025\/05\/poivre-noir-bio-de-malabar-epices-shira-epices-shira-png.png","width":1283,"height":1500},{"@type":"WebPage","@id":"https:\/\/www.mesvendanges.com\/en\/shop\/groceries-and-accessories\/poivre-noir-de-malabar-epices-shira-45gr\/","url":"https:\/\/www.mesvendanges.com\/en\/shop\/groceries-and-accessories\/poivre-noir-de-malabar-epices-shira-45gr\/","name":"POIVRE NOIR DE MALABAR - Mes Vendanges","isPartOf":{"@id":"https:\/\/www.mesvendanges.com\/en\/#website"},"primaryImageOfPage":{"@id":"https:\/\/www.mesvendanges.com\/en\/shop\/groceries-and-accessories\/poivre-noir-de-malabar-epices-shira-45gr\/#primaryimage"},"datePublished":"2024-12-04T16:17:55+00:00","dateModified":"2026-03-04T10:02:05+00:00","breadcrumb":{"@id":"https:\/\/www.mesvendanges.com\/en\/shop\/groceries-and-accessories\/poivre-noir-de-malabar-epices-shira-45gr\/#breadcrumb"},"inLanguage":"fr-FR","potentialAction":[{"@type":"ReadAction","target":["https:\/\/www.mesvendanges.com\/en\/shop\/groceries-and-accessories\/poivre-noir-de-malabar-epices-shira-45gr\/"]}]},{"@type":"BreadcrumbList","@id":"https:\/\/www.mesvendanges.com\/en\/shop\/groceries-and-accessories\/poivre-noir-de-malabar-epices-shira-45gr\/#breadcrumb","itemListElement":[{"@type":"ListItem","position":1,"name":"Home","item":"https:\/\/www.mesvendanges.com\/en\/"},{"@type":"ListItem","position":2,"name":"Shop","item":"https:\/\/www.mesvendanges.com\/en\/shop\/"},{"@type":"ListItem","position":3,"name":"POIVRE NOIR DE MALABAR"}]}]}},"_links":{"self":[{"href":"https:\/\/www.mesvendanges.com\/en\/wp-json\/wp\/v2\/product\/82218"}],"collection":[{"href":"https:\/\/www.mesvendanges.com\/en\/wp-json\/wp\/v2\/product"}],"about":[{"href":"https:\/\/www.mesvendanges.com\/en\/wp-json\/wp\/v2\/types\/product"}],"wp:featuredmedia":[{"embeddable":true,"href":"https:\/\/www.mesvendanges.com\/en\/wp-json\/wp\/v2\/media\/87121"}],"wp:attachment":[{"href":"https:\/\/www.mesvendanges.com\/en\/wp-json\/wp\/v2\/media?parent=82218"}],"wp:term":[{"taxonomy":"product_cat","embeddable":true,"href":"https:\/\/www.mesvendanges.com\/en\/wp-json\/wp\/v2\/product_cat?post=82218"},{"taxonomy":"product_tag","embeddable":true,"href":"https:\/\/www.mesvendanges.com\/en\/wp-json\/wp\/v2\/product_tag?post=82218"}],"curies":[{"name":"wp","href":"https:\/\/api.w.org\/{rel}","templated":true}]}}